{"id":1175,"date":"2024-12-23T16:11:37","date_gmt":"2024-12-23T15:11:37","guid":{"rendered":"https:\/\/los-odpowiedzialni-spolecznie.pl\/?post_type=product&#038;p=1175"},"modified":"2024-12-23T16:12:50","modified_gmt":"2024-12-23T15:12:50","slug":"malu-food-ciastka-buzka-bez-cukru-bezglutenowe-100-g","status":"publish","type":"product","link":"https:\/\/los-odpowiedzialni-spolecznie.pl\/en\/sklep\/produkty-spozywcze\/przekaski\/slodkie\/malu-food-ciastka-buzka-bez-cukru-bezglutenowe-100-g\/","title":{"rendered":"Malu Food Ciastka Bu\u017aka bez cukru bezglutenowe 100 g"},"content":{"rendered":"<h3>Opis Produktu<\/h3>\n<p class=\"name\"><strong>Malu Food Ciastka Bu\u017aka bez cukru bezglutenowe 100 g<\/strong><\/p>\n<p><strong>Ciastka Bu\u017aka Malu Food to idealna propozycja dla os\u00f3b z nietolerancj\u0105 glutenu, alergi\u0105 na jaja, czy tych, kt\u00f3re chc\u0105 ograniczy\u0107 spo\u017cycie cukru i sztucznych dodatk\u00f3w. Nie tylko s\u0105 pyszne, ale tak\u017ce zdrowe i lekkie \u2013 doskona\u0142a alternatywa dla tradycyjnych s\u0142odyczy.<\/strong><\/p>\n<p><strong>Nie czekaj d\u0142u\u017cej \u2013 spr\u00f3buj Ciastek Bu\u017aka Malu Food i pozw\u00f3l sobie na chwil\u0119 s\u0142odkiego relaksu!<\/strong><\/p>\n<p><strong>Sk\u0142adniki:<\/strong><\/p>\n<p>m\u0105ka kukurydziana, olej kokosowy, substancja s\u0142odz\u0105ca \u2013 syrop maltitolowy, skrobia kukurydziana, skrobia ry\u017cowa.<\/p>\n<p><strong>Warto\u015b\u0107 od\u017cywcza<\/strong><\/p>\n<p>w 100 g:<\/p>\n<p>warto\u015b\u0107 energetyczna: 2250 kJ\/540 kcal, t\u0142uszcze: 34,2 g, w tym kwasy t\u0142uszczowe nasycone: 33,6 g, w\u0119glowodany : 59,3 g, cukry: 0 g, b\u0142onnik: 0 g, bia\u0142ko: 3 g, s\u00f3l: 0,04 g.<\/p>\n<p><strong>Spos\u00f3b przechowywania:<\/strong><\/p>\n<p>przechowywa\u0107 w suchym i ch\u0142odnym miejscu.<\/p>\n<p><strong>Uwagi:<\/strong><\/p>\n<p>nadmierne spo\u017cycie mo\u017ce wywo\u0142a\u0107 efekt przeczyszczaj\u0105cy.<\/p>","protected":false},"excerpt":{"rendered":"<p>Opis Produktu Malu Food Ciastka Bu\u017aka bez cukru bezglutenowe 100 g Ciastka Bu\u017aka Malu Food to idealna propozycja dla os\u00f3b z nietolerancj\u0105 glutenu, alergi\u0105 na jaja, czy tych, kt\u00f3re chc\u0105 ograniczy\u0107 spo\u017cycie cukru i sztucznych dodatk\u00f3w. Nie tylko s\u0105 pyszne, ale tak\u017ce zdrowe i lekkie \u2013 doskona\u0142a alternatywa dla tradycyjnych s\u0142odyczy. Nie czekaj d\u0142u\u017cej \u2013 [&hellip;]<\/p>","protected":false},"featured_media":1229,"template":"","meta":{"site-sidebar-layout":"default","site-content-layout":"","ast-site-content-layout":"default","site-content-style":"default","site-sidebar-style":"default","ast-global-header-display":"","ast-banner-title-visibility":"","ast-main-header-display":"","ast-hfb-above-header-display":"","ast-hfb-below-header-display":"","ast-hfb-mobile-header-display":"","site-post-title":"","ast-breadcrumbs-content":"","ast-featured-img":"","footer-sml-layout":"","theme-transparent-header-meta":"default","adv-header-id-meta":"","stick-header-meta":"","header-above-stick-meta":"","header-main-stick-meta":"","header-below-stick-meta":"","astra-migrate-meta-layouts":"set","ast-page-background-enabled":"default","ast-page-background-meta":{"desktop":{"background-color":"var(--ast-global-color-4)","background-image":"","background-repeat":"repeat","background-position":"center center","background-size":"auto","background-attachment":"scroll","background-type":"","background-media":"","overlay-type":"","overlay-color":"","overlay-opacity":"","overlay-gradient":""},"tablet":{"background-color":"","background-image":"","background-repeat":"repeat","background-position":"center center","background-size":"auto","background-attachment":"scroll","background-type":"","background-media":"","overlay-type":"","overlay-color":"","overlay-opacity":"","overlay-gradient":""},"mobile":{"background-color":"","background-image":"","background-repeat":"repeat","background-position":"center center","background-size":"auto","background-attachment":"scroll","background-type":"","background-media":"","overlay-type":"","overlay-color":"","overlay-opacity":"","overlay-gradient":""}},"ast-content-background-meta":{"desktop":{"background-color":"var(--ast-global-color-5)","background-image":"","background-repeat":"repeat","background-position":"center center","background-size":"auto","background-attachment":"scroll","background-type":"","background-media":"","overlay-type":"","overlay-color":"","overlay-opacity":"","overlay-gradient":""},"tablet":{"background-color":"var(--ast-global-color-5)","background-image":"","background-repeat":"repeat","background-position":"center center","background-size":"auto","background-attachment":"scroll","background-type":"","background-media":"","overlay-type":"","overlay-color":"","overlay-opacity":"","overlay-gradient":""},"mobile":{"background-color":"var(--ast-global-color-5)","background-image":"","background-repeat":"repeat","background-position":"center center","background-size":"auto","background-attachment":"scroll","background-type":"","background-media":"","overlay-type":"","overlay-color":"","overlay-opacity":"","overlay-gradient":""}}},"product_cat":[25,24],"product_tag":[],"class_list":{"0":"post-1175","1":"product","2":"type-product","3":"status-publish","4":"has-post-thumbnail","6":"product_cat-slodkie","7":"product_cat-przekaski","8":"desktop-align-center","9":"tablet-align-left","10":"mobile-align-left","12":"first","13":"instock","14":"purchasable","15":"product-type-simple"},"_links":{"self":[{"href":"https:\/\/los-odpowiedzialni-spolecznie.pl\/en\/wp-json\/wp\/v2\/product\/1175","targetHints":{"allow":["GET"]}}],"collection":[{"href":"https:\/\/los-odpowiedzialni-spolecznie.pl\/en\/wp-json\/wp\/v2\/product"}],"about":[{"href":"https:\/\/los-odpowiedzialni-spolecznie.pl\/en\/wp-json\/wp\/v2\/types\/product"}],"wp:featuredmedia":[{"embeddable":true,"href":"https:\/\/los-odpowiedzialni-spolecznie.pl\/en\/wp-json\/wp\/v2\/media\/1229"}],"wp:attachment":[{"href":"https:\/\/los-odpowiedzialni-spolecznie.pl\/en\/wp-json\/wp\/v2\/media?parent=1175"}],"wp:term":[{"taxonomy":"product_cat","embeddable":true,"href":"https:\/\/los-odpowiedzialni-spolecznie.pl\/en\/wp-json\/wp\/v2\/product_cat?post=1175"},{"taxonomy":"product_tag","embeddable":true,"href":"https:\/\/los-odpowiedzialni-spolecznie.pl\/en\/wp-json\/wp\/v2\/product_tag?post=1175"}],"curies":[{"name":"wp","href":"https:\/\/api.w.org\/{rel}","templated":true}]}}