{"id":1174,"date":"2024-12-23T16:11:37","date_gmt":"2024-12-23T15:11:37","guid":{"rendered":"https:\/\/los-odpowiedzialni-spolecznie.pl\/?post_type=product&#038;p=1174"},"modified":"2024-12-23T16:12:46","modified_gmt":"2024-12-23T15:12:46","slug":"malu-food-ciastka-z-siemieniem-lnianym-bez-cukru-bezglutenowe-100g","status":"publish","type":"product","link":"https:\/\/los-odpowiedzialni-spolecznie.pl\/en\/sklep\/produkty-spozywcze\/przekaski\/slodkie\/malu-food-ciastka-z-siemieniem-lnianym-bez-cukru-bezglutenowe-100g\/","title":{"rendered":"Malu Food Ciastka Z Siemieniem Lnianym Bez Cukru Bezglutenowe 100g"},"content":{"rendered":"<h3>Opis Produktu<\/h3>\n<p><strong>Malu Food Ciastka Z Siemieniem Lnianym Bez Cukru Bezglutenowe 100g<\/strong><\/p>\n<p>Ciasteczka MALU FOOD s\u0105 tak\u017ce idealne dla wegan, gdy\u017c nie zawieraj\u0105 \u017cadnych sk\u0142adnik\u00f3w odzwierz\u0119cych. M\u0105ka z siemienia lnianego, kt\u00f3ra jest g\u0142\u00f3wnym sk\u0142adnikiem ciastek, jest bogata w b\u0142onnik, kwasy omega-3 oraz inne cenne sk\u0142adniki od\u017cywcze, co sprawia, \u017ce s\u0105 one nie tylko smaczne, ale tak\u017ce zdrowe.<\/p>\n<p>Dzi\u0119ki swojej lekko s\u0142odkiej nutce i chrupi\u0105cej konsystencji, ciasteczka te doskonale sprawdzaj\u0105 si\u0119 jako przek\u0105ska do kawy czy herbaty, a tak\u017ce jako dodatek do deser\u00f3w czy owoc\u00f3w. Mo\u017cna je r\u00f3wnie\u017c zabra\u0107 ze sob\u0105 jako ma\u0142y posi\u0142ek w podr\u00f3\u017c czy do pracy.<\/p>\n<p>Warto si\u0119gn\u0105\u0107 po ciasteczka MALU FOOD, aby cieszy\u0107 si\u0119 smakiem i aromatem bezglutenowych i zdrowych s\u0142odko\u015bci, kt\u00f3re s\u0105 odpowiednie nawet dla os\u00f3b z najbardziej wymagaj\u0105cymi dietami eliminacyjnymi.<\/p>\n<p><strong>Warto\u015b\u0107 od\u017cywcza w 100g:<\/strong><br \/>\nWarto\u015b\u0107 energetyczna: 2197 kJ \/ 527 kcal<br \/>\nT\u0142uszcz: 33 g<br \/>\nw tym kwasy t\u0142uszczowe nasycone: 30,7 g<br \/>\nW\u0119glowodany: 55,5 g<br \/>\nw tym cukry: 0 g<br \/>\nB\u0142onnik: 0,9 g<br \/>\nBia\u0142ko: 6,1 g<br \/>\nS\u00f3l: 0,03 g<\/p>\n<p><strong>ZALECANE WARUNKI PRZECHOWYWANIA<\/strong><br \/>\nPrzechowywa\u0107 w suchym i ch\u0142odnym miejscu.<\/p>","protected":false},"excerpt":{"rendered":"<p>Opis Produktu Malu Food Ciastka Z Siemieniem Lnianym Bez Cukru Bezglutenowe 100g Ciasteczka MALU FOOD s\u0105 tak\u017ce idealne dla wegan, gdy\u017c nie zawieraj\u0105 \u017cadnych sk\u0142adnik\u00f3w odzwierz\u0119cych. M\u0105ka z siemienia lnianego, kt\u00f3ra jest g\u0142\u00f3wnym sk\u0142adnikiem ciastek, jest bogata w b\u0142onnik, kwasy omega-3 oraz inne cenne sk\u0142adniki od\u017cywcze, co sprawia, \u017ce s\u0105 one nie tylko smaczne, ale [&hellip;]<\/p>","protected":false},"featured_media":1219,"template":"","meta":{"site-sidebar-layout":"default","site-content-layout":"","ast-site-content-layout":"default","site-content-style":"default","site-sidebar-style":"default","ast-global-header-display":"","ast-banner-title-visibility":"","ast-main-header-display":"","ast-hfb-above-header-display":"","ast-hfb-below-header-display":"","ast-hfb-mobile-header-display":"","site-post-title":"","ast-breadcrumbs-content":"","ast-featured-img":"","footer-sml-layout":"","theme-transparent-header-meta":"default","adv-header-id-meta":"","stick-header-meta":"","header-above-stick-meta":"","header-main-stick-meta":"","header-below-stick-meta":"","astra-migrate-meta-layouts":"set","ast-page-background-enabled":"default","ast-page-background-meta":{"desktop":{"background-color":"var(--ast-global-color-4)","background-image":"","background-repeat":"repeat","background-position":"center center","background-size":"auto","background-attachment":"scroll","background-type":"","background-media":"","overlay-type":"","overlay-color":"","overlay-opacity":"","overlay-gradient":""},"tablet":{"background-color":"","background-image":"","background-repeat":"repeat","background-position":"center center","background-size":"auto","background-attachment":"scroll","background-type":"","background-media":"","overlay-type":"","overlay-color":"","overlay-opacity":"","overlay-gradient":""},"mobile":{"background-color":"","background-image":"","background-repeat":"repeat","background-position":"center center","background-size":"auto","background-attachment":"scroll","background-type":"","background-media":"","overlay-type":"","overlay-color":"","overlay-opacity":"","overlay-gradient":""}},"ast-content-background-meta":{"desktop":{"background-color":"var(--ast-global-color-5)","background-image":"","background-repeat":"repeat","background-position":"center center","background-size":"auto","background-attachment":"scroll","background-type":"","background-media":"","overlay-type":"","overlay-color":"","overlay-opacity":"","overlay-gradient":""},"tablet":{"background-color":"var(--ast-global-color-5)","background-image":"","background-repeat":"repeat","background-position":"center center","background-size":"auto","background-attachment":"scroll","background-type":"","background-media":"","overlay-type":"","overlay-color":"","overlay-opacity":"","overlay-gradient":""},"mobile":{"background-color":"var(--ast-global-color-5)","background-image":"","background-repeat":"repeat","background-position":"center center","background-size":"auto","background-attachment":"scroll","background-type":"","background-media":"","overlay-type":"","overlay-color":"","overlay-opacity":"","overlay-gradient":""}}},"product_cat":[25,24],"product_tag":[],"class_list":{"0":"post-1174","1":"product","2":"type-product","3":"status-publish","4":"has-post-thumbnail","6":"product_cat-slodkie","7":"product_cat-przekaski","8":"desktop-align-center","9":"tablet-align-left","10":"mobile-align-left","12":"first","13":"instock","14":"purchasable","15":"product-type-simple"},"_links":{"self":[{"href":"https:\/\/los-odpowiedzialni-spolecznie.pl\/en\/wp-json\/wp\/v2\/product\/1174","targetHints":{"allow":["GET"]}}],"collection":[{"href":"https:\/\/los-odpowiedzialni-spolecznie.pl\/en\/wp-json\/wp\/v2\/product"}],"about":[{"href":"https:\/\/los-odpowiedzialni-spolecznie.pl\/en\/wp-json\/wp\/v2\/types\/product"}],"wp:featuredmedia":[{"embeddable":true,"href":"https:\/\/los-odpowiedzialni-spolecznie.pl\/en\/wp-json\/wp\/v2\/media\/1219"}],"wp:attachment":[{"href":"https:\/\/los-odpowiedzialni-spolecznie.pl\/en\/wp-json\/wp\/v2\/media?parent=1174"}],"wp:term":[{"taxonomy":"product_cat","embeddable":true,"href":"https:\/\/los-odpowiedzialni-spolecznie.pl\/en\/wp-json\/wp\/v2\/product_cat?post=1174"},{"taxonomy":"product_tag","embeddable":true,"href":"https:\/\/los-odpowiedzialni-spolecznie.pl\/en\/wp-json\/wp\/v2\/product_tag?post=1174"}],"curies":[{"name":"wp","href":"https:\/\/api.w.org\/{rel}","templated":true}]}}