{"id":1173,"date":"2024-12-23T16:11:37","date_gmt":"2024-12-23T15:11:37","guid":{"rendered":"https:\/\/los-odpowiedzialni-spolecznie.pl\/?post_type=product&#038;p=1173"},"modified":"2024-12-23T16:12:43","modified_gmt":"2024-12-23T15:12:43","slug":"malu-food-ciastka-kokosowe-bez-cukru-bezglutenowe-100-g","status":"publish","type":"product","link":"https:\/\/los-odpowiedzialni-spolecznie.pl\/en\/sklep\/produkty-spozywcze\/przekaski\/slodkie\/malu-food-ciastka-kokosowe-bez-cukru-bezglutenowe-100-g\/","title":{"rendered":"Malu Food Ciastka kokosowe bez cukru bezglutenowe 100 g"},"content":{"rendered":"<h3>Opis Produktu<\/h3>\n<div class=\"productimg f-grid-6\">\n<p class=\"smallgallery row\"><strong> Malu Food Ciastka kokosowe bez cukru bezglutenowe 100 g<\/strong><\/p>\n<p><strong>Te ma\u0142e delikatne ciasteczka s\u0105 idealne do popo\u0142udniowej kawy, jako lekka przek\u0105ska mi\u0119dzy posi\u0142kami lub jako s\u0142odkie urozmaicenie na przyj\u0119ciach i spotkaniach ze znajomymi. Ich kokosowy smak sprawia, \u017ce s\u0105 niezwykle aromatyczne i apetyczne.<\/strong><\/p>\n<p><strong>Ciastka Malu Food to tak\u017ce doskona\u0142a propozycja dla os\u00f3b z nietolerancj\u0105 glutenu, alergi\u0105 na jajka czy szukaj\u0105cych zdrowszych alternatyw dla tradycyjnych s\u0142odyczy. Dzi\u0119ki naturalnym sk\u0142adnikom, ciastka te s\u0105 lekkie i delikatne, a jednocze\u015bnie niesamowicie smaczne i kusz\u0105ce.<\/strong><\/p>\n<p><strong>Je\u015bli wi\u0119c pragniesz zasmakowa\u0107 nieco s\u0142odkiej przyjemno\u015bci, si\u0119gnij po bezglutenowe ciastka kokosowe Malu Food i ciesz si\u0119 ich wyj\u0105tkowym smakiem i konsystencj\u0105. Nic nie sprawi Ci takiej przyjemno\u015bci jak te ma\u0142e, kruche \u0142akocie!<\/strong><\/p>\n<div class=\"product-tabs\">\n<div class=\"product-tab\" data-tab=\"box_description\">\n<div class=\"innerbox\">\n<div class=\"resetcss\">\n<p><strong>Sk\u0142adniki:<\/strong><\/p>\n<p>m\u0105ka kukurydziana, olej kokosowy, skrobia kukurydziana, substancja s\u0142odz\u0105ca &#8211; syrop maltitolowy, wi\u00f3rki kokosowe (6%), skrobia ziemniaczana.<strong>Warto\u015b\u0107 od\u017cywcza<\/strong><\/p>\n<p>w 100 g:<\/p>\n<p>warto\u015b\u0107 energetyczna: 2379 kJ\/572 kcal, t\u0142uszcze: 40,3 g, w tym kwasy t\u0142uszczowe nasycone: 39,1 g, w\u0119glowodany: 52,5 g, cukry: 0 g, b\u0142onnik: 1,4 g, bia\u0142ko: 2,6 g, s\u00f3l: 0,03 g.<strong>Spos\u00f3b przechowywania:<\/strong><\/p>\n<p>przechowywa\u0107 w suchym i ch\u0142odnym miejscu.<strong>Uwagi:<\/strong><\/p>\n<p>nadmierne spo\u017cycie mo\u017ce wywo\u0142a\u0107 efekt przeczyszczaj\u0105cy.<strong>Kraj pochodzenia:<\/strong><\/p>\n<p>Polska<\/p>\n<\/div>\n<\/div>\n<\/div>\n<\/div>\n<p>&nbsp;<\/p>\n<\/div>","protected":false},"excerpt":{"rendered":"<p>Opis Produktu Malu Food Ciastka kokosowe bez cukru bezglutenowe 100 g Te ma\u0142e delikatne ciasteczka s\u0105 idealne do popo\u0142udniowej kawy, jako lekka przek\u0105ska mi\u0119dzy posi\u0142kami lub jako s\u0142odkie urozmaicenie na przyj\u0119ciach i spotkaniach ze znajomymi. Ich kokosowy smak sprawia, \u017ce s\u0105 niezwykle aromatyczne i apetyczne. Ciastka Malu Food to tak\u017ce doskona\u0142a propozycja dla os\u00f3b z [&hellip;]<\/p>","protected":false},"featured_media":1218,"template":"","meta":{"site-sidebar-layout":"default","site-content-layout":"","ast-site-content-layout":"default","site-content-style":"default","site-sidebar-style":"default","ast-global-header-display":"","ast-banner-title-visibility":"","ast-main-header-display":"","ast-hfb-above-header-display":"","ast-hfb-below-header-display":"","ast-hfb-mobile-header-display":"","site-post-title":"","ast-breadcrumbs-content":"","ast-featured-img":"","footer-sml-layout":"","theme-transparent-header-meta":"default","adv-header-id-meta":"","stick-header-meta":"","header-above-stick-meta":"","header-main-stick-meta":"","header-below-stick-meta":"","astra-migrate-meta-layouts":"set","ast-page-background-enabled":"default","ast-page-background-meta":{"desktop":{"background-color":"var(--ast-global-color-4)","background-image":"","background-repeat":"repeat","background-position":"center center","background-size":"auto","background-attachment":"scroll","background-type":"","background-media":"","overlay-type":"","overlay-color":"","overlay-opacity":"","overlay-gradient":""},"tablet":{"background-color":"","background-image":"","background-repeat":"repeat","background-position":"center center","background-size":"auto","background-attachment":"scroll","background-type":"","background-media":"","overlay-type":"","overlay-color":"","overlay-opacity":"","overlay-gradient":""},"mobile":{"background-color":"","background-image":"","background-repeat":"repeat","background-position":"center center","background-size":"auto","background-attachment":"scroll","background-type":"","background-media":"","overlay-type":"","overlay-color":"","overlay-opacity":"","overlay-gradient":""}},"ast-content-background-meta":{"desktop":{"background-color":"var(--ast-global-color-5)","background-image":"","background-repeat":"repeat","background-position":"center center","background-size":"auto","background-attachment":"scroll","background-type":"","background-media":"","overlay-type":"","overlay-color":"","overlay-opacity":"","overlay-gradient":""},"tablet":{"background-color":"var(--ast-global-color-5)","background-image":"","background-repeat":"repeat","background-position":"center center","background-size":"auto","background-attachment":"scroll","background-type":"","background-media":"","overlay-type":"","overlay-color":"","overlay-opacity":"","overlay-gradient":""},"mobile":{"background-color":"var(--ast-global-color-5)","background-image":"","background-repeat":"repeat","background-position":"center center","background-size":"auto","background-attachment":"scroll","background-type":"","background-media":"","overlay-type":"","overlay-color":"","overlay-opacity":"","overlay-gradient":""}}},"product_cat":[25,24],"product_tag":[],"class_list":{"0":"post-1173","1":"product","2":"type-product","3":"status-publish","4":"has-post-thumbnail","6":"product_cat-slodkie","7":"product_cat-przekaski","8":"desktop-align-center","9":"tablet-align-left","10":"mobile-align-left","12":"first","13":"onbackorder","14":"purchasable","15":"product-type-simple"},"_links":{"self":[{"href":"https:\/\/los-odpowiedzialni-spolecznie.pl\/en\/wp-json\/wp\/v2\/product\/1173","targetHints":{"allow":["GET"]}}],"collection":[{"href":"https:\/\/los-odpowiedzialni-spolecznie.pl\/en\/wp-json\/wp\/v2\/product"}],"about":[{"href":"https:\/\/los-odpowiedzialni-spolecznie.pl\/en\/wp-json\/wp\/v2\/types\/product"}],"wp:featuredmedia":[{"embeddable":true,"href":"https:\/\/los-odpowiedzialni-spolecznie.pl\/en\/wp-json\/wp\/v2\/media\/1218"}],"wp:attachment":[{"href":"https:\/\/los-odpowiedzialni-spolecznie.pl\/en\/wp-json\/wp\/v2\/media?parent=1173"}],"wp:term":[{"taxonomy":"product_cat","embeddable":true,"href":"https:\/\/los-odpowiedzialni-spolecznie.pl\/en\/wp-json\/wp\/v2\/product_cat?post=1173"},{"taxonomy":"product_tag","embeddable":true,"href":"https:\/\/los-odpowiedzialni-spolecznie.pl\/en\/wp-json\/wp\/v2\/product_tag?post=1173"}],"curies":[{"name":"wp","href":"https:\/\/api.w.org\/{rel}","templated":true}]}}