{"id":1163,"date":"2024-12-23T16:11:14","date_gmt":"2024-12-23T15:11:14","guid":{"rendered":"https:\/\/los-odpowiedzialni-spolecznie.pl\/?post_type=product&#038;p=1163"},"modified":"2024-12-23T16:12:37","modified_gmt":"2024-12-23T15:12:37","slug":"plyn-do-mycia-naczyn-dzika-roza-melisa-eco-1l","status":"publish","type":"product","link":"https:\/\/los-odpowiedzialni-spolecznie.pl\/en\/sklep\/srodki-czystosci\/eko-produkty-dla-domu-i-szkoly\/plyn-do-mycia-naczyn-dzika-roza-melisa-eco-1l\/","title":{"rendered":"P\u0142yn Do Mycia Naczy\u0144 Dzika R\u00f3\u017ca &#8211; Melisa Eco 1l"},"content":{"rendered":"<h3>Opis Produktu<\/h3>\n<p>P\u0141YN DO MYCIA NACZY\u0143 DZIKA R\u00d3\u017bA &#8211; MELISA ECO<\/p>\n<p>100% sk\u0142adnik\u00f3w pochodzenia naturalnego.<\/p>\n<p><strong>Sk\u0142adniki:<\/strong><\/p>\n<p>\u22655 &lt; 15% anionowe \u015brodki powierzchniowo czynne (siarczany alkoholi t\u0142uszczowych, ekstrakt z orzech\u00f3w pior\u0105cych), &lt;5% niejonowe \u015brodki powierzchniowo czynne, \u015brodki zapachowe (kompozycja olejk\u00f3w zapachowych z naturalnych olejk\u00f3w i olejek eteryczny z trawy cytrynowej*), limonen, geraniol (*sk\u0142adnik eko), pozosta\u0142e sk\u0142adniki: woda, etanol, s\u00f3l kuchenna, kwas mlekowy, ekstrakt z melisy.<\/p>\n<p><strong>Spos\u00f3b u\u017cycia:<\/strong> Wystarczy u\u017cy\u0107 1 kropli. Zastosowa\u0107 skoncentrowany przy silnym zabrudzeniu.<\/p>\n<p><strong>Warunki przechowywania:<\/strong> Przechowywa\u0107 w miejscu niedost\u0119pnym dla dzieci.<\/p>\n<p>Zawarto\u015b\u0107 netto: 1<\/p>\n<p><strong>Ostrze\u017cenie:<\/strong>\u00a0Dzia\u0142a dra\u017cni\u0105co na oczy. W przypadku kontaktu z oczami: ostro\u017cnie p\u0142uka\u0107 wod\u0105 przez kilka minut. Wyj\u0105\u0107 soczewki kontaktowe je\u015bli to mo\u017cliwe. Kontynuowa\u0107 p\u0142ukanie. W przypadku utrzymywania si\u0119 podra\u017cnienia: zg\u0142osi\u0107 si\u0119 do lekarza. Pokaza\u0107 lekarzowi opakowanie lub etykiet\u0119. Zawiera Iimonen. Mo\u017ce powodowa\u0107 reakcj\u0119 alergiczne.<\/p>\n<p>&nbsp;<\/p>","protected":false},"excerpt":{"rendered":"<p>Opis Produktu P\u0141YN DO MYCIA NACZY\u0143 DZIKA R\u00d3\u017bA &#8211; MELISA ECO 100% sk\u0142adnik\u00f3w pochodzenia naturalnego. Sk\u0142adniki: \u22655 &lt; 15% anionowe \u015brodki powierzchniowo czynne (siarczany alkoholi t\u0142uszczowych, ekstrakt z orzech\u00f3w pior\u0105cych), &lt;5% niejonowe \u015brodki powierzchniowo czynne, \u015brodki zapachowe (kompozycja olejk\u00f3w zapachowych z naturalnych olejk\u00f3w i olejek eteryczny z trawy cytrynowej*), limonen, geraniol (*sk\u0142adnik eko), pozosta\u0142e sk\u0142adniki: [&hellip;]<\/p>","protected":false},"featured_media":1216,"template":"","meta":{"site-sidebar-layout":"default","site-content-layout":"","ast-site-content-layout":"default","site-content-style":"default","site-sidebar-style":"default","ast-global-header-display":"","ast-banner-title-visibility":"","ast-main-header-display":"","ast-hfb-above-header-display":"","ast-hfb-below-header-display":"","ast-hfb-mobile-header-display":"","site-post-title":"","ast-breadcrumbs-content":"","ast-featured-img":"","footer-sml-layout":"","theme-transparent-header-meta":"default","adv-header-id-meta":"","stick-header-meta":"","header-above-stick-meta":"","header-main-stick-meta":"","header-below-stick-meta":"","astra-migrate-meta-layouts":"set","ast-page-background-enabled":"default","ast-page-background-meta":{"desktop":{"background-color":"var(--ast-global-color-4)","background-image":"","background-repeat":"repeat","background-position":"center center","background-size":"auto","background-attachment":"scroll","background-type":"","background-media":"","overlay-type":"","overlay-color":"","overlay-opacity":"","overlay-gradient":""},"tablet":{"background-color":"","background-image":"","background-repeat":"repeat","background-position":"center center","background-size":"auto","background-attachment":"scroll","background-type":"","background-media":"","overlay-type":"","overlay-color":"","overlay-opacity":"","overlay-gradient":""},"mobile":{"background-color":"","background-image":"","background-repeat":"repeat","background-position":"center center","background-size":"auto","background-attachment":"scroll","background-type":"","background-media":"","overlay-type":"","overlay-color":"","overlay-opacity":"","overlay-gradient":""}},"ast-content-background-meta":{"desktop":{"background-color":"var(--ast-global-color-5)","background-image":"","background-repeat":"repeat","background-position":"center center","background-size":"auto","background-attachment":"scroll","background-type":"","background-media":"","overlay-type":"","overlay-color":"","overlay-opacity":"","overlay-gradient":""},"tablet":{"background-color":"var(--ast-global-color-5)","background-image":"","background-repeat":"repeat","background-position":"center center","background-size":"auto","background-attachment":"scroll","background-type":"","background-media":"","overlay-type":"","overlay-color":"","overlay-opacity":"","overlay-gradient":""},"mobile":{"background-color":"var(--ast-global-color-5)","background-image":"","background-repeat":"repeat","background-position":"center center","background-size":"auto","background-attachment":"scroll","background-type":"","background-media":"","overlay-type":"","overlay-color":"","overlay-opacity":"","overlay-gradient":""}}},"product_cat":[68,72],"product_tag":[70],"class_list":{"0":"post-1163","1":"product","2":"type-product","3":"status-publish","4":"has-post-thumbnail","6":"product_cat-eko-produkty-dla-domu-i-szkoly","7":"product_cat-ekologiczne-srodki-czystosci","8":"product_tag-eko","9":"desktop-align-center","10":"tablet-align-left","11":"mobile-align-left","13":"first","14":"instock","15":"purchasable","16":"product-type-simple"},"_links":{"self":[{"href":"https:\/\/los-odpowiedzialni-spolecznie.pl\/en\/wp-json\/wp\/v2\/product\/1163","targetHints":{"allow":["GET"]}}],"collection":[{"href":"https:\/\/los-odpowiedzialni-spolecznie.pl\/en\/wp-json\/wp\/v2\/product"}],"about":[{"href":"https:\/\/los-odpowiedzialni-spolecznie.pl\/en\/wp-json\/wp\/v2\/types\/product"}],"wp:featuredmedia":[{"embeddable":true,"href":"https:\/\/los-odpowiedzialni-spolecznie.pl\/en\/wp-json\/wp\/v2\/media\/1216"}],"wp:attachment":[{"href":"https:\/\/los-odpowiedzialni-spolecznie.pl\/en\/wp-json\/wp\/v2\/media?parent=1163"}],"wp:term":[{"taxonomy":"product_cat","embeddable":true,"href":"https:\/\/los-odpowiedzialni-spolecznie.pl\/en\/wp-json\/wp\/v2\/product_cat?post=1163"},{"taxonomy":"product_tag","embeddable":true,"href":"https:\/\/los-odpowiedzialni-spolecznie.pl\/en\/wp-json\/wp\/v2\/product_tag?post=1163"}],"curies":[{"name":"wp","href":"https:\/\/api.w.org\/{rel}","templated":true}]}}