{"id":1158,"date":"2024-12-23T16:11:14","date_gmt":"2024-12-23T15:11:14","guid":{"rendered":"https:\/\/los-odpowiedzialni-spolecznie.pl\/?post_type=product&#038;p=1158"},"modified":"2024-12-23T16:12:23","modified_gmt":"2024-12-23T15:12:23","slug":"cukier-z-wanilia-bourbon-bio-15g","status":"publish","type":"product","link":"https:\/\/los-odpowiedzialni-spolecznie.pl\/en\/sklep\/produkty-spozywcze\/produkty-slodzace\/cukry\/cukier-z-wanilia-bourbon-bio-15g\/","title":{"rendered":"Cukier z wanili\u0105 bourbon BIO 15g"},"content":{"rendered":"<h3>Opis Produktu<\/h3>\n<p class=\"h1 product-detail-name\"><strong>Cukier z wanili\u0105 bourbon BIO 15g<\/strong><\/p>\n<p>Cukier z wanili\u0105 bourbon BIO jest wytwarzany z naturalnych sk\u0142adnik\u00f3w, bez dodatku sztucznych barwnik\u00f3w czy konserwant\u00f3w. Dzi\u0119ki temu mo\u017cesz by\u0107 pewien, \u017ce korzystasz z produktu najwy\u017cszej jako\u015bci, kt\u00f3ry \u015bwietnie sprawdzi si\u0119 w Twoich kulinarnych eksperymentach.<\/p>\n<p>Wanilia bourbon ma wiele dobroczynnych w\u0142a\u015bciwo\u015bci, mi\u0119dzy innymi wspomaga uk\u0142ad trawienny i dzia\u0142a koj\u0105co na nerwy. Dodaj\u0105c do swoich deser\u00f3w cukier z wanili\u0105 bourbon, nie tylko poprawisz ich smak, ale tak\u017ce zadbasz o swoje zdrowie i dobre samopoczucie.<\/p>\n<p>Daj si\u0119 skusi\u0107 niezwyk\u0142emu smakowi i aromatowi cukru z wanili\u0105 bourbon BIO. Po pierwszym skosztowaniu nie b\u0119dziesz m\u00f3g\u0142 si\u0119 powstrzyma\u0107 od jego regularnego stosowania w swoich kulinarnych kreacjach. Spraw, by Twoje desery sta\u0142y si\u0119 prawdziwym dzie\u0142em sztuki kulinari\u00f3w z dodatkiem wanilii bourbon.<\/p>\n<p><strong>SK\u0141ADNIKI<\/strong><br \/>\ncukier trzcinowy*, mielona wanilia Bourbon* (1,5 %) *(certyfikowany sk\u0142adnik ekologiczny).<\/p>\n<p><strong>WARTO\u015a\u0106 OD\u017bYWCZA W 100 g<\/strong><br \/>\nWarto\u015b\u0107 energetyczna &#8211; 1696 kJ \/ 399 kcal<br \/>\nT\u0142uszcz &#8211; 0,2 g<br \/>\nw tym kwasy t\u0142uszczowe nasycone &#8211; 0 g<br \/>\nW\u0119glowodany &#8211; 99 g<br \/>\nw tym cukry &#8211; 99 g<br \/>\nBia\u0142ko &#8211; 0,1 g<br \/>\nS\u00f3l &#8211; 0,01 g<\/p>\n<p><strong>INFORMACJA ALERGENNA<\/strong><br \/>\nProdukt mo\u017ce zawiera\u0107 ZBO\u017bA ZAWIERAJ\u0104CE GLUTEN, MLEKO (\u0142\u0105cznie z LAKTOZ\u0104).<\/p>\n<p><strong>ZALECANE WARUNKI PRZECHOWYWANIA<\/strong><br \/>\nPrzechowywa\u0107 w suchym i ch\u0142odnym miejscu<\/p>","protected":false},"excerpt":{"rendered":"<p>Opis Produktu Cukier z wanili\u0105 bourbon BIO 15g Cukier z wanili\u0105 bourbon BIO jest wytwarzany z naturalnych sk\u0142adnik\u00f3w, bez dodatku sztucznych barwnik\u00f3w czy konserwant\u00f3w. Dzi\u0119ki temu mo\u017cesz by\u0107 pewien, \u017ce korzystasz z produktu najwy\u017cszej jako\u015bci, kt\u00f3ry \u015bwietnie sprawdzi si\u0119 w Twoich kulinarnych eksperymentach. Wanilia bourbon ma wiele dobroczynnych w\u0142a\u015bciwo\u015bci, mi\u0119dzy innymi wspomaga uk\u0142ad trawienny i [&hellip;]<\/p>","protected":false},"featured_media":1203,"template":"","meta":{"site-sidebar-layout":"default","site-content-layout":"","ast-site-content-layout":"default","site-content-style":"default","site-sidebar-style":"default","ast-global-header-display":"","ast-banner-title-visibility":"","ast-main-header-display":"","ast-hfb-above-header-display":"","ast-hfb-below-header-display":"","ast-hfb-mobile-header-display":"","site-post-title":"","ast-breadcrumbs-content":"","ast-featured-img":"","footer-sml-layout":"","theme-transparent-header-meta":"default","adv-header-id-meta":"","stick-header-meta":"","header-above-stick-meta":"","header-main-stick-meta":"","header-below-stick-meta":"","astra-migrate-meta-layouts":"set","ast-page-background-enabled":"default","ast-page-background-meta":{"desktop":{"background-color":"var(--ast-global-color-4)","background-image":"","background-repeat":"repeat","background-position":"center center","background-size":"auto","background-attachment":"scroll","background-type":"","background-media":"","overlay-type":"","overlay-color":"","overlay-opacity":"","overlay-gradient":""},"tablet":{"background-color":"","background-image":"","background-repeat":"repeat","background-position":"center center","background-size":"auto","background-attachment":"scroll","background-type":"","background-media":"","overlay-type":"","overlay-color":"","overlay-opacity":"","overlay-gradient":""},"mobile":{"background-color":"","background-image":"","background-repeat":"repeat","background-position":"center center","background-size":"auto","background-attachment":"scroll","background-type":"","background-media":"","overlay-type":"","overlay-color":"","overlay-opacity":"","overlay-gradient":""}},"ast-content-background-meta":{"desktop":{"background-color":"var(--ast-global-color-5)","background-image":"","background-repeat":"repeat","background-position":"center center","background-size":"auto","background-attachment":"scroll","background-type":"","background-media":"","overlay-type":"","overlay-color":"","overlay-opacity":"","overlay-gradient":""},"tablet":{"background-color":"var(--ast-global-color-5)","background-image":"","background-repeat":"repeat","background-position":"center center","background-size":"auto","background-attachment":"scroll","background-type":"","background-media":"","overlay-type":"","overlay-color":"","overlay-opacity":"","overlay-gradient":""},"mobile":{"background-color":"var(--ast-global-color-5)","background-image":"","background-repeat":"repeat","background-position":"center center","background-size":"auto","background-attachment":"scroll","background-type":"","background-media":"","overlay-type":"","overlay-color":"","overlay-opacity":"","overlay-gradient":""}}},"product_cat":[90,89],"product_tag":[34],"class_list":{"0":"post-1158","1":"product","2":"type-product","3":"status-publish","4":"has-post-thumbnail","6":"product_cat-cukry","7":"product_cat-produkty-slodzace","8":"product_tag-etykieta-eko","9":"desktop-align-center","10":"tablet-align-left","11":"mobile-align-left","13":"first","14":"instock","15":"purchasable","16":"product-type-simple"},"_links":{"self":[{"href":"https:\/\/los-odpowiedzialni-spolecznie.pl\/en\/wp-json\/wp\/v2\/product\/1158","targetHints":{"allow":["GET"]}}],"collection":[{"href":"https:\/\/los-odpowiedzialni-spolecznie.pl\/en\/wp-json\/wp\/v2\/product"}],"about":[{"href":"https:\/\/los-odpowiedzialni-spolecznie.pl\/en\/wp-json\/wp\/v2\/types\/product"}],"wp:featuredmedia":[{"embeddable":true,"href":"https:\/\/los-odpowiedzialni-spolecznie.pl\/en\/wp-json\/wp\/v2\/media\/1203"}],"wp:attachment":[{"href":"https:\/\/los-odpowiedzialni-spolecznie.pl\/en\/wp-json\/wp\/v2\/media?parent=1158"}],"wp:term":[{"taxonomy":"product_cat","embeddable":true,"href":"https:\/\/los-odpowiedzialni-spolecznie.pl\/en\/wp-json\/wp\/v2\/product_cat?post=1158"},{"taxonomy":"product_tag","embeddable":true,"href":"https:\/\/los-odpowiedzialni-spolecznie.pl\/en\/wp-json\/wp\/v2\/product_tag?post=1158"}],"curies":[{"name":"wp","href":"https:\/\/api.w.org\/{rel}","templated":true}]}}