{"id":1150,"date":"2024-12-23T16:10:52","date_gmt":"2024-12-23T15:10:52","guid":{"rendered":"https:\/\/los-odpowiedzialni-spolecznie.pl\/?post_type=product&#038;p=1150"},"modified":"2024-12-23T16:12:18","modified_gmt":"2024-12-23T15:12:18","slug":"paluszki-z-samopszy-pelnoziarniste-bio-45-g","status":"publish","type":"product","link":"https:\/\/los-odpowiedzialni-spolecznie.pl\/en\/sklep\/produkty-spozywcze\/przekaski\/slone\/paluszki-z-samopszy-pelnoziarniste-bio-45-g\/","title":{"rendered":"Paluszki z samopszy pe\u0142noziarniste BIO 45 g"},"content":{"rendered":"<h3>Opis Produktu<\/h3>\n<p class=\"name\"><strong>Paluszki z samopszy pe\u0142noziarniste BIO 45 g<\/strong><\/p>\n<h3>Sk\u0142ad:<\/h3>\n<p>Pe\u0142noziarnista m\u0105ka\u00a0z samopszy* (86,70%),\u00a0nieutwardzony olej kokosowy* (6,5%),\u00a0woda (3,3%),\u00a0zakwas (m\u0105ka z samopszy +\u00a0woda) * (2,2%),\u00a0s\u00f3l himalajska (1,3%).<\/p>\n<p>*sk\u0142adniki z upraw ekologicznych.<\/p>\n<p><strong>Warto\u015b\u0107 od\u017cywcza w 100 g produktu:<\/strong><\/p>\n<p>warto\u015b\u0107 energetyczna: 1629 kJ \/ 386 kcal<\/p>\n<p>T\u0142uszcz:\u00a05,3 g<\/p>\n<p>w tym kwasy t\u0142uszczowe nasycone: 2,1 g<\/p>\n<p>W\u0119glowodany:\u00a067 g<\/p>\n<p>w tym cukry:\u00a02,9 g<\/p>\n<p>B\u0142onnik:\u00a011 g<\/p>\n<p>Bia\u0142ko:\u00a013 g<\/p>\n<p>S\u00f3l:\u00a02,1 g<\/p>\n<p>&nbsp;<\/p>\n<p>Masa netto: 45 g<\/p>","protected":false},"excerpt":{"rendered":"<p>Opis Produktu Paluszki z samopszy pe\u0142noziarniste BIO 45 g Sk\u0142ad: Pe\u0142noziarnista m\u0105ka\u00a0z samopszy* (86,70%),\u00a0nieutwardzony olej kokosowy* (6,5%),\u00a0woda (3,3%),\u00a0zakwas (m\u0105ka z samopszy +\u00a0woda) * (2,2%),\u00a0s\u00f3l himalajska (1,3%). *sk\u0142adniki z upraw ekologicznych. Warto\u015b\u0107 od\u017cywcza w 100 g produktu: warto\u015b\u0107 energetyczna: 1629 kJ \/ 386 kcal T\u0142uszcz:\u00a05,3 g w tym kwasy t\u0142uszczowe nasycone: 2,1 g W\u0119glowodany:\u00a067 g w [&hellip;]<\/p>","protected":false},"featured_media":1202,"template":"","meta":{"site-sidebar-layout":"default","site-content-layout":"","ast-site-content-layout":"default","site-content-style":"default","site-sidebar-style":"default","ast-global-header-display":"","ast-banner-title-visibility":"","ast-main-header-display":"","ast-hfb-above-header-display":"","ast-hfb-below-header-display":"","ast-hfb-mobile-header-display":"","site-post-title":"","ast-breadcrumbs-content":"","ast-featured-img":"","footer-sml-layout":"","theme-transparent-header-meta":"default","adv-header-id-meta":"","stick-header-meta":"","header-above-stick-meta":"","header-main-stick-meta":"","header-below-stick-meta":"","astra-migrate-meta-layouts":"set","ast-page-background-enabled":"default","ast-page-background-meta":{"desktop":{"background-color":"var(--ast-global-color-4)","background-image":"","background-repeat":"repeat","background-position":"center center","background-size":"auto","background-attachment":"scroll","background-type":"","background-media":"","overlay-type":"","overlay-color":"","overlay-opacity":"","overlay-gradient":""},"tablet":{"background-color":"","background-image":"","background-repeat":"repeat","background-position":"center center","background-size":"auto","background-attachment":"scroll","background-type":"","background-media":"","overlay-type":"","overlay-color":"","overlay-opacity":"","overlay-gradient":""},"mobile":{"background-color":"","background-image":"","background-repeat":"repeat","background-position":"center center","background-size":"auto","background-attachment":"scroll","background-type":"","background-media":"","overlay-type":"","overlay-color":"","overlay-opacity":"","overlay-gradient":""}},"ast-content-background-meta":{"desktop":{"background-color":"var(--ast-global-color-5)","background-image":"","background-repeat":"repeat","background-position":"center center","background-size":"auto","background-attachment":"scroll","background-type":"","background-media":"","overlay-type":"","overlay-color":"","overlay-opacity":"","overlay-gradient":""},"tablet":{"background-color":"var(--ast-global-color-5)","background-image":"","background-repeat":"repeat","background-position":"center center","background-size":"auto","background-attachment":"scroll","background-type":"","background-media":"","overlay-type":"","overlay-color":"","overlay-opacity":"","overlay-gradient":""},"mobile":{"background-color":"var(--ast-global-color-5)","background-image":"","background-repeat":"repeat","background-position":"center center","background-size":"auto","background-attachment":"scroll","background-type":"","background-media":"","overlay-type":"","overlay-color":"","overlay-opacity":"","overlay-gradient":""}}},"product_cat":[66,24],"product_tag":[34],"class_list":{"0":"post-1150","1":"product","2":"type-product","3":"status-publish","4":"has-post-thumbnail","6":"product_cat-slone","7":"product_cat-przekaski","8":"product_tag-etykieta-eko","9":"desktop-align-center","10":"tablet-align-left","11":"mobile-align-left","13":"first","14":"instock","15":"purchasable","16":"product-type-simple"},"_links":{"self":[{"href":"https:\/\/los-odpowiedzialni-spolecznie.pl\/en\/wp-json\/wp\/v2\/product\/1150","targetHints":{"allow":["GET"]}}],"collection":[{"href":"https:\/\/los-odpowiedzialni-spolecznie.pl\/en\/wp-json\/wp\/v2\/product"}],"about":[{"href":"https:\/\/los-odpowiedzialni-spolecznie.pl\/en\/wp-json\/wp\/v2\/types\/product"}],"wp:featuredmedia":[{"embeddable":true,"href":"https:\/\/los-odpowiedzialni-spolecznie.pl\/en\/wp-json\/wp\/v2\/media\/1202"}],"wp:attachment":[{"href":"https:\/\/los-odpowiedzialni-spolecznie.pl\/en\/wp-json\/wp\/v2\/media?parent=1150"}],"wp:term":[{"taxonomy":"product_cat","embeddable":true,"href":"https:\/\/los-odpowiedzialni-spolecznie.pl\/en\/wp-json\/wp\/v2\/product_cat?post=1150"},{"taxonomy":"product_tag","embeddable":true,"href":"https:\/\/los-odpowiedzialni-spolecznie.pl\/en\/wp-json\/wp\/v2\/product_tag?post=1150"}],"curies":[{"name":"wp","href":"https:\/\/api.w.org\/{rel}","templated":true}]}}