{"id":1149,"date":"2024-12-23T16:10:52","date_gmt":"2024-12-23T15:10:52","guid":{"rendered":"https:\/\/los-odpowiedzialni-spolecznie.pl\/?post_type=product&#038;p=1149"},"modified":"2024-12-23T16:12:15","modified_gmt":"2024-12-23T15:12:15","slug":"paluszki-pelnoziarniste-z-przyprawami-piec-przemian-bio-45-g","status":"publish","type":"product","link":"https:\/\/los-odpowiedzialni-spolecznie.pl\/en\/sklep\/produkty-spozywcze\/przekaski\/slone\/paluszki-pelnoziarniste-z-przyprawami-piec-przemian-bio-45-g\/","title":{"rendered":"Paluszki pe\u0142noziarniste z przyprawami Pi\u0119\u0107 Przemian BIO 45 g"},"content":{"rendered":"<h3>Opis Produktu<\/h3>\n<p class=\"h1\"><strong>Paluszki pe\u0142noziarniste z przyprawami Pi\u0119\u0107 Przemian BIO 45 g<\/strong><\/p>\n<p><strong>Paluszki te zawieraj\u0105\u00a0 naturalne sk\u0142adniki, s\u0105 bogate w b\u0142onnik, minera\u0142y i witaminy. Dodatkowo, m\u0105ka z pszenicy samopszy jest wyj\u0105tkowo warto\u015bciowa i \u0142atwo przyswajalna przez organizm.<\/strong><\/p>\n<p><strong>Je\u015bli lubisz pikantne przek\u0105ski, to z pewno\u015bci\u0105 polubisz te paluszki z oregano, cebul\u0105, bazyli\u0105 i papryk\u0105. Maj\u0105 one intensywny smak i aromat, kt\u00f3ry zaspokoi Twoje podniebienie.<\/strong><\/p>\n<p><strong>Idealne na szybk\u0105 przek\u0105sk\u0119, do zabrania na spacer lub seans filmowy. Dzi\u0119ki nim mo\u017cesz cieszy\u0107 si\u0119 smakiem i chrupko\u015bci\u0105, nie martwi\u0105c si\u0119 o zdrowie. Chrup bez wyrzut\u00f3w sumienia &#8211; wybierz ekologiczne paluszki z przyprawami z m\u0105ki z pszenicy samopszy!<\/strong><\/p>\n<ul>\n<li><strong>Sk\u0142adniki<\/strong>: Pe\u0142noziarnista m\u0105ka z samopszy* 86%, nieutwardzony olej kokosowy*, przyprawy* 2,5% (cebula 0,63%, oregano 0,63%, bazylia 0,62%, papryka 0,62%), suszone pomidory*, zakwas (m\u0105ka z samopszy + woda)* 2%, s\u00f3l. *Sk\u0142adniki z upraw ekologicznych.<\/li>\n<li><strong>Warto\u015b\u0107 od\u017cywcza w 100 g produktu:<\/strong>warto\u015b\u0107 energetyczna: 1671 kJ \/ 396 kcalT\u0142uszcz: 6,4 g w tym kwasy t\u0142uszczowe nasycone: 0,36 g; W\u0119glowodany: 72 g w tym cukry: 4,1\u00a0 g; B\u0142onnik: 5,3 g; Bia\u0142ko: 9,6 g; S\u00f3l: 1,8 g<\/li>\n<li>Masa netto: 45 g<\/li>\n<\/ul>","protected":false},"excerpt":{"rendered":"<p>Opis Produktu Paluszki pe\u0142noziarniste z przyprawami Pi\u0119\u0107 Przemian BIO 45 g Paluszki te zawieraj\u0105\u00a0 naturalne sk\u0142adniki, s\u0105 bogate w b\u0142onnik, minera\u0142y i witaminy. Dodatkowo, m\u0105ka z pszenicy samopszy jest wyj\u0105tkowo warto\u015bciowa i \u0142atwo przyswajalna przez organizm. Je\u015bli lubisz pikantne przek\u0105ski, to z pewno\u015bci\u0105 polubisz te paluszki z oregano, cebul\u0105, bazyli\u0105 i papryk\u0105. Maj\u0105 one intensywny [&hellip;]<\/p>","protected":false},"featured_media":1201,"template":"","meta":{"site-sidebar-layout":"default","site-content-layout":"","ast-site-content-layout":"default","site-content-style":"default","site-sidebar-style":"default","ast-global-header-display":"","ast-banner-title-visibility":"","ast-main-header-display":"","ast-hfb-above-header-display":"","ast-hfb-below-header-display":"","ast-hfb-mobile-header-display":"","site-post-title":"","ast-breadcrumbs-content":"","ast-featured-img":"","footer-sml-layout":"","theme-transparent-header-meta":"default","adv-header-id-meta":"","stick-header-meta":"","header-above-stick-meta":"","header-main-stick-meta":"","header-below-stick-meta":"","astra-migrate-meta-layouts":"set","ast-page-background-enabled":"default","ast-page-background-meta":{"desktop":{"background-color":"var(--ast-global-color-4)","background-image":"","background-repeat":"repeat","background-position":"center center","background-size":"auto","background-attachment":"scroll","background-type":"","background-media":"","overlay-type":"","overlay-color":"","overlay-opacity":"","overlay-gradient":""},"tablet":{"background-color":"","background-image":"","background-repeat":"repeat","background-position":"center center","background-size":"auto","background-attachment":"scroll","background-type":"","background-media":"","overlay-type":"","overlay-color":"","overlay-opacity":"","overlay-gradient":""},"mobile":{"background-color":"","background-image":"","background-repeat":"repeat","background-position":"center center","background-size":"auto","background-attachment":"scroll","background-type":"","background-media":"","overlay-type":"","overlay-color":"","overlay-opacity":"","overlay-gradient":""}},"ast-content-background-meta":{"desktop":{"background-color":"var(--ast-global-color-5)","background-image":"","background-repeat":"repeat","background-position":"center center","background-size":"auto","background-attachment":"scroll","background-type":"","background-media":"","overlay-type":"","overlay-color":"","overlay-opacity":"","overlay-gradient":""},"tablet":{"background-color":"var(--ast-global-color-5)","background-image":"","background-repeat":"repeat","background-position":"center center","background-size":"auto","background-attachment":"scroll","background-type":"","background-media":"","overlay-type":"","overlay-color":"","overlay-opacity":"","overlay-gradient":""},"mobile":{"background-color":"var(--ast-global-color-5)","background-image":"","background-repeat":"repeat","background-position":"center center","background-size":"auto","background-attachment":"scroll","background-type":"","background-media":"","overlay-type":"","overlay-color":"","overlay-opacity":"","overlay-gradient":""}}},"product_cat":[66,24],"product_tag":[34],"class_list":{"0":"post-1149","1":"product","2":"type-product","3":"status-publish","4":"has-post-thumbnail","6":"product_cat-slone","7":"product_cat-przekaski","8":"product_tag-etykieta-eko","9":"desktop-align-center","10":"tablet-align-left","11":"mobile-align-left","13":"first","14":"instock","15":"purchasable","16":"product-type-simple"},"_links":{"self":[{"href":"https:\/\/los-odpowiedzialni-spolecznie.pl\/en\/wp-json\/wp\/v2\/product\/1149","targetHints":{"allow":["GET"]}}],"collection":[{"href":"https:\/\/los-odpowiedzialni-spolecznie.pl\/en\/wp-json\/wp\/v2\/product"}],"about":[{"href":"https:\/\/los-odpowiedzialni-spolecznie.pl\/en\/wp-json\/wp\/v2\/types\/product"}],"wp:featuredmedia":[{"embeddable":true,"href":"https:\/\/los-odpowiedzialni-spolecznie.pl\/en\/wp-json\/wp\/v2\/media\/1201"}],"wp:attachment":[{"href":"https:\/\/los-odpowiedzialni-spolecznie.pl\/en\/wp-json\/wp\/v2\/media?parent=1149"}],"wp:term":[{"taxonomy":"product_cat","embeddable":true,"href":"https:\/\/los-odpowiedzialni-spolecznie.pl\/en\/wp-json\/wp\/v2\/product_cat?post=1149"},{"taxonomy":"product_tag","embeddable":true,"href":"https:\/\/los-odpowiedzialni-spolecznie.pl\/en\/wp-json\/wp\/v2\/product_tag?post=1149"}],"curies":[{"name":"wp","href":"https:\/\/api.w.org\/{rel}","templated":true}]}}