{"id":1147,"date":"2024-12-23T16:10:52","date_gmt":"2024-12-23T15:10:52","guid":{"rendered":"https:\/\/los-odpowiedzialni-spolecznie.pl\/?post_type=product&#038;p=1147"},"modified":"2024-12-23T16:12:09","modified_gmt":"2024-12-23T15:12:09","slug":"paluszki-zytnie-pelnoziarniste-ekologiczne-bio-45-g-piec-przemian","status":"publish","type":"product","link":"https:\/\/los-odpowiedzialni-spolecznie.pl\/en\/sklep\/produkty-spozywcze\/przekaski\/slone\/paluszki-zytnie-pelnoziarniste-ekologiczne-bio-45-g-piec-przemian\/","title":{"rendered":"PALUSZKI \u017bYTNIE PE\u0141NOZIARNISTE EKOLOGICZNE BIO 45 G &#8211; PI\u0118\u0106 PRZEMIAN"},"content":{"rendered":"<h3>Opis Produktu<\/h3>\n<p class=\"product_name__name m-0\"><strong>PALUSZKI \u017bYTNIE PE\u0141NOZIARNISTE EKOLOGICZNE BIO 45 G &#8211; PI\u0118\u0106 PRZEMIAN<\/strong><\/p>\n<p>Uwielbiane przez dzieci i doros\u0142ych, idealne do zabrania na spacer, podr\u00f3\u017c.<\/p>\n<h2 align=\"left\">Sk\u0142adniki<\/h2>\n<p class=\"product-description wysiwyg-content\" align=\"left\">pe\u0142noziarnista m\u0105ka \u017cytnia*<\/p>\n<p class=\"product-description wysiwyg-content\" align=\"left\">(86,70%),\u00a0nieutwardzony olej kokosowy* 6,5%), zakwas (m\u0105ka \u017cytnia, woda)*(2,2%), woda (3,3%), s\u00f3l himalajska (1,3%)<\/p>\n<p class=\"product-description wysiwyg-content\" align=\"left\">*sk\u0142adniki z upraw ekologicznych<\/p>\n<p class=\"product-description wysiwyg-content\" align=\"left\"><strong>Warto\u015b\u0107 od\u017cywcza w 100 g<\/strong><\/p>\n<p class=\"product-description wysiwyg-content\" align=\"left\">Warto\u015b\u0107 energetyczna: 1674 kJ \/ 395 kcal<\/p>\n<p class=\"product-description wysiwyg-content\" align=\"left\">T\u0142uszcz: 4,6 g<\/p>\n<p class=\"product-description wysiwyg-content\" align=\"left\">&#8211; w tym kwasy t\u0142uszczowe nasycone: 2,2 g<\/p>\n<p class=\"product-description wysiwyg-content\" align=\"left\">W\u0119glowodany: 78,5 g<\/p>\n<p class=\"product-description wysiwyg-content\" align=\"left\">&#8211; w tym cukry: 5,5 g<\/p>\n<p class=\"product-description wysiwyg-content\" align=\"left\">B\u0142onnik: 2,2 g<\/p>\n<p class=\"product-description wysiwyg-content\" align=\"left\">Bia\u0142ko: 9,9 g<\/p>\n<p class=\"product-description wysiwyg-content\" align=\"left\">S\u00f3l: 1,3 g<\/p>\n<h3 class=\"product-description wysiwyg-content\" align=\"left\">Informacje dodatkowe<\/h3>\n<p class=\"product-description wysiwyg-content\" align=\"left\">Produkt odpowiedni dla wegan i wegetarian.\u00a0Produkt zawiera\u00a0<strong>gluten<\/strong>.<\/p>\n<h3 class=\"product-description wysiwyg-content\" align=\"left\">Masa netto: 45 g<\/h3>","protected":false},"excerpt":{"rendered":"<p>Opis Produktu PALUSZKI \u017bYTNIE PE\u0141NOZIARNISTE EKOLOGICZNE BIO 45 G &#8211; PI\u0118\u0106 PRZEMIAN Uwielbiane przez dzieci i doros\u0142ych, idealne do zabrania na spacer, podr\u00f3\u017c. Sk\u0142adniki pe\u0142noziarnista m\u0105ka \u017cytnia* (86,70%),\u00a0nieutwardzony olej kokosowy* 6,5%), zakwas (m\u0105ka \u017cytnia, woda)*(2,2%), woda (3,3%), s\u00f3l himalajska (1,3%) *sk\u0142adniki z upraw ekologicznych Warto\u015b\u0107 od\u017cywcza w 100 g Warto\u015b\u0107 energetyczna: 1674 kJ \/ 395 [&hellip;]<\/p>","protected":false},"featured_media":1199,"template":"","meta":{"site-sidebar-layout":"default","site-content-layout":"","ast-site-content-layout":"default","site-content-style":"default","site-sidebar-style":"default","ast-global-header-display":"","ast-banner-title-visibility":"","ast-main-header-display":"","ast-hfb-above-header-display":"","ast-hfb-below-header-display":"","ast-hfb-mobile-header-display":"","site-post-title":"","ast-breadcrumbs-content":"","ast-featured-img":"","footer-sml-layout":"","theme-transparent-header-meta":"default","adv-header-id-meta":"","stick-header-meta":"","header-above-stick-meta":"","header-main-stick-meta":"","header-below-stick-meta":"","astra-migrate-meta-layouts":"set","ast-page-background-enabled":"default","ast-page-background-meta":{"desktop":{"background-color":"var(--ast-global-color-4)","background-image":"","background-repeat":"repeat","background-position":"center center","background-size":"auto","background-attachment":"scroll","background-type":"","background-media":"","overlay-type":"","overlay-color":"","overlay-opacity":"","overlay-gradient":""},"tablet":{"background-color":"","background-image":"","background-repeat":"repeat","background-position":"center center","background-size":"auto","background-attachment":"scroll","background-type":"","background-media":"","overlay-type":"","overlay-color":"","overlay-opacity":"","overlay-gradient":""},"mobile":{"background-color":"","background-image":"","background-repeat":"repeat","background-position":"center center","background-size":"auto","background-attachment":"scroll","background-type":"","background-media":"","overlay-type":"","overlay-color":"","overlay-opacity":"","overlay-gradient":""}},"ast-content-background-meta":{"desktop":{"background-color":"var(--ast-global-color-5)","background-image":"","background-repeat":"repeat","background-position":"center center","background-size":"auto","background-attachment":"scroll","background-type":"","background-media":"","overlay-type":"","overlay-color":"","overlay-opacity":"","overlay-gradient":""},"tablet":{"background-color":"var(--ast-global-color-5)","background-image":"","background-repeat":"repeat","background-position":"center center","background-size":"auto","background-attachment":"scroll","background-type":"","background-media":"","overlay-type":"","overlay-color":"","overlay-opacity":"","overlay-gradient":""},"mobile":{"background-color":"var(--ast-global-color-5)","background-image":"","background-repeat":"repeat","background-position":"center center","background-size":"auto","background-attachment":"scroll","background-type":"","background-media":"","overlay-type":"","overlay-color":"","overlay-opacity":"","overlay-gradient":""}}},"product_cat":[66,24],"product_tag":[34],"class_list":{"0":"post-1147","1":"product","2":"type-product","3":"status-publish","4":"has-post-thumbnail","6":"product_cat-slone","7":"product_cat-przekaski","8":"product_tag-etykieta-eko","9":"desktop-align-center","10":"tablet-align-left","11":"mobile-align-left","13":"first","14":"onbackorder","15":"purchasable","16":"product-type-simple"},"_links":{"self":[{"href":"https:\/\/los-odpowiedzialni-spolecznie.pl\/en\/wp-json\/wp\/v2\/product\/1147","targetHints":{"allow":["GET"]}}],"collection":[{"href":"https:\/\/los-odpowiedzialni-spolecznie.pl\/en\/wp-json\/wp\/v2\/product"}],"about":[{"href":"https:\/\/los-odpowiedzialni-spolecznie.pl\/en\/wp-json\/wp\/v2\/types\/product"}],"wp:featuredmedia":[{"embeddable":true,"href":"https:\/\/los-odpowiedzialni-spolecznie.pl\/en\/wp-json\/wp\/v2\/media\/1199"}],"wp:attachment":[{"href":"https:\/\/los-odpowiedzialni-spolecznie.pl\/en\/wp-json\/wp\/v2\/media?parent=1147"}],"wp:term":[{"taxonomy":"product_cat","embeddable":true,"href":"https:\/\/los-odpowiedzialni-spolecznie.pl\/en\/wp-json\/wp\/v2\/product_cat?post=1147"},{"taxonomy":"product_tag","embeddable":true,"href":"https:\/\/los-odpowiedzialni-spolecznie.pl\/en\/wp-json\/wp\/v2\/product_tag?post=1147"}],"curies":[{"name":"wp","href":"https:\/\/api.w.org\/{rel}","templated":true}]}}