{"id":1146,"date":"2024-12-23T16:10:52","date_gmt":"2024-12-23T15:10:52","guid":{"rendered":"https:\/\/los-odpowiedzialni-spolecznie.pl\/?post_type=product&#038;p=1146"},"modified":"2024-12-23T16:12:06","modified_gmt":"2024-12-23T15:12:06","slug":"chipsy-ziemniaczane-cienko-krojone-o-smaku-smietankowo-cebulowym-bio-125g-trafo","status":"publish","type":"product","link":"https:\/\/los-odpowiedzialni-spolecznie.pl\/en\/sklep\/produkty-spozywcze\/przekaski\/slone\/chipsy-ziemniaczane-cienko-krojone-o-smaku-smietankowo-cebulowym-bio-125g-trafo\/","title":{"rendered":"Chipsy ziemniaczane cienko krojone o smaku \u015bmietankowo &#8211; cebulowym BIO 125g &#8211; Trafo"},"content":{"rendered":"<h3>Opis Produktu<\/h3>\n<p class=\"product_name__name m-0\"><strong>Chipsy ziemniaczane cienko krojone o smaku \u015bmietankowo &#8211; cebulowym BIO 125g &#8211; Trafo<\/strong><\/p>\n<p>Trafo to marka, kt\u00f3ra pragnie promowa\u0107 ekologiczne podej\u015bcie do produkcji \u017cywno\u015bci, zach\u0119caj\u0105c konsument\u00f3w do \u015bwiadomych wybor\u00f3w i wspierania lokalnych producent\u00f3w. Ich chipsy to doskona\u0142y przyk\u0142ad tego, \u017ce zdrowa \u017cywno\u015b\u0107 mo\u017ce by\u0107 r\u00f3wnie\u017c smaczna i przyjemna w konsumpcji.<\/p>\n<p>Dlatego warto si\u0119gn\u0105\u0107 po chipsy od Trafo i cieszy\u0107 si\u0119 nie tylko pysznym smakiem, ale tak\u017ce wiedz\u0105c, \u017ce wspieramy ekologiczne podej\u015bcie do produkcji \u017cywno\u015bci.<\/p>\n<h3 class=\"title color-purple spacer-bottom-sm font-md wt-semi\">Sk\u0142adniki<\/h3>\n<div class=\"spacer-bottom-lg\">Ziemniaki*, olej s\u0142onecznikowy*, m\u0105ka kukurydziana*, s\u00f3l, MLEKO w proszku*(1%), zwi\u0105zki organiczne*(0,8%), dekstroza*, ekstrakt dro\u017cd\u017cowy*, czosnek*, regulator kwasowo\u015bci: kwas cytrynowy, naturalny aromat: cebula w proszku .<\/div>\n<div>\n<div class=\"section-ingredients\">\n<p>Warto\u015bci od\u017cywcze:<\/p>\n<\/div>\n<table class=\"table table-bordered\">\n<tbody>\n<tr>\n<td>Typowe warto\u015bci<\/td>\n<td>Na 100g<\/td>\n<\/tr>\n<tr>\n<td>Energia<\/td>\n<td>553 kcal\/2320 kJ<\/td>\n<\/tr>\n<tr>\n<td>Ca\u0142kowita zawarto\u015b\u0107 t\u0142uszczu<\/td>\n<td>38 gr<\/td>\n<\/tr>\n<tr>\n<td>T\u0142uszcz nasycony<\/td>\n<td>4,3 g<\/td>\n<\/tr>\n<tr>\n<td>W\u0119glowodany<\/td>\n<td>38 gr<\/td>\n<\/tr>\n<tr>\n<td>Cukry<\/td>\n<td>0,9 g<\/td>\n<\/tr>\n<tr>\n<td>W\u0142\u00f3kna<\/td>\n<td>4 gr<\/td>\n<\/tr>\n<tr>\n<td>Bia\u0142ko<\/td>\n<td>5 gr<\/td>\n<\/tr>\n<tr>\n<td>S\u00f3l<\/td>\n<td>0,8 g<\/td>\n<\/tr>\n<\/tbody>\n<\/table>\n<\/div>","protected":false},"excerpt":{"rendered":"<p>Opis Produktu Chipsy ziemniaczane cienko krojone o smaku \u015bmietankowo &#8211; cebulowym BIO 125g &#8211; Trafo Trafo to marka, kt\u00f3ra pragnie promowa\u0107 ekologiczne podej\u015bcie do produkcji \u017cywno\u015bci, zach\u0119caj\u0105c konsument\u00f3w do \u015bwiadomych wybor\u00f3w i wspierania lokalnych producent\u00f3w. Ich chipsy to doskona\u0142y przyk\u0142ad tego, \u017ce zdrowa \u017cywno\u015b\u0107 mo\u017ce by\u0107 r\u00f3wnie\u017c smaczna i przyjemna w konsumpcji. Dlatego warto si\u0119gn\u0105\u0107 [&hellip;]<\/p>","protected":false},"featured_media":1198,"template":"","meta":{"site-sidebar-layout":"default","site-content-layout":"","ast-site-content-layout":"default","site-content-style":"default","site-sidebar-style":"default","ast-global-header-display":"","ast-banner-title-visibility":"","ast-main-header-display":"","ast-hfb-above-header-display":"","ast-hfb-below-header-display":"","ast-hfb-mobile-header-display":"","site-post-title":"","ast-breadcrumbs-content":"","ast-featured-img":"","footer-sml-layout":"","theme-transparent-header-meta":"default","adv-header-id-meta":"","stick-header-meta":"","header-above-stick-meta":"","header-main-stick-meta":"","header-below-stick-meta":"","astra-migrate-meta-layouts":"set","ast-page-background-enabled":"default","ast-page-background-meta":{"desktop":{"background-color":"var(--ast-global-color-4)","background-image":"","background-repeat":"repeat","background-position":"center center","background-size":"auto","background-attachment":"scroll","background-type":"","background-media":"","overlay-type":"","overlay-color":"","overlay-opacity":"","overlay-gradient":""},"tablet":{"background-color":"","background-image":"","background-repeat":"repeat","background-position":"center center","background-size":"auto","background-attachment":"scroll","background-type":"","background-media":"","overlay-type":"","overlay-color":"","overlay-opacity":"","overlay-gradient":""},"mobile":{"background-color":"","background-image":"","background-repeat":"repeat","background-position":"center center","background-size":"auto","background-attachment":"scroll","background-type":"","background-media":"","overlay-type":"","overlay-color":"","overlay-opacity":"","overlay-gradient":""}},"ast-content-background-meta":{"desktop":{"background-color":"var(--ast-global-color-5)","background-image":"","background-repeat":"repeat","background-position":"center center","background-size":"auto","background-attachment":"scroll","background-type":"","background-media":"","overlay-type":"","overlay-color":"","overlay-opacity":"","overlay-gradient":""},"tablet":{"background-color":"var(--ast-global-color-5)","background-image":"","background-repeat":"repeat","background-position":"center center","background-size":"auto","background-attachment":"scroll","background-type":"","background-media":"","overlay-type":"","overlay-color":"","overlay-opacity":"","overlay-gradient":""},"mobile":{"background-color":"var(--ast-global-color-5)","background-image":"","background-repeat":"repeat","background-position":"center center","background-size":"auto","background-attachment":"scroll","background-type":"","background-media":"","overlay-type":"","overlay-color":"","overlay-opacity":"","overlay-gradient":""}}},"product_cat":[66,24],"product_tag":[34],"class_list":{"0":"post-1146","1":"product","2":"type-product","3":"status-publish","4":"has-post-thumbnail","6":"product_cat-slone","7":"product_cat-przekaski","8":"product_tag-etykieta-eko","9":"desktop-align-center","10":"tablet-align-left","11":"mobile-align-left","13":"first","14":"onbackorder","15":"purchasable","16":"product-type-simple"},"_links":{"self":[{"href":"https:\/\/los-odpowiedzialni-spolecznie.pl\/en\/wp-json\/wp\/v2\/product\/1146","targetHints":{"allow":["GET"]}}],"collection":[{"href":"https:\/\/los-odpowiedzialni-spolecznie.pl\/en\/wp-json\/wp\/v2\/product"}],"about":[{"href":"https:\/\/los-odpowiedzialni-spolecznie.pl\/en\/wp-json\/wp\/v2\/types\/product"}],"wp:featuredmedia":[{"embeddable":true,"href":"https:\/\/los-odpowiedzialni-spolecznie.pl\/en\/wp-json\/wp\/v2\/media\/1198"}],"wp:attachment":[{"href":"https:\/\/los-odpowiedzialni-spolecznie.pl\/en\/wp-json\/wp\/v2\/media?parent=1146"}],"wp:term":[{"taxonomy":"product_cat","embeddable":true,"href":"https:\/\/los-odpowiedzialni-spolecznie.pl\/en\/wp-json\/wp\/v2\/product_cat?post=1146"},{"taxonomy":"product_tag","embeddable":true,"href":"https:\/\/los-odpowiedzialni-spolecznie.pl\/en\/wp-json\/wp\/v2\/product_tag?post=1146"}],"curies":[{"name":"wp","href":"https:\/\/api.w.org\/{rel}","templated":true}]}}