{"id":1137,"date":"2024-12-23T16:10:30","date_gmt":"2024-12-23T15:10:30","guid":{"rendered":"https:\/\/los-odpowiedzialni-spolecznie.pl\/?post_type=product&#038;p=1137"},"modified":"2024-12-23T16:11:56","modified_gmt":"2024-12-23T15:11:56","slug":"glog-owoc-eko-100-g","status":"publish","type":"product","link":"https:\/\/los-odpowiedzialni-spolecznie.pl\/en\/sklep\/produkty-spozywcze\/herbaty\/owocowe-herbaty\/glog-owoc-eko-100-g\/","title":{"rendered":"G\u0142\u00f3g owoc EKO 100 g"},"content":{"rendered":"<h3><strong>Opis Produktu<\/strong><\/h3>\n<p class=\"name\"><strong>G\u0142\u00f3g owoc EKO 100 g<\/strong><\/p>\n<p><strong>Regularne spo\u017cywanie owoc\u00f3w g\u0142ogu mo\u017ce by\u0107 wi\u0119c pomocne w utrzymaniu zdrowia i wzmocnieniu naturalnych mechanizm\u00f3w obronnych organizmu. Dodatkowo, zawarte w g\u0142ogu substancje takie jak kwercetyna, flawonoidy, kwas askorbinowy i kwas chlorogenowy maj\u0105 w\u0142a\u015bciwo\u015bci antyoksydacyjne, antybakteryjne i przeciwzapalne, co przyczynia si\u0119 do ochrony przed infekcjami i stanami zapalnymi.<\/strong><\/p>\n<p><strong>Warto zatem korzysta\u0107 z dobroczynnych w\u0142a\u015bciwo\u015bci owoc\u00f3w g\u0142ogu, dodaj\u0105c je do swojej diety w postaci napar\u00f3w, sok\u00f3w, kompot\u00f3w czy dodatk\u00f3w do potraw. Pami\u0119tajmy jednak, \u017ce nadmierna konsumpcja owoc\u00f3w g\u0142ogu mo\u017ce prowadzi\u0107 do podra\u017cnienia uk\u0142adu pokarmowego i powodowa\u0107 skutki uboczne, dlatego zaleca si\u0119 korzystanie z nich w umiarkowanych ilo\u015bciach. Warto r\u00f3wnie\u017c skonsultowa\u0107 si\u0119 z lekarzem lub dietetykiem przed rozpocz\u0119ciem regularnego spo\u017cywania owoc\u00f3w g\u0142ogu, zw\u0142aszcza w przypadku przyjmowania lek\u00f3w lub wyst\u0119powania chor\u00f3b przewlek\u0142ych.<\/strong><\/p>\n<h3 class=\"tab-title\">Dodatkowe informacje<\/h3>\n<div class=\"resetcss\">\n<p><strong>Sk\u0142adniki:\u00a0<\/strong>g\u0142\u00f3g owoc (Crataegus \u2013 fructus)* 100%. *produkt rolnictwa ekologicznego<\/p>\n<p><strong>Spos\u00f3b u\u017cycia:\u00a0<\/strong>jedn\u0105 \u0142y\u017ceczk\u0119 zala\u0107 szklank\u0105 wrz\u0105tku i pozostawi\u0107 pod przykryciem do zaparzenia na oko\u0142o 10-15 minut. Pi\u0107 1-2 razy dziennie.<\/p>\n<p><strong>Masa netto:\u00a0<\/strong>100 g<\/p>\n<p><strong>Warunki przechowywania:\u00a0<\/strong>przechowywa\u0107 w suchym miejscu.<\/p>\n<p><strong>Kod EAN:\u00a0<\/strong>5902741004208<\/p>\n<\/div>","protected":false},"excerpt":{"rendered":"<p>Opis Produktu G\u0142\u00f3g owoc EKO 100 g Regularne spo\u017cywanie owoc\u00f3w g\u0142ogu mo\u017ce by\u0107 wi\u0119c pomocne w utrzymaniu zdrowia i wzmocnieniu naturalnych mechanizm\u00f3w obronnych organizmu. Dodatkowo, zawarte w g\u0142ogu substancje takie jak kwercetyna, flawonoidy, kwas askorbinowy i kwas chlorogenowy maj\u0105 w\u0142a\u015bciwo\u015bci antyoksydacyjne, antybakteryjne i przeciwzapalne, co przyczynia si\u0119 do ochrony przed infekcjami i stanami zapalnymi. Warto [&hellip;]<\/p>","protected":false},"featured_media":1187,"template":"","meta":{"site-sidebar-layout":"default","site-content-layout":"","ast-site-content-layout":"default","site-content-style":"default","site-sidebar-style":"default","ast-global-header-display":"","ast-banner-title-visibility":"","ast-main-header-display":"","ast-hfb-above-header-display":"","ast-hfb-below-header-display":"","ast-hfb-mobile-header-display":"","site-post-title":"","ast-breadcrumbs-content":"","ast-featured-img":"","footer-sml-layout":"","theme-transparent-header-meta":"default","adv-header-id-meta":"","stick-header-meta":"","header-above-stick-meta":"","header-main-stick-meta":"","header-below-stick-meta":"","astra-migrate-meta-layouts":"set","ast-page-background-enabled":"default","ast-page-background-meta":{"desktop":{"background-color":"var(--ast-global-color-4)","background-image":"","background-repeat":"repeat","background-position":"center center","background-size":"auto","background-attachment":"scroll","background-type":"","background-media":"","overlay-type":"","overlay-color":"","overlay-opacity":"","overlay-gradient":""},"tablet":{"background-color":"","background-image":"","background-repeat":"repeat","background-position":"center center","background-size":"auto","background-attachment":"scroll","background-type":"","background-media":"","overlay-type":"","overlay-color":"","overlay-opacity":"","overlay-gradient":""},"mobile":{"background-color":"","background-image":"","background-repeat":"repeat","background-position":"center center","background-size":"auto","background-attachment":"scroll","background-type":"","background-media":"","overlay-type":"","overlay-color":"","overlay-opacity":"","overlay-gradient":""}},"ast-content-background-meta":{"desktop":{"background-color":"var(--ast-global-color-5)","background-image":"","background-repeat":"repeat","background-position":"center center","background-size":"auto","background-attachment":"scroll","background-type":"","background-media":"","overlay-type":"","overlay-color":"","overlay-opacity":"","overlay-gradient":""},"tablet":{"background-color":"var(--ast-global-color-5)","background-image":"","background-repeat":"repeat","background-position":"center center","background-size":"auto","background-attachment":"scroll","background-type":"","background-media":"","overlay-type":"","overlay-color":"","overlay-opacity":"","overlay-gradient":""},"mobile":{"background-color":"var(--ast-global-color-5)","background-image":"","background-repeat":"repeat","background-position":"center center","background-size":"auto","background-attachment":"scroll","background-type":"","background-media":"","overlay-type":"","overlay-color":"","overlay-opacity":"","overlay-gradient":""}}},"product_cat":[44,47,52],"product_tag":[34],"class_list":{"0":"post-1137","1":"product","2":"type-product","3":"status-publish","4":"has-post-thumbnail","6":"product_cat-herbaty","7":"product_cat-owocowe-herbaty","8":"product_cat-sypane","9":"product_tag-etykieta-eko","10":"desktop-align-center","11":"tablet-align-left","12":"mobile-align-left","14":"first","15":"instock","16":"purchasable","17":"product-type-simple"},"_links":{"self":[{"href":"https:\/\/los-odpowiedzialni-spolecznie.pl\/en\/wp-json\/wp\/v2\/product\/1137","targetHints":{"allow":["GET"]}}],"collection":[{"href":"https:\/\/los-odpowiedzialni-spolecznie.pl\/en\/wp-json\/wp\/v2\/product"}],"about":[{"href":"https:\/\/los-odpowiedzialni-spolecznie.pl\/en\/wp-json\/wp\/v2\/types\/product"}],"wp:featuredmedia":[{"embeddable":true,"href":"https:\/\/los-odpowiedzialni-spolecznie.pl\/en\/wp-json\/wp\/v2\/media\/1187"}],"wp:attachment":[{"href":"https:\/\/los-odpowiedzialni-spolecznie.pl\/en\/wp-json\/wp\/v2\/media?parent=1137"}],"wp:term":[{"taxonomy":"product_cat","embeddable":true,"href":"https:\/\/los-odpowiedzialni-spolecznie.pl\/en\/wp-json\/wp\/v2\/product_cat?post=1137"},{"taxonomy":"product_tag","embeddable":true,"href":"https:\/\/los-odpowiedzialni-spolecznie.pl\/en\/wp-json\/wp\/v2\/product_tag?post=1137"}],"curies":[{"name":"wp","href":"https:\/\/api.w.org\/{rel}","templated":true}]}}