{"id":1136,"date":"2024-12-23T16:10:30","date_gmt":"2024-12-23T15:10:30","guid":{"rendered":"https:\/\/los-odpowiedzialni-spolecznie.pl\/?post_type=product&#038;p=1136"},"modified":"2024-12-23T16:11:54","modified_gmt":"2024-12-23T15:11:54","slug":"herbatka-bio-energia-eko-50g","status":"publish","type":"product","link":"https:\/\/los-odpowiedzialni-spolecznie.pl\/en\/sklep\/produkty-spozywcze\/herbaty\/ziolowe\/herbatka-bio-energia-eko-50g\/","title":{"rendered":"Herbatka Bio-energia EKO 50g"},"content":{"rendered":"<h3>Opis Produktu<\/h3>\n<p class=\"name\"><strong>Herbatka Bio-energia EKO 50g<\/strong><\/p>\n<p><strong>Herbatka Bio-energia EKO to idealny wyb\u00f3r dla tych, kt\u00f3rzy chc\u0105 cieszy\u0107 si\u0119 smacznym napojem, kt\u00f3ry dodatkowo wspiera organizm w utrzymaniu r\u00f3wnowagi i witalno\u015bci. Mo\u017cna j\u0105 pi\u0107 zar\u00f3wno na zimno, jak i na ciep\u0142o, w zale\u017cno\u015bci od osobistych upodoba\u0144. Dzi\u0119ki naturalnym sk\u0142adnikom i ekologicznemu pochodzeniu herbatka ta jest doskona\u0142ym wyborem dla os\u00f3b ceni\u0105cych sobie zdrowy styl \u017cycia i ekologiczne produkty. Spr\u00f3buj Bio-energii EKO i poczuj dodatkowy zastrzyk energii i witalno\u015bci ju\u017c dzi\u015b!<\/strong><\/p>\n<h3 class=\"tab-title\">Dodatkowe informacje<\/h3>\n<div class=\"resetcss\">\n<p><strong>Sk\u0142adniki:\u00a0<\/strong>owoc r\u00f3\u017cy* 20%, dzi\u0119giel li\u015b\u0107*, ostro\u017ce\u0144 ziele*, owies ziele*, rokitnik owoc*, rzepik ziele*, pokrzywa li\u015b\u0107*, je\u017cyna li\u015b\u0107*, r\u00f3\u017ceniec k\u0142\u0105cze*, p\u0142atki r\u00f3\u017cy*, kwiat nagietka* (w r\u00f3\u017cnych proporcjach).*produkt rolnictwa ekologicznego<\/p>\n<p><strong>Spos\u00f3b u\u017cycia:\u00a0<\/strong>jedn\u0105 \u0142y\u017ceczk\u0119 zala\u0107 szklank\u0105 wrz\u0105tku i pozostawi\u0107 pod przykryciem do zaparzenia na oko\u0142o 10-15 minut. Pi\u0107 1-2 razy dziennie.<\/p>\n<p><strong>Masa netto:\u00a0<\/strong>50<\/p>\n<p><strong>Warunki przechowywania:\u00a0<\/strong>przechowywa\u0107 w suchym miejscu.<\/p>\n<p><strong>Kod EAN:\u00a0<\/strong>5902741005144<\/p>\n<\/div>","protected":false},"excerpt":{"rendered":"<p>Opis Produktu Herbatka Bio-energia EKO 50g Herbatka Bio-energia EKO to idealny wyb\u00f3r dla tych, kt\u00f3rzy chc\u0105 cieszy\u0107 si\u0119 smacznym napojem, kt\u00f3ry dodatkowo wspiera organizm w utrzymaniu r\u00f3wnowagi i witalno\u015bci. Mo\u017cna j\u0105 pi\u0107 zar\u00f3wno na zimno, jak i na ciep\u0142o, w zale\u017cno\u015bci od osobistych upodoba\u0144. Dzi\u0119ki naturalnym sk\u0142adnikom i ekologicznemu pochodzeniu herbatka ta jest doskona\u0142ym wyborem [&hellip;]<\/p>","protected":false},"featured_media":1186,"template":"","meta":{"site-sidebar-layout":"default","site-content-layout":"","ast-site-content-layout":"default","site-content-style":"default","site-sidebar-style":"default","ast-global-header-display":"","ast-banner-title-visibility":"","ast-main-header-display":"","ast-hfb-above-header-display":"","ast-hfb-below-header-display":"","ast-hfb-mobile-header-display":"","site-post-title":"","ast-breadcrumbs-content":"","ast-featured-img":"","footer-sml-layout":"","theme-transparent-header-meta":"default","adv-header-id-meta":"","stick-header-meta":"","header-above-stick-meta":"","header-main-stick-meta":"","header-below-stick-meta":"","astra-migrate-meta-layouts":"set","ast-page-background-enabled":"default","ast-page-background-meta":{"desktop":{"background-color":"var(--ast-global-color-4)","background-image":"","background-repeat":"repeat","background-position":"center center","background-size":"auto","background-attachment":"scroll","background-type":"","background-media":"","overlay-type":"","overlay-color":"","overlay-opacity":"","overlay-gradient":""},"tablet":{"background-color":"","background-image":"","background-repeat":"repeat","background-position":"center center","background-size":"auto","background-attachment":"scroll","background-type":"","background-media":"","overlay-type":"","overlay-color":"","overlay-opacity":"","overlay-gradient":""},"mobile":{"background-color":"","background-image":"","background-repeat":"repeat","background-position":"center center","background-size":"auto","background-attachment":"scroll","background-type":"","background-media":"","overlay-type":"","overlay-color":"","overlay-opacity":"","overlay-gradient":""}},"ast-content-background-meta":{"desktop":{"background-color":"var(--ast-global-color-5)","background-image":"","background-repeat":"repeat","background-position":"center center","background-size":"auto","background-attachment":"scroll","background-type":"","background-media":"","overlay-type":"","overlay-color":"","overlay-opacity":"","overlay-gradient":""},"tablet":{"background-color":"var(--ast-global-color-5)","background-image":"","background-repeat":"repeat","background-position":"center center","background-size":"auto","background-attachment":"scroll","background-type":"","background-media":"","overlay-type":"","overlay-color":"","overlay-opacity":"","overlay-gradient":""},"mobile":{"background-color":"var(--ast-global-color-5)","background-image":"","background-repeat":"repeat","background-position":"center center","background-size":"auto","background-attachment":"scroll","background-type":"","background-media":"","overlay-type":"","overlay-color":"","overlay-opacity":"","overlay-gradient":""}}},"product_cat":[44,46,47,52],"product_tag":[34],"class_list":{"0":"post-1136","1":"product","2":"type-product","3":"status-publish","4":"has-post-thumbnail","6":"product_cat-herbaty","7":"product_cat-ziolowe","8":"product_cat-owocowe-herbaty","9":"product_cat-sypane","10":"product_tag-etykieta-eko","11":"desktop-align-center","12":"tablet-align-left","13":"mobile-align-left","15":"first","16":"instock","17":"purchasable","18":"product-type-simple"},"_links":{"self":[{"href":"https:\/\/los-odpowiedzialni-spolecznie.pl\/en\/wp-json\/wp\/v2\/product\/1136","targetHints":{"allow":["GET"]}}],"collection":[{"href":"https:\/\/los-odpowiedzialni-spolecznie.pl\/en\/wp-json\/wp\/v2\/product"}],"about":[{"href":"https:\/\/los-odpowiedzialni-spolecznie.pl\/en\/wp-json\/wp\/v2\/types\/product"}],"wp:featuredmedia":[{"embeddable":true,"href":"https:\/\/los-odpowiedzialni-spolecznie.pl\/en\/wp-json\/wp\/v2\/media\/1186"}],"wp:attachment":[{"href":"https:\/\/los-odpowiedzialni-spolecznie.pl\/en\/wp-json\/wp\/v2\/media?parent=1136"}],"wp:term":[{"taxonomy":"product_cat","embeddable":true,"href":"https:\/\/los-odpowiedzialni-spolecznie.pl\/en\/wp-json\/wp\/v2\/product_cat?post=1136"},{"taxonomy":"product_tag","embeddable":true,"href":"https:\/\/los-odpowiedzialni-spolecznie.pl\/en\/wp-json\/wp\/v2\/product_tag?post=1136"}],"curies":[{"name":"wp","href":"https:\/\/api.w.org\/{rel}","templated":true}]}}