{"id":1135,"date":"2024-12-23T16:10:30","date_gmt":"2024-12-23T15:10:30","guid":{"rendered":"https:\/\/los-odpowiedzialni-spolecznie.pl\/?post_type=product&#038;p=1135"},"modified":"2024-12-23T16:11:51","modified_gmt":"2024-12-23T15:11:51","slug":"herbatka-truskawkowo-malinowo-rozana-eko-100-g","status":"publish","type":"product","link":"https:\/\/los-odpowiedzialni-spolecznie.pl\/en\/sklep\/produkty-spozywcze\/herbaty\/owocowe-herbaty\/herbatka-truskawkowo-malinowo-rozana-eko-100-g\/","title":{"rendered":"Herbatka Truskawkowo Malinowo R\u00f3\u017cana EKO 100 g"},"content":{"rendered":"<h3>Opis Produktu<\/h3>\n<p class=\"name\"><strong>Herbatka Truskawkowo Malinowo R\u00f3\u017cana EKO 100 g<\/strong><\/p>\n<p><strong>Herbatka truskawkowo malinowo r\u00f3\u017cana EKO to idealny wyb\u00f3r dla os\u00f3b szukaj\u0105cych naturalnych, ekologicznych produkt\u00f3w bez sztucznych dodatk\u00f3w. Przygotowana z suszonych owoc\u00f3w truskawek, malin i p\u0142atk\u00f3w r\u00f3\u017cy, jest bogatym \u017ar\u00f3d\u0142em witamin i minera\u0142\u00f3w, kt\u00f3re wspieraj\u0105 zdrowie i dobry nastr\u00f3j.<\/strong><\/p>\n<p><strong>Dzi\u0119ki swojemu intensywnemu smakowi i aromatowi, herbatka ta doskonale sprawdzi si\u0119 jako urozmaicenie codziennej diety oraz jako alternatywa dla s\u0142odkich napoj\u00f3w gazowanych. Mo\u017ce by\u0107 r\u00f3wnie\u017c \u015bwietn\u0105 propozycj\u0105 na przyj\u0119cia i spotkania towarzyskie, gdzie chcesz zaskoczy\u0107 swoich go\u015bci pysznym i orze\u017awiaj\u0105cym napojem.<\/strong><\/p>\n<p><strong>Zach\u0119camy do wypr\u00f3bowania herbatki truskawkowo malinowo r\u00f3\u017canej EKO i do cieszenia si\u0119 jej wyj\u0105tkowym smakiem i aromatem ka\u017cdego dnia.<\/strong><\/p>\n<h3 class=\"tab-title\">Dodatkowe informacje<\/h3>\n<div class=\"resetcss\">\n<p><strong>Sk\u0142adniki:\u00a0<\/strong>malina owoc* 40%, dzika r\u00f3\u017ca owoc* 40%, truskawka owoc* 20%.*produkt rolnictwa ekologicznego<\/p>\n<p><strong>Spos\u00f3b u\u017cycia:\u00a0<\/strong>jedn\u0105 \u0142y\u017ceczk\u0119 zala\u0107 szklank\u0105 wrz\u0105tku i pozostawi\u0107 pod przykryciem do zaparzenia na oko\u0142o 10-15 minut. Pi\u0107 1-2 razy dziennie.<\/p>\n<p><strong>Masa netto:\u00a0<\/strong>100 g<\/p>\n<p><strong>Warunki przechowywania:\u00a0<\/strong>przechowywa\u0107 w suchym miejscu.<\/p>\n<p><strong>Kod EAN:\u00a0<\/strong>5902741005793<\/p>\n<\/div>","protected":false},"excerpt":{"rendered":"<p>Opis Produktu Herbatka Truskawkowo Malinowo R\u00f3\u017cana EKO 100 g Herbatka truskawkowo malinowo r\u00f3\u017cana EKO to idealny wyb\u00f3r dla os\u00f3b szukaj\u0105cych naturalnych, ekologicznych produkt\u00f3w bez sztucznych dodatk\u00f3w. Przygotowana z suszonych owoc\u00f3w truskawek, malin i p\u0142atk\u00f3w r\u00f3\u017cy, jest bogatym \u017ar\u00f3d\u0142em witamin i minera\u0142\u00f3w, kt\u00f3re wspieraj\u0105 zdrowie i dobry nastr\u00f3j. Dzi\u0119ki swojemu intensywnemu smakowi i aromatowi, herbatka ta [&hellip;]<\/p>","protected":false},"featured_media":1185,"template":"","meta":{"site-sidebar-layout":"default","site-content-layout":"","ast-site-content-layout":"default","site-content-style":"default","site-sidebar-style":"default","ast-global-header-display":"","ast-banner-title-visibility":"","ast-main-header-display":"","ast-hfb-above-header-display":"","ast-hfb-below-header-display":"","ast-hfb-mobile-header-display":"","site-post-title":"","ast-breadcrumbs-content":"","ast-featured-img":"","footer-sml-layout":"","theme-transparent-header-meta":"default","adv-header-id-meta":"","stick-header-meta":"","header-above-stick-meta":"","header-main-stick-meta":"","header-below-stick-meta":"","astra-migrate-meta-layouts":"set","ast-page-background-enabled":"default","ast-page-background-meta":{"desktop":{"background-color":"var(--ast-global-color-4)","background-image":"","background-repeat":"repeat","background-position":"center center","background-size":"auto","background-attachment":"scroll","background-type":"","background-media":"","overlay-type":"","overlay-color":"","overlay-opacity":"","overlay-gradient":""},"tablet":{"background-color":"","background-image":"","background-repeat":"repeat","background-position":"center center","background-size":"auto","background-attachment":"scroll","background-type":"","background-media":"","overlay-type":"","overlay-color":"","overlay-opacity":"","overlay-gradient":""},"mobile":{"background-color":"","background-image":"","background-repeat":"repeat","background-position":"center center","background-size":"auto","background-attachment":"scroll","background-type":"","background-media":"","overlay-type":"","overlay-color":"","overlay-opacity":"","overlay-gradient":""}},"ast-content-background-meta":{"desktop":{"background-color":"var(--ast-global-color-5)","background-image":"","background-repeat":"repeat","background-position":"center center","background-size":"auto","background-attachment":"scroll","background-type":"","background-media":"","overlay-type":"","overlay-color":"","overlay-opacity":"","overlay-gradient":""},"tablet":{"background-color":"var(--ast-global-color-5)","background-image":"","background-repeat":"repeat","background-position":"center center","background-size":"auto","background-attachment":"scroll","background-type":"","background-media":"","overlay-type":"","overlay-color":"","overlay-opacity":"","overlay-gradient":""},"mobile":{"background-color":"var(--ast-global-color-5)","background-image":"","background-repeat":"repeat","background-position":"center center","background-size":"auto","background-attachment":"scroll","background-type":"","background-media":"","overlay-type":"","overlay-color":"","overlay-opacity":"","overlay-gradient":""}}},"product_cat":[44,47],"product_tag":[34],"class_list":{"0":"post-1135","1":"product","2":"type-product","3":"status-publish","4":"has-post-thumbnail","6":"product_cat-herbaty","7":"product_cat-owocowe-herbaty","8":"product_tag-etykieta-eko","9":"desktop-align-center","10":"tablet-align-left","11":"mobile-align-left","13":"first","14":"onbackorder","15":"purchasable","16":"product-type-simple"},"_links":{"self":[{"href":"https:\/\/los-odpowiedzialni-spolecznie.pl\/en\/wp-json\/wp\/v2\/product\/1135","targetHints":{"allow":["GET"]}}],"collection":[{"href":"https:\/\/los-odpowiedzialni-spolecznie.pl\/en\/wp-json\/wp\/v2\/product"}],"about":[{"href":"https:\/\/los-odpowiedzialni-spolecznie.pl\/en\/wp-json\/wp\/v2\/types\/product"}],"wp:featuredmedia":[{"embeddable":true,"href":"https:\/\/los-odpowiedzialni-spolecznie.pl\/en\/wp-json\/wp\/v2\/media\/1185"}],"wp:attachment":[{"href":"https:\/\/los-odpowiedzialni-spolecznie.pl\/en\/wp-json\/wp\/v2\/media?parent=1135"}],"wp:term":[{"taxonomy":"product_cat","embeddable":true,"href":"https:\/\/los-odpowiedzialni-spolecznie.pl\/en\/wp-json\/wp\/v2\/product_cat?post=1135"},{"taxonomy":"product_tag","embeddable":true,"href":"https:\/\/los-odpowiedzialni-spolecznie.pl\/en\/wp-json\/wp\/v2\/product_tag?post=1135"}],"curies":[{"name":"wp","href":"https:\/\/api.w.org\/{rel}","templated":true}]}}