{"id":1134,"date":"2024-12-23T16:10:30","date_gmt":"2024-12-23T15:10:30","guid":{"rendered":"https:\/\/los-odpowiedzialni-spolecznie.pl\/?post_type=product&#038;p=1134"},"modified":"2024-12-23T16:11:48","modified_gmt":"2024-12-23T15:11:48","slug":"herbatka-bomba-witaminowa-eko-100g","status":"publish","type":"product","link":"https:\/\/los-odpowiedzialni-spolecznie.pl\/en\/sklep\/produkty-spozywcze\/herbaty\/owocowe-herbaty\/herbatka-bomba-witaminowa-eko-100g\/","title":{"rendered":"Herbatka Bomba witaminowa EKO 100g"},"content":{"rendered":"<h3>Opis Produktu<\/h3>\n<p class=\"name\"><strong>Herbatka Bomba witaminowa EKO 100g<\/strong><\/p>\n<p><strong>Herbatka Bomba witaminowa EKO sk\u0142ada si\u0119 z wysokiej jako\u015bci sk\u0142adnik\u00f3w pochodz\u0105cych z ekologicznych upraw. Zawiera m.in. suszone owoce jag\u00f3d goji, kwiatu lipy, aloesu oraz sk\u00f3rki cytryny. Dzi\u0119ki nim ma nie tylko \u015bwietny smak, ale tak\u017ce dostarcza organizmowi wielu cennych witamin i minera\u0142\u00f3w.<\/strong><\/p>\n<p><strong>Herbatka ta doskonale sprawdzi si\u0119 jako zdrowa i pyszna alternatywa dla kawy czy herbaty czarnej. Mo\u017ce by\u0107 r\u00f3wnie\u017c \u015bwietnym sposobem na urozmaicenie codziennej diety i zwi\u0119kszenie spo\u017cycia witamin.<\/strong><\/p>\n<p><strong>Zalecamy picie tej herbaty nie tylko dla poprawy samopoczucia i dodatku energii, ale tak\u017ce dla wzmocnienia odporno\u015bci organizmu. Wzbogacona o antyoksydanty i sk\u0142adniki od\u017cywcze, pomo\u017ce Ci zachowa\u0107 zdrowie i dobre samopoczucie przez ca\u0142y rok.<\/strong><\/p>\n<p><strong>Wypr\u00f3buj Herbatk\u0119 Bomb\u0119 witaminow\u0105 EKO ju\u017c dzi\u015b i rozkoszuj si\u0119 jej wspania\u0142ym smakiem oraz korzystnym wp\u0142ywem na Twoje zdrowie i kondycj\u0119!<\/strong><\/p>\n<h3 class=\"tab-title\">Dodatkowe informacje<\/h3>\n<div class=\"resetcss\">\n<p><strong>Sk\u0142adniki:\u00a0<\/strong>r\u00f3\u017ca owoc* 22%, jab\u0142ko owoc* 10%, tarnina owoc*, berberys owoc*, bez czarny owoc*, jarz\u0119bina owoc*, porzeczka czarna owoc*, g\u0142\u00f3g owoc*, hibiskus kwiat*, malina owoc*, bor\u00f3wka wysoka owoc*, r\u00f3\u017ca p\u0142atki*. *produkt rolnictwa ekologicznego<\/p>\n<p><strong>Spos\u00f3b u\u017cycia:\u00a0<\/strong>jedn\u0105 \u0142y\u017ceczk\u0119 herbatki zala\u0107 szklank\u0105 wrz\u0105tku i pozostawi\u0107 pod przykryciem do zaparzenia na oko\u0142o 10-15 minut. Pi\u0107 1-2 razy dziennie<\/p>\n<p><strong>Masa netto:\u00a0<\/strong>100 g<\/p>\n<p><strong>Warunki przechowywania:\u00a0<\/strong>przechowywa\u0107 w suchym miejscu.<\/p>\n<p><strong>Kod EAN:\u00a0<\/strong>5903246869934<\/p>\n<\/div>","protected":false},"excerpt":{"rendered":"<p>Opis Produktu Herbatka Bomba witaminowa EKO 100g Herbatka Bomba witaminowa EKO sk\u0142ada si\u0119 z wysokiej jako\u015bci sk\u0142adnik\u00f3w pochodz\u0105cych z ekologicznych upraw. Zawiera m.in. suszone owoce jag\u00f3d goji, kwiatu lipy, aloesu oraz sk\u00f3rki cytryny. Dzi\u0119ki nim ma nie tylko \u015bwietny smak, ale tak\u017ce dostarcza organizmowi wielu cennych witamin i minera\u0142\u00f3w. Herbatka ta doskonale sprawdzi si\u0119 jako [&hellip;]<\/p>","protected":false},"featured_media":1184,"template":"","meta":{"site-sidebar-layout":"default","site-content-layout":"","ast-site-content-layout":"default","site-content-style":"default","site-sidebar-style":"default","ast-global-header-display":"","ast-banner-title-visibility":"","ast-main-header-display":"","ast-hfb-above-header-display":"","ast-hfb-below-header-display":"","ast-hfb-mobile-header-display":"","site-post-title":"","ast-breadcrumbs-content":"","ast-featured-img":"","footer-sml-layout":"","theme-transparent-header-meta":"default","adv-header-id-meta":"","stick-header-meta":"","header-above-stick-meta":"","header-main-stick-meta":"","header-below-stick-meta":"","astra-migrate-meta-layouts":"set","ast-page-background-enabled":"default","ast-page-background-meta":{"desktop":{"background-color":"var(--ast-global-color-4)","background-image":"","background-repeat":"repeat","background-position":"center center","background-size":"auto","background-attachment":"scroll","background-type":"","background-media":"","overlay-type":"","overlay-color":"","overlay-opacity":"","overlay-gradient":""},"tablet":{"background-color":"","background-image":"","background-repeat":"repeat","background-position":"center center","background-size":"auto","background-attachment":"scroll","background-type":"","background-media":"","overlay-type":"","overlay-color":"","overlay-opacity":"","overlay-gradient":""},"mobile":{"background-color":"","background-image":"","background-repeat":"repeat","background-position":"center center","background-size":"auto","background-attachment":"scroll","background-type":"","background-media":"","overlay-type":"","overlay-color":"","overlay-opacity":"","overlay-gradient":""}},"ast-content-background-meta":{"desktop":{"background-color":"var(--ast-global-color-5)","background-image":"","background-repeat":"repeat","background-position":"center center","background-size":"auto","background-attachment":"scroll","background-type":"","background-media":"","overlay-type":"","overlay-color":"","overlay-opacity":"","overlay-gradient":""},"tablet":{"background-color":"var(--ast-global-color-5)","background-image":"","background-repeat":"repeat","background-position":"center center","background-size":"auto","background-attachment":"scroll","background-type":"","background-media":"","overlay-type":"","overlay-color":"","overlay-opacity":"","overlay-gradient":""},"mobile":{"background-color":"var(--ast-global-color-5)","background-image":"","background-repeat":"repeat","background-position":"center center","background-size":"auto","background-attachment":"scroll","background-type":"","background-media":"","overlay-type":"","overlay-color":"","overlay-opacity":"","overlay-gradient":""}}},"product_cat":[44,47,52],"product_tag":[34],"class_list":{"0":"post-1134","1":"product","2":"type-product","3":"status-publish","4":"has-post-thumbnail","6":"product_cat-herbaty","7":"product_cat-owocowe-herbaty","8":"product_cat-sypane","9":"product_tag-etykieta-eko","10":"desktop-align-center","11":"tablet-align-left","12":"mobile-align-left","14":"first","15":"instock","16":"purchasable","17":"product-type-simple"},"_links":{"self":[{"href":"https:\/\/los-odpowiedzialni-spolecznie.pl\/en\/wp-json\/wp\/v2\/product\/1134","targetHints":{"allow":["GET"]}}],"collection":[{"href":"https:\/\/los-odpowiedzialni-spolecznie.pl\/en\/wp-json\/wp\/v2\/product"}],"about":[{"href":"https:\/\/los-odpowiedzialni-spolecznie.pl\/en\/wp-json\/wp\/v2\/types\/product"}],"wp:featuredmedia":[{"embeddable":true,"href":"https:\/\/los-odpowiedzialni-spolecznie.pl\/en\/wp-json\/wp\/v2\/media\/1184"}],"wp:attachment":[{"href":"https:\/\/los-odpowiedzialni-spolecznie.pl\/en\/wp-json\/wp\/v2\/media?parent=1134"}],"wp:term":[{"taxonomy":"product_cat","embeddable":true,"href":"https:\/\/los-odpowiedzialni-spolecznie.pl\/en\/wp-json\/wp\/v2\/product_cat?post=1134"},{"taxonomy":"product_tag","embeddable":true,"href":"https:\/\/los-odpowiedzialni-spolecznie.pl\/en\/wp-json\/wp\/v2\/product_tag?post=1134"}],"curies":[{"name":"wp","href":"https:\/\/api.w.org\/{rel}","templated":true}]}}