{"id":1133,"date":"2024-12-23T16:10:30","date_gmt":"2024-12-23T15:10:30","guid":{"rendered":"https:\/\/los-odpowiedzialni-spolecznie.pl\/?post_type=product&#038;p=1133"},"modified":"2024-12-23T16:11:45","modified_gmt":"2024-12-23T15:11:45","slug":"herbatka-rozana-eko-100g","status":"publish","type":"product","link":"https:\/\/los-odpowiedzialni-spolecznie.pl\/en\/sklep\/produkty-spozywcze\/herbaty\/owocowe-herbaty\/herbatka-rozana-eko-100g\/","title":{"rendered":"Herbatka R\u00f3\u017cana EKO 100g"},"content":{"rendered":"<h3>Opis Produktu<\/h3>\n<p class=\"name\"><strong>Herbatka R\u00f3\u017cana EKO 100g<\/strong><\/p>\n<p><strong>Herbatka r\u00f3\u017cana EKO to organiczna herbata, kt\u00f3ra zosta\u0142a z\u0142o\u017cona z starannie wyselekcjonowanych sk\u0142adnik\u00f3w, charakteryzuj\u0105cych si\u0119 wysok\u0105 jako\u015bci\u0105 i naturalnym pochodzeniem. Jej delikatny aromat r\u00f3\u017canych p\u0142atk\u00f3w idealnie komponuje si\u0119 z owocowymi nutami, tworz\u0105c wyj\u0105tkow\u0105 i niepowtarzaln\u0105 kompozycj\u0119 smakow\u0105.<\/strong><\/p>\n<p><strong>Dzi\u0119ki zawarto\u015bci r\u00f3\u017canych p\u0142atk\u00f3w, herbata ta ma r\u00f3wnie\u017c w\u0142a\u015bciwo\u015bci korzystne dla zdrowia. R\u00f3\u017ce s\u0105 bowiem bogate w cenne substancje od\u017cywcze i przeciwutleniacze, kt\u00f3re wspieraj\u0105 odporno\u015b\u0107 organizmu i poprawiaj\u0105 og\u00f3lny stan zdrowia.<\/strong><\/p>\n<p><strong>Herbatka r\u00f3\u017cana EKO to doskona\u0142y wyb\u00f3r dla wszystkich mi\u0142o\u015bnik\u00f3w naturalnych i zdrowych napoj\u00f3w. Jej delikatny smak i aromat sprawi\u0105, \u017ce ka\u017cdy kubek tej herbaty b\u0119dzie prawdziw\u0105 przyjemno\u015bci\u0105 dla podniebienia i zmys\u0142\u00f3w. Spr\u00f3buj jej ju\u017c dzi\u015b i przekonaj si\u0119, jak wiele rado\u015bci mo\u017ce dostarczy\u0107 codzienny ritua\u0142 picia herbaty.<\/strong><\/p>\n<p>&nbsp;<\/p>\n<h3 class=\"tab-title\">Dodatkowe informacje<\/h3>\n<div class=\"resetcss\">\n<p><strong>Sk\u0142adniki:\u00a0<\/strong>owoc r\u00f3\u017cy* 92%, kwiat hibiskusa* 5%, p\u0142atki r\u00f3\u017cy* 3%.*produkt rolnictwa ekologicznego<\/p>\n<p><strong>Spos\u00f3b u\u017cycia:\u00a0<\/strong>jedn\u0105 \u0142y\u017ceczk\u0119 zala\u0107 szklank\u0105 wrz\u0105tku i pozostawi\u0107 pod przykryciem do zaparzenia na oko\u0142o 10-15 minut. Pi\u0107 1-2 razy dziennie.<\/p>\n<p><strong>Masa netto:\u00a0<\/strong>100 g<\/p>\n<p><strong>Warunki przechowywania:\u00a0<\/strong>przechowywa\u0107 w suchym miejscu.<\/p>\n<p><strong>Kod EAN:\u00a0<\/strong>5902741000330<\/p>\n<\/div>","protected":false},"excerpt":{"rendered":"<p>Opis Produktu Herbatka R\u00f3\u017cana EKO 100g Herbatka r\u00f3\u017cana EKO to organiczna herbata, kt\u00f3ra zosta\u0142a z\u0142o\u017cona z starannie wyselekcjonowanych sk\u0142adnik\u00f3w, charakteryzuj\u0105cych si\u0119 wysok\u0105 jako\u015bci\u0105 i naturalnym pochodzeniem. Jej delikatny aromat r\u00f3\u017canych p\u0142atk\u00f3w idealnie komponuje si\u0119 z owocowymi nutami, tworz\u0105c wyj\u0105tkow\u0105 i niepowtarzaln\u0105 kompozycj\u0119 smakow\u0105. Dzi\u0119ki zawarto\u015bci r\u00f3\u017canych p\u0142atk\u00f3w, herbata ta ma r\u00f3wnie\u017c w\u0142a\u015bciwo\u015bci korzystne dla zdrowia. [&hellip;]<\/p>","protected":false},"featured_media":1183,"template":"","meta":{"site-sidebar-layout":"default","site-content-layout":"","ast-site-content-layout":"default","site-content-style":"default","site-sidebar-style":"default","ast-global-header-display":"","ast-banner-title-visibility":"","ast-main-header-display":"","ast-hfb-above-header-display":"","ast-hfb-below-header-display":"","ast-hfb-mobile-header-display":"","site-post-title":"","ast-breadcrumbs-content":"","ast-featured-img":"","footer-sml-layout":"","theme-transparent-header-meta":"default","adv-header-id-meta":"","stick-header-meta":"","header-above-stick-meta":"","header-main-stick-meta":"","header-below-stick-meta":"","astra-migrate-meta-layouts":"set","ast-page-background-enabled":"default","ast-page-background-meta":{"desktop":{"background-color":"var(--ast-global-color-4)","background-image":"","background-repeat":"repeat","background-position":"center center","background-size":"auto","background-attachment":"scroll","background-type":"","background-media":"","overlay-type":"","overlay-color":"","overlay-opacity":"","overlay-gradient":""},"tablet":{"background-color":"","background-image":"","background-repeat":"repeat","background-position":"center center","background-size":"auto","background-attachment":"scroll","background-type":"","background-media":"","overlay-type":"","overlay-color":"","overlay-opacity":"","overlay-gradient":""},"mobile":{"background-color":"","background-image":"","background-repeat":"repeat","background-position":"center center","background-size":"auto","background-attachment":"scroll","background-type":"","background-media":"","overlay-type":"","overlay-color":"","overlay-opacity":"","overlay-gradient":""}},"ast-content-background-meta":{"desktop":{"background-color":"var(--ast-global-color-5)","background-image":"","background-repeat":"repeat","background-position":"center center","background-size":"auto","background-attachment":"scroll","background-type":"","background-media":"","overlay-type":"","overlay-color":"","overlay-opacity":"","overlay-gradient":""},"tablet":{"background-color":"var(--ast-global-color-5)","background-image":"","background-repeat":"repeat","background-position":"center center","background-size":"auto","background-attachment":"scroll","background-type":"","background-media":"","overlay-type":"","overlay-color":"","overlay-opacity":"","overlay-gradient":""},"mobile":{"background-color":"var(--ast-global-color-5)","background-image":"","background-repeat":"repeat","background-position":"center center","background-size":"auto","background-attachment":"scroll","background-type":"","background-media":"","overlay-type":"","overlay-color":"","overlay-opacity":"","overlay-gradient":""}}},"product_cat":[44,47,88],"product_tag":[34],"class_list":{"0":"post-1133","1":"product","2":"type-product","3":"status-publish","4":"has-post-thumbnail","6":"product_cat-herbaty","7":"product_cat-owocowe-herbaty","8":"product_cat-czerwone","9":"product_tag-etykieta-eko","10":"desktop-align-center","11":"tablet-align-left","12":"mobile-align-left","14":"first","15":"instock","16":"purchasable","17":"product-type-simple"},"_links":{"self":[{"href":"https:\/\/los-odpowiedzialni-spolecznie.pl\/en\/wp-json\/wp\/v2\/product\/1133","targetHints":{"allow":["GET"]}}],"collection":[{"href":"https:\/\/los-odpowiedzialni-spolecznie.pl\/en\/wp-json\/wp\/v2\/product"}],"about":[{"href":"https:\/\/los-odpowiedzialni-spolecznie.pl\/en\/wp-json\/wp\/v2\/types\/product"}],"wp:featuredmedia":[{"embeddable":true,"href":"https:\/\/los-odpowiedzialni-spolecznie.pl\/en\/wp-json\/wp\/v2\/media\/1183"}],"wp:attachment":[{"href":"https:\/\/los-odpowiedzialni-spolecznie.pl\/en\/wp-json\/wp\/v2\/media?parent=1133"}],"wp:term":[{"taxonomy":"product_cat","embeddable":true,"href":"https:\/\/los-odpowiedzialni-spolecznie.pl\/en\/wp-json\/wp\/v2\/product_cat?post=1133"},{"taxonomy":"product_tag","embeddable":true,"href":"https:\/\/los-odpowiedzialni-spolecznie.pl\/en\/wp-json\/wp\/v2\/product_tag?post=1133"}],"curies":[{"name":"wp","href":"https:\/\/api.w.org\/{rel}","templated":true}]}}