{"id":1132,"date":"2024-12-23T16:10:30","date_gmt":"2024-12-23T15:10:30","guid":{"rendered":"https:\/\/los-odpowiedzialni-spolecznie.pl\/?post_type=product&#038;p=1132"},"modified":"2024-12-23T16:11:43","modified_gmt":"2024-12-23T15:11:43","slug":"jarzebina-owoc-eko-50-g","status":"publish","type":"product","link":"https:\/\/los-odpowiedzialni-spolecznie.pl\/en\/sklep\/produkty-spozywcze\/herbaty\/owocowe-herbaty\/jarzebina-owoc-eko-50-g\/","title":{"rendered":"Jarz\u0119bina owoc EKO 50 g"},"content":{"rendered":"<h3>Opis Produktu<\/h3>\n<p class=\"name\"><strong>Jarz\u0119bina owoc EKO 50 g<\/strong><\/p>\n<p><strong>Owoce jarz\u0119bu s\u0105\u00a0 cenione ze wzgl\u0119du na swoje dzia\u0142anie przeciwwirusowe, przeciwzapalne oraz wzmacniaj\u0105ce uk\u0142ad odporno\u015bciowy. Mog\u0105 pom\u00f3c w walce z infekcjami, przezi\u0119bieniami i gryp\u0105.<\/strong><\/p>\n<p><strong>Ponadto, zawarte w jarz\u0119binie substancje mog\u0105 korzystnie wp\u0142ywa\u0107 na uk\u0142ad trawienny i przyspiesza\u0107 przemian\u0119 materii. Dzi\u0119ki zawarto\u015bci b\u0142onnika maj\u0105 r\u00f3wnie\u017c dzia\u0142anie oczyszczaj\u0105ce na organizm.<\/strong><\/p>\n<p><strong>Dlatego warto rozwa\u017cy\u0107 dodanie owoc\u00f3w jarz\u0119bu do swojej codziennej diety, aby wspom\u00f3c swoje zdrowie i dobre samopoczucie. Mo\u017cna je spo\u017cywa\u0107 na surowo, dodawa\u0107 do musli, porannej owsianki czy jogurtu, a tak\u017ce wykorzysta\u0107 do przygotowania pysznych i zdrowych potraw.<\/strong><\/p>\n<h3 class=\"tab-title\">Dodatkowe informacje<\/h3>\n<div class=\"resetcss\">\n<p><strong>Sk\u0142adniki:\u00a0<\/strong>jarz\u0105b owoc (Sorbus \u2013 fructus)* 100%. *produkt rolnictwa ekologicznego<\/p>\n<p><strong>Spos\u00f3b u\u017cycia:\u00a0<\/strong>jedn\u0105 \u0142y\u017ceczk\u0119 zala\u0107 szklank\u0105 wrz\u0105tku i pozostawi\u0107 pod przykryciem do zaparzenia na oko\u0142o 10-15 minut. Pi\u0107 1-2 razy dziennie.<\/p>\n<p><strong>Masa netto:\u00a0<\/strong>50 g<\/p>\n<p><strong>Warunki przechowywania:\u00a0<\/strong>przechowywa\u0107 w suchym miejscu.<\/p>\n<p><strong>Kod EAN:\u00a0<\/strong>5902741004635<\/p>\n<\/div>","protected":false},"excerpt":{"rendered":"<p>Opis Produktu Jarz\u0119bina owoc EKO 50 g Owoce jarz\u0119bu s\u0105\u00a0 cenione ze wzgl\u0119du na swoje dzia\u0142anie przeciwwirusowe, przeciwzapalne oraz wzmacniaj\u0105ce uk\u0142ad odporno\u015bciowy. Mog\u0105 pom\u00f3c w walce z infekcjami, przezi\u0119bieniami i gryp\u0105. Ponadto, zawarte w jarz\u0119binie substancje mog\u0105 korzystnie wp\u0142ywa\u0107 na uk\u0142ad trawienny i przyspiesza\u0107 przemian\u0119 materii. Dzi\u0119ki zawarto\u015bci b\u0142onnika maj\u0105 r\u00f3wnie\u017c dzia\u0142anie oczyszczaj\u0105ce na organizm. [&hellip;]<\/p>","protected":false},"featured_media":1182,"template":"","meta":{"site-sidebar-layout":"default","site-content-layout":"","ast-site-content-layout":"default","site-content-style":"default","site-sidebar-style":"default","ast-global-header-display":"","ast-banner-title-visibility":"","ast-main-header-display":"","ast-hfb-above-header-display":"","ast-hfb-below-header-display":"","ast-hfb-mobile-header-display":"","site-post-title":"","ast-breadcrumbs-content":"","ast-featured-img":"","footer-sml-layout":"","theme-transparent-header-meta":"default","adv-header-id-meta":"","stick-header-meta":"","header-above-stick-meta":"","header-main-stick-meta":"","header-below-stick-meta":"","astra-migrate-meta-layouts":"set","ast-page-background-enabled":"default","ast-page-background-meta":{"desktop":{"background-color":"var(--ast-global-color-4)","background-image":"","background-repeat":"repeat","background-position":"center center","background-size":"auto","background-attachment":"scroll","background-type":"","background-media":"","overlay-type":"","overlay-color":"","overlay-opacity":"","overlay-gradient":""},"tablet":{"background-color":"","background-image":"","background-repeat":"repeat","background-position":"center center","background-size":"auto","background-attachment":"scroll","background-type":"","background-media":"","overlay-type":"","overlay-color":"","overlay-opacity":"","overlay-gradient":""},"mobile":{"background-color":"","background-image":"","background-repeat":"repeat","background-position":"center center","background-size":"auto","background-attachment":"scroll","background-type":"","background-media":"","overlay-type":"","overlay-color":"","overlay-opacity":"","overlay-gradient":""}},"ast-content-background-meta":{"desktop":{"background-color":"var(--ast-global-color-5)","background-image":"","background-repeat":"repeat","background-position":"center center","background-size":"auto","background-attachment":"scroll","background-type":"","background-media":"","overlay-type":"","overlay-color":"","overlay-opacity":"","overlay-gradient":""},"tablet":{"background-color":"var(--ast-global-color-5)","background-image":"","background-repeat":"repeat","background-position":"center center","background-size":"auto","background-attachment":"scroll","background-type":"","background-media":"","overlay-type":"","overlay-color":"","overlay-opacity":"","overlay-gradient":""},"mobile":{"background-color":"var(--ast-global-color-5)","background-image":"","background-repeat":"repeat","background-position":"center center","background-size":"auto","background-attachment":"scroll","background-type":"","background-media":"","overlay-type":"","overlay-color":"","overlay-opacity":"","overlay-gradient":""}}},"product_cat":[44,47,52],"product_tag":[34],"class_list":{"0":"post-1132","1":"product","2":"type-product","3":"status-publish","4":"has-post-thumbnail","6":"product_cat-herbaty","7":"product_cat-owocowe-herbaty","8":"product_cat-sypane","9":"product_tag-etykieta-eko","10":"desktop-align-center","11":"tablet-align-left","12":"mobile-align-left","14":"first","15":"instock","16":"purchasable","17":"product-type-simple"},"_links":{"self":[{"href":"https:\/\/los-odpowiedzialni-spolecznie.pl\/en\/wp-json\/wp\/v2\/product\/1132","targetHints":{"allow":["GET"]}}],"collection":[{"href":"https:\/\/los-odpowiedzialni-spolecznie.pl\/en\/wp-json\/wp\/v2\/product"}],"about":[{"href":"https:\/\/los-odpowiedzialni-spolecznie.pl\/en\/wp-json\/wp\/v2\/types\/product"}],"wp:featuredmedia":[{"embeddable":true,"href":"https:\/\/los-odpowiedzialni-spolecznie.pl\/en\/wp-json\/wp\/v2\/media\/1182"}],"wp:attachment":[{"href":"https:\/\/los-odpowiedzialni-spolecznie.pl\/en\/wp-json\/wp\/v2\/media?parent=1132"}],"wp:term":[{"taxonomy":"product_cat","embeddable":true,"href":"https:\/\/los-odpowiedzialni-spolecznie.pl\/en\/wp-json\/wp\/v2\/product_cat?post=1132"},{"taxonomy":"product_tag","embeddable":true,"href":"https:\/\/los-odpowiedzialni-spolecznie.pl\/en\/wp-json\/wp\/v2\/product_tag?post=1132"}],"curies":[{"name":"wp","href":"https:\/\/api.w.org\/{rel}","templated":true}]}}