{"id":113,"date":"2024-12-23T15:35:37","date_gmt":"2024-12-23T14:35:37","guid":{"rendered":"https:\/\/los-odpowiedzialni-spolecznie.pl\/?post_type=product&#038;p=113"},"modified":"2024-12-23T15:36:22","modified_gmt":"2024-12-23T14:36:22","slug":"kawa-czarna-mielona-z-chaga-eko-200g-dary-natury","status":"publish","type":"product","link":"https:\/\/los-odpowiedzialni-spolecznie.pl\/en\/sklep\/produkty-spozywcze\/kawy-2\/mielone\/kawa-czarna-mielona-z-chaga-eko-200g-dary-natury\/","title":{"rendered":"Kawa Czarna mielona z Chag\u0105 EKO 200g &#8211; Dary Natury"},"content":{"rendered":"<h3>Opis Produktu<\/h3>\n<p class=\"title\"><strong>Kawa Czarna mielona z Chag\u0105\u00a0EKO 200 g<\/strong><\/p>\n<p class=\"f-display-2 md:pr-40 lg:pr-44\">Wy\u015bmienite po\u0142\u0105czenie chagi, nazywanej tak\u017ce guzem brzozowym lub hub\u0105, z najwy\u017cszej jako\u015bci klasyczn\u0105 kaw\u0105. Delikatniejsza i bardziej kremowa w smaku stanowi \u0142agodniejsz\u0105 alternatyw\u0119 dla jednorodnej kawy.<\/p>\n<div class=\"item\">\n<div class=\"attr-name\">\n<div><strong>Sk\u0142adniki:<\/strong><\/div>\n<\/div>\n<div class=\"attr-value\">\n<p>kawa czarna* 70%, chaga* 30%.<br \/>\n*produkt rolnictwa ekologicznego<\/p>\n<div class=\"clear\"><strong>\u00a0Spos\u00f3b u\u017cycia:<\/strong><\/div>\n<\/div>\n<\/div>\n<div class=\"item\">\n<div class=\"attr-value\">\n<p>1 \u2013 2 \u0142y\u017ceczki kawy zala\u0107 gor\u0105c\u0105 wod\u0105. Mo\u017cna doda\u0107 do smaku \u015bmietanki, mleka lub cukru.<\/p>\n<div class=\"clear\"><strong>\u00a0Opakowanie:<\/strong><\/div>\n<\/div>\n<\/div>\n<div class=\"item\">\n<div class=\"attr-name\">\n<div>200 g (tuba)<\/div>\n<div><\/div>\n<div>\n<div class=\"tab-title\"><strong>Dodatkowe informacje<\/strong><\/div>\n<div class=\"resetcss\">\n<p>kawa sypana<\/p>\n<\/div>\n<\/div>\n<\/div>\n<\/div>","protected":false},"excerpt":{"rendered":"<p>Opis Produktu Kawa Czarna mielona z Chag\u0105\u00a0EKO 200 g Wy\u015bmienite po\u0142\u0105czenie chagi, nazywanej tak\u017ce guzem brzozowym lub hub\u0105, z najwy\u017cszej jako\u015bci klasyczn\u0105 kaw\u0105. Delikatniejsza i bardziej kremowa w smaku stanowi \u0142agodniejsz\u0105 alternatyw\u0119 dla jednorodnej kawy. Sk\u0142adniki: kawa czarna* 70%, chaga* 30%. *produkt rolnictwa ekologicznego \u00a0Spos\u00f3b u\u017cycia: 1 \u2013 2 \u0142y\u017ceczki kawy zala\u0107 gor\u0105c\u0105 wod\u0105. Mo\u017cna [&hellip;]<\/p>","protected":false},"featured_media":148,"template":"","meta":{"site-sidebar-layout":"default","site-content-layout":"","ast-site-content-layout":"default","site-content-style":"default","site-sidebar-style":"default","ast-global-header-display":"","ast-banner-title-visibility":"","ast-main-header-display":"","ast-hfb-above-header-display":"","ast-hfb-below-header-display":"","ast-hfb-mobile-header-display":"","site-post-title":"","ast-breadcrumbs-content":"","ast-featured-img":"","footer-sml-layout":"","theme-transparent-header-meta":"default","adv-header-id-meta":"","stick-header-meta":"","header-above-stick-meta":"","header-main-stick-meta":"","header-below-stick-meta":"","astra-migrate-meta-layouts":"set","ast-page-background-enabled":"default","ast-page-background-meta":{"desktop":{"background-color":"var(--ast-global-color-4)","background-image":"","background-repeat":"repeat","background-position":"center center","background-size":"auto","background-attachment":"scroll","background-type":"","background-media":"","overlay-type":"","overlay-color":"","overlay-opacity":"","overlay-gradient":""},"tablet":{"background-color":"","background-image":"","background-repeat":"repeat","background-position":"center center","background-size":"auto","background-attachment":"scroll","background-type":"","background-media":"","overlay-type":"","overlay-color":"","overlay-opacity":"","overlay-gradient":""},"mobile":{"background-color":"","background-image":"","background-repeat":"repeat","background-position":"center center","background-size":"auto","background-attachment":"scroll","background-type":"","background-media":"","overlay-type":"","overlay-color":"","overlay-opacity":"","overlay-gradient":""}},"ast-content-background-meta":{"desktop":{"background-color":"var(--ast-global-color-5)","background-image":"","background-repeat":"repeat","background-position":"center center","background-size":"auto","background-attachment":"scroll","background-type":"","background-media":"","overlay-type":"","overlay-color":"","overlay-opacity":"","overlay-gradient":""},"tablet":{"background-color":"var(--ast-global-color-5)","background-image":"","background-repeat":"repeat","background-position":"center center","background-size":"auto","background-attachment":"scroll","background-type":"","background-media":"","overlay-type":"","overlay-color":"","overlay-opacity":"","overlay-gradient":""},"mobile":{"background-color":"var(--ast-global-color-5)","background-image":"","background-repeat":"repeat","background-position":"center center","background-size":"auto","background-attachment":"scroll","background-type":"","background-media":"","overlay-type":"","overlay-color":"","overlay-opacity":"","overlay-gradient":""}}},"product_cat":[40,42],"product_tag":[34],"class_list":{"0":"post-113","1":"product","2":"type-product","3":"status-publish","4":"has-post-thumbnail","6":"product_cat-kawy-2","7":"product_cat-mielone","8":"product_tag-etykieta-eko","9":"desktop-align-center","10":"tablet-align-left","11":"mobile-align-left","13":"first","14":"onbackorder","15":"purchasable","16":"product-type-simple"},"_links":{"self":[{"href":"https:\/\/los-odpowiedzialni-spolecznie.pl\/en\/wp-json\/wp\/v2\/product\/113","targetHints":{"allow":["GET"]}}],"collection":[{"href":"https:\/\/los-odpowiedzialni-spolecznie.pl\/en\/wp-json\/wp\/v2\/product"}],"about":[{"href":"https:\/\/los-odpowiedzialni-spolecznie.pl\/en\/wp-json\/wp\/v2\/types\/product"}],"wp:featuredmedia":[{"embeddable":true,"href":"https:\/\/los-odpowiedzialni-spolecznie.pl\/en\/wp-json\/wp\/v2\/media\/148"}],"wp:attachment":[{"href":"https:\/\/los-odpowiedzialni-spolecznie.pl\/en\/wp-json\/wp\/v2\/media?parent=113"}],"wp:term":[{"taxonomy":"product_cat","embeddable":true,"href":"https:\/\/los-odpowiedzialni-spolecznie.pl\/en\/wp-json\/wp\/v2\/product_cat?post=113"},{"taxonomy":"product_tag","embeddable":true,"href":"https:\/\/los-odpowiedzialni-spolecznie.pl\/en\/wp-json\/wp\/v2\/product_tag?post=113"}],"curies":[{"name":"wp","href":"https:\/\/api.w.org\/{rel}","templated":true}]}}