{"id":1124,"date":"2024-12-23T16:10:06","date_gmt":"2024-12-23T15:10:06","guid":{"rendered":"https:\/\/los-odpowiedzialni-spolecznie.pl\/?post_type=product&#038;p=1124"},"modified":"2024-12-23T16:11:40","modified_gmt":"2024-12-23T15:11:40","slug":"roza-owoc-50-g-dary-natury","status":"publish","type":"product","link":"https:\/\/los-odpowiedzialni-spolecznie.pl\/en\/sklep\/produkty-spozywcze\/herbaty\/owocowe-herbaty\/roza-owoc-50-g-dary-natury\/","title":{"rendered":"R\u00f3\u017ca owoc 50 g &#8211; Dary Natury"},"content":{"rendered":"<h3>Opis Produktu<\/h3>\n<p class=\"name\"><strong>R\u00f3\u017ca owoc 50 g &#8211; Dary Natury<\/strong><\/p>\n<p>Owoce r\u00f3\u017cy zawieraj\u0105 du\u017c\u0105 ilo\u015b\u0107 przeciwutleniaczy, kt\u00f3re pomagaj\u0105 w walce z wolnymi rodnikami, zapobiegaj\u0105 starzeniu si\u0119 sk\u00f3ry oraz wspomagaj\u0105 proces regeneracji kom\u00f3rek.<\/p>\n<p>Owoce r\u00f3\u017cy s\u0105 r\u00f3wnie\u017c bogate w b\u0142onnik, kt\u00f3ry reguluje prac\u0119 jelit i zapobiega zaparciom. Zawieraj\u0105 r\u00f3wnie\u017c kwasy organiczne, kt\u00f3re maj\u0105 dzia\u0142anie moczop\u0119dne i pomagaj\u0105 oczy\u015bci\u0107 organizm z toksyn.<\/p>\n<p>Mo\u017cna spo\u017cywa\u0107 owoce r\u00f3\u017cy na wiele sposob\u00f3w &#8211; mo\u017cna je je\u015b\u0107 na surowo, dodawa\u0107 do herbaty, sok\u00f3w, kompot\u00f3w czy d\u017cem\u00f3w. Wa\u017cne jest jednak pami\u0119tanie o higienie owoc\u00f3w oraz o tym, \u017ceby nie spo\u017cywa\u0107 ich w nadmiarze, poniewa\u017c mog\u0105 wywo\u0142a\u0107 biegunk\u0119. Warto wi\u0119c stosowa\u0107 umiar w ich spo\u017cywaniu, aby czerpa\u0107 korzy\u015bci zdrowotne bez ryzyka dla organizmu.<\/p>\n<div id=\"box_description\" class=\"tab-wrap\">\n<div class=\"resetcss\">\n<p><strong>Sk\u0142adniki:<\/strong><br \/>\nr\u00f3\u017ca dzika owoc (<em>Rosa canina &#8211; fructus<\/em>) 100%.<\/p>\n<p><strong>Spos\u00f3b u\u017cycia:<\/strong><br \/>\nJedn\u0105 \u0142y\u017ceczk\u0119 zala\u0107 szklank\u0105 wrz\u0105tku i pozostawi\u0107 pod przykryciem do zaparzenia na oko\u0142o 10-15 minut. Pi\u0107 1-2 razy dziennie.<\/p>\n<p><strong>Masa netto:<\/strong><br \/>\n50 g<\/p>\n<p><strong>Warunki przechowywania:<\/strong><br \/>\nPrzechowywa\u0107 w suchym miejscu.<\/p>\n<\/div>\n<\/div>\n<div id=\"boxdetails\" class=\"tab-wrap\">\n<div class=\"tab-title\"><strong>Dodatkowe informacje<\/strong><\/div>\n<div class=\"resetcss\">\n<p>herbatka sypana<\/p>\n<\/div>\n<\/div>","protected":false},"excerpt":{"rendered":"<p>Opis Produktu R\u00f3\u017ca owoc 50 g &#8211; Dary Natury Owoce r\u00f3\u017cy zawieraj\u0105 du\u017c\u0105 ilo\u015b\u0107 przeciwutleniaczy, kt\u00f3re pomagaj\u0105 w walce z wolnymi rodnikami, zapobiegaj\u0105 starzeniu si\u0119 sk\u00f3ry oraz wspomagaj\u0105 proces regeneracji kom\u00f3rek. Owoce r\u00f3\u017cy s\u0105 r\u00f3wnie\u017c bogate w b\u0142onnik, kt\u00f3ry reguluje prac\u0119 jelit i zapobiega zaparciom. Zawieraj\u0105 r\u00f3wnie\u017c kwasy organiczne, kt\u00f3re maj\u0105 dzia\u0142anie moczop\u0119dne i pomagaj\u0105 [&hellip;]<\/p>","protected":false},"featured_media":1181,"template":"","meta":{"site-sidebar-layout":"default","site-content-layout":"","ast-site-content-layout":"default","site-content-style":"default","site-sidebar-style":"default","ast-global-header-display":"","ast-banner-title-visibility":"","ast-main-header-display":"","ast-hfb-above-header-display":"","ast-hfb-below-header-display":"","ast-hfb-mobile-header-display":"","site-post-title":"","ast-breadcrumbs-content":"","ast-featured-img":"","footer-sml-layout":"","theme-transparent-header-meta":"default","adv-header-id-meta":"","stick-header-meta":"","header-above-stick-meta":"","header-main-stick-meta":"","header-below-stick-meta":"","astra-migrate-meta-layouts":"set","ast-page-background-enabled":"default","ast-page-background-meta":{"desktop":{"background-color":"var(--ast-global-color-4)","background-image":"","background-repeat":"repeat","background-position":"center center","background-size":"auto","background-attachment":"scroll","background-type":"","background-media":"","overlay-type":"","overlay-color":"","overlay-opacity":"","overlay-gradient":""},"tablet":{"background-color":"","background-image":"","background-repeat":"repeat","background-position":"center center","background-size":"auto","background-attachment":"scroll","background-type":"","background-media":"","overlay-type":"","overlay-color":"","overlay-opacity":"","overlay-gradient":""},"mobile":{"background-color":"","background-image":"","background-repeat":"repeat","background-position":"center center","background-size":"auto","background-attachment":"scroll","background-type":"","background-media":"","overlay-type":"","overlay-color":"","overlay-opacity":"","overlay-gradient":""}},"ast-content-background-meta":{"desktop":{"background-color":"var(--ast-global-color-5)","background-image":"","background-repeat":"repeat","background-position":"center center","background-size":"auto","background-attachment":"scroll","background-type":"","background-media":"","overlay-type":"","overlay-color":"","overlay-opacity":"","overlay-gradient":""},"tablet":{"background-color":"var(--ast-global-color-5)","background-image":"","background-repeat":"repeat","background-position":"center center","background-size":"auto","background-attachment":"scroll","background-type":"","background-media":"","overlay-type":"","overlay-color":"","overlay-opacity":"","overlay-gradient":""},"mobile":{"background-color":"var(--ast-global-color-5)","background-image":"","background-repeat":"repeat","background-position":"center center","background-size":"auto","background-attachment":"scroll","background-type":"","background-media":"","overlay-type":"","overlay-color":"","overlay-opacity":"","overlay-gradient":""}}},"product_cat":[44,47],"product_tag":[34],"class_list":{"0":"post-1124","1":"product","2":"type-product","3":"status-publish","4":"has-post-thumbnail","6":"product_cat-herbaty","7":"product_cat-owocowe-herbaty","8":"product_tag-etykieta-eko","9":"desktop-align-center","10":"tablet-align-left","11":"mobile-align-left","13":"first","14":"instock","15":"purchasable","16":"product-type-simple"},"_links":{"self":[{"href":"https:\/\/los-odpowiedzialni-spolecznie.pl\/en\/wp-json\/wp\/v2\/product\/1124","targetHints":{"allow":["GET"]}}],"collection":[{"href":"https:\/\/los-odpowiedzialni-spolecznie.pl\/en\/wp-json\/wp\/v2\/product"}],"about":[{"href":"https:\/\/los-odpowiedzialni-spolecznie.pl\/en\/wp-json\/wp\/v2\/types\/product"}],"wp:featuredmedia":[{"embeddable":true,"href":"https:\/\/los-odpowiedzialni-spolecznie.pl\/en\/wp-json\/wp\/v2\/media\/1181"}],"wp:attachment":[{"href":"https:\/\/los-odpowiedzialni-spolecznie.pl\/en\/wp-json\/wp\/v2\/media?parent=1124"}],"wp:term":[{"taxonomy":"product_cat","embeddable":true,"href":"https:\/\/los-odpowiedzialni-spolecznie.pl\/en\/wp-json\/wp\/v2\/product_cat?post=1124"},{"taxonomy":"product_tag","embeddable":true,"href":"https:\/\/los-odpowiedzialni-spolecznie.pl\/en\/wp-json\/wp\/v2\/product_tag?post=1124"}],"curies":[{"name":"wp","href":"https:\/\/api.w.org\/{rel}","templated":true}]}}