{"id":1123,"date":"2024-12-23T16:10:05","date_gmt":"2024-12-23T15:10:05","guid":{"rendered":"https:\/\/los-odpowiedzialni-spolecznie.pl\/?post_type=product&#038;p=1123"},"modified":"2024-12-23T16:11:36","modified_gmt":"2024-12-23T15:11:36","slug":"herbatka-malinowo-rozana-eko-100-g","status":"publish","type":"product","link":"https:\/\/los-odpowiedzialni-spolecznie.pl\/en\/sklep\/produkty-spozywcze\/herbaty\/owocowe-herbaty\/herbatka-malinowo-rozana-eko-100-g\/","title":{"rendered":"Herbatka Malinowo &#8211; R\u00f3\u017cana EKO 100 g"},"content":{"rendered":"<h3>Opis Produktu<\/h3>\n<p class=\"name\"><strong>Herbatka Malinowo &#8211; R\u00f3\u017cana EKO 100 g<\/strong><\/p>\n<p><strong>Owoce malin s\u0105 bogate w witamin\u0119 C i antyoksydanty, kt\u00f3re wspieraj\u0105 nasz system odporno\u015bciowy oraz pomagaj\u0105 w walce z wolnymi rodnikami. R\u00f3\u017ca natomiast ma w\u0142a\u015bciwo\u015bci antybakteryjne i przeciwwirusowe, wspomagaj\u0105c nasze naturalne mechanizmy obronne. Bor\u00f3wki, znane ze swojego wysokiego poziomu antocyjan\u00f3w, mog\u0105 pom\u00f3c w poprawie widzenia oraz zdrowiu uk\u0142adu sercowo-naczyniowego. Sk\u00f3rka cytryny dodaje herbatce od\u015bwie\u017caj\u0105cego smaku i poprawia trawienie.<\/strong><\/p>\n<p><strong>Herbatka owocowa jest doskona\u0142\u0105 alternatyw\u0105 dla herbaty czarnej czy kawy, poniewa\u017c nie zawiera kofeiny ani dodatku cukru. Mo\u017cna j\u0105 pi\u0107 bez ogranicze\u0144 i w dowolnej ilo\u015bci, ciesz\u0105c si\u0119 bogactwem naturalnych sk\u0142adnik\u00f3w od\u017cywczych. Jest idealna na ch\u0142odniejsze dni, gdy chcemy si\u0119 rozgrza\u0107 i zrelaksowa\u0107, lub w upalne dni, gdy szukamy orze\u017awienia.<\/strong><\/p>\n<p><strong>Warto si\u0119ga\u0107 po herbatki owocowe o wysokiej jako\u015bci sk\u0142adnikach, takich jak te ekologiczne, aby mie\u0107 pewno\u015b\u0107, \u017ce pijemy nap\u00f3j zdrowy i wolny od szkodliwych substancji chemicznych. Po\u0142\u0105czenie malin, r\u00f3\u017cy, bor\u00f3wek i sk\u00f3rki cytryny to nie tylko wyj\u0105tkowy smak, ale r\u00f3wnie\u017c prawdziwa bomba witaminowa dla naszego organizmu. Spr\u00f3buj tej intensywnie owocowej herbatki i poczuj si\u0119 lepiej na ka\u017cdym kroku!<\/strong><\/p>\n<h3 class=\"tab-title\">Dodatkowe informacje<\/h3>\n<div class=\"resetcss\">\n<p><strong>Sk\u0142adniki:\u00a0<\/strong>malina owoc* 30%, r\u00f3\u017ca owoc* 29%,bor\u00f3wka wysoka owoc*, jab\u0142ko owoc*, cytryna sk\u00f3rka*, burak \u0107wik\u0142owy*. *produkt rolnictwa ekologicznego<\/p>\n<p><strong>Spos\u00f3b u\u017cycia:\u00a0<\/strong>jedn\u0105 \u0142y\u017ceczk\u0119 herbatki zala\u0107 szklank\u0105 wrz\u0105tku i pozostawi\u0107 pod przykryciem do zaparzenia na oko\u0142o 10-15 minut. Pi\u0107 1-2 razy dziennie<\/p>\n<p><strong>Masa netto:\u00a0<\/strong>100 g<\/p>\n<p><strong>Warunki przechowywania:\u00a0<\/strong>przechowywa\u0107 w suchym miejscu.<\/p>\n<p><strong>Kod EAN:\u00a0<\/strong>5902741009722<\/p>\n<\/div>","protected":false},"excerpt":{"rendered":"<p>Opis Produktu Herbatka Malinowo &#8211; R\u00f3\u017cana EKO 100 g Owoce malin s\u0105 bogate w witamin\u0119 C i antyoksydanty, kt\u00f3re wspieraj\u0105 nasz system odporno\u015bciowy oraz pomagaj\u0105 w walce z wolnymi rodnikami. R\u00f3\u017ca natomiast ma w\u0142a\u015bciwo\u015bci antybakteryjne i przeciwwirusowe, wspomagaj\u0105c nasze naturalne mechanizmy obronne. Bor\u00f3wki, znane ze swojego wysokiego poziomu antocyjan\u00f3w, mog\u0105 pom\u00f3c w poprawie widzenia oraz [&hellip;]<\/p>","protected":false},"featured_media":1172,"template":"","meta":{"site-sidebar-layout":"default","site-content-layout":"","ast-site-content-layout":"default","site-content-style":"default","site-sidebar-style":"default","ast-global-header-display":"","ast-banner-title-visibility":"","ast-main-header-display":"","ast-hfb-above-header-display":"","ast-hfb-below-header-display":"","ast-hfb-mobile-header-display":"","site-post-title":"","ast-breadcrumbs-content":"","ast-featured-img":"","footer-sml-layout":"","theme-transparent-header-meta":"default","adv-header-id-meta":"","stick-header-meta":"","header-above-stick-meta":"","header-main-stick-meta":"","header-below-stick-meta":"","astra-migrate-meta-layouts":"set","ast-page-background-enabled":"default","ast-page-background-meta":{"desktop":{"background-color":"var(--ast-global-color-4)","background-image":"","background-repeat":"repeat","background-position":"center center","background-size":"auto","background-attachment":"scroll","background-type":"","background-media":"","overlay-type":"","overlay-color":"","overlay-opacity":"","overlay-gradient":""},"tablet":{"background-color":"","background-image":"","background-repeat":"repeat","background-position":"center center","background-size":"auto","background-attachment":"scroll","background-type":"","background-media":"","overlay-type":"","overlay-color":"","overlay-opacity":"","overlay-gradient":""},"mobile":{"background-color":"","background-image":"","background-repeat":"repeat","background-position":"center center","background-size":"auto","background-attachment":"scroll","background-type":"","background-media":"","overlay-type":"","overlay-color":"","overlay-opacity":"","overlay-gradient":""}},"ast-content-background-meta":{"desktop":{"background-color":"var(--ast-global-color-5)","background-image":"","background-repeat":"repeat","background-position":"center center","background-size":"auto","background-attachment":"scroll","background-type":"","background-media":"","overlay-type":"","overlay-color":"","overlay-opacity":"","overlay-gradient":""},"tablet":{"background-color":"var(--ast-global-color-5)","background-image":"","background-repeat":"repeat","background-position":"center center","background-size":"auto","background-attachment":"scroll","background-type":"","background-media":"","overlay-type":"","overlay-color":"","overlay-opacity":"","overlay-gradient":""},"mobile":{"background-color":"var(--ast-global-color-5)","background-image":"","background-repeat":"repeat","background-position":"center center","background-size":"auto","background-attachment":"scroll","background-type":"","background-media":"","overlay-type":"","overlay-color":"","overlay-opacity":"","overlay-gradient":""}}},"product_cat":[44,47],"product_tag":[34],"class_list":{"0":"post-1123","1":"product","2":"type-product","3":"status-publish","4":"has-post-thumbnail","6":"product_cat-herbaty","7":"product_cat-owocowe-herbaty","8":"product_tag-etykieta-eko","9":"desktop-align-center","10":"tablet-align-left","11":"mobile-align-left","13":"first","14":"instock","15":"purchasable","16":"product-type-simple"},"_links":{"self":[{"href":"https:\/\/los-odpowiedzialni-spolecznie.pl\/en\/wp-json\/wp\/v2\/product\/1123","targetHints":{"allow":["GET"]}}],"collection":[{"href":"https:\/\/los-odpowiedzialni-spolecznie.pl\/en\/wp-json\/wp\/v2\/product"}],"about":[{"href":"https:\/\/los-odpowiedzialni-spolecznie.pl\/en\/wp-json\/wp\/v2\/types\/product"}],"wp:featuredmedia":[{"embeddable":true,"href":"https:\/\/los-odpowiedzialni-spolecznie.pl\/en\/wp-json\/wp\/v2\/media\/1172"}],"wp:attachment":[{"href":"https:\/\/los-odpowiedzialni-spolecznie.pl\/en\/wp-json\/wp\/v2\/media?parent=1123"}],"wp:term":[{"taxonomy":"product_cat","embeddable":true,"href":"https:\/\/los-odpowiedzialni-spolecznie.pl\/en\/wp-json\/wp\/v2\/product_cat?post=1123"},{"taxonomy":"product_tag","embeddable":true,"href":"https:\/\/los-odpowiedzialni-spolecznie.pl\/en\/wp-json\/wp\/v2\/product_tag?post=1123"}],"curies":[{"name":"wp","href":"https:\/\/api.w.org\/{rel}","templated":true}]}}