{"id":1121,"date":"2024-12-23T16:10:05","date_gmt":"2024-12-23T15:10:05","guid":{"rendered":"https:\/\/los-odpowiedzialni-spolecznie.pl\/?post_type=product&#038;p=1121"},"modified":"2024-12-23T16:11:31","modified_gmt":"2024-12-23T15:11:31","slug":"wrotycz-balsamiczny-ziele-50-g-dary-natury","status":"publish","type":"product","link":"https:\/\/los-odpowiedzialni-spolecznie.pl\/en\/sklep\/produkty-spozywcze\/herbaty\/ziolowe\/wrotycz-balsamiczny-ziele-50-g-dary-natury\/","title":{"rendered":"Wrotycz balsamiczny ziele 50 g &#8211; Dary Natury"},"content":{"rendered":"<h3>Opis Produktu<\/h3>\n<h4 class=\"name\"><strong>Wrotycz balsamiczny ziele 50 g &#8211; Dary Natury<\/strong><\/h4>\n<p>Wrotycz balsamiczny jest wykorzystywany w medycynie naturalnej do leczenia dolegliwo\u015bci uk\u0142adu trawiennego, szczeg\u00f3lnie przy problemach z trawieniem i gazami. Mo\u017ce by\u0107 stosowany r\u00f3wnie\u017c do \u0142agodzenia b\u00f3l\u00f3w reumatycznych i mi\u0119\u015bniowych poprzez masa\u017c z u\u017cyciem olejku eterycznego.<\/p>\n<p>Wrotycz balsamiczny mo\u017ce by\u0107 stosowany jako dodatek do potraw, dodaj\u0105c im charakterystycznego aromatu i lekko pikantnego smaku. Mo\u017ce by\u0107 r\u00f3wnie\u017c wykorzystywany do przygotowywania napar\u00f3w zio\u0142owych, kt\u00f3re wspieraj\u0105 trawienie, wzmacniaj\u0105 organizm i poprawiaj\u0105 kondycj\u0119 sk\u00f3ry.<\/p>\n<p><strong>Sk\u0142adniki:<\/strong><br \/>\nwrotycz balsamiczny ziele (<em>Tanacetum balsamita &#8211; herba<\/em>) 100%.<\/p>\n<p><strong>Spos\u00f3b u\u017cycia:<\/strong><br \/>\nJedn\u0105 \u0142y\u017ceczk\u0119 zala\u0107 szklank\u0105 wrz\u0105tku i pozostawi\u0107 pod przykryciem do zaparzenia na oko\u0142o 10-15 minut. Pi\u0107 1-2 razy dziennie.<\/p>\n<p><strong>Masa netto:<\/strong><br \/>\n50 g<\/p>\n<p><strong>Warunki przechowywania:<\/strong><br \/>\nPrzechowywa\u0107 w suchym miejscu.<\/p>\n<div class=\"tab-title\"><strong>Dodatkowe informacje<\/strong><\/div>\n<div class=\"resetcss\">\n<p>herbatka sypana<\/p>\n<\/div>","protected":false},"excerpt":{"rendered":"<p>Opis Produktu Wrotycz balsamiczny ziele 50 g &#8211; Dary Natury Wrotycz balsamiczny jest wykorzystywany w medycynie naturalnej do leczenia dolegliwo\u015bci uk\u0142adu trawiennego, szczeg\u00f3lnie przy problemach z trawieniem i gazami. Mo\u017ce by\u0107 stosowany r\u00f3wnie\u017c do \u0142agodzenia b\u00f3l\u00f3w reumatycznych i mi\u0119\u015bniowych poprzez masa\u017c z u\u017cyciem olejku eterycznego. Wrotycz balsamiczny mo\u017ce by\u0107 stosowany jako dodatek do potraw, dodaj\u0105c [&hellip;]<\/p>","protected":false},"featured_media":1170,"template":"","meta":{"site-sidebar-layout":"default","site-content-layout":"","ast-site-content-layout":"default","site-content-style":"default","site-sidebar-style":"default","ast-global-header-display":"","ast-banner-title-visibility":"","ast-main-header-display":"","ast-hfb-above-header-display":"","ast-hfb-below-header-display":"","ast-hfb-mobile-header-display":"","site-post-title":"","ast-breadcrumbs-content":"","ast-featured-img":"","footer-sml-layout":"","theme-transparent-header-meta":"default","adv-header-id-meta":"","stick-header-meta":"","header-above-stick-meta":"","header-main-stick-meta":"","header-below-stick-meta":"","astra-migrate-meta-layouts":"set","ast-page-background-enabled":"default","ast-page-background-meta":{"desktop":{"background-color":"var(--ast-global-color-4)","background-image":"","background-repeat":"repeat","background-position":"center center","background-size":"auto","background-attachment":"scroll","background-type":"","background-media":"","overlay-type":"","overlay-color":"","overlay-opacity":"","overlay-gradient":""},"tablet":{"background-color":"","background-image":"","background-repeat":"repeat","background-position":"center center","background-size":"auto","background-attachment":"scroll","background-type":"","background-media":"","overlay-type":"","overlay-color":"","overlay-opacity":"","overlay-gradient":""},"mobile":{"background-color":"","background-image":"","background-repeat":"repeat","background-position":"center center","background-size":"auto","background-attachment":"scroll","background-type":"","background-media":"","overlay-type":"","overlay-color":"","overlay-opacity":"","overlay-gradient":""}},"ast-content-background-meta":{"desktop":{"background-color":"var(--ast-global-color-5)","background-image":"","background-repeat":"repeat","background-position":"center center","background-size":"auto","background-attachment":"scroll","background-type":"","background-media":"","overlay-type":"","overlay-color":"","overlay-opacity":"","overlay-gradient":""},"tablet":{"background-color":"var(--ast-global-color-5)","background-image":"","background-repeat":"repeat","background-position":"center center","background-size":"auto","background-attachment":"scroll","background-type":"","background-media":"","overlay-type":"","overlay-color":"","overlay-opacity":"","overlay-gradient":""},"mobile":{"background-color":"var(--ast-global-color-5)","background-image":"","background-repeat":"repeat","background-position":"center center","background-size":"auto","background-attachment":"scroll","background-type":"","background-media":"","overlay-type":"","overlay-color":"","overlay-opacity":"","overlay-gradient":""}}},"product_cat":[46],"product_tag":[34],"class_list":{"0":"post-1121","1":"product","2":"type-product","3":"status-publish","4":"has-post-thumbnail","6":"product_cat-ziolowe","7":"product_tag-etykieta-eko","8":"desktop-align-center","9":"tablet-align-left","10":"mobile-align-left","12":"first","13":"instock","14":"purchasable","15":"product-type-simple"},"_links":{"self":[{"href":"https:\/\/los-odpowiedzialni-spolecznie.pl\/en\/wp-json\/wp\/v2\/product\/1121","targetHints":{"allow":["GET"]}}],"collection":[{"href":"https:\/\/los-odpowiedzialni-spolecznie.pl\/en\/wp-json\/wp\/v2\/product"}],"about":[{"href":"https:\/\/los-odpowiedzialni-spolecznie.pl\/en\/wp-json\/wp\/v2\/types\/product"}],"wp:featuredmedia":[{"embeddable":true,"href":"https:\/\/los-odpowiedzialni-spolecznie.pl\/en\/wp-json\/wp\/v2\/media\/1170"}],"wp:attachment":[{"href":"https:\/\/los-odpowiedzialni-spolecznie.pl\/en\/wp-json\/wp\/v2\/media?parent=1121"}],"wp:term":[{"taxonomy":"product_cat","embeddable":true,"href":"https:\/\/los-odpowiedzialni-spolecznie.pl\/en\/wp-json\/wp\/v2\/product_cat?post=1121"},{"taxonomy":"product_tag","embeddable":true,"href":"https:\/\/los-odpowiedzialni-spolecznie.pl\/en\/wp-json\/wp\/v2\/product_tag?post=1121"}],"curies":[{"name":"wp","href":"https:\/\/api.w.org\/{rel}","templated":true}]}}