{"id":1120,"date":"2024-12-23T16:10:05","date_gmt":"2024-12-23T15:10:05","guid":{"rendered":"https:\/\/los-odpowiedzialni-spolecznie.pl\/?post_type=product&#038;p=1120"},"modified":"2024-12-23T16:11:28","modified_gmt":"2024-12-23T15:11:28","slug":"tarnina-owoc-eko-100-g","status":"publish","type":"product","link":"https:\/\/los-odpowiedzialni-spolecznie.pl\/en\/sklep\/produkty-spozywcze\/herbaty\/owocowe-herbaty\/tarnina-owoc-eko-100-g\/","title":{"rendered":"Tarnina owoc EKO 100 g"},"content":{"rendered":"<h3>Opis Produktu<\/h3>\n<p><strong>Tarnina owoc EKO<\/strong><\/p>\n<p><span data-sheets-formula-bar-text-style=\"font-size:16px;color:#000000;font-weight:normal;text-decoration:none;font-family:'docs-Calibri';font-style:normal;text-decoration-skip-ink:none;\">Owoce tarniny reguluj\u0105 procesy trawienne i dzia\u0142aj\u0105 przeczyszczaj\u0105co. Stanowi\u0105 cz\u0119sty sk\u0142adnik tradycyjnych nalewek, syrop\u00f3w i konfitur. Charakteryzuj\u0105 si\u0119 przyjemnym, intensywnym aromatem i lekko cierpkim smakiem.<\/span><\/p>\n<p><strong>Sk\u0142adniki:<\/strong><br \/>\n\u015bliwa tarnina owoc (<em>Prunus spinosa &#8211; fructus<\/em>)* 100%.*produkt rolnictwa ekologicznego<\/p>\n<p><strong>Spos\u00f3b u\u017cycia:<\/strong><br \/>\nJedn\u0105 \u0142y\u017ceczk\u0119 zala\u0107 szklank\u0105 wrz\u0105tku i pozostawi\u0107 pod przykryciem do zaparzenia na oko\u0142o 10-15 minut. Pi\u0107 1-2 razy dziennie.<\/p>\n<h3>Dodatkowe informacje<\/h3>\n<p><strong>Masa netto:<\/strong><br \/>\n100 g<\/p>\n<p><strong>Warunki przechowywania:<\/strong><br \/>\nPrzechowywa\u0107 w suchym miejscu.<\/p>\n<p>Herbatka sypana<\/p>","protected":false},"excerpt":{"rendered":"<p>Opis Produktu Tarnina owoc EKO Owoce tarniny reguluj\u0105 procesy trawienne i dzia\u0142aj\u0105 przeczyszczaj\u0105co. Stanowi\u0105 cz\u0119sty sk\u0142adnik tradycyjnych nalewek, syrop\u00f3w i konfitur. Charakteryzuj\u0105 si\u0119 przyjemnym, intensywnym aromatem i lekko cierpkim smakiem. Sk\u0142adniki: \u015bliwa tarnina owoc (Prunus spinosa &#8211; fructus)* 100%.*produkt rolnictwa ekologicznego Spos\u00f3b u\u017cycia: Jedn\u0105 \u0142y\u017ceczk\u0119 zala\u0107 szklank\u0105 wrz\u0105tku i pozostawi\u0107 pod przykryciem do zaparzenia na [&hellip;]<\/p>","protected":false},"featured_media":1169,"template":"","meta":{"site-sidebar-layout":"default","site-content-layout":"","ast-site-content-layout":"default","site-content-style":"default","site-sidebar-style":"default","ast-global-header-display":"","ast-banner-title-visibility":"","ast-main-header-display":"","ast-hfb-above-header-display":"","ast-hfb-below-header-display":"","ast-hfb-mobile-header-display":"","site-post-title":"","ast-breadcrumbs-content":"","ast-featured-img":"","footer-sml-layout":"","theme-transparent-header-meta":"default","adv-header-id-meta":"","stick-header-meta":"","header-above-stick-meta":"","header-main-stick-meta":"","header-below-stick-meta":"","astra-migrate-meta-layouts":"set","ast-page-background-enabled":"default","ast-page-background-meta":{"desktop":{"background-color":"var(--ast-global-color-4)","background-image":"","background-repeat":"repeat","background-position":"center center","background-size":"auto","background-attachment":"scroll","background-type":"","background-media":"","overlay-type":"","overlay-color":"","overlay-opacity":"","overlay-gradient":""},"tablet":{"background-color":"","background-image":"","background-repeat":"repeat","background-position":"center center","background-size":"auto","background-attachment":"scroll","background-type":"","background-media":"","overlay-type":"","overlay-color":"","overlay-opacity":"","overlay-gradient":""},"mobile":{"background-color":"","background-image":"","background-repeat":"repeat","background-position":"center center","background-size":"auto","background-attachment":"scroll","background-type":"","background-media":"","overlay-type":"","overlay-color":"","overlay-opacity":"","overlay-gradient":""}},"ast-content-background-meta":{"desktop":{"background-color":"var(--ast-global-color-5)","background-image":"","background-repeat":"repeat","background-position":"center center","background-size":"auto","background-attachment":"scroll","background-type":"","background-media":"","overlay-type":"","overlay-color":"","overlay-opacity":"","overlay-gradient":""},"tablet":{"background-color":"var(--ast-global-color-5)","background-image":"","background-repeat":"repeat","background-position":"center center","background-size":"auto","background-attachment":"scroll","background-type":"","background-media":"","overlay-type":"","overlay-color":"","overlay-opacity":"","overlay-gradient":""},"mobile":{"background-color":"var(--ast-global-color-5)","background-image":"","background-repeat":"repeat","background-position":"center center","background-size":"auto","background-attachment":"scroll","background-type":"","background-media":"","overlay-type":"","overlay-color":"","overlay-opacity":"","overlay-gradient":""}}},"product_cat":[44,47,52],"product_tag":[34],"class_list":{"0":"post-1120","1":"product","2":"type-product","3":"status-publish","4":"has-post-thumbnail","6":"product_cat-herbaty","7":"product_cat-owocowe-herbaty","8":"product_cat-sypane","9":"product_tag-etykieta-eko","10":"desktop-align-center","11":"tablet-align-left","12":"mobile-align-left","14":"first","15":"instock","16":"purchasable","17":"product-type-simple"},"_links":{"self":[{"href":"https:\/\/los-odpowiedzialni-spolecznie.pl\/en\/wp-json\/wp\/v2\/product\/1120","targetHints":{"allow":["GET"]}}],"collection":[{"href":"https:\/\/los-odpowiedzialni-spolecznie.pl\/en\/wp-json\/wp\/v2\/product"}],"about":[{"href":"https:\/\/los-odpowiedzialni-spolecznie.pl\/en\/wp-json\/wp\/v2\/types\/product"}],"wp:featuredmedia":[{"embeddable":true,"href":"https:\/\/los-odpowiedzialni-spolecznie.pl\/en\/wp-json\/wp\/v2\/media\/1169"}],"wp:attachment":[{"href":"https:\/\/los-odpowiedzialni-spolecznie.pl\/en\/wp-json\/wp\/v2\/media?parent=1120"}],"wp:term":[{"taxonomy":"product_cat","embeddable":true,"href":"https:\/\/los-odpowiedzialni-spolecznie.pl\/en\/wp-json\/wp\/v2\/product_cat?post=1120"},{"taxonomy":"product_tag","embeddable":true,"href":"https:\/\/los-odpowiedzialni-spolecznie.pl\/en\/wp-json\/wp\/v2\/product_tag?post=1120"}],"curies":[{"name":"wp","href":"https:\/\/api.w.org\/{rel}","templated":true}]}}