{"id":112,"date":"2024-12-23T15:35:37","date_gmt":"2024-12-23T14:35:37","guid":{"rendered":"https:\/\/los-odpowiedzialni-spolecznie.pl\/?post_type=product&#038;p=112"},"modified":"2024-12-23T15:36:22","modified_gmt":"2024-12-23T14:36:22","slug":"kawa-z-nasion-konopi-eko-200g-dary-natury","status":"publish","type":"product","link":"https:\/\/los-odpowiedzialni-spolecznie.pl\/en\/sklep\/produkty-spozywcze\/kawy-2\/mielone\/kawa-z-nasion-konopi-eko-200g-dary-natury\/","title":{"rendered":"Kawa z Nasion Konopi EKO 200g &#8211; Dary Natury"},"content":{"rendered":"<h3>Opis Produktu<\/h3>\n<p class=\"title\"><strong>Kawa z Nasion Konopi\u00a0EKO 200 g<\/strong><\/p>\n<p class=\"f-display-2 md:pr-40 lg:pr-44\">Ekologiczna kawa z pra\u017conych nasion konopi siewnych charakteryzuje si\u0119 delikatnym, zio\u0142owo-orzechowym smakiem i herbacian\u0105 barw\u0105. Polecana jest do picia w ci\u0105gu dnia w formie gor\u0105cego lub zimnego napoju, z dodatkiem ro\u015blinnego mleka lub w klasycznej formie.<\/p>\n<p><strong>Sk\u0142adniki:<\/strong><\/p>\n<p>pra\u017cone nasiona konopi* 98%,\u00a0 go\u017adziki*, cynamon*, kardamon*, imbir*.<br \/>\n*produkt rolnictwa ekologicznego<\/p>\n<div class=\"attr-name\">\n<div><strong>Opakowanie:<\/strong><\/div>\n<\/div>\n<div class=\"attr-value\">\n<p>200 g\u00a0 (tuba)<\/p>\n<div class=\"tab-title\"><strong>Dodatkowe informacje<\/strong><\/div>\n<div class=\"resetcss\">\n<p>kawa zio\u0142owa sypana<\/p>\n<\/div>\n<\/div>","protected":false},"excerpt":{"rendered":"<p>Opis Produktu Kawa z Nasion Konopi\u00a0EKO 200 g Ekologiczna kawa z pra\u017conych nasion konopi siewnych charakteryzuje si\u0119 delikatnym, zio\u0142owo-orzechowym smakiem i herbacian\u0105 barw\u0105. Polecana jest do picia w ci\u0105gu dnia w formie gor\u0105cego lub zimnego napoju, z dodatkiem ro\u015blinnego mleka lub w klasycznej formie. Sk\u0142adniki: pra\u017cone nasiona konopi* 98%,\u00a0 go\u017adziki*, cynamon*, kardamon*, imbir*. *produkt rolnictwa [&hellip;]<\/p>","protected":false},"featured_media":147,"template":"","meta":{"site-sidebar-layout":"default","site-content-layout":"","ast-site-content-layout":"default","site-content-style":"default","site-sidebar-style":"default","ast-global-header-display":"","ast-banner-title-visibility":"","ast-main-header-display":"","ast-hfb-above-header-display":"","ast-hfb-below-header-display":"","ast-hfb-mobile-header-display":"","site-post-title":"","ast-breadcrumbs-content":"","ast-featured-img":"","footer-sml-layout":"","theme-transparent-header-meta":"default","adv-header-id-meta":"","stick-header-meta":"","header-above-stick-meta":"","header-main-stick-meta":"","header-below-stick-meta":"","astra-migrate-meta-layouts":"set","ast-page-background-enabled":"default","ast-page-background-meta":{"desktop":{"background-color":"var(--ast-global-color-4)","background-image":"","background-repeat":"repeat","background-position":"center center","background-size":"auto","background-attachment":"scroll","background-type":"","background-media":"","overlay-type":"","overlay-color":"","overlay-opacity":"","overlay-gradient":""},"tablet":{"background-color":"","background-image":"","background-repeat":"repeat","background-position":"center center","background-size":"auto","background-attachment":"scroll","background-type":"","background-media":"","overlay-type":"","overlay-color":"","overlay-opacity":"","overlay-gradient":""},"mobile":{"background-color":"","background-image":"","background-repeat":"repeat","background-position":"center center","background-size":"auto","background-attachment":"scroll","background-type":"","background-media":"","overlay-type":"","overlay-color":"","overlay-opacity":"","overlay-gradient":""}},"ast-content-background-meta":{"desktop":{"background-color":"var(--ast-global-color-5)","background-image":"","background-repeat":"repeat","background-position":"center center","background-size":"auto","background-attachment":"scroll","background-type":"","background-media":"","overlay-type":"","overlay-color":"","overlay-opacity":"","overlay-gradient":""},"tablet":{"background-color":"var(--ast-global-color-5)","background-image":"","background-repeat":"repeat","background-position":"center center","background-size":"auto","background-attachment":"scroll","background-type":"","background-media":"","overlay-type":"","overlay-color":"","overlay-opacity":"","overlay-gradient":""},"mobile":{"background-color":"var(--ast-global-color-5)","background-image":"","background-repeat":"repeat","background-position":"center center","background-size":"auto","background-attachment":"scroll","background-type":"","background-media":"","overlay-type":"","overlay-color":"","overlay-opacity":"","overlay-gradient":""}}},"product_cat":[40,42],"product_tag":[34],"class_list":{"0":"post-112","1":"product","2":"type-product","3":"status-publish","4":"has-post-thumbnail","6":"product_cat-kawy-2","7":"product_cat-mielone","8":"product_tag-etykieta-eko","9":"desktop-align-center","10":"tablet-align-left","11":"mobile-align-left","13":"first","14":"instock","15":"purchasable","16":"product-type-simple"},"_links":{"self":[{"href":"https:\/\/los-odpowiedzialni-spolecznie.pl\/en\/wp-json\/wp\/v2\/product\/112","targetHints":{"allow":["GET"]}}],"collection":[{"href":"https:\/\/los-odpowiedzialni-spolecznie.pl\/en\/wp-json\/wp\/v2\/product"}],"about":[{"href":"https:\/\/los-odpowiedzialni-spolecznie.pl\/en\/wp-json\/wp\/v2\/types\/product"}],"wp:featuredmedia":[{"embeddable":true,"href":"https:\/\/los-odpowiedzialni-spolecznie.pl\/en\/wp-json\/wp\/v2\/media\/147"}],"wp:attachment":[{"href":"https:\/\/los-odpowiedzialni-spolecznie.pl\/en\/wp-json\/wp\/v2\/media?parent=112"}],"wp:term":[{"taxonomy":"product_cat","embeddable":true,"href":"https:\/\/los-odpowiedzialni-spolecznie.pl\/en\/wp-json\/wp\/v2\/product_cat?post=112"},{"taxonomy":"product_tag","embeddable":true,"href":"https:\/\/los-odpowiedzialni-spolecznie.pl\/en\/wp-json\/wp\/v2\/product_tag?post=112"}],"curies":[{"name":"wp","href":"https:\/\/api.w.org\/{rel}","templated":true}]}}