{"id":1119,"date":"2024-12-23T16:10:05","date_gmt":"2024-12-23T15:10:05","guid":{"rendered":"https:\/\/los-odpowiedzialni-spolecznie.pl\/?post_type=product&#038;p=1119"},"modified":"2024-12-23T16:11:25","modified_gmt":"2024-12-23T15:11:25","slug":"herbatka-malinowa-kresowa-eko-50g","status":"publish","type":"product","link":"https:\/\/los-odpowiedzialni-spolecznie.pl\/en\/sklep\/produkty-spozywcze\/herbaty\/ziolowe\/herbatka-malinowa-kresowa-eko-50g\/","title":{"rendered":"Herbatka Malinowa kresowa EKO 50g"},"content":{"rendered":"<h3>Opis Produktu<\/h3>\n<div id=\"box_description\" class=\"tab-wrap\">\n<div class=\"resetcss\">\n<p><strong>Herbatka Malinowa kresowa EKO<\/strong><\/p>\n<p>\u0141agodna w smaku, najwy\u017cszej jako\u015bci mieszanka li\u015bci, p\u0119d\u00f3w i owoc\u00f3w malin oraz tarniny. Polecana szczeg\u00f3lnie w sezonie jesienno-zimowym, w formie gor\u0105cego naparu, np. z dodatkiem cytryny i ekologicznego soku lub syropu malinowego Dary Natury.<\/p>\n<\/div>\n<\/div>\n<div id=\"boxdetails\" class=\"tab-wrap\">\n<div class=\"resetcss\">\n<p><strong>Sk\u0142adniki:\u00a0<\/strong>malina li\u015b\u0107*, malina p\u0119d*, malina owoc*, tarnina owoc* (w r\u00f3\u017cnych proporcach).*produkt rolnictwa ekologicznego<\/p>\n<p><strong>Spos\u00f3b u\u017cycia:\u00a0<\/strong>jedn\u0105 \u0142y\u017ceczk\u0119 zala\u0107 szklank\u0105 wrz\u0105tku i pozostawi\u0107 pod przykryciem do zaparzenia na oko\u0142o 10-15 minut. .<\/p>\n<h3>Dodatkowe informacje<\/h3>\n<p><strong>Masa netto:\u00a0<\/strong>50 g<\/p>\n<p><strong>Warunki przechowywania:\u00a0<\/strong>przechowywa\u0107 w suchym miejscu.<\/p>\n<\/div>\n<\/div>","protected":false},"excerpt":{"rendered":"<p>Opis Produktu Herbatka Malinowa kresowa EKO \u0141agodna w smaku, najwy\u017cszej jako\u015bci mieszanka li\u015bci, p\u0119d\u00f3w i owoc\u00f3w malin oraz tarniny. Polecana szczeg\u00f3lnie w sezonie jesienno-zimowym, w formie gor\u0105cego naparu, np. z dodatkiem cytryny i ekologicznego soku lub syropu malinowego Dary Natury. Sk\u0142adniki:\u00a0malina li\u015b\u0107*, malina p\u0119d*, malina owoc*, tarnina owoc* (w r\u00f3\u017cnych proporcach).*produkt rolnictwa ekologicznego Spos\u00f3b u\u017cycia:\u00a0jedn\u0105 [&hellip;]<\/p>","protected":false},"featured_media":1168,"template":"","meta":{"site-sidebar-layout":"default","site-content-layout":"","ast-site-content-layout":"default","site-content-style":"default","site-sidebar-style":"default","ast-global-header-display":"","ast-banner-title-visibility":"","ast-main-header-display":"","ast-hfb-above-header-display":"","ast-hfb-below-header-display":"","ast-hfb-mobile-header-display":"","site-post-title":"","ast-breadcrumbs-content":"","ast-featured-img":"","footer-sml-layout":"","theme-transparent-header-meta":"default","adv-header-id-meta":"","stick-header-meta":"","header-above-stick-meta":"","header-main-stick-meta":"","header-below-stick-meta":"","astra-migrate-meta-layouts":"set","ast-page-background-enabled":"default","ast-page-background-meta":{"desktop":{"background-color":"var(--ast-global-color-4)","background-image":"","background-repeat":"repeat","background-position":"center center","background-size":"auto","background-attachment":"scroll","background-type":"","background-media":"","overlay-type":"","overlay-color":"","overlay-opacity":"","overlay-gradient":""},"tablet":{"background-color":"","background-image":"","background-repeat":"repeat","background-position":"center center","background-size":"auto","background-attachment":"scroll","background-type":"","background-media":"","overlay-type":"","overlay-color":"","overlay-opacity":"","overlay-gradient":""},"mobile":{"background-color":"","background-image":"","background-repeat":"repeat","background-position":"center center","background-size":"auto","background-attachment":"scroll","background-type":"","background-media":"","overlay-type":"","overlay-color":"","overlay-opacity":"","overlay-gradient":""}},"ast-content-background-meta":{"desktop":{"background-color":"var(--ast-global-color-5)","background-image":"","background-repeat":"repeat","background-position":"center center","background-size":"auto","background-attachment":"scroll","background-type":"","background-media":"","overlay-type":"","overlay-color":"","overlay-opacity":"","overlay-gradient":""},"tablet":{"background-color":"var(--ast-global-color-5)","background-image":"","background-repeat":"repeat","background-position":"center center","background-size":"auto","background-attachment":"scroll","background-type":"","background-media":"","overlay-type":"","overlay-color":"","overlay-opacity":"","overlay-gradient":""},"mobile":{"background-color":"var(--ast-global-color-5)","background-image":"","background-repeat":"repeat","background-position":"center center","background-size":"auto","background-attachment":"scroll","background-type":"","background-media":"","overlay-type":"","overlay-color":"","overlay-opacity":"","overlay-gradient":""}}},"product_cat":[44,46,47,52],"product_tag":[34],"class_list":{"0":"post-1119","1":"product","2":"type-product","3":"status-publish","4":"has-post-thumbnail","6":"product_cat-herbaty","7":"product_cat-ziolowe","8":"product_cat-owocowe-herbaty","9":"product_cat-sypane","10":"product_tag-etykieta-eko","11":"desktop-align-center","12":"tablet-align-left","13":"mobile-align-left","15":"first","16":"instock","17":"purchasable","18":"product-type-simple"},"_links":{"self":[{"href":"https:\/\/los-odpowiedzialni-spolecznie.pl\/en\/wp-json\/wp\/v2\/product\/1119","targetHints":{"allow":["GET"]}}],"collection":[{"href":"https:\/\/los-odpowiedzialni-spolecznie.pl\/en\/wp-json\/wp\/v2\/product"}],"about":[{"href":"https:\/\/los-odpowiedzialni-spolecznie.pl\/en\/wp-json\/wp\/v2\/types\/product"}],"wp:featuredmedia":[{"embeddable":true,"href":"https:\/\/los-odpowiedzialni-spolecznie.pl\/en\/wp-json\/wp\/v2\/media\/1168"}],"wp:attachment":[{"href":"https:\/\/los-odpowiedzialni-spolecznie.pl\/en\/wp-json\/wp\/v2\/media?parent=1119"}],"wp:term":[{"taxonomy":"product_cat","embeddable":true,"href":"https:\/\/los-odpowiedzialni-spolecznie.pl\/en\/wp-json\/wp\/v2\/product_cat?post=1119"},{"taxonomy":"product_tag","embeddable":true,"href":"https:\/\/los-odpowiedzialni-spolecznie.pl\/en\/wp-json\/wp\/v2\/product_tag?post=1119"}],"curies":[{"name":"wp","href":"https:\/\/api.w.org\/{rel}","templated":true}]}}