{"id":1112,"date":"2024-12-23T16:09:43","date_gmt":"2024-12-23T15:09:43","guid":{"rendered":"https:\/\/los-odpowiedzialni-spolecznie.pl\/?post_type=product&#038;p=1112"},"modified":"2024-12-23T16:11:22","modified_gmt":"2024-12-23T15:11:22","slug":"herbatka-pasozyty-eko-50g","status":"publish","type":"product","link":"https:\/\/los-odpowiedzialni-spolecznie.pl\/en\/sklep\/produkty-spozywcze\/herbaty\/ziolowe\/herbatka-pasozyty-eko-50g\/","title":{"rendered":"Herbatka Paso\u017cyty EKO 50g"},"content":{"rendered":"<h3>Opis Produktu<\/h3>\n<div id=\"box_description\" class=\"tab-wrap\">\n<div class=\"resetcss\">\n<p><strong>Herbatka Paso\u017cyty EKO<\/strong><\/p>\n<p>Przyjemna w smaku herbatka na bazie ekologicznych zi\u00f3\u0142, z dodatkiem cytrus\u00f3w i soku z rzepy. Tymianek dzia\u0142a przeciwzapalnie poprawiaj\u0105c funkcjonowanie \u017co\u0142\u0105dka, oman, krwawnik i chmiel wspieraj\u0105 zdrowie przewodu pokarmowego, a koper dodatkowo wspiera odporno\u015b\u0107 organizmu.<\/p>\n<\/div>\n<\/div>\n<div id=\"boxdetails\" class=\"tab-wrap\">\n<div class=\"tab-title\"><\/div>\n<div class=\"resetcss\">\n<p><strong>Sk\u0142adniki:\u00a0<\/strong>tymianek ziele (Thymus vulgaris)*, oman wielki korze\u0144 (Inula helenium)*, hyzop lekarski ziele (Hyssopus officinalis)*, koper w\u0142oski owoc (Foeniculum vulgare)*, krwawnik ziele (Achillea millefolium)*, suszony mi\u0105\u017csz cytryny z nasionami (Citrus limon)*, suszony mi\u0105\u017csz pomara\u0144czy z nasionami (Citrus sinensis)*, komosa bia\u0142a nasiona (Chenopodium album)*, dzika marchew nasiona (Daucus carota L. subsp. carota)*, chmiel szyszki (Humulus lupulus)*, suszony sok z rzepy (Brassica rapa)*.*produkt rolnictwa ekologicznego<\/p>\n<h3>Dodatkowe informacje<\/h3>\n<p><strong>Spos\u00f3b u\u017cycia:\u00a0<\/strong>Jedn\u0105 czubat\u0105 \u0142y\u017ceczk\u0119 (1,5g) herbatki zala\u0107 szklank\u0105 wrz\u0105tku i pozostawi\u0107 pod przykryciem do zaparzenia na oko\u0142o 10-15 minut. Pi\u0107 2 razy dziennie. Herbatka dla doros\u0142ych, nie stosowa\u0107 w ci\u0105\u017cy i podczas karmienia.<\/p>\n<p><strong>Masa netto:\u00a0<\/strong>50 g<\/p>\n<p><strong>Warunki przechowywania:\u00a0<\/strong>przechowywa\u0107 w suchym miejscu.<\/p>\n<\/div>\n<\/div>","protected":false},"excerpt":{"rendered":"<p>Opis Produktu Herbatka Paso\u017cyty EKO Przyjemna w smaku herbatka na bazie ekologicznych zi\u00f3\u0142, z dodatkiem cytrus\u00f3w i soku z rzepy. Tymianek dzia\u0142a przeciwzapalnie poprawiaj\u0105c funkcjonowanie \u017co\u0142\u0105dka, oman, krwawnik i chmiel wspieraj\u0105 zdrowie przewodu pokarmowego, a koper dodatkowo wspiera odporno\u015b\u0107 organizmu. Sk\u0142adniki:\u00a0tymianek ziele (Thymus vulgaris)*, oman wielki korze\u0144 (Inula helenium)*, hyzop lekarski ziele (Hyssopus officinalis)*, koper [&hellip;]<\/p>","protected":false},"featured_media":1167,"template":"","meta":{"site-sidebar-layout":"default","site-content-layout":"","ast-site-content-layout":"default","site-content-style":"default","site-sidebar-style":"default","ast-global-header-display":"","ast-banner-title-visibility":"","ast-main-header-display":"","ast-hfb-above-header-display":"","ast-hfb-below-header-display":"","ast-hfb-mobile-header-display":"","site-post-title":"","ast-breadcrumbs-content":"","ast-featured-img":"","footer-sml-layout":"","theme-transparent-header-meta":"default","adv-header-id-meta":"","stick-header-meta":"","header-above-stick-meta":"","header-main-stick-meta":"","header-below-stick-meta":"","astra-migrate-meta-layouts":"set","ast-page-background-enabled":"default","ast-page-background-meta":{"desktop":{"background-color":"var(--ast-global-color-4)","background-image":"","background-repeat":"repeat","background-position":"center center","background-size":"auto","background-attachment":"scroll","background-type":"","background-media":"","overlay-type":"","overlay-color":"","overlay-opacity":"","overlay-gradient":""},"tablet":{"background-color":"","background-image":"","background-repeat":"repeat","background-position":"center center","background-size":"auto","background-attachment":"scroll","background-type":"","background-media":"","overlay-type":"","overlay-color":"","overlay-opacity":"","overlay-gradient":""},"mobile":{"background-color":"","background-image":"","background-repeat":"repeat","background-position":"center center","background-size":"auto","background-attachment":"scroll","background-type":"","background-media":"","overlay-type":"","overlay-color":"","overlay-opacity":"","overlay-gradient":""}},"ast-content-background-meta":{"desktop":{"background-color":"var(--ast-global-color-5)","background-image":"","background-repeat":"repeat","background-position":"center center","background-size":"auto","background-attachment":"scroll","background-type":"","background-media":"","overlay-type":"","overlay-color":"","overlay-opacity":"","overlay-gradient":""},"tablet":{"background-color":"var(--ast-global-color-5)","background-image":"","background-repeat":"repeat","background-position":"center center","background-size":"auto","background-attachment":"scroll","background-type":"","background-media":"","overlay-type":"","overlay-color":"","overlay-opacity":"","overlay-gradient":""},"mobile":{"background-color":"var(--ast-global-color-5)","background-image":"","background-repeat":"repeat","background-position":"center center","background-size":"auto","background-attachment":"scroll","background-type":"","background-media":"","overlay-type":"","overlay-color":"","overlay-opacity":"","overlay-gradient":""}}},"product_cat":[44,46,52],"product_tag":[34],"class_list":{"0":"post-1112","1":"product","2":"type-product","3":"status-publish","4":"has-post-thumbnail","6":"product_cat-herbaty","7":"product_cat-ziolowe","8":"product_cat-sypane","9":"product_tag-etykieta-eko","10":"desktop-align-center","11":"tablet-align-left","12":"mobile-align-left","14":"first","15":"instock","16":"purchasable","17":"product-type-simple"},"_links":{"self":[{"href":"https:\/\/los-odpowiedzialni-spolecznie.pl\/en\/wp-json\/wp\/v2\/product\/1112","targetHints":{"allow":["GET"]}}],"collection":[{"href":"https:\/\/los-odpowiedzialni-spolecznie.pl\/en\/wp-json\/wp\/v2\/product"}],"about":[{"href":"https:\/\/los-odpowiedzialni-spolecznie.pl\/en\/wp-json\/wp\/v2\/types\/product"}],"wp:featuredmedia":[{"embeddable":true,"href":"https:\/\/los-odpowiedzialni-spolecznie.pl\/en\/wp-json\/wp\/v2\/media\/1167"}],"wp:attachment":[{"href":"https:\/\/los-odpowiedzialni-spolecznie.pl\/en\/wp-json\/wp\/v2\/media?parent=1112"}],"wp:term":[{"taxonomy":"product_cat","embeddable":true,"href":"https:\/\/los-odpowiedzialni-spolecznie.pl\/en\/wp-json\/wp\/v2\/product_cat?post=1112"},{"taxonomy":"product_tag","embeddable":true,"href":"https:\/\/los-odpowiedzialni-spolecznie.pl\/en\/wp-json\/wp\/v2\/product_tag?post=1112"}],"curies":[{"name":"wp","href":"https:\/\/api.w.org\/{rel}","templated":true}]}}