{"id":110,"date":"2024-12-23T15:35:37","date_gmt":"2024-12-23T14:35:37","guid":{"rendered":"https:\/\/los-odpowiedzialni-spolecznie.pl\/?post_type=product&#038;p=110"},"modified":"2024-12-23T15:36:18","modified_gmt":"2024-12-23T14:36:18","slug":"kawa-arabica-fair-trade-bezkofeinowa-250-g-mount-hagen","status":"publish","type":"product","link":"https:\/\/los-odpowiedzialni-spolecznie.pl\/en\/sklep\/produkty-spozywcze\/kawy-2\/mielone\/kawa-arabica-fair-trade-bezkofeinowa-250-g-mount-hagen\/","title":{"rendered":"Kawa Arabica Fair Trade Bezkofeinowa 250 G &#8211; Mount Hagen"},"content":{"rendered":"<h3>Opis Produktu<\/h3>\n<p class=\"f-display-2 md:pr-40 lg:pr-44\"><strong>Kawa mielona arabica palona bezkofeinowa fair trade BIO 250 g &#8211; MOUNT HAGEN<\/strong><\/p>\n<p class=\"f-display-2 md:pr-40 lg:pr-44\">Kawa pozyskiwana zgodnie z zasadami Fair Trade. Doskonale skomponowana mieszanka kaw o niezwyk\u0142ym aromacie i intensywnym body. Idealnie nadaje si\u0119 do przygotowania w kawiarce, dripperze, frenchpressie oraz ekspresie. Kawa nie zawiera kofeiny, dzi\u0119ki czemu mo\u017ce by\u0107 spo\u017cywana przed snem lub w ci\u0105gu dnia jako druga lub trzecia fili\u017canka. Mimo braku substancji pobudzaj\u0105cej, kawa ma intensywny smak i zapach. Jest to mieszanka kaw z Peru, Papui Nowej Gwinei oraz z Hondurasu. Kawa z Peru posiada intensywny aromat miodowy i smak cytrus\u00f3w, g\u0142\u00f3wnie mo\u017cna wyczu\u0107 nut\u0119 mandarynki. Kawa z Hondurasu charakteryzuje si\u0119 mocnym smakiem pozbawionym kwasowo\u015bci, ma wyczuwalne nuty kokosa i cytrus\u00f3w. Kawa z Papui Nowej Gwinei ma wyczuwalne nuty miodowe, klonowe i orzechowe. Do dekofeinizacji u\u017cywana jest woda.<\/p>\n<p><strong>SK\u0141ADNIKI<\/strong><br \/>\nkawa palona mielona\u00a0bezkofeinowa (100%)* (*certyfikowany sk\u0142adnik ekologiczny).<\/p>\n<p><strong>MASA NETTO:\u00a0<\/strong>250g<\/p>\n<p><strong>ZALECANE WARUNKI PRZECHOWYWANIA<\/strong><br \/>\nPrzechowywa\u0107 w suchym i ch\u0142odnym miejscu.<\/p>","protected":false},"excerpt":{"rendered":"<p>Opis Produktu Kawa mielona arabica palona bezkofeinowa fair trade BIO 250 g &#8211; MOUNT HAGEN Kawa pozyskiwana zgodnie z zasadami Fair Trade. Doskonale skomponowana mieszanka kaw o niezwyk\u0142ym aromacie i intensywnym body. Idealnie nadaje si\u0119 do przygotowania w kawiarce, dripperze, frenchpressie oraz ekspresie. Kawa nie zawiera kofeiny, dzi\u0119ki czemu mo\u017ce by\u0107 spo\u017cywana przed snem lub [&hellip;]<\/p>","protected":false},"featured_media":145,"template":"","meta":{"site-sidebar-layout":"default","site-content-layout":"","ast-site-content-layout":"default","site-content-style":"default","site-sidebar-style":"default","ast-global-header-display":"","ast-banner-title-visibility":"","ast-main-header-display":"","ast-hfb-above-header-display":"","ast-hfb-below-header-display":"","ast-hfb-mobile-header-display":"","site-post-title":"","ast-breadcrumbs-content":"","ast-featured-img":"","footer-sml-layout":"","theme-transparent-header-meta":"default","adv-header-id-meta":"","stick-header-meta":"","header-above-stick-meta":"","header-main-stick-meta":"","header-below-stick-meta":"","astra-migrate-meta-layouts":"set","ast-page-background-enabled":"default","ast-page-background-meta":{"desktop":{"background-color":"var(--ast-global-color-4)","background-image":"","background-repeat":"repeat","background-position":"center center","background-size":"auto","background-attachment":"scroll","background-type":"","background-media":"","overlay-type":"","overlay-color":"","overlay-opacity":"","overlay-gradient":""},"tablet":{"background-color":"","background-image":"","background-repeat":"repeat","background-position":"center center","background-size":"auto","background-attachment":"scroll","background-type":"","background-media":"","overlay-type":"","overlay-color":"","overlay-opacity":"","overlay-gradient":""},"mobile":{"background-color":"","background-image":"","background-repeat":"repeat","background-position":"center center","background-size":"auto","background-attachment":"scroll","background-type":"","background-media":"","overlay-type":"","overlay-color":"","overlay-opacity":"","overlay-gradient":""}},"ast-content-background-meta":{"desktop":{"background-color":"var(--ast-global-color-5)","background-image":"","background-repeat":"repeat","background-position":"center center","background-size":"auto","background-attachment":"scroll","background-type":"","background-media":"","overlay-type":"","overlay-color":"","overlay-opacity":"","overlay-gradient":""},"tablet":{"background-color":"var(--ast-global-color-5)","background-image":"","background-repeat":"repeat","background-position":"center center","background-size":"auto","background-attachment":"scroll","background-type":"","background-media":"","overlay-type":"","overlay-color":"","overlay-opacity":"","overlay-gradient":""},"mobile":{"background-color":"var(--ast-global-color-5)","background-image":"","background-repeat":"repeat","background-position":"center center","background-size":"auto","background-attachment":"scroll","background-type":"","background-media":"","overlay-type":"","overlay-color":"","overlay-opacity":"","overlay-gradient":""}}},"product_cat":[40,42],"product_tag":[34],"class_list":{"0":"post-110","1":"product","2":"type-product","3":"status-publish","4":"has-post-thumbnail","6":"product_cat-kawy-2","7":"product_cat-mielone","8":"product_tag-etykieta-eko","9":"desktop-align-center","10":"tablet-align-left","11":"mobile-align-left","13":"first","14":"instock","15":"purchasable","16":"product-type-simple"},"_links":{"self":[{"href":"https:\/\/los-odpowiedzialni-spolecznie.pl\/en\/wp-json\/wp\/v2\/product\/110","targetHints":{"allow":["GET"]}}],"collection":[{"href":"https:\/\/los-odpowiedzialni-spolecznie.pl\/en\/wp-json\/wp\/v2\/product"}],"about":[{"href":"https:\/\/los-odpowiedzialni-spolecznie.pl\/en\/wp-json\/wp\/v2\/types\/product"}],"wp:featuredmedia":[{"embeddable":true,"href":"https:\/\/los-odpowiedzialni-spolecznie.pl\/en\/wp-json\/wp\/v2\/media\/145"}],"wp:attachment":[{"href":"https:\/\/los-odpowiedzialni-spolecznie.pl\/en\/wp-json\/wp\/v2\/media?parent=110"}],"wp:term":[{"taxonomy":"product_cat","embeddable":true,"href":"https:\/\/los-odpowiedzialni-spolecznie.pl\/en\/wp-json\/wp\/v2\/product_cat?post=110"},{"taxonomy":"product_tag","embeddable":true,"href":"https:\/\/los-odpowiedzialni-spolecznie.pl\/en\/wp-json\/wp\/v2\/product_tag?post=110"}],"curies":[{"name":"wp","href":"https:\/\/api.w.org\/{rel}","templated":true}]}}