{"id":109,"date":"2024-12-23T15:35:37","date_gmt":"2024-12-23T14:35:37","guid":{"rendered":"https:\/\/los-odpowiedzialni-spolecznie.pl\/?post_type=product&#038;p=109"},"modified":"2024-12-23T15:36:18","modified_gmt":"2024-12-23T14:36:18","slug":"kawa-mielona-bezkofeinowa-arabica-etiopia-fair-trade-bio-250-g-cafe-michel","status":"publish","type":"product","link":"https:\/\/los-odpowiedzialni-spolecznie.pl\/en\/sklep\/produkty-spozywcze\/kawy-2\/mielone\/kawa-mielona-bezkofeinowa-arabica-etiopia-fair-trade-bio-250-g-cafe-michel\/","title":{"rendered":"Kawa mielona bezkofeinowa arabica etiopia Fair Trade BIO 250 g &#8211; Cafe Michel"},"content":{"rendered":"<h3>Opis Produktu<\/h3>\n<p class=\"f-display-2 md:pr-40 lg:pr-44\">Wyj\u0105tkowa, aromatyczna kawa bezkofeinowa arabica &#8211; kraj pochodzenia Etiopia. Kawa zosta\u0142a dekofeinizowana naturalnymi metodami (wodn\u0105 i CO2), bez u\u017cycia chemicznych rozpuszczalnik\u00f3w. Charakteryzuje si\u0119 \u0142agodnym smakiem i aromatem. Polecana wszystkim amatorom kawy, nie mog\u0105cym spo\u017cywa\u0107 produkt\u00f3w z wysok\u0105 zawarto\u015bci\u0105 kofeiny. Maksymalnie mo\u017ce zawiera\u0107 0,01% kofeiny. Kawa bezkofeinowa jest dost\u0119pna jako wyb\u00f3r dla tych konsument\u00f3w, kt\u00f3rzy chc\u0105 cieszy\u0107 si\u0119 aromatem i smakiem kawy bez odczuwania jej pobudzaj\u0105cych w\u0142a\u015bciwo\u015bci. Jako\u015b\u0107 kawy bezkofeinowej jest tak samo wysoka jak tradycyjnej kawy.<\/p>\n<p class=\"f-display-2 md:pr-40 lg:pr-44\">Kawa bezkofeinowa Cafe Michel wytwarzana jest przy u\u017cyciu wody. Jest to jedyna metoda ekologiczna. Proces dekofeinizacji rozpoczyna si\u0119 na zielonych ziarnach kawy, przed paleniem. Zasadniczo, zielone ziarna kawy s\u0105 zanurzane w wodzie. Ze wzgl\u0119du na r\u00f3\u017cnic\u0119 st\u0119\u017ce\u0144 kofeina przemieszcza si\u0119 z ziaren do wody \u2013 jest wyp\u0142ukiwana, rozpuszczana. Woda jest wymieniana w trakcie tego procesu, co powoduje, \u017ce ca\u0142a kofeina zawarta w ziarnach kawy przenosi si\u0119 do wody. Proces ten usuwa kofein\u0119 bez zmiany smaku kawy.<\/p>\n<p class=\"f-display-2 md:pr-40 lg:pr-44\"><strong> ZALECANE WARUNKI PRZECHOWYWANIA<\/strong><\/p>\n<p class=\"f-display-2 md:pr-40 lg:pr-44\">Przechowywa\u0107 w suchym i ch\u0142odnym miejscu.<\/p>","protected":false},"excerpt":{"rendered":"<p>Opis Produktu Wyj\u0105tkowa, aromatyczna kawa bezkofeinowa arabica &#8211; kraj pochodzenia Etiopia. Kawa zosta\u0142a dekofeinizowana naturalnymi metodami (wodn\u0105 i CO2), bez u\u017cycia chemicznych rozpuszczalnik\u00f3w. Charakteryzuje si\u0119 \u0142agodnym smakiem i aromatem. Polecana wszystkim amatorom kawy, nie mog\u0105cym spo\u017cywa\u0107 produkt\u00f3w z wysok\u0105 zawarto\u015bci\u0105 kofeiny. Maksymalnie mo\u017ce zawiera\u0107 0,01% kofeiny. Kawa bezkofeinowa jest dost\u0119pna jako wyb\u00f3r dla tych konsument\u00f3w, [&hellip;]<\/p>","protected":false},"featured_media":144,"template":"","meta":{"site-sidebar-layout":"default","site-content-layout":"","ast-site-content-layout":"default","site-content-style":"default","site-sidebar-style":"default","ast-global-header-display":"","ast-banner-title-visibility":"","ast-main-header-display":"","ast-hfb-above-header-display":"","ast-hfb-below-header-display":"","ast-hfb-mobile-header-display":"","site-post-title":"","ast-breadcrumbs-content":"","ast-featured-img":"","footer-sml-layout":"","theme-transparent-header-meta":"default","adv-header-id-meta":"","stick-header-meta":"","header-above-stick-meta":"","header-main-stick-meta":"","header-below-stick-meta":"","astra-migrate-meta-layouts":"set","ast-page-background-enabled":"default","ast-page-background-meta":{"desktop":{"background-color":"var(--ast-global-color-4)","background-image":"","background-repeat":"repeat","background-position":"center center","background-size":"auto","background-attachment":"scroll","background-type":"","background-media":"","overlay-type":"","overlay-color":"","overlay-opacity":"","overlay-gradient":""},"tablet":{"background-color":"","background-image":"","background-repeat":"repeat","background-position":"center center","background-size":"auto","background-attachment":"scroll","background-type":"","background-media":"","overlay-type":"","overlay-color":"","overlay-opacity":"","overlay-gradient":""},"mobile":{"background-color":"","background-image":"","background-repeat":"repeat","background-position":"center center","background-size":"auto","background-attachment":"scroll","background-type":"","background-media":"","overlay-type":"","overlay-color":"","overlay-opacity":"","overlay-gradient":""}},"ast-content-background-meta":{"desktop":{"background-color":"var(--ast-global-color-5)","background-image":"","background-repeat":"repeat","background-position":"center center","background-size":"auto","background-attachment":"scroll","background-type":"","background-media":"","overlay-type":"","overlay-color":"","overlay-opacity":"","overlay-gradient":""},"tablet":{"background-color":"var(--ast-global-color-5)","background-image":"","background-repeat":"repeat","background-position":"center center","background-size":"auto","background-attachment":"scroll","background-type":"","background-media":"","overlay-type":"","overlay-color":"","overlay-opacity":"","overlay-gradient":""},"mobile":{"background-color":"var(--ast-global-color-5)","background-image":"","background-repeat":"repeat","background-position":"center center","background-size":"auto","background-attachment":"scroll","background-type":"","background-media":"","overlay-type":"","overlay-color":"","overlay-opacity":"","overlay-gradient":""}}},"product_cat":[40,42],"product_tag":[34],"class_list":{"0":"post-109","1":"product","2":"type-product","3":"status-publish","4":"has-post-thumbnail","6":"product_cat-kawy-2","7":"product_cat-mielone","8":"product_tag-etykieta-eko","9":"desktop-align-center","10":"tablet-align-left","11":"mobile-align-left","13":"first","14":"onbackorder","15":"purchasable","16":"product-type-simple"},"_links":{"self":[{"href":"https:\/\/los-odpowiedzialni-spolecznie.pl\/en\/wp-json\/wp\/v2\/product\/109","targetHints":{"allow":["GET"]}}],"collection":[{"href":"https:\/\/los-odpowiedzialni-spolecznie.pl\/en\/wp-json\/wp\/v2\/product"}],"about":[{"href":"https:\/\/los-odpowiedzialni-spolecznie.pl\/en\/wp-json\/wp\/v2\/types\/product"}],"wp:featuredmedia":[{"embeddable":true,"href":"https:\/\/los-odpowiedzialni-spolecznie.pl\/en\/wp-json\/wp\/v2\/media\/144"}],"wp:attachment":[{"href":"https:\/\/los-odpowiedzialni-spolecznie.pl\/en\/wp-json\/wp\/v2\/media?parent=109"}],"wp:term":[{"taxonomy":"product_cat","embeddable":true,"href":"https:\/\/los-odpowiedzialni-spolecznie.pl\/en\/wp-json\/wp\/v2\/product_cat?post=109"},{"taxonomy":"product_tag","embeddable":true,"href":"https:\/\/los-odpowiedzialni-spolecznie.pl\/en\/wp-json\/wp\/v2\/product_tag?post=109"}],"curies":[{"name":"wp","href":"https:\/\/api.w.org\/{rel}","templated":true}]}}