{"id":108,"date":"2024-12-23T15:35:37","date_gmt":"2024-12-23T14:35:37","guid":{"rendered":"https:\/\/los-odpowiedzialni-spolecznie.pl\/?post_type=product&#038;p=108"},"modified":"2024-12-23T15:36:17","modified_gmt":"2024-12-23T14:36:17","slug":"quba-caffe-kawa-bio-ziarnista-peru-bezkofeinowa-250-g","status":"publish","type":"product","link":"https:\/\/los-odpowiedzialni-spolecznie.pl\/en\/sklep\/produkty-spozywcze\/kawy-2\/ziarniste\/quba-caffe-kawa-bio-ziarnista-peru-bezkofeinowa-250-g\/","title":{"rendered":"Quba Caffe Kawa Bio ziarnista Peru bezkofeinowa 250 g"},"content":{"rendered":"<h3>Opis Produktu<\/h3>\n<p class=\"f-display-2 md:pr-40 lg:pr-44\">Kawa ziarnista Quba Caffe Bio 100 % Arabica Peru &#8211; bezkofeinowa Najwy\u017cszej jako\u015bci ziarna kawy z gatunku Arabica w Peru. Kawa bezkofeinowa nie jest w 100 % wolna od kofeiny. Wi\u0119kszo\u015b\u0107 kaw bezkofeinowych zawiera 2-3 % naturalnej kofeiny, zwykle od 1 do 7 miligram\u00f3w na fili\u017cank\u0119. Nasza kawa bezkofeinowa jest pozyskiwana metod\u0105 Swiss Water Process, w kt\u00f3rej kawa jest wolna od chemicznych dodatk\u00f3w i przetwarzana przy u\u017cyciu mo\u017cliwie najczystszej wody. W\u0142a\u015bnie dlatego organiczna kawa mo\u017ce zachowa\u0107 swoje certyfikaty ekologiczne. W celu usuni\u0119cia kofeiny z zielonych ziaren moczy si\u0119 kaw\u0119 w wysokiej jako\u015bci wodzie, kt\u00f3ra jest dobrym rozpuszczalnikiem. Wyekstrahowany roztw\u00f3r przepuszcza si\u0119 przez filtry w\u0119glowe eliminuj\u0105c z niego niemal\u017ce do zera cz\u0105steczki kofeiny.<\/p>\n<p><strong>Profil smakowy<\/strong><\/p>\n<p>Delikatny posmak mlecznej czekolady, wyczuwalne nuty s\u0142odu, zbo\u017ca i orzech\u00f3w.<\/p>\n<ul>\n<li>\u015bwie\u017co palona<\/li>\n<li>100 % arabica Peru<\/li>\n<li>wypalana metodami rzemie\u015blniczymi w tradycyjnym piecu b\u0119bnowym<\/li>\n<\/ul>\n<p>Kawa ziarnista bezkofeinowa Bio Peru.<\/p>\n<p>&nbsp;<\/p>","protected":false},"excerpt":{"rendered":"<p>Opis Produktu Kawa ziarnista Quba Caffe Bio 100 % Arabica Peru &#8211; bezkofeinowa Najwy\u017cszej jako\u015bci ziarna kawy z gatunku Arabica w Peru. Kawa bezkofeinowa nie jest w 100 % wolna od kofeiny. Wi\u0119kszo\u015b\u0107 kaw bezkofeinowych zawiera 2-3 % naturalnej kofeiny, zwykle od 1 do 7 miligram\u00f3w na fili\u017cank\u0119. Nasza kawa bezkofeinowa jest pozyskiwana metod\u0105 Swiss [&hellip;]<\/p>","protected":false},"featured_media":143,"template":"","meta":{"site-sidebar-layout":"default","site-content-layout":"","ast-site-content-layout":"default","site-content-style":"default","site-sidebar-style":"default","ast-global-header-display":"","ast-banner-title-visibility":"","ast-main-header-display":"","ast-hfb-above-header-display":"","ast-hfb-below-header-display":"","ast-hfb-mobile-header-display":"","site-post-title":"","ast-breadcrumbs-content":"","ast-featured-img":"","footer-sml-layout":"","theme-transparent-header-meta":"default","adv-header-id-meta":"","stick-header-meta":"","header-above-stick-meta":"","header-main-stick-meta":"","header-below-stick-meta":"","astra-migrate-meta-layouts":"set","ast-page-background-enabled":"default","ast-page-background-meta":{"desktop":{"background-color":"var(--ast-global-color-4)","background-image":"","background-repeat":"repeat","background-position":"center center","background-size":"auto","background-attachment":"scroll","background-type":"","background-media":"","overlay-type":"","overlay-color":"","overlay-opacity":"","overlay-gradient":""},"tablet":{"background-color":"","background-image":"","background-repeat":"repeat","background-position":"center center","background-size":"auto","background-attachment":"scroll","background-type":"","background-media":"","overlay-type":"","overlay-color":"","overlay-opacity":"","overlay-gradient":""},"mobile":{"background-color":"","background-image":"","background-repeat":"repeat","background-position":"center center","background-size":"auto","background-attachment":"scroll","background-type":"","background-media":"","overlay-type":"","overlay-color":"","overlay-opacity":"","overlay-gradient":""}},"ast-content-background-meta":{"desktop":{"background-color":"var(--ast-global-color-5)","background-image":"","background-repeat":"repeat","background-position":"center center","background-size":"auto","background-attachment":"scroll","background-type":"","background-media":"","overlay-type":"","overlay-color":"","overlay-opacity":"","overlay-gradient":""},"tablet":{"background-color":"var(--ast-global-color-5)","background-image":"","background-repeat":"repeat","background-position":"center center","background-size":"auto","background-attachment":"scroll","background-type":"","background-media":"","overlay-type":"","overlay-color":"","overlay-opacity":"","overlay-gradient":""},"mobile":{"background-color":"var(--ast-global-color-5)","background-image":"","background-repeat":"repeat","background-position":"center center","background-size":"auto","background-attachment":"scroll","background-type":"","background-media":"","overlay-type":"","overlay-color":"","overlay-opacity":"","overlay-gradient":""}}},"product_cat":[40,41],"product_tag":[],"class_list":{"0":"post-108","1":"product","2":"type-product","3":"status-publish","4":"has-post-thumbnail","6":"product_cat-kawy-2","7":"product_cat-ziarniste","8":"desktop-align-center","9":"tablet-align-left","10":"mobile-align-left","12":"first","13":"instock","14":"purchasable","15":"product-type-simple"},"_links":{"self":[{"href":"https:\/\/los-odpowiedzialni-spolecznie.pl\/en\/wp-json\/wp\/v2\/product\/108","targetHints":{"allow":["GET"]}}],"collection":[{"href":"https:\/\/los-odpowiedzialni-spolecznie.pl\/en\/wp-json\/wp\/v2\/product"}],"about":[{"href":"https:\/\/los-odpowiedzialni-spolecznie.pl\/en\/wp-json\/wp\/v2\/types\/product"}],"wp:featuredmedia":[{"embeddable":true,"href":"https:\/\/los-odpowiedzialni-spolecznie.pl\/en\/wp-json\/wp\/v2\/media\/143"}],"wp:attachment":[{"href":"https:\/\/los-odpowiedzialni-spolecznie.pl\/en\/wp-json\/wp\/v2\/media?parent=108"}],"wp:term":[{"taxonomy":"product_cat","embeddable":true,"href":"https:\/\/los-odpowiedzialni-spolecznie.pl\/en\/wp-json\/wp\/v2\/product_cat?post=108"},{"taxonomy":"product_tag","embeddable":true,"href":"https:\/\/los-odpowiedzialni-spolecznie.pl\/en\/wp-json\/wp\/v2\/product_tag?post=108"}],"curies":[{"name":"wp","href":"https:\/\/api.w.org\/{rel}","templated":true}]}}