{"id":1077,"date":"2024-12-23T16:08:36","date_gmt":"2024-12-23T15:08:36","guid":{"rendered":"https:\/\/los-odpowiedzialni-spolecznie.pl\/?post_type=product&#038;p=1077"},"modified":"2024-12-23T16:10:17","modified_gmt":"2024-12-23T15:10:17","slug":"suche-chusteczki-bambusowe-do-twarzy-80-szt","status":"publish","type":"product","link":"https:\/\/los-odpowiedzialni-spolecznie.pl\/en\/sklep\/srodki-czystosci\/eko-produkty-dla-domu-i-szkoly\/suche-chusteczki-bambusowe-do-twarzy-80-szt\/","title":{"rendered":"Suche chusteczki bambusowe do twarzy, 80 szt."},"content":{"rendered":"<h3>Opis Produktu<\/h3>\n<p>Chusteczki wykonane w 100% z bambusa charakteryzuj\u0105 si\u0119 luksusowym wyko\u0144czeniem i wyj\u0105tkow\u0105 delikatno\u015bci\u0105. Ich produkcja opiera si\u0119 na surowcu pochodz\u0105cym wy\u0142\u0105cznie z trawy bambusowej, co sprawia, \u017ce s\u0105 one ekologiczne i przyjazne dla \u015brodowiska. Nie zawieraj\u0105 chemii ani barwnik\u00f3w, kt\u00f3re mog\u0105 powodowa\u0107 reakcje alergiczne czy problemy sk\u00f3rne. Dodatkowo, chusteczki bambusowe s\u0105 naturalnie antybakteryjne i antygrzybiczne, co sprawia, \u017ce s\u0105 one odpowiednie nawet dla os\u00f3b z wra\u017cliw\u0105 sk\u00f3r\u0105.<\/p>\n<p>Produkowane z dala od naturalnych siedlisk pandy, chusteczki bambusowe s\u0105 wyj\u0105tkowo ekologiczne i posiadaj\u0105 certyfikat FSC 100%, potwierdzaj\u0105cy odpowiedzialne zarz\u0105dzanie lasami. Dzi\u0119ki temu s\u0105 one idealnym wyborem dla os\u00f3b dbaj\u0105cych o \u015brodowisko i poszukuj\u0105cych produkt\u00f3w kreuj\u0105cych \u015bwiadomy styl \u017cycia.<\/p>\n<h3>Dodatkowe informacje<\/h3>\n<p>wolne od chloru;<\/p>\n<p>bez zapachu;<\/p>\n<p>luksusowo mi\u0119kkie, nie powoduj\u0105 podra\u017cnie\u0144 nawet u os\u00f3b z wra\u017cliw\u0105 sk\u00f3r\u0105;<\/p>\n<p>ca\u0142kowicie biodegradowalne opakowanie;<\/p>\n<p>opakowanie zawiera 80 chusteczek.<\/p>","protected":false},"excerpt":{"rendered":"<p>Opis Produktu Chusteczki wykonane w 100% z bambusa charakteryzuj\u0105 si\u0119 luksusowym wyko\u0144czeniem i wyj\u0105tkow\u0105 delikatno\u015bci\u0105. Ich produkcja opiera si\u0119 na surowcu pochodz\u0105cym wy\u0142\u0105cznie z trawy bambusowej, co sprawia, \u017ce s\u0105 one ekologiczne i przyjazne dla \u015brodowiska. Nie zawieraj\u0105 chemii ani barwnik\u00f3w, kt\u00f3re mog\u0105 powodowa\u0107 reakcje alergiczne czy problemy sk\u00f3rne. Dodatkowo, chusteczki bambusowe s\u0105 naturalnie antybakteryjne [&hellip;]<\/p>","protected":false},"featured_media":1127,"template":"","meta":{"site-sidebar-layout":"default","site-content-layout":"","ast-site-content-layout":"default","site-content-style":"default","site-sidebar-style":"default","ast-global-header-display":"","ast-banner-title-visibility":"","ast-main-header-display":"","ast-hfb-above-header-display":"","ast-hfb-below-header-display":"","ast-hfb-mobile-header-display":"","site-post-title":"","ast-breadcrumbs-content":"","ast-featured-img":"","footer-sml-layout":"","theme-transparent-header-meta":"default","adv-header-id-meta":"","stick-header-meta":"","header-above-stick-meta":"","header-main-stick-meta":"","header-below-stick-meta":"","astra-migrate-meta-layouts":"set","ast-page-background-enabled":"default","ast-page-background-meta":{"desktop":{"background-color":"var(--ast-global-color-4)","background-image":"","background-repeat":"repeat","background-position":"center center","background-size":"auto","background-attachment":"scroll","background-type":"","background-media":"","overlay-type":"","overlay-color":"","overlay-opacity":"","overlay-gradient":""},"tablet":{"background-color":"","background-image":"","background-repeat":"repeat","background-position":"center center","background-size":"auto","background-attachment":"scroll","background-type":"","background-media":"","overlay-type":"","overlay-color":"","overlay-opacity":"","overlay-gradient":""},"mobile":{"background-color":"","background-image":"","background-repeat":"repeat","background-position":"center center","background-size":"auto","background-attachment":"scroll","background-type":"","background-media":"","overlay-type":"","overlay-color":"","overlay-opacity":"","overlay-gradient":""}},"ast-content-background-meta":{"desktop":{"background-color":"var(--ast-global-color-5)","background-image":"","background-repeat":"repeat","background-position":"center center","background-size":"auto","background-attachment":"scroll","background-type":"","background-media":"","overlay-type":"","overlay-color":"","overlay-opacity":"","overlay-gradient":""},"tablet":{"background-color":"var(--ast-global-color-5)","background-image":"","background-repeat":"repeat","background-position":"center center","background-size":"auto","background-attachment":"scroll","background-type":"","background-media":"","overlay-type":"","overlay-color":"","overlay-opacity":"","overlay-gradient":""},"mobile":{"background-color":"var(--ast-global-color-5)","background-image":"","background-repeat":"repeat","background-position":"center center","background-size":"auto","background-attachment":"scroll","background-type":"","background-media":"","overlay-type":"","overlay-color":"","overlay-opacity":"","overlay-gradient":""}}},"product_cat":[68],"product_tag":[70],"class_list":{"0":"post-1077","1":"product","2":"type-product","3":"status-publish","4":"has-post-thumbnail","6":"product_cat-eko-produkty-dla-domu-i-szkoly","7":"product_tag-eko","8":"desktop-align-center","9":"tablet-align-left","10":"mobile-align-left","12":"first","13":"instock","14":"purchasable","15":"product-type-simple"},"_links":{"self":[{"href":"https:\/\/los-odpowiedzialni-spolecznie.pl\/en\/wp-json\/wp\/v2\/product\/1077","targetHints":{"allow":["GET"]}}],"collection":[{"href":"https:\/\/los-odpowiedzialni-spolecznie.pl\/en\/wp-json\/wp\/v2\/product"}],"about":[{"href":"https:\/\/los-odpowiedzialni-spolecznie.pl\/en\/wp-json\/wp\/v2\/types\/product"}],"wp:featuredmedia":[{"embeddable":true,"href":"https:\/\/los-odpowiedzialni-spolecznie.pl\/en\/wp-json\/wp\/v2\/media\/1127"}],"wp:attachment":[{"href":"https:\/\/los-odpowiedzialni-spolecznie.pl\/en\/wp-json\/wp\/v2\/media?parent=1077"}],"wp:term":[{"taxonomy":"product_cat","embeddable":true,"href":"https:\/\/los-odpowiedzialni-spolecznie.pl\/en\/wp-json\/wp\/v2\/product_cat?post=1077"},{"taxonomy":"product_tag","embeddable":true,"href":"https:\/\/los-odpowiedzialni-spolecznie.pl\/en\/wp-json\/wp\/v2\/product_tag?post=1077"}],"curies":[{"name":"wp","href":"https:\/\/api.w.org\/{rel}","templated":true}]}}