{"id":1076,"date":"2024-12-23T16:08:36","date_gmt":"2024-12-23T15:08:36","guid":{"rendered":"https:\/\/los-odpowiedzialni-spolecznie.pl\/?post_type=product&#038;p=1076"},"modified":"2024-12-23T16:10:12","modified_gmt":"2024-12-23T15:10:12","slug":"ludwik-plyn-do-mycia-naczyn-ekologiczny-cytrusowy-zielona-herbata-5l","status":"publish","type":"product","link":"https:\/\/los-odpowiedzialni-spolecznie.pl\/en\/sklep\/srodki-czystosci\/eko-produkty-dla-domu-i-szkoly\/ludwik-plyn-do-mycia-naczyn-ekologiczny-cytrusowy-zielona-herbata-5l\/","title":{"rendered":"LUDWIK  P\u0142yn Do Mycia Naczy\u0144 Ekologiczny Cytrusowy +zielona Herbata 5l"},"content":{"rendered":"<h3>Opis Produktu<\/h3>\n<p><b>P\u0142yn do naczy\u0144 Ludwik ekologiczny 5l<\/b><\/p>\n<p>Biodegradowalny, bez szkodliwych substancji chemicznych, \u0142agodny dla sk\u00f3ry d\u0142oni.<\/p>\n<ul>\n<li><b>Unikalna Formu\u0142a<\/b>\u00a0&#8211; doskona\u0142e rezultaty mycia<\/li>\n<li><b>Citric Acid System<\/b>\u00a0&#8211; efektywne usuwanie t\u0142uszczu i przypale\u0144<\/li>\n<li><b>Po\u0142ysk<\/b>\u00a0&#8211; zapewnia czyste i l\u015bni\u0105ce naczynia<\/li>\n<li><b>Zapach<\/b>\u00a0&#8211; cytrus\u00f3w i zielonej herbaty<\/li>\n<li><b>Ochrona<\/b>\u00a0&#8211; \u0142agodny dla sk\u00f3ry. Zawiera gliceryn\u0119<\/li>\n<\/ul>\n<p><b>P\u0142yn do naczy\u0144 Ludwik EKOlogiczny:<\/b><\/p>\n<ul>\n<li><b>szybko i skutecznie usuwa uporczywe zabrudzenia z naczy\u0144<\/b><\/li>\n<li>dzi\u0119ki systemowi\u00a0<b>Cistric Acid System<\/b>, doskonale<b>\u00a0zwalcza t\u0142uszcz<\/b>\u00a0oraz\u00a0<b>przypalenia<\/b><\/li>\n<li>poza krystaliczn\u0105 czysto\u015bci\u0105, nadaje mytym powierzchniom\u00a0<b>wysoki po\u0142ysk<\/b><\/li>\n<li>produkt\u00a0<b>biodegradowalny<\/b><\/li>\n<li>w swoim sk\u0142adzie\u00a0<b>nie zawiera szkodliwych substancji chemicznych<\/b><\/li>\n<li>gwarantuje\u00a0<b>stuprocentowe bezpiecze\u0144stwo dla sk\u00f3ry<\/b>\u00a0\u2013 nie podra\u017cnia jej, a dzi\u0119ki zawarto\u015bci gliceryny,\u00a0<b>zapewnia d\u0142oniom kompleksow\u0105 piel\u0119gnacj\u0119.<\/b><\/li>\n<li><b>posiada opakowanie nadaj\u0105ce si\u0119 do recyklingu<\/b><\/li>\n<li><b>nie zawiera substancji maj\u0105cych negatywny wp\u0142yw na \u015brodowisko<\/b>(EDTA, mikroplastiki, borany)<\/li>\n<\/ul>\n<h3>Dodatkowe informacje<\/h3>\n<p>Opakowanie -5 l<\/p>","protected":false},"excerpt":{"rendered":"<p>Opis Produktu P\u0142yn do naczy\u0144 Ludwik ekologiczny 5l Biodegradowalny, bez szkodliwych substancji chemicznych, \u0142agodny dla sk\u00f3ry d\u0142oni. Unikalna Formu\u0142a\u00a0&#8211; doskona\u0142e rezultaty mycia Citric Acid System\u00a0&#8211; efektywne usuwanie t\u0142uszczu i przypale\u0144 Po\u0142ysk\u00a0&#8211; zapewnia czyste i l\u015bni\u0105ce naczynia Zapach\u00a0&#8211; cytrus\u00f3w i zielonej herbaty Ochrona\u00a0&#8211; \u0142agodny dla sk\u00f3ry. Zawiera gliceryn\u0119 P\u0142yn do naczy\u0144 Ludwik EKOlogiczny: szybko i skutecznie [&hellip;]<\/p>","protected":false},"featured_media":1126,"template":"","meta":{"site-sidebar-layout":"default","site-content-layout":"","ast-site-content-layout":"default","site-content-style":"default","site-sidebar-style":"default","ast-global-header-display":"","ast-banner-title-visibility":"","ast-main-header-display":"","ast-hfb-above-header-display":"","ast-hfb-below-header-display":"","ast-hfb-mobile-header-display":"","site-post-title":"","ast-breadcrumbs-content":"","ast-featured-img":"","footer-sml-layout":"","theme-transparent-header-meta":"default","adv-header-id-meta":"","stick-header-meta":"","header-above-stick-meta":"","header-main-stick-meta":"","header-below-stick-meta":"","astra-migrate-meta-layouts":"set","ast-page-background-enabled":"default","ast-page-background-meta":{"desktop":{"background-color":"var(--ast-global-color-4)","background-image":"","background-repeat":"repeat","background-position":"center center","background-size":"auto","background-attachment":"scroll","background-type":"","background-media":"","overlay-type":"","overlay-color":"","overlay-opacity":"","overlay-gradient":""},"tablet":{"background-color":"","background-image":"","background-repeat":"repeat","background-position":"center center","background-size":"auto","background-attachment":"scroll","background-type":"","background-media":"","overlay-type":"","overlay-color":"","overlay-opacity":"","overlay-gradient":""},"mobile":{"background-color":"","background-image":"","background-repeat":"repeat","background-position":"center center","background-size":"auto","background-attachment":"scroll","background-type":"","background-media":"","overlay-type":"","overlay-color":"","overlay-opacity":"","overlay-gradient":""}},"ast-content-background-meta":{"desktop":{"background-color":"var(--ast-global-color-5)","background-image":"","background-repeat":"repeat","background-position":"center center","background-size":"auto","background-attachment":"scroll","background-type":"","background-media":"","overlay-type":"","overlay-color":"","overlay-opacity":"","overlay-gradient":""},"tablet":{"background-color":"var(--ast-global-color-5)","background-image":"","background-repeat":"repeat","background-position":"center center","background-size":"auto","background-attachment":"scroll","background-type":"","background-media":"","overlay-type":"","overlay-color":"","overlay-opacity":"","overlay-gradient":""},"mobile":{"background-color":"var(--ast-global-color-5)","background-image":"","background-repeat":"repeat","background-position":"center center","background-size":"auto","background-attachment":"scroll","background-type":"","background-media":"","overlay-type":"","overlay-color":"","overlay-opacity":"","overlay-gradient":""}}},"product_cat":[68,72],"product_tag":[70],"class_list":{"0":"post-1076","1":"product","2":"type-product","3":"status-publish","4":"has-post-thumbnail","6":"product_cat-eko-produkty-dla-domu-i-szkoly","7":"product_cat-ekologiczne-srodki-czystosci","8":"product_tag-eko","9":"desktop-align-center","10":"tablet-align-left","11":"mobile-align-left","13":"first","14":"instock","15":"purchasable","16":"product-type-simple"},"_links":{"self":[{"href":"https:\/\/los-odpowiedzialni-spolecznie.pl\/en\/wp-json\/wp\/v2\/product\/1076","targetHints":{"allow":["GET"]}}],"collection":[{"href":"https:\/\/los-odpowiedzialni-spolecznie.pl\/en\/wp-json\/wp\/v2\/product"}],"about":[{"href":"https:\/\/los-odpowiedzialni-spolecznie.pl\/en\/wp-json\/wp\/v2\/types\/product"}],"wp:featuredmedia":[{"embeddable":true,"href":"https:\/\/los-odpowiedzialni-spolecznie.pl\/en\/wp-json\/wp\/v2\/media\/1126"}],"wp:attachment":[{"href":"https:\/\/los-odpowiedzialni-spolecznie.pl\/en\/wp-json\/wp\/v2\/media?parent=1076"}],"wp:term":[{"taxonomy":"product_cat","embeddable":true,"href":"https:\/\/los-odpowiedzialni-spolecznie.pl\/en\/wp-json\/wp\/v2\/product_cat?post=1076"},{"taxonomy":"product_tag","embeddable":true,"href":"https:\/\/los-odpowiedzialni-spolecznie.pl\/en\/wp-json\/wp\/v2\/product_tag?post=1076"}],"curies":[{"name":"wp","href":"https:\/\/api.w.org\/{rel}","templated":true}]}}