{"id":1075,"date":"2024-12-23T16:08:36","date_gmt":"2024-12-23T15:08:36","guid":{"rendered":"https:\/\/los-odpowiedzialni-spolecznie.pl\/?post_type=product&#038;p=1075"},"modified":"2024-12-23T16:10:08","modified_gmt":"2024-12-23T15:10:08","slug":"ludwik-plyn-do-mycia-naczyn-ekologiczny-cytrusowy-zielona-herbata-900ml","status":"publish","type":"product","link":"https:\/\/los-odpowiedzialni-spolecznie.pl\/en\/sklep\/srodki-czystosci\/eko-produkty-dla-domu-i-szkoly\/ludwik-plyn-do-mycia-naczyn-ekologiczny-cytrusowy-zielona-herbata-900ml\/","title":{"rendered":"LUDWIK P\u0142yn Do Mycia Naczy\u0144 Ekologiczny Cytrusowy +zielona Herbata 900ml"},"content":{"rendered":"<h3>Opis Produktu<\/h3>\n<h2><\/h2>\n<p>Eko p\u0142yn do mycia naczy\u0144 Ludwik Ekologiczny skutecznie usuwa nawet najtrudniejsze zabrudzenia, niezawodnie sprawdzaj\u0105c si\u0119 podczas codziennego mycia naczy\u0144.<\/p>\n<p>System Citric Acid <b>radzi sobie nawet z silnymi zabrudzeniami, zat\u0142uszczeniami i przypaleniami, a naczynia pozostaj\u0105 l\u015bni\u0105ce i idealnie czyste<\/b><\/p>\n<p>Jego wysoka skuteczno\u015b\u0107 dzia\u0142ania zosta\u0142a potwierdzona testami w niezale\u017cnym certyfikowanym laboratorium zewn\u0119trznym.<\/p>\n<p>Jednocze\u015bnie produkt\u00a0<b>jest oparty na sk\u0142adnikach, kt\u00f3re spe\u0142niaj\u0105 wysokie kryteria zdrowotne i \u015brodowiskowe.<\/b><\/p>\n<p>Ekologiczny p\u0142yn do naczy\u0144 nie zawiera boran\u00f3w, fosforan\u00f3w, mikroplastik\u00f3w czy innych substancji, mog\u0105cych negatywnie oddzia\u0142ywa\u0107 na zdrowie czy \u015brodowisko.<\/p>\n<h3>Dodatkowe informacje<\/h3>\n<p>&nbsp;<\/p>\n<ul>\n<li><b>Du\u017ce opakowanie: 900ml<\/b><\/li>\n<li><b>\u00a0Opakowanie nadaje si\u0119 do recyklingu.<\/b>\n<div class=\"mp4t_16_s mryx_16_s mr3m_1 mli2_1 mh85_56 mh85_0_l\">\n<div class=\"mg9e_8 mj7a_8 mg9e_0_s mvrt_0_s mj7a_0_s mh36_0_s mzmg_6m munh_16_l m3h2_16_l\">\n<div class=\"mp4t_0 mryx_0 munh_56 m3h2_56\"><\/div>\n<\/div>\n<\/div>\n<div class=\"mp4t_16_s mryx_16_s mr3m_1 mli2_1 mh85_56 mh85_0_l\">\n<div class=\"mgn2_16 _0d3bd_am0a-\">\n<p>Nie zawiera tak\u017ce sk\u0142adnik\u00f3w pochodzenia zwierz\u0119cego.<\/p>\n<p>Jest delikatny i \u0142agodny dla sk\u00f3ry d\u0142oni<\/p>\n<\/div>\n<\/div>\n<\/li>\n<\/ul>","protected":false},"excerpt":{"rendered":"<p>Opis Produktu Eko p\u0142yn do mycia naczy\u0144 Ludwik Ekologiczny skutecznie usuwa nawet najtrudniejsze zabrudzenia, niezawodnie sprawdzaj\u0105c si\u0119 podczas codziennego mycia naczy\u0144. System Citric Acid radzi sobie nawet z silnymi zabrudzeniami, zat\u0142uszczeniami i przypaleniami, a naczynia pozostaj\u0105 l\u015bni\u0105ce i idealnie czyste Jego wysoka skuteczno\u015b\u0107 dzia\u0142ania zosta\u0142a potwierdzona testami w niezale\u017cnym certyfikowanym laboratorium zewn\u0119trznym. Jednocze\u015bnie produkt\u00a0jest oparty [&hellip;]<\/p>","protected":false},"featured_media":1125,"template":"","meta":{"site-sidebar-layout":"default","site-content-layout":"","ast-site-content-layout":"default","site-content-style":"default","site-sidebar-style":"default","ast-global-header-display":"","ast-banner-title-visibility":"","ast-main-header-display":"","ast-hfb-above-header-display":"","ast-hfb-below-header-display":"","ast-hfb-mobile-header-display":"","site-post-title":"","ast-breadcrumbs-content":"","ast-featured-img":"","footer-sml-layout":"","theme-transparent-header-meta":"default","adv-header-id-meta":"","stick-header-meta":"","header-above-stick-meta":"","header-main-stick-meta":"","header-below-stick-meta":"","astra-migrate-meta-layouts":"set","ast-page-background-enabled":"default","ast-page-background-meta":{"desktop":{"background-color":"var(--ast-global-color-4)","background-image":"","background-repeat":"repeat","background-position":"center center","background-size":"auto","background-attachment":"scroll","background-type":"","background-media":"","overlay-type":"","overlay-color":"","overlay-opacity":"","overlay-gradient":""},"tablet":{"background-color":"","background-image":"","background-repeat":"repeat","background-position":"center center","background-size":"auto","background-attachment":"scroll","background-type":"","background-media":"","overlay-type":"","overlay-color":"","overlay-opacity":"","overlay-gradient":""},"mobile":{"background-color":"","background-image":"","background-repeat":"repeat","background-position":"center center","background-size":"auto","background-attachment":"scroll","background-type":"","background-media":"","overlay-type":"","overlay-color":"","overlay-opacity":"","overlay-gradient":""}},"ast-content-background-meta":{"desktop":{"background-color":"var(--ast-global-color-5)","background-image":"","background-repeat":"repeat","background-position":"center center","background-size":"auto","background-attachment":"scroll","background-type":"","background-media":"","overlay-type":"","overlay-color":"","overlay-opacity":"","overlay-gradient":""},"tablet":{"background-color":"var(--ast-global-color-5)","background-image":"","background-repeat":"repeat","background-position":"center center","background-size":"auto","background-attachment":"scroll","background-type":"","background-media":"","overlay-type":"","overlay-color":"","overlay-opacity":"","overlay-gradient":""},"mobile":{"background-color":"var(--ast-global-color-5)","background-image":"","background-repeat":"repeat","background-position":"center center","background-size":"auto","background-attachment":"scroll","background-type":"","background-media":"","overlay-type":"","overlay-color":"","overlay-opacity":"","overlay-gradient":""}}},"product_cat":[68,72],"product_tag":[70],"class_list":{"0":"post-1075","1":"product","2":"type-product","3":"status-publish","4":"has-post-thumbnail","6":"product_cat-eko-produkty-dla-domu-i-szkoly","7":"product_cat-ekologiczne-srodki-czystosci","8":"product_tag-eko","9":"desktop-align-center","10":"tablet-align-left","11":"mobile-align-left","13":"first","14":"instock","15":"purchasable","16":"product-type-simple"},"_links":{"self":[{"href":"https:\/\/los-odpowiedzialni-spolecznie.pl\/en\/wp-json\/wp\/v2\/product\/1075","targetHints":{"allow":["GET"]}}],"collection":[{"href":"https:\/\/los-odpowiedzialni-spolecznie.pl\/en\/wp-json\/wp\/v2\/product"}],"about":[{"href":"https:\/\/los-odpowiedzialni-spolecznie.pl\/en\/wp-json\/wp\/v2\/types\/product"}],"wp:featuredmedia":[{"embeddable":true,"href":"https:\/\/los-odpowiedzialni-spolecznie.pl\/en\/wp-json\/wp\/v2\/media\/1125"}],"wp:attachment":[{"href":"https:\/\/los-odpowiedzialni-spolecznie.pl\/en\/wp-json\/wp\/v2\/media?parent=1075"}],"wp:term":[{"taxonomy":"product_cat","embeddable":true,"href":"https:\/\/los-odpowiedzialni-spolecznie.pl\/en\/wp-json\/wp\/v2\/product_cat?post=1075"},{"taxonomy":"product_tag","embeddable":true,"href":"https:\/\/los-odpowiedzialni-spolecznie.pl\/en\/wp-json\/wp\/v2\/product_tag?post=1075"}],"curies":[{"name":"wp","href":"https:\/\/api.w.org\/{rel}","templated":true}]}}