{"id":107,"date":"2024-12-23T15:35:37","date_gmt":"2024-12-23T14:35:37","guid":{"rendered":"https:\/\/los-odpowiedzialni-spolecznie.pl\/?post_type=product&#038;p=107"},"modified":"2025-01-22T13:05:34","modified_gmt":"2025-01-22T12:05:34","slug":"bonum-india-cherry-kawa-ziarnista-250g","status":"publish","type":"product","link":"https:\/\/los-odpowiedzialni-spolecznie.pl\/en\/sklep\/produkty-spozywcze\/kawy-2\/ziarniste\/bonum-india-cherry-kawa-ziarnista-250g\/","title":{"rendered":"BONUM India Cherry Kawa ziarnista 250g"},"content":{"rendered":"<h3>Opis Produktu<\/h3>\n<p class=\"f-display-2 md:pr-40 lg:pr-44\">Robusta India Cherry\u00a0 jest to kawa odznaczaj\u0105ca si\u0119 \u0142agodn\u0105 kwasowo\u015bci\u0105 oraz charakterystycznym, ostrzejszym aromatem. G\u0142\u00f3wne r\u00f3\u017cnice mi\u0119dzy robust\u0105 i arabik\u0105 polegaj\u0105 na tym, i\u017c robusta zawiera dwa razy wi\u0119cej kofeiny ni\u017c arabika. Ponadto robusta cechuje si\u0119 mocnym naparem z nut\u0105 kwasowo\u015bci i lekk\u0105 goryczk\u0105 o ostrym pikantnym smaku. W zwi\u0105zku z tym bardzo cz\u0119sto wykorzystywana jest do komponowania mocniejszych mieszanek kaw. Robusta ro\u015bnie na r\u00f3wninach i na ni\u017cszych wysoko\u015bciach (400-600 m n.p.m.) ni\u017c arabika. Jest bardziej wytrzyma\u0142a na susz\u0119 i choroby, jednak bardziej podatna na przemarzni\u0119cia. Oznaczenie AA, podobnie jak w przypadku arabik, oznacza bardzo dobrej jako\u015bci ziarna. Jest to kawa o \u0142adnych i regularnych ziarenkach bez uszczerbk\u00f3w- najlepsza w swojej klasie.<\/p>\n<p>&nbsp;<\/p>\n<p><strong>Sk\u0142ad<\/strong>:\u00a0100% Robusta<\/p>\n<p><strong>Kraj pochodzenia<\/strong>:\u00a0Indie<\/p>\n<p><strong>Nuta smakowa<\/strong>:\u00a0nuta pikantna, zbo\u017cowa.<\/p>\n<p>&nbsp;<\/p>\n<p>Kwasowo\u015b\u0107: 3\/5<\/p>\n<p>Intensywno\u015b\u0107: 4\/5<\/p>\n<p>Palenie: 3\/5<\/p>","protected":false},"excerpt":{"rendered":"<p>Opis Produktu Robusta India Cherry\u00a0 jest to kawa odznaczaj\u0105ca si\u0119 \u0142agodn\u0105 kwasowo\u015bci\u0105 oraz charakterystycznym, ostrzejszym aromatem. G\u0142\u00f3wne r\u00f3\u017cnice mi\u0119dzy robust\u0105 i arabik\u0105 polegaj\u0105 na tym, i\u017c robusta zawiera dwa razy wi\u0119cej kofeiny ni\u017c arabika. Ponadto robusta cechuje si\u0119 mocnym naparem z nut\u0105 kwasowo\u015bci i lekk\u0105 goryczk\u0105 o ostrym pikantnym smaku. W zwi\u0105zku z tym bardzo [&hellip;]<\/p>","protected":false},"featured_media":142,"template":"","meta":{"site-sidebar-layout":"default","site-content-layout":"","ast-site-content-layout":"default","site-content-style":"default","site-sidebar-style":"default","ast-global-header-display":"","ast-banner-title-visibility":"","ast-main-header-display":"","ast-hfb-above-header-display":"","ast-hfb-below-header-display":"","ast-hfb-mobile-header-display":"","site-post-title":"","ast-breadcrumbs-content":"","ast-featured-img":"","footer-sml-layout":"","theme-transparent-header-meta":"default","adv-header-id-meta":"","stick-header-meta":"","header-above-stick-meta":"","header-main-stick-meta":"","header-below-stick-meta":"","astra-migrate-meta-layouts":"set","ast-page-background-enabled":"default","ast-page-background-meta":{"desktop":{"background-color":"var(--ast-global-color-4)","background-image":"","background-repeat":"repeat","background-position":"center center","background-size":"auto","background-attachment":"scroll","background-type":"","background-media":"","overlay-type":"","overlay-color":"","overlay-opacity":"","overlay-gradient":""},"tablet":{"background-color":"","background-image":"","background-repeat":"repeat","background-position":"center center","background-size":"auto","background-attachment":"scroll","background-type":"","background-media":"","overlay-type":"","overlay-color":"","overlay-opacity":"","overlay-gradient":""},"mobile":{"background-color":"","background-image":"","background-repeat":"repeat","background-position":"center center","background-size":"auto","background-attachment":"scroll","background-type":"","background-media":"","overlay-type":"","overlay-color":"","overlay-opacity":"","overlay-gradient":""}},"ast-content-background-meta":{"desktop":{"background-color":"var(--ast-global-color-5)","background-image":"","background-repeat":"repeat","background-position":"center center","background-size":"auto","background-attachment":"scroll","background-type":"","background-media":"","overlay-type":"","overlay-color":"","overlay-opacity":"","overlay-gradient":""},"tablet":{"background-color":"var(--ast-global-color-5)","background-image":"","background-repeat":"repeat","background-position":"center center","background-size":"auto","background-attachment":"scroll","background-type":"","background-media":"","overlay-type":"","overlay-color":"","overlay-opacity":"","overlay-gradient":""},"mobile":{"background-color":"var(--ast-global-color-5)","background-image":"","background-repeat":"repeat","background-position":"center center","background-size":"auto","background-attachment":"scroll","background-type":"","background-media":"","overlay-type":"","overlay-color":"","overlay-opacity":"","overlay-gradient":""}}},"product_cat":[41],"product_tag":[],"class_list":{"0":"post-107","1":"product","2":"type-product","3":"status-publish","4":"has-post-thumbnail","6":"product_cat-ziarniste","7":"desktop-align-center","8":"tablet-align-left","9":"mobile-align-left","11":"first","12":"instock","13":"taxable","14":"shipping-taxable","15":"purchasable","16":"product-type-simple"},"_links":{"self":[{"href":"https:\/\/los-odpowiedzialni-spolecznie.pl\/en\/wp-json\/wp\/v2\/product\/107","targetHints":{"allow":["GET"]}}],"collection":[{"href":"https:\/\/los-odpowiedzialni-spolecznie.pl\/en\/wp-json\/wp\/v2\/product"}],"about":[{"href":"https:\/\/los-odpowiedzialni-spolecznie.pl\/en\/wp-json\/wp\/v2\/types\/product"}],"wp:featuredmedia":[{"embeddable":true,"href":"https:\/\/los-odpowiedzialni-spolecznie.pl\/en\/wp-json\/wp\/v2\/media\/142"}],"wp:attachment":[{"href":"https:\/\/los-odpowiedzialni-spolecznie.pl\/en\/wp-json\/wp\/v2\/media?parent=107"}],"wp:term":[{"taxonomy":"product_cat","embeddable":true,"href":"https:\/\/los-odpowiedzialni-spolecznie.pl\/en\/wp-json\/wp\/v2\/product_cat?post=107"},{"taxonomy":"product_tag","embeddable":true,"href":"https:\/\/los-odpowiedzialni-spolecznie.pl\/en\/wp-json\/wp\/v2\/product_tag?post=107"}],"curies":[{"name":"wp","href":"https:\/\/api.w.org\/{rel}","templated":true}]}}