{"id":1066,"date":"2024-12-23T16:08:13","date_gmt":"2024-12-23T15:08:13","guid":{"rendered":"https:\/\/los-odpowiedzialni-spolecznie.pl\/?post_type=product&#038;p=1066"},"modified":"2024-12-23T16:10:04","modified_gmt":"2024-12-23T15:10:04","slug":"bunny-soft-papier-toaletowy-naturesse-eko-2w-8szt-zajaczek","status":"publish","type":"product","link":"https:\/\/los-odpowiedzialni-spolecznie.pl\/en\/sklep\/srodki-czystosci\/eko-produkty-dla-domu-i-szkoly\/bunny-soft-papier-toaletowy-naturesse-eko-2w-8szt-zajaczek\/","title":{"rendered":"Bunny Soft papier toaletowy Naturesse Eko 2W, 8szt. Zaj\u0105czek"},"content":{"rendered":"<h3>Opis Produktu<\/h3>\n<p>Papier toaletowy Bunny Soft jest wykonany w 100% z makulatury<\/p>\n<p>Dodatkowo jest on biodegradowalny i przepuszczalny, co oznacza, \u017ce nie za\u015bmieca \u015brodowiska i jest bezpieczny dla u\u017cytkownik\u00f3w.<\/p>\n<p>Dzi\u0119ki\u00a0 opakowaniu\u00a0 pochodzania\u00a0 ro\u015blinnego ZERO WASTE, ka\u017cdy mo\u017ce aktywnie uczestniczy\u0107 w ochronie \u015brodowiska. Po zu\u017cyciu papieru mo\u017cna u\u017cy\u0107 opakowanie na odpady BIO lub\u00a0 umie\u015bci\u0107 opakowanie w kompostowni, gdzie naturalnie si\u0119 roz\u0142o\u017cy.<\/p>\n<p>Wybieraj\u0105c papier toaletowy NATURESSE, wybierasz \u015bwiadome i ekologiczne rozwi\u0105zanie.<\/p>\n<p>Papier toaletowy Bunny Soft Naturesse Eko:<\/p>\n<ul class=\"ui-tabs-nav ui-helper-reset ui-helper-clearfix ui-widget-header ui-corner-all\">\n<li>wykonany zosta\u0142 z dw\u00f3ch warstw makulatury<\/li>\n<li>\u0142atwo rozpuszcza si\u0119 w wodzie<\/li>\n<li>posiada specjalne t\u0142oczenie<\/li>\n<li>wyr\u00f3\u017cnia si\u0119 niezwyk\u0142\u0105 wydajno\u015bci\u0105<\/li>\n<li>umieszczony zosta\u0142 w kompostowalnym opakowaniu pochodzenia ro\u015blinne<\/li>\n<li>zero plastiku<\/li>\n<\/ul>\n<p>&nbsp;<\/p>\n<h3>Dodatkowe informacje<\/h3>\n<p>liczba warstw-2<\/p>\n<p>ilo\u015b\u0107 rolek-8<\/p>","protected":false},"excerpt":{"rendered":"<p>Opis Produktu Papier toaletowy Bunny Soft jest wykonany w 100% z makulatury Dodatkowo jest on biodegradowalny i przepuszczalny, co oznacza, \u017ce nie za\u015bmieca \u015brodowiska i jest bezpieczny dla u\u017cytkownik\u00f3w. Dzi\u0119ki\u00a0 opakowaniu\u00a0 pochodzania\u00a0 ro\u015blinnego ZERO WASTE, ka\u017cdy mo\u017ce aktywnie uczestniczy\u0107 w ochronie \u015brodowiska. Po zu\u017cyciu papieru mo\u017cna u\u017cy\u0107 opakowanie na odpady BIO lub\u00a0 umie\u015bci\u0107 opakowanie w [&hellip;]<\/p>","protected":false},"featured_media":1118,"template":"","meta":{"site-sidebar-layout":"default","site-content-layout":"","ast-site-content-layout":"default","site-content-style":"default","site-sidebar-style":"default","ast-global-header-display":"","ast-banner-title-visibility":"","ast-main-header-display":"","ast-hfb-above-header-display":"","ast-hfb-below-header-display":"","ast-hfb-mobile-header-display":"","site-post-title":"","ast-breadcrumbs-content":"","ast-featured-img":"","footer-sml-layout":"","theme-transparent-header-meta":"default","adv-header-id-meta":"","stick-header-meta":"","header-above-stick-meta":"","header-main-stick-meta":"","header-below-stick-meta":"","astra-migrate-meta-layouts":"set","ast-page-background-enabled":"default","ast-page-background-meta":{"desktop":{"background-color":"var(--ast-global-color-4)","background-image":"","background-repeat":"repeat","background-position":"center center","background-size":"auto","background-attachment":"scroll","background-type":"","background-media":"","overlay-type":"","overlay-color":"","overlay-opacity":"","overlay-gradient":""},"tablet":{"background-color":"","background-image":"","background-repeat":"repeat","background-position":"center center","background-size":"auto","background-attachment":"scroll","background-type":"","background-media":"","overlay-type":"","overlay-color":"","overlay-opacity":"","overlay-gradient":""},"mobile":{"background-color":"","background-image":"","background-repeat":"repeat","background-position":"center center","background-size":"auto","background-attachment":"scroll","background-type":"","background-media":"","overlay-type":"","overlay-color":"","overlay-opacity":"","overlay-gradient":""}},"ast-content-background-meta":{"desktop":{"background-color":"var(--ast-global-color-5)","background-image":"","background-repeat":"repeat","background-position":"center center","background-size":"auto","background-attachment":"scroll","background-type":"","background-media":"","overlay-type":"","overlay-color":"","overlay-opacity":"","overlay-gradient":""},"tablet":{"background-color":"var(--ast-global-color-5)","background-image":"","background-repeat":"repeat","background-position":"center center","background-size":"auto","background-attachment":"scroll","background-type":"","background-media":"","overlay-type":"","overlay-color":"","overlay-opacity":"","overlay-gradient":""},"mobile":{"background-color":"var(--ast-global-color-5)","background-image":"","background-repeat":"repeat","background-position":"center center","background-size":"auto","background-attachment":"scroll","background-type":"","background-media":"","overlay-type":"","overlay-color":"","overlay-opacity":"","overlay-gradient":""}}},"product_cat":[68],"product_tag":[70],"class_list":{"0":"post-1066","1":"product","2":"type-product","3":"status-publish","4":"has-post-thumbnail","6":"product_cat-eko-produkty-dla-domu-i-szkoly","7":"product_tag-eko","8":"desktop-align-center","9":"tablet-align-left","10":"mobile-align-left","12":"first","13":"onbackorder","14":"sale","15":"purchasable","16":"product-type-simple"},"_links":{"self":[{"href":"https:\/\/los-odpowiedzialni-spolecznie.pl\/en\/wp-json\/wp\/v2\/product\/1066","targetHints":{"allow":["GET"]}}],"collection":[{"href":"https:\/\/los-odpowiedzialni-spolecznie.pl\/en\/wp-json\/wp\/v2\/product"}],"about":[{"href":"https:\/\/los-odpowiedzialni-spolecznie.pl\/en\/wp-json\/wp\/v2\/types\/product"}],"wp:featuredmedia":[{"embeddable":true,"href":"https:\/\/los-odpowiedzialni-spolecznie.pl\/en\/wp-json\/wp\/v2\/media\/1118"}],"wp:attachment":[{"href":"https:\/\/los-odpowiedzialni-spolecznie.pl\/en\/wp-json\/wp\/v2\/media?parent=1066"}],"wp:term":[{"taxonomy":"product_cat","embeddable":true,"href":"https:\/\/los-odpowiedzialni-spolecznie.pl\/en\/wp-json\/wp\/v2\/product_cat?post=1066"},{"taxonomy":"product_tag","embeddable":true,"href":"https:\/\/los-odpowiedzialni-spolecznie.pl\/en\/wp-json\/wp\/v2\/product_tag?post=1066"}],"curies":[{"name":"wp","href":"https:\/\/api.w.org\/{rel}","templated":true}]}}