{"id":1065,"date":"2024-12-23T16:08:13","date_gmt":"2024-12-23T15:08:13","guid":{"rendered":"https:\/\/los-odpowiedzialni-spolecznie.pl\/?post_type=product&#038;p=1065"},"modified":"2024-12-23T16:10:00","modified_gmt":"2024-12-23T15:10:00","slug":"budyn-truskawkowy-bezglutenowy-bio-40-g-amylon","status":"publish","type":"product","link":"https:\/\/los-odpowiedzialni-spolecznie.pl\/en\/sklep\/produkty-spozywcze\/przekaski\/slodkie\/budyn-truskawkowy-bezglutenowy-bio-40-g-amylon\/","title":{"rendered":"BUDY\u0143 TRUSKAWKOWY BEZGLUTENOWY BIO 40 g &#8211; AMYLON"},"content":{"rendered":"<h3>Opis Produktu<\/h3>\n<p><strong>BUDY\u0143 TRUSKAWKOWY BEZGLUTENOWY BIO 40 g &#8211; AMYLON<\/strong><\/p>\n<p>Budy\u0144 mo\u017cna przygotowa\u0107 tak\u017ce przy u\u017cyciu r\u00f3\u017cnych typ\u00f3w MLEKA (np. owczego, koziego) oraz napoj\u00f3w (np. sojowego, ry\u017cowego).<\/p>\n<p><strong>SK\u0141ADNIKI<\/strong><br \/>\nskrobia kukurydziana*, suszone truskawki* (6 %), sproszkowany burak czerwony*, naturalny aromat truskawkowy. (*certyfikowany sk\u0142adnik ekologiczny)<\/p>\n<p>&nbsp;<\/p>\n<p><strong>SPOS\u00d3B PRZYGOTOWANIA<\/strong><br \/>\n1. Z \u00bd litra zimnego MLEKA odla\u0107 350 ml.<br \/>\n2. Doda\u0107 2 \u0142y\u017cki cukru (ok. 40 g) i pozostawi\u0107 do zagotowania.<br \/>\n3. Do pozosta\u0142ego MLEKA (150 ml) wsypa\u0107 zawarto\u015b\u0107 torebki i dobrze wymiesza\u0107.<br \/>\n4. Do gotuj\u0105cego si\u0119 MLEKA wla\u0107 rozrobiony z mlekiem budy\u0144, ci\u0105gle mieszaj\u0105c jeszcze przez chwil\u0119 do zg\u0119stnienia.<br \/>\nGotowy budy\u0144 jest przeznaczony do szybkiego spo\u017cycia.<\/p>\n<p><strong>WARTO\u015a\u0106 OD\u017bYWCZA W 100 g produktu sypkiego<\/strong><br \/>\n<strong>Waro\u015b\u0107 energetyczna &#8211; 386 kJ\/91 kcal<\/strong><br \/>\nT\u0142uszcz &#8211; 1,3 g<br \/>\nw tym kwasy t\u0142uszczowe nasycone &#8211; 0,9 g<br \/>\nW\u0119glowodany &#8211; 17 g<br \/>\nw tym cukry &#8211; 11 g<br \/>\nBia\u0142ko &#8211; 2,9 g<br \/>\nS\u00f3l &#8211; 0,09 g<\/p>\n<p><strong>ZALECANE WARUNKI PRZECHOWYWANIA<\/strong><br \/>\nPrzechowywa\u0107 w suchym miejscu. Chroni\u0107 przed \u015bwiat\u0142em.<\/p>","protected":false},"excerpt":{"rendered":"<p>Opis Produktu BUDY\u0143 TRUSKAWKOWY BEZGLUTENOWY BIO 40 g &#8211; AMYLON Budy\u0144 mo\u017cna przygotowa\u0107 tak\u017ce przy u\u017cyciu r\u00f3\u017cnych typ\u00f3w MLEKA (np. owczego, koziego) oraz napoj\u00f3w (np. sojowego, ry\u017cowego). SK\u0141ADNIKI skrobia kukurydziana*, suszone truskawki* (6 %), sproszkowany burak czerwony*, naturalny aromat truskawkowy. (*certyfikowany sk\u0142adnik ekologiczny) &nbsp; SPOS\u00d3B PRZYGOTOWANIA 1. Z \u00bd litra zimnego MLEKA odla\u0107 350 ml. [&hellip;]<\/p>","protected":false},"featured_media":1117,"template":"","meta":{"site-sidebar-layout":"default","site-content-layout":"","ast-site-content-layout":"default","site-content-style":"default","site-sidebar-style":"default","ast-global-header-display":"","ast-banner-title-visibility":"","ast-main-header-display":"","ast-hfb-above-header-display":"","ast-hfb-below-header-display":"","ast-hfb-mobile-header-display":"","site-post-title":"","ast-breadcrumbs-content":"","ast-featured-img":"","footer-sml-layout":"","theme-transparent-header-meta":"default","adv-header-id-meta":"","stick-header-meta":"","header-above-stick-meta":"","header-main-stick-meta":"","header-below-stick-meta":"","astra-migrate-meta-layouts":"set","ast-page-background-enabled":"default","ast-page-background-meta":{"desktop":{"background-color":"var(--ast-global-color-4)","background-image":"","background-repeat":"repeat","background-position":"center center","background-size":"auto","background-attachment":"scroll","background-type":"","background-media":"","overlay-type":"","overlay-color":"","overlay-opacity":"","overlay-gradient":""},"tablet":{"background-color":"","background-image":"","background-repeat":"repeat","background-position":"center center","background-size":"auto","background-attachment":"scroll","background-type":"","background-media":"","overlay-type":"","overlay-color":"","overlay-opacity":"","overlay-gradient":""},"mobile":{"background-color":"","background-image":"","background-repeat":"repeat","background-position":"center center","background-size":"auto","background-attachment":"scroll","background-type":"","background-media":"","overlay-type":"","overlay-color":"","overlay-opacity":"","overlay-gradient":""}},"ast-content-background-meta":{"desktop":{"background-color":"var(--ast-global-color-5)","background-image":"","background-repeat":"repeat","background-position":"center center","background-size":"auto","background-attachment":"scroll","background-type":"","background-media":"","overlay-type":"","overlay-color":"","overlay-opacity":"","overlay-gradient":""},"tablet":{"background-color":"var(--ast-global-color-5)","background-image":"","background-repeat":"repeat","background-position":"center center","background-size":"auto","background-attachment":"scroll","background-type":"","background-media":"","overlay-type":"","overlay-color":"","overlay-opacity":"","overlay-gradient":""},"mobile":{"background-color":"var(--ast-global-color-5)","background-image":"","background-repeat":"repeat","background-position":"center center","background-size":"auto","background-attachment":"scroll","background-type":"","background-media":"","overlay-type":"","overlay-color":"","overlay-opacity":"","overlay-gradient":""}}},"product_cat":[25,37,24],"product_tag":[34],"class_list":{"0":"post-1065","1":"product","2":"type-product","3":"status-publish","4":"has-post-thumbnail","6":"product_cat-slodkie","7":"product_cat-owocowe","8":"product_cat-przekaski","9":"product_tag-etykieta-eko","10":"desktop-align-center","11":"tablet-align-left","12":"mobile-align-left","14":"first","15":"instock","16":"purchasable","17":"product-type-simple"},"_links":{"self":[{"href":"https:\/\/los-odpowiedzialni-spolecznie.pl\/en\/wp-json\/wp\/v2\/product\/1065","targetHints":{"allow":["GET"]}}],"collection":[{"href":"https:\/\/los-odpowiedzialni-spolecznie.pl\/en\/wp-json\/wp\/v2\/product"}],"about":[{"href":"https:\/\/los-odpowiedzialni-spolecznie.pl\/en\/wp-json\/wp\/v2\/types\/product"}],"wp:featuredmedia":[{"embeddable":true,"href":"https:\/\/los-odpowiedzialni-spolecznie.pl\/en\/wp-json\/wp\/v2\/media\/1117"}],"wp:attachment":[{"href":"https:\/\/los-odpowiedzialni-spolecznie.pl\/en\/wp-json\/wp\/v2\/media?parent=1065"}],"wp:term":[{"taxonomy":"product_cat","embeddable":true,"href":"https:\/\/los-odpowiedzialni-spolecznie.pl\/en\/wp-json\/wp\/v2\/product_cat?post=1065"},{"taxonomy":"product_tag","embeddable":true,"href":"https:\/\/los-odpowiedzialni-spolecznie.pl\/en\/wp-json\/wp\/v2\/product_tag?post=1065"}],"curies":[{"name":"wp","href":"https:\/\/api.w.org\/{rel}","templated":true}]}}