{"id":1064,"date":"2024-12-23T16:08:13","date_gmt":"2024-12-23T15:08:13","guid":{"rendered":"https:\/\/los-odpowiedzialni-spolecznie.pl\/?post_type=product&#038;p=1064"},"modified":"2024-12-23T16:09:55","modified_gmt":"2024-12-23T15:09:55","slug":"budyn-waniliowy-bezglutenowy-ekologiczny-40g-amylon","status":"publish","type":"product","link":"https:\/\/los-odpowiedzialni-spolecznie.pl\/en\/sklep\/produkty-spozywcze\/przekaski\/slodkie\/budyn-waniliowy-bezglutenowy-ekologiczny-40g-amylon\/","title":{"rendered":"Budy\u0144 Waniliowy Bezglutenowy Ekologiczny 40g &#8211; Amylon"},"content":{"rendered":"<h3>Opis Produktu<\/h3>\n<p><strong>BUDY\u0143 WANILIOWY BEZGLUTENOWY EKOLOGICZNY<\/strong><br \/>\nW proszku<br \/>\n<strong>Masa netto:<\/strong> 40 g<\/p>\n<p><strong>Sk\u0142adniki:<\/strong> skrobia kukurydziana*, mielona wanilia Bourbon* (1,5%), ekstrakt waniliowy<\/p>\n<p>*sk\u0142adniki pochodz\u0105ce z upraw ekologicznych<\/p>\n<p><strong>Jednostka certyfikuj\u0105ca:<\/strong> CZ-BIO-001<\/p>\n<p><strong>Pochodzenie sk\u0142adnik\u00f3w:<\/strong> Rolnictwo UE\/ spoza UE<\/p>\n<p><strong>Warunki przechowywania:<\/strong> Przechowywa\u0107 w suchym miejscu. Chroni\u0107 przed \u015bwiat\u0142em.<\/p>\n<p><strong>Spos\u00f3b przygotowania:<\/strong><br \/>\n<strong>1. Z 1\/2 litra mleka odla\u0107 1\/2 szklanki.<\/strong><br \/>\n<strong>2.Do pozosta\u0142ego mleka doda\u0107 2 \u0142y\u017cki cukru (ok 40 g) i pozostawi\u0107 do zagotowania.<\/strong><br \/>\n<strong>3. Do 1\/2 szklanki mleka wsypa\u0107 zawarto\u015b\u0107 torebki i dobrze wymiesza\u0107<\/strong><br \/>\n<strong>4. Do gotuj\u0105cego si\u0119 mleka wla\u0107 rozrobiony z mlekiem budy\u0144, ci\u0105gle mieszaj\u0105c jeszcze przez chwil\u0119 do zg\u0119stnienia. Gotowy budy\u0144 jest przeznaczony do szybkiego spo\u017cycia.<\/strong><\/p>\n<p><strong>Warto\u015b\u0107 od\u017cywcza w 100g<\/strong><\/p>\n<p><strong>\u00a0Warto\u015b\u0107 energetyczna 1495 kJ\/ 352 kcal<\/strong><br \/>\nT\u0142uszcz<br \/>\nw tym kwasy t\u0142uszczowe nasycone<br \/>\nW\u0119glowodany 87 g<br \/>\nw tym cukry 0,8 g<br \/>\nBia\u0142ko 0,9 g<br \/>\nS\u00f3l 0,02 g<\/p>","protected":false},"excerpt":{"rendered":"<p>Opis Produktu BUDY\u0143 WANILIOWY BEZGLUTENOWY EKOLOGICZNY W proszku Masa netto: 40 g Sk\u0142adniki: skrobia kukurydziana*, mielona wanilia Bourbon* (1,5%), ekstrakt waniliowy *sk\u0142adniki pochodz\u0105ce z upraw ekologicznych Jednostka certyfikuj\u0105ca: CZ-BIO-001 Pochodzenie sk\u0142adnik\u00f3w: Rolnictwo UE\/ spoza UE Warunki przechowywania: Przechowywa\u0107 w suchym miejscu. Chroni\u0107 przed \u015bwiat\u0142em. Spos\u00f3b przygotowania: 1. Z 1\/2 litra mleka odla\u0107 1\/2 szklanki. 2.Do [&hellip;]<\/p>","protected":false},"featured_media":1116,"template":"","meta":{"site-sidebar-layout":"default","site-content-layout":"","ast-site-content-layout":"default","site-content-style":"default","site-sidebar-style":"default","ast-global-header-display":"","ast-banner-title-visibility":"","ast-main-header-display":"","ast-hfb-above-header-display":"","ast-hfb-below-header-display":"","ast-hfb-mobile-header-display":"","site-post-title":"","ast-breadcrumbs-content":"","ast-featured-img":"","footer-sml-layout":"","theme-transparent-header-meta":"default","adv-header-id-meta":"","stick-header-meta":"","header-above-stick-meta":"","header-main-stick-meta":"","header-below-stick-meta":"","astra-migrate-meta-layouts":"set","ast-page-background-enabled":"default","ast-page-background-meta":{"desktop":{"background-color":"var(--ast-global-color-4)","background-image":"","background-repeat":"repeat","background-position":"center center","background-size":"auto","background-attachment":"scroll","background-type":"","background-media":"","overlay-type":"","overlay-color":"","overlay-opacity":"","overlay-gradient":""},"tablet":{"background-color":"","background-image":"","background-repeat":"repeat","background-position":"center center","background-size":"auto","background-attachment":"scroll","background-type":"","background-media":"","overlay-type":"","overlay-color":"","overlay-opacity":"","overlay-gradient":""},"mobile":{"background-color":"","background-image":"","background-repeat":"repeat","background-position":"center center","background-size":"auto","background-attachment":"scroll","background-type":"","background-media":"","overlay-type":"","overlay-color":"","overlay-opacity":"","overlay-gradient":""}},"ast-content-background-meta":{"desktop":{"background-color":"var(--ast-global-color-5)","background-image":"","background-repeat":"repeat","background-position":"center center","background-size":"auto","background-attachment":"scroll","background-type":"","background-media":"","overlay-type":"","overlay-color":"","overlay-opacity":"","overlay-gradient":""},"tablet":{"background-color":"var(--ast-global-color-5)","background-image":"","background-repeat":"repeat","background-position":"center center","background-size":"auto","background-attachment":"scroll","background-type":"","background-media":"","overlay-type":"","overlay-color":"","overlay-opacity":"","overlay-gradient":""},"mobile":{"background-color":"var(--ast-global-color-5)","background-image":"","background-repeat":"repeat","background-position":"center center","background-size":"auto","background-attachment":"scroll","background-type":"","background-media":"","overlay-type":"","overlay-color":"","overlay-opacity":"","overlay-gradient":""}}},"product_cat":[25,24],"product_tag":[34],"class_list":{"0":"post-1064","1":"product","2":"type-product","3":"status-publish","4":"has-post-thumbnail","6":"product_cat-slodkie","7":"product_cat-przekaski","8":"product_tag-etykieta-eko","9":"desktop-align-center","10":"tablet-align-left","11":"mobile-align-left","13":"first","14":"instock","15":"purchasable","16":"product-type-simple"},"_links":{"self":[{"href":"https:\/\/los-odpowiedzialni-spolecznie.pl\/en\/wp-json\/wp\/v2\/product\/1064","targetHints":{"allow":["GET"]}}],"collection":[{"href":"https:\/\/los-odpowiedzialni-spolecznie.pl\/en\/wp-json\/wp\/v2\/product"}],"about":[{"href":"https:\/\/los-odpowiedzialni-spolecznie.pl\/en\/wp-json\/wp\/v2\/types\/product"}],"wp:featuredmedia":[{"embeddable":true,"href":"https:\/\/los-odpowiedzialni-spolecznie.pl\/en\/wp-json\/wp\/v2\/media\/1116"}],"wp:attachment":[{"href":"https:\/\/los-odpowiedzialni-spolecznie.pl\/en\/wp-json\/wp\/v2\/media?parent=1064"}],"wp:term":[{"taxonomy":"product_cat","embeddable":true,"href":"https:\/\/los-odpowiedzialni-spolecznie.pl\/en\/wp-json\/wp\/v2\/product_cat?post=1064"},{"taxonomy":"product_tag","embeddable":true,"href":"https:\/\/los-odpowiedzialni-spolecznie.pl\/en\/wp-json\/wp\/v2\/product_tag?post=1064"}],"curies":[{"name":"wp","href":"https:\/\/api.w.org\/{rel}","templated":true}]}}