{"id":1063,"date":"2024-12-23T16:08:13","date_gmt":"2024-12-23T15:08:13","guid":{"rendered":"https:\/\/los-odpowiedzialni-spolecznie.pl\/?post_type=product&#038;p=1063"},"modified":"2024-12-23T16:09:52","modified_gmt":"2024-12-23T15:09:52","slug":"budyn-proteinowy-truskawkowy-bez-dodatku-cukru-bezglutenowy-bio-45-g-amylon","status":"publish","type":"product","link":"https:\/\/los-odpowiedzialni-spolecznie.pl\/en\/sklep\/produkty-spozywcze\/przekaski\/slodkie\/budyn-proteinowy-truskawkowy-bez-dodatku-cukru-bezglutenowy-bio-45-g-amylon\/","title":{"rendered":"BUDY\u0143 PROTEINOWY TRUSKAWKOWY BEZ DODATKU CUKRU BEZGLUTENOWY BIO 45 g &#8211; AMYLON"},"content":{"rendered":"<h3>Opis Produktu<\/h3>\n<p><strong>BUDY\u0143 PROTEINOWY TRUSKAWKOWY BEZ DODATKU CUKRU BEZGLUTENOWY BIO 45 g &#8211; AMYLON<\/strong><\/p>\n<p>Co wyr\u00f3\u017cnia budy\u0144 proteinowy? Budy\u0144 proteinowy jest produktem funkcjonalnym b\u0119d\u0105cym \u017ar\u00f3d\u0142em bia\u0142ka, dzi\u0119ki zawarto\u015bci WPC, jednocze\u015bnie zachowuj\u0105c wszystkie w\u0142a\u015bciwo\u015bci tradycyjnego budyniu tj. smak, konsystencja, czy zapach. Czym jest WPC &#8211; \u017ar\u00f3d\u0142o bia\u0142ka budyniu? Bia\u0142ko WPC to z angielskiego Whey Protein Concentrate, czyli w dos\u0142ownym t\u0142umaczeniu koncentrat bia\u0142ka serwatki \u2013 znane i doceniane przez sportowc\u00f3w. Jakie s\u0105 w\u0142a\u015bciwo\u015bci WPC?<\/p>\n<ul>\n<li>Posiada \u0142atwo przyswajalne aminokwasy, kt\u00f3re pomagaj\u0105 w budowaniu i naprawie tkanek mi\u0119\u015bniowych<\/li>\n<li>Wspomaga uk\u0142ad odporno\u015bciowy i utrzymanie zdrowia<\/li>\n<li>Mo\u017ce pom\u00f3c w utrzymaniu uczucia syto\u015bci i kontroli apetytu<\/li>\n<li>Zawiera ma\u0142e ilo\u015bci w\u0119glowodan\u00f3w i t\u0142uszczu, co sprawia, \u017ce jest stosunkowo niskokaloryczny<\/li>\n<li>Mo\u017ce by\u0107 stosowany jako dodatek do przek\u0105sek i posi\u0142k\u00f3w w celu zwi\u0119kszenia zawarto\u015bci bia\u0142ka<\/li>\n<li>Posiada doskona\u0142y profil aminokwas\u00f3w, w tym znaczn\u0105 ilo\u015b\u0107 aminokwas\u00f3w rozga\u0142\u0119zionych (BCAA)<\/li>\n<li>Mo\u017ce by\u0107 \u0142atwo rozpuszczalny i ma przyjemny smak, co sprawia, \u017ce jest dobrym sk\u0142adnikiem wypiek\u00f3w i koktajli bia\u0142kowych.<\/li>\n<\/ul>\n<p><strong>SPOS\u00d3B PRZYGOTOWANIA<\/strong><br \/>\n1. Z 400 ml zimnego MLEKA odla\u0107 300 ml.<br \/>\n2. Doda\u0107 2 \u0142y\u017cki cukru (ok. 40 g) i pozostawi\u0107 do zagotowania.<br \/>\n3. Do pozosta\u0142ego MLEKA (100 ml) wsypa\u0107 zawarto\u015b\u0107 torebki i dobrze wymiesza\u0107.<br \/>\n4. Do gotuj\u0105cego si\u0119 MLEKA wla\u0107 rozrobiony z mlekiem budy\u0144, ci\u0105gle mieszaj\u0105c jeszcze przez chwil\u0119 do zg\u0119stnienia.<br \/>\nGotowy budy\u0144 jest przeznaczony do szybkiego spo\u017cycia. Budy\u0144 mo\u017cna przygotowa\u0107 r\u00f3wnie\u017c na napoju SOJOWYM czy owsianym.<\/p>\n<p><strong>WARTO\u015a\u0106 OD\u017bYWCZA w 100 g sypkiego budyniu<\/strong><br \/>\n<strong>Warto\u015b\u0107 energetyczna: 1574 kJ\/372 kcal<\/strong><br \/>\nT\u0142uszcz: 1,9 g<br \/>\nw tym kwasy t\u0142uszczowe nasycone: 1,3 g<br \/>\nW\u0119glowodany: 57 g<br \/>\nw tym cukry: 6,5 g<br \/>\nBia\u0142ko: 31 g<br \/>\nS\u00f3l: 1,11 g<\/p>\n<p><strong>ZALECANE WARUNKI PRZECHOWYWANIA<\/strong><\/p>\n<p>Przechowywa\u0107 w suchym miejscu, chroni\u0107 przed \u015bwiat\u0142em.<\/p>","protected":false},"excerpt":{"rendered":"<p>Opis Produktu BUDY\u0143 PROTEINOWY TRUSKAWKOWY BEZ DODATKU CUKRU BEZGLUTENOWY BIO 45 g &#8211; AMYLON Co wyr\u00f3\u017cnia budy\u0144 proteinowy? Budy\u0144 proteinowy jest produktem funkcjonalnym b\u0119d\u0105cym \u017ar\u00f3d\u0142em bia\u0142ka, dzi\u0119ki zawarto\u015bci WPC, jednocze\u015bnie zachowuj\u0105c wszystkie w\u0142a\u015bciwo\u015bci tradycyjnego budyniu tj. smak, konsystencja, czy zapach. Czym jest WPC &#8211; \u017ar\u00f3d\u0142o bia\u0142ka budyniu? Bia\u0142ko WPC to z angielskiego Whey Protein Concentrate, [&hellip;]<\/p>","protected":false},"featured_media":1115,"template":"","meta":{"site-sidebar-layout":"default","site-content-layout":"","ast-site-content-layout":"default","site-content-style":"default","site-sidebar-style":"default","ast-global-header-display":"","ast-banner-title-visibility":"","ast-main-header-display":"","ast-hfb-above-header-display":"","ast-hfb-below-header-display":"","ast-hfb-mobile-header-display":"","site-post-title":"","ast-breadcrumbs-content":"","ast-featured-img":"","footer-sml-layout":"","theme-transparent-header-meta":"default","adv-header-id-meta":"","stick-header-meta":"","header-above-stick-meta":"","header-main-stick-meta":"","header-below-stick-meta":"","astra-migrate-meta-layouts":"set","ast-page-background-enabled":"default","ast-page-background-meta":{"desktop":{"background-color":"var(--ast-global-color-4)","background-image":"","background-repeat":"repeat","background-position":"center center","background-size":"auto","background-attachment":"scroll","background-type":"","background-media":"","overlay-type":"","overlay-color":"","overlay-opacity":"","overlay-gradient":""},"tablet":{"background-color":"","background-image":"","background-repeat":"repeat","background-position":"center center","background-size":"auto","background-attachment":"scroll","background-type":"","background-media":"","overlay-type":"","overlay-color":"","overlay-opacity":"","overlay-gradient":""},"mobile":{"background-color":"","background-image":"","background-repeat":"repeat","background-position":"center center","background-size":"auto","background-attachment":"scroll","background-type":"","background-media":"","overlay-type":"","overlay-color":"","overlay-opacity":"","overlay-gradient":""}},"ast-content-background-meta":{"desktop":{"background-color":"var(--ast-global-color-5)","background-image":"","background-repeat":"repeat","background-position":"center center","background-size":"auto","background-attachment":"scroll","background-type":"","background-media":"","overlay-type":"","overlay-color":"","overlay-opacity":"","overlay-gradient":""},"tablet":{"background-color":"var(--ast-global-color-5)","background-image":"","background-repeat":"repeat","background-position":"center center","background-size":"auto","background-attachment":"scroll","background-type":"","background-media":"","overlay-type":"","overlay-color":"","overlay-opacity":"","overlay-gradient":""},"mobile":{"background-color":"var(--ast-global-color-5)","background-image":"","background-repeat":"repeat","background-position":"center center","background-size":"auto","background-attachment":"scroll","background-type":"","background-media":"","overlay-type":"","overlay-color":"","overlay-opacity":"","overlay-gradient":""}}},"product_cat":[25,37,24,65],"product_tag":[34],"class_list":{"0":"post-1063","1":"product","2":"type-product","3":"status-publish","4":"has-post-thumbnail","6":"product_cat-slodkie","7":"product_cat-owocowe","8":"product_cat-przekaski","9":"product_cat-produkty-proteinowe","10":"product_tag-etykieta-eko","11":"desktop-align-center","12":"tablet-align-left","13":"mobile-align-left","15":"first","16":"instock","17":"purchasable","18":"product-type-simple"},"_links":{"self":[{"href":"https:\/\/los-odpowiedzialni-spolecznie.pl\/en\/wp-json\/wp\/v2\/product\/1063","targetHints":{"allow":["GET"]}}],"collection":[{"href":"https:\/\/los-odpowiedzialni-spolecznie.pl\/en\/wp-json\/wp\/v2\/product"}],"about":[{"href":"https:\/\/los-odpowiedzialni-spolecznie.pl\/en\/wp-json\/wp\/v2\/types\/product"}],"wp:featuredmedia":[{"embeddable":true,"href":"https:\/\/los-odpowiedzialni-spolecznie.pl\/en\/wp-json\/wp\/v2\/media\/1115"}],"wp:attachment":[{"href":"https:\/\/los-odpowiedzialni-spolecznie.pl\/en\/wp-json\/wp\/v2\/media?parent=1063"}],"wp:term":[{"taxonomy":"product_cat","embeddable":true,"href":"https:\/\/los-odpowiedzialni-spolecznie.pl\/en\/wp-json\/wp\/v2\/product_cat?post=1063"},{"taxonomy":"product_tag","embeddable":true,"href":"https:\/\/los-odpowiedzialni-spolecznie.pl\/en\/wp-json\/wp\/v2\/product_tag?post=1063"}],"curies":[{"name":"wp","href":"https:\/\/api.w.org\/{rel}","templated":true}]}}