{"id":1062,"date":"2024-12-23T16:08:13","date_gmt":"2024-12-23T15:08:13","guid":{"rendered":"https:\/\/los-odpowiedzialni-spolecznie.pl\/?post_type=product&#038;p=1062"},"modified":"2024-12-23T16:09:49","modified_gmt":"2024-12-23T15:09:49","slug":"budyn-proteinowy-o-smaku-czekoladowym-bez-dodatku-cukru-bezglutenowy-bio-45-g-amylon","status":"publish","type":"product","link":"https:\/\/los-odpowiedzialni-spolecznie.pl\/en\/sklep\/produkty-spozywcze\/przekaski\/slodkie\/budyn-proteinowy-o-smaku-czekoladowym-bez-dodatku-cukru-bezglutenowy-bio-45-g-amylon\/","title":{"rendered":"BUDY\u0143 PROTEINOWY O SMAKU CZEKOLADOWYM BEZ DODATKU CUKRU BEZGLUTENOWY BIO 45 g &#8211; AMYLON"},"content":{"rendered":"<h3>Opis Produktu<\/h3>\n<p><strong>BUDY\u0143 PROTEINOWY O SMAKU CZEKOLADOWYM BEZ DODATKU CUKRU BEZGLUTENOWY BIO 45 g &#8211; AMYLON<\/strong><\/p>\n<p><strong>Co wyr\u00f3\u017cnia budy\u0144 proteinowy? Budy\u0144 proteinowy jest produktem funkcjonalnym b\u0119d\u0105cym \u017ar\u00f3d\u0142em bia\u0142ka, dzi\u0119ki zawarto\u015bci WPC, jednocze\u015bnie zachowuj\u0105c wszystkie w\u0142a\u015bciwo\u015bci tradycyjnego budyniu tj. smak, konsystencja, czy zapach.<\/strong><\/p>\n<ul>\n<li>WPC chroni i wzmacnia uk\u0142ad odporno\u015bciowy<\/li>\n<li>Wysoka zawarto\u015b\u0107 aminokwas\u00f3w rozga\u0142\u0119zionych (BCAA) wp\u0142ywa korzystnie na prac\u0119 i wydolno\u015b\u0107 mi\u0119\u015bni<\/li>\n<li>Dzia\u0142a antyoksydacyjnie, zwalczaj\u0105c wolne rodniki<\/li>\n<li>WPC zawiera naturalnie wyst\u0119puj\u0105ce hormony wzrostu, co pomaga w budowaniu tkanki mi\u0119\u015bniowej<\/li>\n<li>Potrafi regulowa\u0107 poziom glukozy we krwi<\/li>\n<li>Dzia\u0142a przeciwzapalnie i przeciwwirusowo<\/li>\n<li>Ma pozytywny wp\u0142yw na zdrowie sk\u00f3ry, w\u0142os\u00f3w i paznokci<\/li>\n<li>WPC zawiera peptydy bioaktywne, kt\u00f3re wp\u0142ywaj\u0105 korzystnie na zdrowie i funkcjonowanie organizmu.<\/li>\n<\/ul>\n<div id=\"content-wrapper\">\n<section id=\"main\">\n<div id=\"tabInfoproduct\" class=\"tabs\">\n<div id=\"tab-content\" class=\"tab-content\">\n<div id=\"description\" class=\"tab-pane fade in active\">\n<div class=\"product-description\"><strong>SPOS\u00d3B PRZYGOTOWANIA<\/strong><br \/>\n1. Z 400 ml zimnego MLEKA odla\u0107 300 ml.<br \/>\n2. Doda\u0107 2 \u0142y\u017cki cukru (ok. 40 g) i pozostawi\u0107 do zagotowania.<br \/>\n3. Do pozosta\u0142ego MLEKA (100 ml) wsypa\u0107 zawarto\u015b\u0107 torebki i dobrze wymiesza\u0107.<br \/>\n4. Do gotuj\u0105cego si\u0119 MLEKA wla\u0107 rozrobiony z mlekiem budy\u0144, ci\u0105gle mieszaj\u0105c jeszcze przez chwil\u0119 do zg\u0119stnienia.<br \/>\nGotowy budy\u0144 jest przeznaczony do szybkiego spo\u017cycia. Budy\u0144 mo\u017cna przygotowa\u0107 r\u00f3wnie\u017c na napoju SOJOWYM czy owsianym.<\/p>\n<p><strong>WARTO\u015a\u0106 OD\u017bYWCZA w 100 g sypkiego budyniu<\/strong><br \/>\nWarto\u015b\u0107 energetyczna: 1531 kJ\/363 kcal<br \/>\nT\u0142uszcz: 3,8 g<br \/>\nw tym kwasy t\u0142uszczowe nasycone: 2,6 g<br \/>\nW\u0119glowodany: 43 g<br \/>\nw tym cukry: 4,6 g<br \/>\nBia\u0142ko: 35 g<br \/>\nS\u00f3l: 1,11 g<\/p>\n<p><strong>ZALECANE WARUNKI PRZECHOWYWANIA<\/strong><br \/>\nPrzechowywa\u0107 w suchym miejscu, chroni\u0107 przed \u015bwiat\u0142em.<\/div>\n<\/div>\n<\/div>\n<\/div>\n<footer class=\"page-footer\"><\/footer>\n<\/section>\n<\/div>\n<div class=\"dor-before-product clearfix\">\n<div class=\"clearfix blockproductscategory show-hover2\"><\/div>\n<\/div>","protected":false},"excerpt":{"rendered":"<p>Opis Produktu BUDY\u0143 PROTEINOWY O SMAKU CZEKOLADOWYM BEZ DODATKU CUKRU BEZGLUTENOWY BIO 45 g &#8211; AMYLON Co wyr\u00f3\u017cnia budy\u0144 proteinowy? Budy\u0144 proteinowy jest produktem funkcjonalnym b\u0119d\u0105cym \u017ar\u00f3d\u0142em bia\u0142ka, dzi\u0119ki zawarto\u015bci WPC, jednocze\u015bnie zachowuj\u0105c wszystkie w\u0142a\u015bciwo\u015bci tradycyjnego budyniu tj. smak, konsystencja, czy zapach. WPC chroni i wzmacnia uk\u0142ad odporno\u015bciowy Wysoka zawarto\u015b\u0107 aminokwas\u00f3w rozga\u0142\u0119zionych (BCAA) wp\u0142ywa korzystnie [&hellip;]<\/p>","protected":false},"featured_media":1114,"template":"","meta":{"site-sidebar-layout":"default","site-content-layout":"","ast-site-content-layout":"default","site-content-style":"default","site-sidebar-style":"default","ast-global-header-display":"","ast-banner-title-visibility":"","ast-main-header-display":"","ast-hfb-above-header-display":"","ast-hfb-below-header-display":"","ast-hfb-mobile-header-display":"","site-post-title":"","ast-breadcrumbs-content":"","ast-featured-img":"","footer-sml-layout":"","theme-transparent-header-meta":"default","adv-header-id-meta":"","stick-header-meta":"","header-above-stick-meta":"","header-main-stick-meta":"","header-below-stick-meta":"","astra-migrate-meta-layouts":"set","ast-page-background-enabled":"default","ast-page-background-meta":{"desktop":{"background-color":"var(--ast-global-color-4)","background-image":"","background-repeat":"repeat","background-position":"center center","background-size":"auto","background-attachment":"scroll","background-type":"","background-media":"","overlay-type":"","overlay-color":"","overlay-opacity":"","overlay-gradient":""},"tablet":{"background-color":"","background-image":"","background-repeat":"repeat","background-position":"center center","background-size":"auto","background-attachment":"scroll","background-type":"","background-media":"","overlay-type":"","overlay-color":"","overlay-opacity":"","overlay-gradient":""},"mobile":{"background-color":"","background-image":"","background-repeat":"repeat","background-position":"center center","background-size":"auto","background-attachment":"scroll","background-type":"","background-media":"","overlay-type":"","overlay-color":"","overlay-opacity":"","overlay-gradient":""}},"ast-content-background-meta":{"desktop":{"background-color":"var(--ast-global-color-5)","background-image":"","background-repeat":"repeat","background-position":"center center","background-size":"auto","background-attachment":"scroll","background-type":"","background-media":"","overlay-type":"","overlay-color":"","overlay-opacity":"","overlay-gradient":""},"tablet":{"background-color":"var(--ast-global-color-5)","background-image":"","background-repeat":"repeat","background-position":"center center","background-size":"auto","background-attachment":"scroll","background-type":"","background-media":"","overlay-type":"","overlay-color":"","overlay-opacity":"","overlay-gradient":""},"mobile":{"background-color":"var(--ast-global-color-5)","background-image":"","background-repeat":"repeat","background-position":"center center","background-size":"auto","background-attachment":"scroll","background-type":"","background-media":"","overlay-type":"","overlay-color":"","overlay-opacity":"","overlay-gradient":""}}},"product_cat":[25,24,65],"product_tag":[34],"class_list":{"0":"post-1062","1":"product","2":"type-product","3":"status-publish","4":"has-post-thumbnail","6":"product_cat-slodkie","7":"product_cat-przekaski","8":"product_cat-produkty-proteinowe","9":"product_tag-etykieta-eko","10":"desktop-align-center","11":"tablet-align-left","12":"mobile-align-left","14":"first","15":"instock","16":"purchasable","17":"product-type-simple"},"_links":{"self":[{"href":"https:\/\/los-odpowiedzialni-spolecznie.pl\/en\/wp-json\/wp\/v2\/product\/1062","targetHints":{"allow":["GET"]}}],"collection":[{"href":"https:\/\/los-odpowiedzialni-spolecznie.pl\/en\/wp-json\/wp\/v2\/product"}],"about":[{"href":"https:\/\/los-odpowiedzialni-spolecznie.pl\/en\/wp-json\/wp\/v2\/types\/product"}],"wp:featuredmedia":[{"embeddable":true,"href":"https:\/\/los-odpowiedzialni-spolecznie.pl\/en\/wp-json\/wp\/v2\/media\/1114"}],"wp:attachment":[{"href":"https:\/\/los-odpowiedzialni-spolecznie.pl\/en\/wp-json\/wp\/v2\/media?parent=1062"}],"wp:term":[{"taxonomy":"product_cat","embeddable":true,"href":"https:\/\/los-odpowiedzialni-spolecznie.pl\/en\/wp-json\/wp\/v2\/product_cat?post=1062"},{"taxonomy":"product_tag","embeddable":true,"href":"https:\/\/los-odpowiedzialni-spolecznie.pl\/en\/wp-json\/wp\/v2\/product_tag?post=1062"}],"curies":[{"name":"wp","href":"https:\/\/api.w.org\/{rel}","templated":true}]}}