{"id":1059,"date":"2024-12-23T16:08:13","date_gmt":"2024-12-23T15:08:13","guid":{"rendered":"https:\/\/los-odpowiedzialni-spolecznie.pl\/?post_type=product&#038;p=1059"},"modified":"2024-12-23T16:09:40","modified_gmt":"2024-12-23T15:09:40","slug":"chipsy-ziemniaczane-naturalne-bez-dodatku-soli-bio-125-g-trafo","status":"publish","type":"product","link":"https:\/\/los-odpowiedzialni-spolecznie.pl\/en\/sklep\/produkty-spozywcze\/przekaski\/chipsy-ziemniaczane-naturalne-bez-dodatku-soli-bio-125-g-trafo\/","title":{"rendered":"CHIPSY ZIEMNIACZANE NATURALNE BEZ DODATKU SOLI BIO 125 G TRAFO"},"content":{"rendered":"<h3>Opis Produktu<\/h3>\n<p class=\"product_name__name m-0\"><strong>CHIPSY ZIEMNIACZANE NATURALNE BEZ DODATKU SOLI BIO 125 G TRAFO<\/strong><\/p>\n<p><strong>Trafo Bio Organic Snacks Bo Salt Potato Chips<\/strong>\u00a0to\u00a0<strong>ekologiczne chipsy ziemniaczane<\/strong>\u00a0o smaku\u00a0<strong>naturalnym<\/strong>\u00a0to prosty sk\u0142ad i najwy\u017csza jako\u015b\u0107. Chipsy nie zawieraj\u0105 dodatku soli.\u00a0Produkt mog\u0105 spo\u017cywa\u0107 weganie i wegetarianie.<\/p>\n<p>Chrupi\u0105ce i aromatyczne chipsy to smaczna przek\u0105ska dla dzieci i doros\u0142ych. Zamkni\u0119te w wygodnej torebce, kt\u00f3r\u0105 zabierzesz ze sob\u0105 do szko\u0142y, na wypad w plener, czy do kina. Idealne na wieczorne imprezy ze znajomymi.<\/p>\n<h2>Sk\u0142adniki<\/h2>\n<p>ziemniaki*, olej s\u0142onecznikowy*, przeciwutleniacze: ekstrakt z rozmarynu*, kwas askorbinowy<\/p>\n<p>*certyfikowany sk\u0142adnik ekologiczny<\/p>\n<h3>Warto\u015b\u0107 od\u017cywcza w 100 g<\/h3>\n<p>Warto\u015b\u0107 energetyczna &#8211; 2305 kJ \/ 549 kcal<\/p>\n<p>T\u0142uszcz &#8211; 36 g w tym kwasy t\u0142uszczowe nasycone &#8211; 3,4 g<\/p>\n<p>W\u0119glowodany &#8211; 48 g w tym cukry &#8211; 1,2 g<\/p>\n<p>B\u0142onnik &#8211; 5,2 g<\/p>\n<p>Bia\u0142ko &#8211; 5,2 g<\/p>\n<p>S\u00f3l &#8211; 0,09 g<\/p>\n<p><strong>Informacje dodatkowe:<\/strong>\u00a0Przechowywa\u0107 w ch\u0142odnym i suchym miejscu.\u00a0Spo\u017cy\u0107 natychmiast po otwarciu.<\/p>\n<h3>Masa netto: 125 g<\/h3>","protected":false},"excerpt":{"rendered":"<p>Opis Produktu CHIPSY ZIEMNIACZANE NATURALNE BEZ DODATKU SOLI BIO 125 G TRAFO Trafo Bio Organic Snacks Bo Salt Potato Chips\u00a0to\u00a0ekologiczne chipsy ziemniaczane\u00a0o smaku\u00a0naturalnym\u00a0to prosty sk\u0142ad i najwy\u017csza jako\u015b\u0107. Chipsy nie zawieraj\u0105 dodatku soli.\u00a0Produkt mog\u0105 spo\u017cywa\u0107 weganie i wegetarianie. Chrupi\u0105ce i aromatyczne chipsy to smaczna przek\u0105ska dla dzieci i doros\u0142ych. Zamkni\u0119te w wygodnej torebce, kt\u00f3r\u0105 zabierzesz [&hellip;]<\/p>","protected":false},"featured_media":1103,"template":"","meta":{"site-sidebar-layout":"default","site-content-layout":"","ast-site-content-layout":"default","site-content-style":"default","site-sidebar-style":"default","ast-global-header-display":"","ast-banner-title-visibility":"","ast-main-header-display":"","ast-hfb-above-header-display":"","ast-hfb-below-header-display":"","ast-hfb-mobile-header-display":"","site-post-title":"","ast-breadcrumbs-content":"","ast-featured-img":"","footer-sml-layout":"","theme-transparent-header-meta":"default","adv-header-id-meta":"","stick-header-meta":"","header-above-stick-meta":"","header-main-stick-meta":"","header-below-stick-meta":"","astra-migrate-meta-layouts":"set","ast-page-background-enabled":"default","ast-page-background-meta":{"desktop":{"background-color":"var(--ast-global-color-4)","background-image":"","background-repeat":"repeat","background-position":"center center","background-size":"auto","background-attachment":"scroll","background-type":"","background-media":"","overlay-type":"","overlay-color":"","overlay-opacity":"","overlay-gradient":""},"tablet":{"background-color":"","background-image":"","background-repeat":"repeat","background-position":"center center","background-size":"auto","background-attachment":"scroll","background-type":"","background-media":"","overlay-type":"","overlay-color":"","overlay-opacity":"","overlay-gradient":""},"mobile":{"background-color":"","background-image":"","background-repeat":"repeat","background-position":"center center","background-size":"auto","background-attachment":"scroll","background-type":"","background-media":"","overlay-type":"","overlay-color":"","overlay-opacity":"","overlay-gradient":""}},"ast-content-background-meta":{"desktop":{"background-color":"var(--ast-global-color-5)","background-image":"","background-repeat":"repeat","background-position":"center center","background-size":"auto","background-attachment":"scroll","background-type":"","background-media":"","overlay-type":"","overlay-color":"","overlay-opacity":"","overlay-gradient":""},"tablet":{"background-color":"var(--ast-global-color-5)","background-image":"","background-repeat":"repeat","background-position":"center center","background-size":"auto","background-attachment":"scroll","background-type":"","background-media":"","overlay-type":"","overlay-color":"","overlay-opacity":"","overlay-gradient":""},"mobile":{"background-color":"var(--ast-global-color-5)","background-image":"","background-repeat":"repeat","background-position":"center center","background-size":"auto","background-attachment":"scroll","background-type":"","background-media":"","overlay-type":"","overlay-color":"","overlay-opacity":"","overlay-gradient":""}}},"product_cat":[24],"product_tag":[34],"class_list":{"0":"post-1059","1":"product","2":"type-product","3":"status-publish","4":"has-post-thumbnail","6":"product_cat-przekaski","7":"product_tag-etykieta-eko","8":"desktop-align-center","9":"tablet-align-left","10":"mobile-align-left","12":"first","13":"onbackorder","14":"purchasable","15":"product-type-simple"},"_links":{"self":[{"href":"https:\/\/los-odpowiedzialni-spolecznie.pl\/en\/wp-json\/wp\/v2\/product\/1059","targetHints":{"allow":["GET"]}}],"collection":[{"href":"https:\/\/los-odpowiedzialni-spolecznie.pl\/en\/wp-json\/wp\/v2\/product"}],"about":[{"href":"https:\/\/los-odpowiedzialni-spolecznie.pl\/en\/wp-json\/wp\/v2\/types\/product"}],"wp:featuredmedia":[{"embeddable":true,"href":"https:\/\/los-odpowiedzialni-spolecznie.pl\/en\/wp-json\/wp\/v2\/media\/1103"}],"wp:attachment":[{"href":"https:\/\/los-odpowiedzialni-spolecznie.pl\/en\/wp-json\/wp\/v2\/media?parent=1059"}],"wp:term":[{"taxonomy":"product_cat","embeddable":true,"href":"https:\/\/los-odpowiedzialni-spolecznie.pl\/en\/wp-json\/wp\/v2\/product_cat?post=1059"},{"taxonomy":"product_tag","embeddable":true,"href":"https:\/\/los-odpowiedzialni-spolecznie.pl\/en\/wp-json\/wp\/v2\/product_tag?post=1059"}],"curies":[{"name":"wp","href":"https:\/\/api.w.org\/{rel}","templated":true}]}}