{"id":1050,"date":"2024-12-23T16:07:51","date_gmt":"2024-12-23T15:07:51","guid":{"rendered":"https:\/\/los-odpowiedzialni-spolecznie.pl\/?post_type=product&#038;p=1050"},"modified":"2024-12-23T16:09:37","modified_gmt":"2024-12-23T15:09:37","slug":"chipsy-ziemniaczane-o-smaku-paprykowym-bio-125-g-trafo","status":"publish","type":"product","link":"https:\/\/los-odpowiedzialni-spolecznie.pl\/en\/sklep\/produkty-spozywcze\/przekaski\/slone\/chipsy-ziemniaczane-o-smaku-paprykowym-bio-125-g-trafo\/","title":{"rendered":"CHIPSY ZIEMNIACZANE O SMAKU PAPRYKOWYM BIO 125 G &#8211; TRAFO"},"content":{"rendered":"<h3>Opis Produktu<\/h3>\n<p class=\"product_name__name m-0\"><strong>CHIPSY ZIEMNIACZANE O SMAKU PAPRYKOWYM BIO 125 G &#8211; TRAFO<\/strong><\/p>\n<p>Ekologiczne chipsy\u00a0<strong>ziemniaczane o smaku paprykowym<\/strong>\u00a0&#8211; Potato Chips &amp; Paprika &#8211; to prosty sk\u0142ad i najwy\u017csza jako\u015b\u0107.<\/p>\n<p>Produkt mog\u0105 spo\u017cywa\u0107 weganie i wegetarianie.<\/p>\n<p>Chrupi\u0105ce i aromatyczne chipsy to smaczna przek\u0105ska dla dzieci i doros\u0142ych. Zamkni\u0119te w wygodnej torebce, kt\u00f3r\u0105 zabierzesz ze sob\u0105 do szko\u0142y, na wypad w plener, czy do kina. Idealne na wieczorne imprezy ze znajomymi.<\/p>\n<h2>Sk\u0142adniki<\/h2>\n<p>ziemniaki*, olej s\u0142onecznikowy*, papryka w proszku* (1,25%), cebula w proszku*, s\u00f3l, m\u0105ka kukurydziana*, pomidor w proszku*, czosnek w proszku*, imbir*, pieprz cayenne*, pieprz bia\u0142y*, przeciwutleniacze: ekstrakty z rozmarynu (wyci\u0105gi z rozmarynu)*, kwas askorbinowy.<\/p>\n<p>*certyfikowany sk\u0142adnik ekologiczny<\/p>\n<h3>Warto\u015b\u0107 od\u017cywcza w 100 g<\/h3>\n<p><strong>Warto\u015b\u0107 energetyczna &#8211; 2233 kJ\/532 kcal<\/strong><\/p>\n<p>T\u0142uszcz &#8211; 34 g<\/p>\n<p>w tym kwasy t\u0142uszczowe nasycone &#8211; 3,2 g<\/p>\n<p>W\u0119glowodany &#8211; 48 g<\/p>\n<p>w tym cukry &#8211; 1,9 g<\/p>\n<p>B\u0142onnik &#8211; 5,7 g<\/p>\n<p>Bia\u0142ko &#8211; 5,5 g<\/p>\n<p>S\u00f3l &#8211; 1,2 g<\/p>\n<h3>Informacje dodatkowe<\/h3>\n<p>Przechowywa\u0107 w ch\u0142odnym i suchym miejscu.<\/p>\n<h3>Masa netto: 125 g<\/h3>","protected":false},"excerpt":{"rendered":"<p>Opis Produktu CHIPSY ZIEMNIACZANE O SMAKU PAPRYKOWYM BIO 125 G &#8211; TRAFO Ekologiczne chipsy\u00a0ziemniaczane o smaku paprykowym\u00a0&#8211; Potato Chips &amp; Paprika &#8211; to prosty sk\u0142ad i najwy\u017csza jako\u015b\u0107. Produkt mog\u0105 spo\u017cywa\u0107 weganie i wegetarianie. Chrupi\u0105ce i aromatyczne chipsy to smaczna przek\u0105ska dla dzieci i doros\u0142ych. Zamkni\u0119te w wygodnej torebce, kt\u00f3r\u0105 zabierzesz ze sob\u0105 do szko\u0142y, [&hellip;]<\/p>","protected":false},"featured_media":1102,"template":"","meta":{"site-sidebar-layout":"default","site-content-layout":"","ast-site-content-layout":"default","site-content-style":"default","site-sidebar-style":"default","ast-global-header-display":"","ast-banner-title-visibility":"","ast-main-header-display":"","ast-hfb-above-header-display":"","ast-hfb-below-header-display":"","ast-hfb-mobile-header-display":"","site-post-title":"","ast-breadcrumbs-content":"","ast-featured-img":"","footer-sml-layout":"","theme-transparent-header-meta":"default","adv-header-id-meta":"","stick-header-meta":"","header-above-stick-meta":"","header-main-stick-meta":"","header-below-stick-meta":"","astra-migrate-meta-layouts":"set","ast-page-background-enabled":"default","ast-page-background-meta":{"desktop":{"background-color":"var(--ast-global-color-4)","background-image":"","background-repeat":"repeat","background-position":"center center","background-size":"auto","background-attachment":"scroll","background-type":"","background-media":"","overlay-type":"","overlay-color":"","overlay-opacity":"","overlay-gradient":""},"tablet":{"background-color":"","background-image":"","background-repeat":"repeat","background-position":"center center","background-size":"auto","background-attachment":"scroll","background-type":"","background-media":"","overlay-type":"","overlay-color":"","overlay-opacity":"","overlay-gradient":""},"mobile":{"background-color":"","background-image":"","background-repeat":"repeat","background-position":"center center","background-size":"auto","background-attachment":"scroll","background-type":"","background-media":"","overlay-type":"","overlay-color":"","overlay-opacity":"","overlay-gradient":""}},"ast-content-background-meta":{"desktop":{"background-color":"var(--ast-global-color-5)","background-image":"","background-repeat":"repeat","background-position":"center center","background-size":"auto","background-attachment":"scroll","background-type":"","background-media":"","overlay-type":"","overlay-color":"","overlay-opacity":"","overlay-gradient":""},"tablet":{"background-color":"var(--ast-global-color-5)","background-image":"","background-repeat":"repeat","background-position":"center center","background-size":"auto","background-attachment":"scroll","background-type":"","background-media":"","overlay-type":"","overlay-color":"","overlay-opacity":"","overlay-gradient":""},"mobile":{"background-color":"var(--ast-global-color-5)","background-image":"","background-repeat":"repeat","background-position":"center center","background-size":"auto","background-attachment":"scroll","background-type":"","background-media":"","overlay-type":"","overlay-color":"","overlay-opacity":"","overlay-gradient":""}}},"product_cat":[66,24],"product_tag":[34],"class_list":{"0":"post-1050","1":"product","2":"type-product","3":"status-publish","4":"has-post-thumbnail","6":"product_cat-slone","7":"product_cat-przekaski","8":"product_tag-etykieta-eko","9":"desktop-align-center","10":"tablet-align-left","11":"mobile-align-left","13":"first","14":"onbackorder","15":"purchasable","16":"product-type-simple"},"_links":{"self":[{"href":"https:\/\/los-odpowiedzialni-spolecznie.pl\/en\/wp-json\/wp\/v2\/product\/1050","targetHints":{"allow":["GET"]}}],"collection":[{"href":"https:\/\/los-odpowiedzialni-spolecznie.pl\/en\/wp-json\/wp\/v2\/product"}],"about":[{"href":"https:\/\/los-odpowiedzialni-spolecznie.pl\/en\/wp-json\/wp\/v2\/types\/product"}],"wp:featuredmedia":[{"embeddable":true,"href":"https:\/\/los-odpowiedzialni-spolecznie.pl\/en\/wp-json\/wp\/v2\/media\/1102"}],"wp:attachment":[{"href":"https:\/\/los-odpowiedzialni-spolecznie.pl\/en\/wp-json\/wp\/v2\/media?parent=1050"}],"wp:term":[{"taxonomy":"product_cat","embeddable":true,"href":"https:\/\/los-odpowiedzialni-spolecznie.pl\/en\/wp-json\/wp\/v2\/product_cat?post=1050"},{"taxonomy":"product_tag","embeddable":true,"href":"https:\/\/los-odpowiedzialni-spolecznie.pl\/en\/wp-json\/wp\/v2\/product_tag?post=1050"}],"curies":[{"name":"wp","href":"https:\/\/api.w.org\/{rel}","templated":true}]}}