{"id":1049,"date":"2024-12-23T16:07:51","date_gmt":"2024-12-23T15:07:51","guid":{"rendered":"https:\/\/los-odpowiedzialni-spolecznie.pl\/?post_type=product&#038;p=1049"},"modified":"2024-12-23T16:09:34","modified_gmt":"2024-12-23T15:09:34","slug":"chipsy-ziemniaczane-o-smaku-smietankowo-cebulowym-bio-125-g-trafo","status":"publish","type":"product","link":"https:\/\/los-odpowiedzialni-spolecznie.pl\/en\/sklep\/produkty-spozywcze\/przekaski\/slone\/chipsy-ziemniaczane-o-smaku-smietankowo-cebulowym-bio-125-g-trafo\/","title":{"rendered":"CHIPSY ZIEMNIACZANE O SMAKU \u015aMIETANKOWO &#8211; CEBULOWYM BIO 125 g \u2013 TRAFO"},"content":{"rendered":"<h3>Opis Produktu<\/h3>\n<p class=\"h1\"><strong>CHIPSY ZIEMNIACZANE O SMAKU \u015aMIETANKOWO &#8211; CEBULOWYM BIO 125 g \u2013 TRAFO<\/strong><\/p>\n<p><strong>Sk\u0142adniki:<\/strong> ziemniaki*, olej s\u0142onecznikowy*, dekstroza*, cebula w proszku* (2,3 %), s\u00f3l, m\u0105ka kukurydziana*, czosnek w proszku*, pietruszka*, pomidor w proszku* (0,2 %), pieprz czarny* (0,2 %), szczypiorek* (0,2 %), korze\u0144 lubczyka*, przeciwutleniacze: ekstrakty z rozmarynu* (wyci\u0105gi z rozmarynu), kwas askorbinowy. (*certyfikowany sk\u0142adnik ekologiczny)<\/p>\n<p><strong>Chipsy ziemniaczane Trafo<\/strong> to chipsy ekologiczne z dodatkiem przypraw, kt\u00f3re nadaj\u0105 im smak \u015bmietankowo &#8211; cebulowy. Chipsy powsta\u0142y z ekologicznych sk\u0142adnik\u00f3w, nie zawieraj\u0105 w sk\u0142adzie glutaminianu sodu.<\/p>\n<p><strong>Warto\u015b\u0107 od\u017cywcza w\u00a0100 g:<\/strong><br \/>\n<strong>Warto\u015b\u0107 energetyczna: 2233 kJ \/ 532 kcal<\/strong><br \/>\nT\u0142uszcz: 34 g<br \/>\nw tym kwasy t\u0142uszczowe nasycone: 3,2 g<br \/>\nW\u0119glowodany: 49 g<br \/>\nw tym cukry: 3,3 g<br \/>\nB\u0142onnik: 5,3 g<br \/>\nBia\u0142ko: 5,3 g<br \/>\nS\u00f3l: 1,5 g<\/p>","protected":false},"excerpt":{"rendered":"<p>Opis Produktu CHIPSY ZIEMNIACZANE O SMAKU \u015aMIETANKOWO &#8211; CEBULOWYM BIO 125 g \u2013 TRAFO Sk\u0142adniki: ziemniaki*, olej s\u0142onecznikowy*, dekstroza*, cebula w proszku* (2,3 %), s\u00f3l, m\u0105ka kukurydziana*, czosnek w proszku*, pietruszka*, pomidor w proszku* (0,2 %), pieprz czarny* (0,2 %), szczypiorek* (0,2 %), korze\u0144 lubczyka*, przeciwutleniacze: ekstrakty z rozmarynu* (wyci\u0105gi z rozmarynu), kwas askorbinowy. (*certyfikowany [&hellip;]<\/p>","protected":false},"featured_media":1101,"template":"","meta":{"site-sidebar-layout":"default","site-content-layout":"","ast-site-content-layout":"default","site-content-style":"default","site-sidebar-style":"default","ast-global-header-display":"","ast-banner-title-visibility":"","ast-main-header-display":"","ast-hfb-above-header-display":"","ast-hfb-below-header-display":"","ast-hfb-mobile-header-display":"","site-post-title":"","ast-breadcrumbs-content":"","ast-featured-img":"","footer-sml-layout":"","theme-transparent-header-meta":"default","adv-header-id-meta":"","stick-header-meta":"","header-above-stick-meta":"","header-main-stick-meta":"","header-below-stick-meta":"","astra-migrate-meta-layouts":"set","ast-page-background-enabled":"default","ast-page-background-meta":{"desktop":{"background-color":"var(--ast-global-color-4)","background-image":"","background-repeat":"repeat","background-position":"center center","background-size":"auto","background-attachment":"scroll","background-type":"","background-media":"","overlay-type":"","overlay-color":"","overlay-opacity":"","overlay-gradient":""},"tablet":{"background-color":"","background-image":"","background-repeat":"repeat","background-position":"center center","background-size":"auto","background-attachment":"scroll","background-type":"","background-media":"","overlay-type":"","overlay-color":"","overlay-opacity":"","overlay-gradient":""},"mobile":{"background-color":"","background-image":"","background-repeat":"repeat","background-position":"center center","background-size":"auto","background-attachment":"scroll","background-type":"","background-media":"","overlay-type":"","overlay-color":"","overlay-opacity":"","overlay-gradient":""}},"ast-content-background-meta":{"desktop":{"background-color":"var(--ast-global-color-5)","background-image":"","background-repeat":"repeat","background-position":"center center","background-size":"auto","background-attachment":"scroll","background-type":"","background-media":"","overlay-type":"","overlay-color":"","overlay-opacity":"","overlay-gradient":""},"tablet":{"background-color":"var(--ast-global-color-5)","background-image":"","background-repeat":"repeat","background-position":"center center","background-size":"auto","background-attachment":"scroll","background-type":"","background-media":"","overlay-type":"","overlay-color":"","overlay-opacity":"","overlay-gradient":""},"mobile":{"background-color":"var(--ast-global-color-5)","background-image":"","background-repeat":"repeat","background-position":"center center","background-size":"auto","background-attachment":"scroll","background-type":"","background-media":"","overlay-type":"","overlay-color":"","overlay-opacity":"","overlay-gradient":""}}},"product_cat":[66,24],"product_tag":[34],"class_list":{"0":"post-1049","1":"product","2":"type-product","3":"status-publish","4":"has-post-thumbnail","6":"product_cat-slone","7":"product_cat-przekaski","8":"product_tag-etykieta-eko","9":"desktop-align-center","10":"tablet-align-left","11":"mobile-align-left","13":"first","14":"onbackorder","15":"purchasable","16":"product-type-simple"},"_links":{"self":[{"href":"https:\/\/los-odpowiedzialni-spolecznie.pl\/en\/wp-json\/wp\/v2\/product\/1049","targetHints":{"allow":["GET"]}}],"collection":[{"href":"https:\/\/los-odpowiedzialni-spolecznie.pl\/en\/wp-json\/wp\/v2\/product"}],"about":[{"href":"https:\/\/los-odpowiedzialni-spolecznie.pl\/en\/wp-json\/wp\/v2\/types\/product"}],"wp:featuredmedia":[{"embeddable":true,"href":"https:\/\/los-odpowiedzialni-spolecznie.pl\/en\/wp-json\/wp\/v2\/media\/1101"}],"wp:attachment":[{"href":"https:\/\/los-odpowiedzialni-spolecznie.pl\/en\/wp-json\/wp\/v2\/media?parent=1049"}],"wp:term":[{"taxonomy":"product_cat","embeddable":true,"href":"https:\/\/los-odpowiedzialni-spolecznie.pl\/en\/wp-json\/wp\/v2\/product_cat?post=1049"},{"taxonomy":"product_tag","embeddable":true,"href":"https:\/\/los-odpowiedzialni-spolecznie.pl\/en\/wp-json\/wp\/v2\/product_tag?post=1049"}],"curies":[{"name":"wp","href":"https:\/\/api.w.org\/{rel}","templated":true}]}}