{"id":1045,"date":"2024-12-23T16:07:51","date_gmt":"2024-12-23T15:07:51","guid":{"rendered":"https:\/\/los-odpowiedzialni-spolecznie.pl\/?post_type=product&#038;p=1045"},"modified":"2024-12-23T16:09:24","modified_gmt":"2024-12-23T15:09:24","slug":"galaretka-truskawkowa-bezglutenowa-bio-40-g-amylon","status":"publish","type":"product","link":"https:\/\/los-odpowiedzialni-spolecznie.pl\/en\/sklep\/produkty-spozywcze\/przekaski\/slodkie\/galaretka-truskawkowa-bezglutenowa-bio-40-g-amylon\/","title":{"rendered":"Galaretka Truskawkowa bezglutenowa BIO 40 g Amylon"},"content":{"rendered":"<h3>Opis Produktu<\/h3>\n<p class=\"name\"><strong>Galaretka Truskawkowa BIO 40 g Amylon<\/strong><\/p>\n<p>Delikatna, bezglutenowa galaretka o smaku truskawkowym. Nie zawiera \u017celatyny, dzi\u0119ki czemu jest produktem odpowiednim dla wegetarian i wegan.<\/p>\n<p><strong>Spos\u00f3b przygotowania<br \/>\n<\/strong>Zawarto\u015b\u0107 torebki wsypa\u0107 do 250 ml zimnej wody i wymiesza\u0107.<br \/>\nGotowa\u0107 przez 1-2 minuty, ca\u0142y czas mieszaj\u0105c.<br \/>\nOdstawi\u0107 do lod\u00f3wki, aby galaretka st\u0119\u017ca\u0142a.<strong><\/p>\n<p>Sk\u0142adniki:<\/strong><br \/>\nCukier*, substancja \u017celuj\u0105ca: agar*, barwnik: sproszkowany burak czerwony*, kwas:\u00a0kwas\u00a0jab\u0142kowy, naturalny aromat truskawkowy, kurkuma mielona* (*certyfikowany sk\u0142adnik ekologiczny)<\/p>\n<p><strong>Produkt bezglutenowy. Odpowiedni dla wegan.<\/strong><\/p>\n<p><strong>Warto\u015bci od\u017cywcze w 100g suchego produktu:<\/strong><br \/>\n<strong>Warto\u015b\u0107 energetyczna: 1587 kJ \/ 373 kcal<\/strong><br \/>\n<strong>T\u0142uszcz:<\/strong> 0 g<br \/>\n<strong>\u00a0&#8211; w tym kwasy t\u0142uszczowe nasycone:<\/strong> 0 g<br \/>\n<strong>W\u0119glowodany:<\/strong> 93 g<br \/>\n<strong>\u00a0&#8211; w tym cukry:<\/strong> 92 g<br \/>\n<strong>Bia\u0142ko:<\/strong> 0,2 g<br \/>\n<strong>S\u00f3l:<\/strong> 0 g<\/p>\n<p><strong>Zalecane warunki przechowywania<\/strong><br \/>\nPrzechowywa\u0107 w suchym i ch\u0142odnym miejscu. Chroni\u0107 przed s\u0142o\u0144cem.<\/p>\n<p><strong>Certyfikat:<\/strong>\u00a0BIO, Bezglutenowy<\/p>","protected":false},"excerpt":{"rendered":"<p>Opis Produktu Galaretka Truskawkowa BIO 40 g Amylon Delikatna, bezglutenowa galaretka o smaku truskawkowym. Nie zawiera \u017celatyny, dzi\u0119ki czemu jest produktem odpowiednim dla wegetarian i wegan. Spos\u00f3b przygotowania Zawarto\u015b\u0107 torebki wsypa\u0107 do 250 ml zimnej wody i wymiesza\u0107. Gotowa\u0107 przez 1-2 minuty, ca\u0142y czas mieszaj\u0105c. Odstawi\u0107 do lod\u00f3wki, aby galaretka st\u0119\u017ca\u0142a. Sk\u0142adniki: Cukier*, substancja \u017celuj\u0105ca: [&hellip;]<\/p>","protected":false},"featured_media":1097,"template":"","meta":{"site-sidebar-layout":"default","site-content-layout":"","ast-site-content-layout":"default","site-content-style":"default","site-sidebar-style":"default","ast-global-header-display":"","ast-banner-title-visibility":"","ast-main-header-display":"","ast-hfb-above-header-display":"","ast-hfb-below-header-display":"","ast-hfb-mobile-header-display":"","site-post-title":"","ast-breadcrumbs-content":"","ast-featured-img":"","footer-sml-layout":"","theme-transparent-header-meta":"default","adv-header-id-meta":"","stick-header-meta":"","header-above-stick-meta":"","header-main-stick-meta":"","header-below-stick-meta":"","astra-migrate-meta-layouts":"set","ast-page-background-enabled":"default","ast-page-background-meta":{"desktop":{"background-color":"var(--ast-global-color-4)","background-image":"","background-repeat":"repeat","background-position":"center center","background-size":"auto","background-attachment":"scroll","background-type":"","background-media":"","overlay-type":"","overlay-color":"","overlay-opacity":"","overlay-gradient":""},"tablet":{"background-color":"","background-image":"","background-repeat":"repeat","background-position":"center center","background-size":"auto","background-attachment":"scroll","background-type":"","background-media":"","overlay-type":"","overlay-color":"","overlay-opacity":"","overlay-gradient":""},"mobile":{"background-color":"","background-image":"","background-repeat":"repeat","background-position":"center center","background-size":"auto","background-attachment":"scroll","background-type":"","background-media":"","overlay-type":"","overlay-color":"","overlay-opacity":"","overlay-gradient":""}},"ast-content-background-meta":{"desktop":{"background-color":"var(--ast-global-color-5)","background-image":"","background-repeat":"repeat","background-position":"center center","background-size":"auto","background-attachment":"scroll","background-type":"","background-media":"","overlay-type":"","overlay-color":"","overlay-opacity":"","overlay-gradient":""},"tablet":{"background-color":"var(--ast-global-color-5)","background-image":"","background-repeat":"repeat","background-position":"center center","background-size":"auto","background-attachment":"scroll","background-type":"","background-media":"","overlay-type":"","overlay-color":"","overlay-opacity":"","overlay-gradient":""},"mobile":{"background-color":"var(--ast-global-color-5)","background-image":"","background-repeat":"repeat","background-position":"center center","background-size":"auto","background-attachment":"scroll","background-type":"","background-media":"","overlay-type":"","overlay-color":"","overlay-opacity":"","overlay-gradient":""}}},"product_cat":[25,37,24],"product_tag":[34],"class_list":{"0":"post-1045","1":"product","2":"type-product","3":"status-publish","4":"has-post-thumbnail","6":"product_cat-slodkie","7":"product_cat-owocowe","8":"product_cat-przekaski","9":"product_tag-etykieta-eko","10":"desktop-align-center","11":"tablet-align-left","12":"mobile-align-left","14":"first","15":"instock","16":"purchasable","17":"product-type-simple"},"_links":{"self":[{"href":"https:\/\/los-odpowiedzialni-spolecznie.pl\/en\/wp-json\/wp\/v2\/product\/1045","targetHints":{"allow":["GET"]}}],"collection":[{"href":"https:\/\/los-odpowiedzialni-spolecznie.pl\/en\/wp-json\/wp\/v2\/product"}],"about":[{"href":"https:\/\/los-odpowiedzialni-spolecznie.pl\/en\/wp-json\/wp\/v2\/types\/product"}],"wp:featuredmedia":[{"embeddable":true,"href":"https:\/\/los-odpowiedzialni-spolecznie.pl\/en\/wp-json\/wp\/v2\/media\/1097"}],"wp:attachment":[{"href":"https:\/\/los-odpowiedzialni-spolecznie.pl\/en\/wp-json\/wp\/v2\/media?parent=1045"}],"wp:term":[{"taxonomy":"product_cat","embeddable":true,"href":"https:\/\/los-odpowiedzialni-spolecznie.pl\/en\/wp-json\/wp\/v2\/product_cat?post=1045"},{"taxonomy":"product_tag","embeddable":true,"href":"https:\/\/los-odpowiedzialni-spolecznie.pl\/en\/wp-json\/wp\/v2\/product_tag?post=1045"}],"curies":[{"name":"wp","href":"https:\/\/api.w.org\/{rel}","templated":true}]}}