{"id":1042,"date":"2024-12-23T16:07:50","date_gmt":"2024-12-23T15:07:50","guid":{"rendered":"https:\/\/los-odpowiedzialni-spolecznie.pl\/?post_type=product&#038;p=1042"},"modified":"2024-12-23T16:09:09","modified_gmt":"2024-12-23T15:09:09","slug":"chrupki-kukurydziane-kulki-bezglutenowe-bez-soli-bio-60g-biominki","status":"publish","type":"product","link":"https:\/\/los-odpowiedzialni-spolecznie.pl\/en\/sklep\/produkty-spozywcze\/przekaski\/chrupki-kukurydziane-kulki-bezglutenowe-bez-soli-bio-60g-biominki\/","title":{"rendered":"CHRUPKI KUKURYDZIANE KULKI BEZGLUTENOWE BEZ SOLI BIO 60g &#8211; BIOMINKI"},"content":{"rendered":"<h3>Opis Produktu<\/h3>\n<p class=\"h1\"><strong>CHRUPKI KUKURYDZIANE KULKI BEZGLUTENOWE BEZ SOLI BIO 60g &#8211; BIOMINKI<\/strong><\/p>\n<p>Chrupki kukurydziane to chyba jedna z najpopularniejszych przek\u0105sek dla dzieci. Tu chrupki znanej firmy Biominki ucieszy dzieci \u015bmiesznym kszta\u0142tem\u00a0kuleczek a rodzic\u00f3w dobrym sk\u0142adem &#8211; chrupki te powsta\u0142y z ekologicznego grysu kukurydzianego &#8211; to jedyny sk\u0142adnik. Chrupki nie zawieraj\u0105 soli, glutenu ani cukru. Polecamy r\u00f3wnie\u017c inne rodzaje i kszta\u0142ty chrupek dla dzieci.<\/p>\n<p><strong>Masa netto<\/strong> &#8211; 60g<\/p>\n<p><strong>Sk\u0142adniki: grys kukurydziany* 100 %<\/strong><br \/>\n(*certyfikowany sk\u0142adnik ekologiczny)<\/p>\n<p><strong>Warto\u015b\u0107 od\u017cywcza w 100 g:<\/strong><br \/>\n<strong>Warto\u015b\u0107 energetyczna: 1607 kJ \/ 380 kcal<\/strong><br \/>\n<strong>T\u0142uszcz:<\/strong> 3,3 g<br \/>\n<strong>w tym kwasy t\u0142uszczowe nasycone:<\/strong> 0,4 g<br \/>\n<strong>W\u0119glowodany:<\/strong> 77 g<br \/>\n<strong>w tym cukry:<\/strong> 2,4 g<br \/>\n<strong>B\u0142onnik:<\/strong> 8,2 g<br \/>\n<strong>Bia\u0142ko:<\/strong> 6,5 g<br \/>\n<strong>S\u00f3l<\/strong> &lt; 0,01 g<\/p>\n<p>&nbsp;<\/p>","protected":false},"excerpt":{"rendered":"<p>Opis Produktu CHRUPKI KUKURYDZIANE KULKI BEZGLUTENOWE BEZ SOLI BIO 60g &#8211; BIOMINKI Chrupki kukurydziane to chyba jedna z najpopularniejszych przek\u0105sek dla dzieci. Tu chrupki znanej firmy Biominki ucieszy dzieci \u015bmiesznym kszta\u0142tem\u00a0kuleczek a rodzic\u00f3w dobrym sk\u0142adem &#8211; chrupki te powsta\u0142y z ekologicznego grysu kukurydzianego &#8211; to jedyny sk\u0142adnik. Chrupki nie zawieraj\u0105 soli, glutenu ani cukru. Polecamy [&hellip;]<\/p>","protected":false},"featured_media":1090,"template":"","meta":{"site-sidebar-layout":"default","site-content-layout":"","ast-site-content-layout":"default","site-content-style":"default","site-sidebar-style":"default","ast-global-header-display":"","ast-banner-title-visibility":"","ast-main-header-display":"","ast-hfb-above-header-display":"","ast-hfb-below-header-display":"","ast-hfb-mobile-header-display":"","site-post-title":"","ast-breadcrumbs-content":"","ast-featured-img":"","footer-sml-layout":"","theme-transparent-header-meta":"default","adv-header-id-meta":"","stick-header-meta":"","header-above-stick-meta":"","header-main-stick-meta":"","header-below-stick-meta":"","astra-migrate-meta-layouts":"set","ast-page-background-enabled":"default","ast-page-background-meta":{"desktop":{"background-color":"var(--ast-global-color-4)","background-image":"","background-repeat":"repeat","background-position":"center center","background-size":"auto","background-attachment":"scroll","background-type":"","background-media":"","overlay-type":"","overlay-color":"","overlay-opacity":"","overlay-gradient":""},"tablet":{"background-color":"","background-image":"","background-repeat":"repeat","background-position":"center center","background-size":"auto","background-attachment":"scroll","background-type":"","background-media":"","overlay-type":"","overlay-color":"","overlay-opacity":"","overlay-gradient":""},"mobile":{"background-color":"","background-image":"","background-repeat":"repeat","background-position":"center center","background-size":"auto","background-attachment":"scroll","background-type":"","background-media":"","overlay-type":"","overlay-color":"","overlay-opacity":"","overlay-gradient":""}},"ast-content-background-meta":{"desktop":{"background-color":"var(--ast-global-color-5)","background-image":"","background-repeat":"repeat","background-position":"center center","background-size":"auto","background-attachment":"scroll","background-type":"","background-media":"","overlay-type":"","overlay-color":"","overlay-opacity":"","overlay-gradient":""},"tablet":{"background-color":"var(--ast-global-color-5)","background-image":"","background-repeat":"repeat","background-position":"center center","background-size":"auto","background-attachment":"scroll","background-type":"","background-media":"","overlay-type":"","overlay-color":"","overlay-opacity":"","overlay-gradient":""},"mobile":{"background-color":"var(--ast-global-color-5)","background-image":"","background-repeat":"repeat","background-position":"center center","background-size":"auto","background-attachment":"scroll","background-type":"","background-media":"","overlay-type":"","overlay-color":"","overlay-opacity":"","overlay-gradient":""}}},"product_cat":[24],"product_tag":[34],"class_list":{"0":"post-1042","1":"product","2":"type-product","3":"status-publish","4":"has-post-thumbnail","6":"product_cat-przekaski","7":"product_tag-etykieta-eko","8":"desktop-align-center","9":"tablet-align-left","10":"mobile-align-left","12":"first","13":"onbackorder","14":"purchasable","15":"product-type-simple"},"_links":{"self":[{"href":"https:\/\/los-odpowiedzialni-spolecznie.pl\/en\/wp-json\/wp\/v2\/product\/1042","targetHints":{"allow":["GET"]}}],"collection":[{"href":"https:\/\/los-odpowiedzialni-spolecznie.pl\/en\/wp-json\/wp\/v2\/product"}],"about":[{"href":"https:\/\/los-odpowiedzialni-spolecznie.pl\/en\/wp-json\/wp\/v2\/types\/product"}],"wp:featuredmedia":[{"embeddable":true,"href":"https:\/\/los-odpowiedzialni-spolecznie.pl\/en\/wp-json\/wp\/v2\/media\/1090"}],"wp:attachment":[{"href":"https:\/\/los-odpowiedzialni-spolecznie.pl\/en\/wp-json\/wp\/v2\/media?parent=1042"}],"wp:term":[{"taxonomy":"product_cat","embeddable":true,"href":"https:\/\/los-odpowiedzialni-spolecznie.pl\/en\/wp-json\/wp\/v2\/product_cat?post=1042"},{"taxonomy":"product_tag","embeddable":true,"href":"https:\/\/los-odpowiedzialni-spolecznie.pl\/en\/wp-json\/wp\/v2\/product_tag?post=1042"}],"curies":[{"name":"wp","href":"https:\/\/api.w.org\/{rel}","templated":true}]}}