{"id":1032,"date":"2024-12-23T16:07:29","date_gmt":"2024-12-23T15:07:29","guid":{"rendered":"https:\/\/los-odpowiedzialni-spolecznie.pl\/?post_type=product&#038;p=1032"},"modified":"2024-12-23T16:09:04","modified_gmt":"2024-12-23T15:09:04","slug":"chrupki-kukurydziano-gryczane-spirale-bezglutenowe-bio-60g-biominki","status":"publish","type":"product","link":"https:\/\/los-odpowiedzialni-spolecznie.pl\/en\/sklep\/produkty-spozywcze\/przekaski\/slone\/chrupki-kukurydziano-gryczane-spirale-bezglutenowe-bio-60g-biominki\/","title":{"rendered":"Chrupki Kukurydziano Gryczane Spirale bezglutenowe BIO 60g &#8211; Biominki"},"content":{"rendered":"<h3>Opis Produktu<\/h3>\n<p class=\"name\"><strong>Chrupki Kukurydziano Gryczane Spirale bezglutenowe BIO 60g &#8211; Biominki<\/strong><\/p>\n<p>Chrupki Kukurydziano-Gryczane Spirale bezglutenowe BIO marki\u00a0<strong>Biominki<\/strong>\u00a0to produkt bezglutenowy, dzi\u0119ki czemu mo\u017ce by\u0107 on bezpiecznie spo\u017cywany przez osoby chore na celiaki\u0119 oraz nietoleruj\u0105ce glutenu. Stanowi idealn\u0105 przek\u0105sk\u0119, za kt\u00f3r\u0105 przepadaj\u0105 maluchy i starsze dzieci. Mo\u017cna je stosowa\u0107 jako dodatek do zup, deser\u00f3w, twaro\u017cku.<\/p>\n<p>Chrupki\u00a0bezglutenowe ekologiczne\u00a0<strong>Biominki<\/strong>\u00a0zawieraja\u0328 szereg wartos\u0301ci odz\u0307ywczych niezbe\u0328dnych do zapewnienia prawid\u0142owego funkcjonowania organizmu. Chrupi\u0105ce, puszyste i delikatne po prostu zachwycaj\u0105 swoim smakiem. Po\u0142\u0105czenie kukurydzy i gryki nadaje chrupkom niepowtarzalnego smaku, kt\u00f3ry z pewno\u015bci\u0105 przypadnie ka\u017cdemu do gustu.<\/p>\n<p>Kasza gryczana stanowi doskona\u0142y element zbilansowanej, zdrowej diety. Skomponowana z kukurydz\u0105 b\u0119d\u0105c\u0105 \u015bwietnym rozwi\u0105zaniem dla os\u00f3b na diecie bezglutenowej stanowi \u015bwietne rozwi\u0105zanie na zdrow\u0105 i po\u017cywn\u0105 przek\u0105sk\u0119 w ci\u0105gu dnia.<\/p>\n<p><strong>Masa netto<\/strong>: 60g<\/p>\n<h3>Sk\u0142adniki<\/h3>\n<p>Grys kukurydziany* (85%), kasza gryczana niepalona* (15%).<\/p>\n<p>*certyfikowany sk\u0142adnik ekologiczny<\/p>\n<h2><strong>Warto\u015b\u0107 od\u017cywcza<\/strong><\/h2>\n<table class=\"wartosciodzywcze\">\n<thead>\n<tr>\n<th colspan=\"2\">Warto\u015bci od\u017cywcze w 100g<\/th>\n<\/tr>\n<\/thead>\n<tbody>\n<tr>\n<td>Warto\u015b\u0107 energetyczna<\/td>\n<td>1597 kJ \/ 377 kcal<\/td>\n<\/tr>\n<tr>\n<td>T\u0142uszcz<\/td>\n<td>2,3 g<\/td>\n<\/tr>\n<tr>\n<td>w tym kwasy t\u0142uszczowe nasycone<\/td>\n<td>0,4 g<\/td>\n<\/tr>\n<tr>\n<td>W\u0119glowodany<\/td>\n<td>79 g<\/td>\n<\/tr>\n<tr>\n<td>w tym cukry<\/td>\n<td>1,8 g<\/td>\n<\/tr>\n<tr>\n<td>B\u0142onnik<\/td>\n<td>4,2 g<\/td>\n<\/tr>\n<tr>\n<td>Bia\u0142ko<\/td>\n<td>7,4 g<\/td>\n<\/tr>\n<tr>\n<td>S\u00f3l<\/td>\n<td>&lt;0,01 g<\/td>\n<\/tr>\n<\/tbody>\n<\/table>\n<h3>Informacja alergenna<\/h3>\n<p>Produkt nie zawiera glutenu.<\/p>\n<h3>Zalecane warunki przechowywania<\/h3>\n<p>Przechowywa\u0107 w suchym nienas\u0142onecznionym miejscu.<\/p>","protected":false},"excerpt":{"rendered":"<p>Opis Produktu Chrupki Kukurydziano Gryczane Spirale bezglutenowe BIO 60g &#8211; Biominki Chrupki Kukurydziano-Gryczane Spirale bezglutenowe BIO marki\u00a0Biominki\u00a0to produkt bezglutenowy, dzi\u0119ki czemu mo\u017ce by\u0107 on bezpiecznie spo\u017cywany przez osoby chore na celiaki\u0119 oraz nietoleruj\u0105ce glutenu. Stanowi idealn\u0105 przek\u0105sk\u0119, za kt\u00f3r\u0105 przepadaj\u0105 maluchy i starsze dzieci. Mo\u017cna je stosowa\u0107 jako dodatek do zup, deser\u00f3w, twaro\u017cku. Chrupki\u00a0bezglutenowe ekologiczne\u00a0Biominki\u00a0zawieraja\u0328 [&hellip;]<\/p>","protected":false},"featured_media":1089,"template":"","meta":{"site-sidebar-layout":"default","site-content-layout":"","ast-site-content-layout":"default","site-content-style":"default","site-sidebar-style":"default","ast-global-header-display":"","ast-banner-title-visibility":"","ast-main-header-display":"","ast-hfb-above-header-display":"","ast-hfb-below-header-display":"","ast-hfb-mobile-header-display":"","site-post-title":"","ast-breadcrumbs-content":"","ast-featured-img":"","footer-sml-layout":"","theme-transparent-header-meta":"default","adv-header-id-meta":"","stick-header-meta":"","header-above-stick-meta":"","header-main-stick-meta":"","header-below-stick-meta":"","astra-migrate-meta-layouts":"set","ast-page-background-enabled":"default","ast-page-background-meta":{"desktop":{"background-color":"var(--ast-global-color-4)","background-image":"","background-repeat":"repeat","background-position":"center center","background-size":"auto","background-attachment":"scroll","background-type":"","background-media":"","overlay-type":"","overlay-color":"","overlay-opacity":"","overlay-gradient":""},"tablet":{"background-color":"","background-image":"","background-repeat":"repeat","background-position":"center center","background-size":"auto","background-attachment":"scroll","background-type":"","background-media":"","overlay-type":"","overlay-color":"","overlay-opacity":"","overlay-gradient":""},"mobile":{"background-color":"","background-image":"","background-repeat":"repeat","background-position":"center center","background-size":"auto","background-attachment":"scroll","background-type":"","background-media":"","overlay-type":"","overlay-color":"","overlay-opacity":"","overlay-gradient":""}},"ast-content-background-meta":{"desktop":{"background-color":"var(--ast-global-color-5)","background-image":"","background-repeat":"repeat","background-position":"center center","background-size":"auto","background-attachment":"scroll","background-type":"","background-media":"","overlay-type":"","overlay-color":"","overlay-opacity":"","overlay-gradient":""},"tablet":{"background-color":"var(--ast-global-color-5)","background-image":"","background-repeat":"repeat","background-position":"center center","background-size":"auto","background-attachment":"scroll","background-type":"","background-media":"","overlay-type":"","overlay-color":"","overlay-opacity":"","overlay-gradient":""},"mobile":{"background-color":"var(--ast-global-color-5)","background-image":"","background-repeat":"repeat","background-position":"center center","background-size":"auto","background-attachment":"scroll","background-type":"","background-media":"","overlay-type":"","overlay-color":"","overlay-opacity":"","overlay-gradient":""}}},"product_cat":[66,24],"product_tag":[34],"class_list":{"0":"post-1032","1":"product","2":"type-product","3":"status-publish","4":"has-post-thumbnail","6":"product_cat-slone","7":"product_cat-przekaski","8":"product_tag-etykieta-eko","9":"desktop-align-center","10":"tablet-align-left","11":"mobile-align-left","13":"first","14":"instock","15":"purchasable","16":"product-type-simple"},"_links":{"self":[{"href":"https:\/\/los-odpowiedzialni-spolecznie.pl\/en\/wp-json\/wp\/v2\/product\/1032","targetHints":{"allow":["GET"]}}],"collection":[{"href":"https:\/\/los-odpowiedzialni-spolecznie.pl\/en\/wp-json\/wp\/v2\/product"}],"about":[{"href":"https:\/\/los-odpowiedzialni-spolecznie.pl\/en\/wp-json\/wp\/v2\/types\/product"}],"wp:featuredmedia":[{"embeddable":true,"href":"https:\/\/los-odpowiedzialni-spolecznie.pl\/en\/wp-json\/wp\/v2\/media\/1089"}],"wp:attachment":[{"href":"https:\/\/los-odpowiedzialni-spolecznie.pl\/en\/wp-json\/wp\/v2\/media?parent=1032"}],"wp:term":[{"taxonomy":"product_cat","embeddable":true,"href":"https:\/\/los-odpowiedzialni-spolecznie.pl\/en\/wp-json\/wp\/v2\/product_cat?post=1032"},{"taxonomy":"product_tag","embeddable":true,"href":"https:\/\/los-odpowiedzialni-spolecznie.pl\/en\/wp-json\/wp\/v2\/product_tag?post=1032"}],"curies":[{"name":"wp","href":"https:\/\/api.w.org\/{rel}","templated":true}]}}