{"id":1031,"date":"2024-12-23T16:07:29","date_gmt":"2024-12-23T15:07:29","guid":{"rendered":"https:\/\/los-odpowiedzialni-spolecznie.pl\/?post_type=product&#038;p=1031"},"modified":"2024-12-23T16:08:56","modified_gmt":"2024-12-23T15:08:56","slug":"galaretki-owocowe-bez-zelatyny-bezglutenowe-bio-100g-biominki","status":"publish","type":"product","link":"https:\/\/los-odpowiedzialni-spolecznie.pl\/en\/sklep\/produkty-spozywcze\/przekaski\/slodkie\/galaretki-owocowe-bez-zelatyny-bezglutenowe-bio-100g-biominki\/","title":{"rendered":"Galaretki Owocowe bez \u017belatyny bezglutenowe BIO 100g &#8211; Biominki"},"content":{"rendered":"<h3>Opis Produktu<\/h3>\n<p class=\"name\"><strong>Galaretki Owocowe bez \u017belatyny bezglutenowe BIO 100g &#8211; Biominki<\/strong><\/p>\n<p>Galaretki Owocowe bez \u017belatyny Wega\u0144skie bezglutenowe BIO marki\u00a0<strong>Biominki<\/strong>\u00a0stanowi\u0105 doskona\u0142\u0105 przek\u0105sk\u0119, zar\u00f3wno dla dzieci, jak i doros\u0142ych. W jednym opakowaniu znajduj\u0105 si\u0119 \u017celki o smaku: cytrynowym, malinowym, jab\u0142kowym i czarnej porzeczki.<\/p>\n<p>BIO galaretki bez \u017celatyny\u00a0<strong>Biominki<\/strong>\u00a0mog\u0105 by\u0107 spo\u017cywane przez wegetarian, poniewa\u017c zamiast \u017celatyny wieprzowej do ich produkcji u\u017cyto agaru. Sk\u0142adniki, z kt\u00f3rych zrobiono \u017celki w wi\u0119kszo\u015bci s\u0105 certyfikowanymi sk\u0142adnikami ekologicznymi.<\/p>\n<p><strong>Masa netto:<\/strong> 100g<\/p>\n<h3>Sk\u0142adniki<\/h3>\n<p>Cukier trzcinowy nierafinowany*, syrop glukozowy*, koncentraty sok\u00f3w owocowych* 3,27% (cytrynowy* 1,08%, malinowy 0,84%, z czarnej porzeczki* 0,47%), substancja \u017celuj\u0105ca: agar*, kwas: kwas cytrynowy, naturalne aromaty owocowe i ro\u015blinne, wyci\u0105gi barwi\u0105ce (z dyni*, jab\u0142ek*, alg, krokosza barwierskiego, bzu czarnego*).<\/p>\n<p>*certyfikowany sk\u0142adnik ekologiczny<\/p>\n<table class=\"wartosciodzywcze\">\n<thead>\n<tr>\n<th colspan=\"2\">Warto\u015bci od\u017cywcze w 100g<\/th>\n<\/tr>\n<\/thead>\n<tbody>\n<tr>\n<td>Warto\u015b\u0107 energetyczna<\/td>\n<td>1450 kJ \/ 341 kcal<\/td>\n<\/tr>\n<tr>\n<td>T\u0142uszcz<\/td>\n<td>0 g<\/td>\n<\/tr>\n<tr>\n<td>w tym kwasy t\u0142uszczowe nasycone<\/td>\n<td>0 g<\/td>\n<\/tr>\n<tr>\n<td>W\u0119glowodany<\/td>\n<td>85 g<\/td>\n<\/tr>\n<tr>\n<td>w tym cukry<\/td>\n<td>72 g<\/td>\n<\/tr>\n<tr>\n<td>B\u0142onnik<\/td>\n<td>0,2 g<\/td>\n<\/tr>\n<tr>\n<td>Bia\u0142ko<\/td>\n<td>0,2 g<\/td>\n<\/tr>\n<tr>\n<td>S\u00f3l<\/td>\n<td>0,2 g<\/td>\n<\/tr>\n<\/tbody>\n<\/table>\n<p><strong>Zalecane warunki przechowywania<\/strong><\/p>\n<p>Przechowywa\u0107 w suchym i ch\u0142odnym miejscu.<\/p>\n<p><strong>Uwagi<\/strong><\/p>\n<p>Produkt nieodpowiedni do spo\u017cycia dla dzieci poni\u017cej 3 lat!<\/p>","protected":false},"excerpt":{"rendered":"<p>Opis Produktu Galaretki Owocowe bez \u017belatyny bezglutenowe BIO 100g &#8211; Biominki Galaretki Owocowe bez \u017belatyny Wega\u0144skie bezglutenowe BIO marki\u00a0Biominki\u00a0stanowi\u0105 doskona\u0142\u0105 przek\u0105sk\u0119, zar\u00f3wno dla dzieci, jak i doros\u0142ych. W jednym opakowaniu znajduj\u0105 si\u0119 \u017celki o smaku: cytrynowym, malinowym, jab\u0142kowym i czarnej porzeczki. BIO galaretki bez \u017celatyny\u00a0Biominki\u00a0mog\u0105 by\u0107 spo\u017cywane przez wegetarian, poniewa\u017c zamiast \u017celatyny wieprzowej do ich [&hellip;]<\/p>","protected":false},"featured_media":1085,"template":"","meta":{"site-sidebar-layout":"default","site-content-layout":"","ast-site-content-layout":"default","site-content-style":"default","site-sidebar-style":"default","ast-global-header-display":"","ast-banner-title-visibility":"","ast-main-header-display":"","ast-hfb-above-header-display":"","ast-hfb-below-header-display":"","ast-hfb-mobile-header-display":"","site-post-title":"","ast-breadcrumbs-content":"","ast-featured-img":"","footer-sml-layout":"","theme-transparent-header-meta":"default","adv-header-id-meta":"","stick-header-meta":"","header-above-stick-meta":"","header-main-stick-meta":"","header-below-stick-meta":"","astra-migrate-meta-layouts":"set","ast-page-background-enabled":"default","ast-page-background-meta":{"desktop":{"background-color":"var(--ast-global-color-4)","background-image":"","background-repeat":"repeat","background-position":"center center","background-size":"auto","background-attachment":"scroll","background-type":"","background-media":"","overlay-type":"","overlay-color":"","overlay-opacity":"","overlay-gradient":""},"tablet":{"background-color":"","background-image":"","background-repeat":"repeat","background-position":"center center","background-size":"auto","background-attachment":"scroll","background-type":"","background-media":"","overlay-type":"","overlay-color":"","overlay-opacity":"","overlay-gradient":""},"mobile":{"background-color":"","background-image":"","background-repeat":"repeat","background-position":"center center","background-size":"auto","background-attachment":"scroll","background-type":"","background-media":"","overlay-type":"","overlay-color":"","overlay-opacity":"","overlay-gradient":""}},"ast-content-background-meta":{"desktop":{"background-color":"var(--ast-global-color-5)","background-image":"","background-repeat":"repeat","background-position":"center center","background-size":"auto","background-attachment":"scroll","background-type":"","background-media":"","overlay-type":"","overlay-color":"","overlay-opacity":"","overlay-gradient":""},"tablet":{"background-color":"var(--ast-global-color-5)","background-image":"","background-repeat":"repeat","background-position":"center center","background-size":"auto","background-attachment":"scroll","background-type":"","background-media":"","overlay-type":"","overlay-color":"","overlay-opacity":"","overlay-gradient":""},"mobile":{"background-color":"var(--ast-global-color-5)","background-image":"","background-repeat":"repeat","background-position":"center center","background-size":"auto","background-attachment":"scroll","background-type":"","background-media":"","overlay-type":"","overlay-color":"","overlay-opacity":"","overlay-gradient":""}}},"product_cat":[25,37,24],"product_tag":[],"class_list":{"0":"post-1031","1":"product","2":"type-product","3":"status-publish","4":"has-post-thumbnail","6":"product_cat-slodkie","7":"product_cat-owocowe","8":"product_cat-przekaski","9":"desktop-align-center","10":"tablet-align-left","11":"mobile-align-left","13":"first","14":"instock","15":"purchasable","16":"product-type-simple"},"_links":{"self":[{"href":"https:\/\/los-odpowiedzialni-spolecznie.pl\/en\/wp-json\/wp\/v2\/product\/1031","targetHints":{"allow":["GET"]}}],"collection":[{"href":"https:\/\/los-odpowiedzialni-spolecznie.pl\/en\/wp-json\/wp\/v2\/product"}],"about":[{"href":"https:\/\/los-odpowiedzialni-spolecznie.pl\/en\/wp-json\/wp\/v2\/types\/product"}],"wp:featuredmedia":[{"embeddable":true,"href":"https:\/\/los-odpowiedzialni-spolecznie.pl\/en\/wp-json\/wp\/v2\/media\/1085"}],"wp:attachment":[{"href":"https:\/\/los-odpowiedzialni-spolecznie.pl\/en\/wp-json\/wp\/v2\/media?parent=1031"}],"wp:term":[{"taxonomy":"product_cat","embeddable":true,"href":"https:\/\/los-odpowiedzialni-spolecznie.pl\/en\/wp-json\/wp\/v2\/product_cat?post=1031"},{"taxonomy":"product_tag","embeddable":true,"href":"https:\/\/los-odpowiedzialni-spolecznie.pl\/en\/wp-json\/wp\/v2\/product_tag?post=1031"}],"curies":[{"name":"wp","href":"https:\/\/api.w.org\/{rel}","templated":true}]}}