{"id":1029,"date":"2024-12-23T16:07:29","date_gmt":"2024-12-23T15:07:29","guid":{"rendered":"https:\/\/los-odpowiedzialni-spolecznie.pl\/?post_type=product&#038;p=1029"},"modified":"2024-12-23T16:08:39","modified_gmt":"2024-12-23T15:08:39","slug":"sok-z-granatu-500ml","status":"publish","type":"product","link":"https:\/\/los-odpowiedzialni-spolecznie.pl\/en\/sklep\/produkty-spozywcze\/soki-2\/sok-z-granatu-500ml\/","title":{"rendered":"SOK Z GRANATU 500ml"},"content":{"rendered":"<h3>Opis Produktu<\/h3>\n<p><strong>Zastosowanie:<\/strong><br \/>\nNaturalny sok z owoc\u00f3w granatu korzystnie wp\u0142ywa na stan naczy\u0144 krwiono\u015bnych, co pomaga os\u0142abi\u0107 ryzyko wyst\u0105pienia dolegliwo\u015bci uk\u0142adu sercowo-naczyniowego o pod\u0142o\u017cu mia\u017cd\u017cycowym.<br \/>\nNaturalny sok z owoc\u00f3w granatu z witamin\u0105 C wspomaga ochron\u0119 naczy\u0144 krwiono\u015bnych przed szkodliwym dzia\u0142aniem wolnych rodnik\u00f3w. Stymuluje procesy, kt\u00f3re przyczyniaj\u0105 si\u0119 do prawid\u0142owego przep\u0142ywu krwi w naczyniach krwiono\u015bnych. Owoc granatu zawiera kwas elagowy, polifenole, witamin\u0119 C, niacyn\u0119, potas i b\u0142onnik.<\/p>\n<p><strong>Sk\u0142ad:<\/strong><br \/>\nSok z owoc\u00f3w granatu (Punica granatum L.), kwas L-askorbinowy (\u017ar\u00f3d\u0142o witaminy C)<\/p>\n<p><strong>Dawkowanie:<\/strong><br \/>\n50 ml soku dziennie, wypi\u0107 najlepiej rano, przed posi\u0142kiem. Produkt gotowy do bezpo\u015bredniego spo\u017cycia.<br \/>\nPo otwarciu przechowywa\u0107 w lod\u00f3wce do 21 dni.<\/p>\n<p><strong>Przeciwwskazania:<\/strong><br \/>\nNie zaleca si\u0119 spo\u017cywania produktu przez kobiety w ci\u0105\u017cy oraz matki karmi\u0105ce<\/p>\n<h3>Dodatkowe informacje<\/h3>\n<p>Przechowywa\u0107 szczelnie zamkni\u0119te, w temperaturze pokojowej. Po otwarciu przechowywa\u0107 w lod\u00f3wce<\/p>\n<p><strong>Pojemno\u015b\u0107<\/strong> 500ml<\/p>","protected":false},"excerpt":{"rendered":"<p>Opis Produktu Zastosowanie: Naturalny sok z owoc\u00f3w granatu korzystnie wp\u0142ywa na stan naczy\u0144 krwiono\u015bnych, co pomaga os\u0142abi\u0107 ryzyko wyst\u0105pienia dolegliwo\u015bci uk\u0142adu sercowo-naczyniowego o pod\u0142o\u017cu mia\u017cd\u017cycowym. Naturalny sok z owoc\u00f3w granatu z witamin\u0105 C wspomaga ochron\u0119 naczy\u0144 krwiono\u015bnych przed szkodliwym dzia\u0142aniem wolnych rodnik\u00f3w. Stymuluje procesy, kt\u00f3re przyczyniaj\u0105 si\u0119 do prawid\u0142owego przep\u0142ywu krwi w naczyniach krwiono\u015bnych. Owoc [&hellip;]<\/p>","protected":false},"featured_media":1083,"template":"","meta":{"site-sidebar-layout":"default","site-content-layout":"","ast-site-content-layout":"default","site-content-style":"default","site-sidebar-style":"default","ast-global-header-display":"","ast-banner-title-visibility":"","ast-main-header-display":"","ast-hfb-above-header-display":"","ast-hfb-below-header-display":"","ast-hfb-mobile-header-display":"","site-post-title":"","ast-breadcrumbs-content":"","ast-featured-img":"","footer-sml-layout":"","theme-transparent-header-meta":"default","adv-header-id-meta":"","stick-header-meta":"","header-above-stick-meta":"","header-main-stick-meta":"","header-below-stick-meta":"","astra-migrate-meta-layouts":"set","ast-page-background-enabled":"default","ast-page-background-meta":{"desktop":{"background-color":"var(--ast-global-color-4)","background-image":"","background-repeat":"repeat","background-position":"center center","background-size":"auto","background-attachment":"scroll","background-type":"","background-media":"","overlay-type":"","overlay-color":"","overlay-opacity":"","overlay-gradient":""},"tablet":{"background-color":"","background-image":"","background-repeat":"repeat","background-position":"center center","background-size":"auto","background-attachment":"scroll","background-type":"","background-media":"","overlay-type":"","overlay-color":"","overlay-opacity":"","overlay-gradient":""},"mobile":{"background-color":"","background-image":"","background-repeat":"repeat","background-position":"center center","background-size":"auto","background-attachment":"scroll","background-type":"","background-media":"","overlay-type":"","overlay-color":"","overlay-opacity":"","overlay-gradient":""}},"ast-content-background-meta":{"desktop":{"background-color":"var(--ast-global-color-5)","background-image":"","background-repeat":"repeat","background-position":"center center","background-size":"auto","background-attachment":"scroll","background-type":"","background-media":"","overlay-type":"","overlay-color":"","overlay-opacity":"","overlay-gradient":""},"tablet":{"background-color":"var(--ast-global-color-5)","background-image":"","background-repeat":"repeat","background-position":"center center","background-size":"auto","background-attachment":"scroll","background-type":"","background-media":"","overlay-type":"","overlay-color":"","overlay-opacity":"","overlay-gradient":""},"mobile":{"background-color":"var(--ast-global-color-5)","background-image":"","background-repeat":"repeat","background-position":"center center","background-size":"auto","background-attachment":"scroll","background-type":"","background-media":"","overlay-type":"","overlay-color":"","overlay-opacity":"","overlay-gradient":""}}},"product_cat":[62],"product_tag":[70],"class_list":{"0":"post-1029","1":"product","2":"type-product","3":"status-publish","4":"has-post-thumbnail","6":"product_cat-soki-2","7":"product_tag-eko","8":"desktop-align-center","9":"tablet-align-left","10":"mobile-align-left","12":"first","13":"instock","14":"purchasable","15":"product-type-simple"},"_links":{"self":[{"href":"https:\/\/los-odpowiedzialni-spolecznie.pl\/en\/wp-json\/wp\/v2\/product\/1029","targetHints":{"allow":["GET"]}}],"collection":[{"href":"https:\/\/los-odpowiedzialni-spolecznie.pl\/en\/wp-json\/wp\/v2\/product"}],"about":[{"href":"https:\/\/los-odpowiedzialni-spolecznie.pl\/en\/wp-json\/wp\/v2\/types\/product"}],"wp:featuredmedia":[{"embeddable":true,"href":"https:\/\/los-odpowiedzialni-spolecznie.pl\/en\/wp-json\/wp\/v2\/media\/1083"}],"wp:attachment":[{"href":"https:\/\/los-odpowiedzialni-spolecznie.pl\/en\/wp-json\/wp\/v2\/media?parent=1029"}],"wp:term":[{"taxonomy":"product_cat","embeddable":true,"href":"https:\/\/los-odpowiedzialni-spolecznie.pl\/en\/wp-json\/wp\/v2\/product_cat?post=1029"},{"taxonomy":"product_tag","embeddable":true,"href":"https:\/\/los-odpowiedzialni-spolecznie.pl\/en\/wp-json\/wp\/v2\/product_tag?post=1029"}],"curies":[{"name":"wp","href":"https:\/\/api.w.org\/{rel}","templated":true}]}}