{"id":1028,"date":"2024-12-23T16:07:29","date_gmt":"2024-12-23T15:07:29","guid":{"rendered":"https:\/\/los-odpowiedzialni-spolecznie.pl\/?post_type=product&#038;p=1028"},"modified":"2024-12-23T16:08:35","modified_gmt":"2024-12-23T15:08:35","slug":"mlynek-szklany-z-regulowana-gruboscia-mielenia","status":"publish","type":"product","link":"https:\/\/los-odpowiedzialni-spolecznie.pl\/en\/sklep\/srodki-czystosci\/eko-produkty-dla-domu-i-szkoly\/mlynek-szklany-z-regulowana-gruboscia-mielenia\/","title":{"rendered":"M\u0142ynek szklany z regulowan\u0105 grubo\u015bci\u0105 mielenia"},"content":{"rendered":"<h3>Opis Produktu<\/h3>\n<div id=\"box_description\" class=\"tab-wrap\">\n<div class=\"resetcss\">\n<p>Estetyczny i praktyczny m\u0142ynek doskonale uzupe\u0142ni wyposa\u017cenie ka\u017cdej kuchni i jadalni.<\/p>\n<div>\n<div>&#8211; r\u0119czny m\u0142ynek doskonale mieli przyprawy i zio\u0142a<\/div>\n<div class=\"default-style\"><\/div>\n<div class=\"default-style\">&#8211; wielokrotnego u\u017cytku<\/div>\n<div><\/div>\n<div>&#8211; regulowanie grubo\u015bci mielenia za pomoc\u0105 pokr\u0119t\u0142a<\/div>\n<div><\/div>\n<div>&#8211; ceramiczny mechanizm miel\u0105cy<\/div>\n<div><\/div>\n<div>&#8211; ca\u0142kowicie bezpieczny dla zdrowia i neutralny dla \u017cywno\u015bci<\/div>\n<div><\/div>\n<\/div>\n<div>&#8211; przechowywane przyprawy s\u0105 d\u0142u\u017cej \u015bwie\u017csze i aromatyczne.<\/div>\n<\/div>\n<\/div>\n<div id=\"boxdetails\" class=\"tab-wrap\">\n<h3 class=\"tab-title\">Dodatkowe informacje<\/h3>\n<div class=\"resetcss\">\n<div><strong>Wymiary:<\/strong>\u00a0\u015brednica 6,5 cm, wysoko\u015b\u0107 13 cm<\/div>\n<\/div>\n<\/div>","protected":false},"excerpt":{"rendered":"<p>Opis Produktu Estetyczny i praktyczny m\u0142ynek doskonale uzupe\u0142ni wyposa\u017cenie ka\u017cdej kuchni i jadalni. &#8211; r\u0119czny m\u0142ynek doskonale mieli przyprawy i zio\u0142a &#8211; wielokrotnego u\u017cytku &#8211; regulowanie grubo\u015bci mielenia za pomoc\u0105 pokr\u0119t\u0142a &#8211; ceramiczny mechanizm miel\u0105cy &#8211; ca\u0142kowicie bezpieczny dla zdrowia i neutralny dla \u017cywno\u015bci &#8211; przechowywane przyprawy s\u0105 d\u0142u\u017cej \u015bwie\u017csze i aromatyczne. Dodatkowe informacje Wymiary:\u00a0\u015brednica [&hellip;]<\/p>","protected":false},"featured_media":1074,"template":"","meta":{"site-sidebar-layout":"default","site-content-layout":"","ast-site-content-layout":"default","site-content-style":"default","site-sidebar-style":"default","ast-global-header-display":"","ast-banner-title-visibility":"","ast-main-header-display":"","ast-hfb-above-header-display":"","ast-hfb-below-header-display":"","ast-hfb-mobile-header-display":"","site-post-title":"","ast-breadcrumbs-content":"","ast-featured-img":"","footer-sml-layout":"","theme-transparent-header-meta":"default","adv-header-id-meta":"","stick-header-meta":"","header-above-stick-meta":"","header-main-stick-meta":"","header-below-stick-meta":"","astra-migrate-meta-layouts":"set","ast-page-background-enabled":"default","ast-page-background-meta":{"desktop":{"background-color":"var(--ast-global-color-4)","background-image":"","background-repeat":"repeat","background-position":"center center","background-size":"auto","background-attachment":"scroll","background-type":"","background-media":"","overlay-type":"","overlay-color":"","overlay-opacity":"","overlay-gradient":""},"tablet":{"background-color":"","background-image":"","background-repeat":"repeat","background-position":"center center","background-size":"auto","background-attachment":"scroll","background-type":"","background-media":"","overlay-type":"","overlay-color":"","overlay-opacity":"","overlay-gradient":""},"mobile":{"background-color":"","background-image":"","background-repeat":"repeat","background-position":"center center","background-size":"auto","background-attachment":"scroll","background-type":"","background-media":"","overlay-type":"","overlay-color":"","overlay-opacity":"","overlay-gradient":""}},"ast-content-background-meta":{"desktop":{"background-color":"var(--ast-global-color-5)","background-image":"","background-repeat":"repeat","background-position":"center center","background-size":"auto","background-attachment":"scroll","background-type":"","background-media":"","overlay-type":"","overlay-color":"","overlay-opacity":"","overlay-gradient":""},"tablet":{"background-color":"var(--ast-global-color-5)","background-image":"","background-repeat":"repeat","background-position":"center center","background-size":"auto","background-attachment":"scroll","background-type":"","background-media":"","overlay-type":"","overlay-color":"","overlay-opacity":"","overlay-gradient":""},"mobile":{"background-color":"var(--ast-global-color-5)","background-image":"","background-repeat":"repeat","background-position":"center center","background-size":"auto","background-attachment":"scroll","background-type":"","background-media":"","overlay-type":"","overlay-color":"","overlay-opacity":"","overlay-gradient":""}}},"product_cat":[68],"product_tag":[],"class_list":{"0":"post-1028","1":"product","2":"type-product","3":"status-publish","4":"has-post-thumbnail","6":"product_cat-eko-produkty-dla-domu-i-szkoly","7":"desktop-align-center","8":"tablet-align-left","9":"mobile-align-left","11":"first","12":"instock","13":"purchasable","14":"product-type-simple"},"_links":{"self":[{"href":"https:\/\/los-odpowiedzialni-spolecznie.pl\/en\/wp-json\/wp\/v2\/product\/1028","targetHints":{"allow":["GET"]}}],"collection":[{"href":"https:\/\/los-odpowiedzialni-spolecznie.pl\/en\/wp-json\/wp\/v2\/product"}],"about":[{"href":"https:\/\/los-odpowiedzialni-spolecznie.pl\/en\/wp-json\/wp\/v2\/types\/product"}],"wp:featuredmedia":[{"embeddable":true,"href":"https:\/\/los-odpowiedzialni-spolecznie.pl\/en\/wp-json\/wp\/v2\/media\/1074"}],"wp:attachment":[{"href":"https:\/\/los-odpowiedzialni-spolecznie.pl\/en\/wp-json\/wp\/v2\/media?parent=1028"}],"wp:term":[{"taxonomy":"product_cat","embeddable":true,"href":"https:\/\/los-odpowiedzialni-spolecznie.pl\/en\/wp-json\/wp\/v2\/product_cat?post=1028"},{"taxonomy":"product_tag","embeddable":true,"href":"https:\/\/los-odpowiedzialni-spolecznie.pl\/en\/wp-json\/wp\/v2\/product_tag?post=1028"}],"curies":[{"name":"wp","href":"https:\/\/api.w.org\/{rel}","templated":true}]}}