{"id":1018,"date":"2024-12-23T16:07:07","date_gmt":"2024-12-23T15:07:07","guid":{"rendered":"https:\/\/los-odpowiedzialni-spolecznie.pl\/?post_type=product&#038;p=1018"},"modified":"2024-12-23T16:08:26","modified_gmt":"2024-12-23T15:08:26","slug":"galaretka-o-smaku-wisniowym-40-g-amylon","status":"publish","type":"product","link":"https:\/\/los-odpowiedzialni-spolecznie.pl\/en\/sklep\/produkty-spozywcze\/przekaski\/slodkie\/galaretka-o-smaku-wisniowym-40-g-amylon\/","title":{"rendered":"Galaretka o smaku Wi\u015bniowym 40 g Amylon"},"content":{"rendered":"<h3>Opis Produktu<\/h3>\n<p>Delikatna, bezglutenowa galaretka o smaku truskawkowym. Nie zawiera \u017celatyny, dzi\u0119ki czemu jest produktem odpowiednim dla wegetarian i wegan.<br \/>\nW celu uzyskania najlepszego smaku i konsystencji zalecamy do przygotowania galaretki z jednego opakowania u\u017cy\u0107 250ml wody.<\/p>\n<p><strong>Sk\u0142adniki:<\/strong><br \/>\ncukier*, substancja \u017celuj\u0105ca: agar*, barwnik: sproszkowany burak czerwony*, regulator kwasowo\u015bci: kwas cytrynowy, aromat naturalny (*certyfikowany sk\u0142adnik ekologiczny)<\/p>\n<p><strong>Spos\u00f3b przygotowania:<\/strong><br \/>\nZawarto\u015b\u0107 torebki wsypa\u0107 do 250 ml zimnej wody i wymiesza\u0107.<br \/>\nGotowa\u0107 przez 1-2 minuty, ca\u0142y czas mieszaj\u0105c.<br \/>\nOdstawi\u0107 do lod\u00f3wki, aby galaretka st\u0119\u017ca\u0142a.<\/p>\n<p><strong>Warto\u015b\u0107 od\u017cywcza w\u00a0100 g<\/strong><br \/>\nWaro\u015b\u0107 energetyczna: 1579 kJ \/ 372 kcal<br \/>\nT\u0142uszcz: 0 g<br \/>\nw tym kwasy t\u0142uszczowe nasycone: 0 g<br \/>\nW\u0119glowodany: 92 g<br \/>\nw tym cukry:\u00a092 g<br \/>\nBia\u0142ko &lt; 0,5 g<br \/>\nS\u00f3l: 0 g<\/p>","protected":false},"excerpt":{"rendered":"<p>Opis Produktu Delikatna, bezglutenowa galaretka o smaku truskawkowym. Nie zawiera \u017celatyny, dzi\u0119ki czemu jest produktem odpowiednim dla wegetarian i wegan. W celu uzyskania najlepszego smaku i konsystencji zalecamy do przygotowania galaretki z jednego opakowania u\u017cy\u0107 250ml wody. Sk\u0142adniki: cukier*, substancja \u017celuj\u0105ca: agar*, barwnik: sproszkowany burak czerwony*, regulator kwasowo\u015bci: kwas cytrynowy, aromat naturalny (*certyfikowany sk\u0142adnik ekologiczny) [&hellip;]<\/p>","protected":false},"featured_media":1071,"template":"","meta":{"site-sidebar-layout":"default","site-content-layout":"","ast-site-content-layout":"default","site-content-style":"default","site-sidebar-style":"default","ast-global-header-display":"","ast-banner-title-visibility":"","ast-main-header-display":"","ast-hfb-above-header-display":"","ast-hfb-below-header-display":"","ast-hfb-mobile-header-display":"","site-post-title":"","ast-breadcrumbs-content":"","ast-featured-img":"","footer-sml-layout":"","theme-transparent-header-meta":"default","adv-header-id-meta":"","stick-header-meta":"","header-above-stick-meta":"","header-main-stick-meta":"","header-below-stick-meta":"","astra-migrate-meta-layouts":"set","ast-page-background-enabled":"default","ast-page-background-meta":{"desktop":{"background-color":"var(--ast-global-color-4)","background-image":"","background-repeat":"repeat","background-position":"center center","background-size":"auto","background-attachment":"scroll","background-type":"","background-media":"","overlay-type":"","overlay-color":"","overlay-opacity":"","overlay-gradient":""},"tablet":{"background-color":"","background-image":"","background-repeat":"repeat","background-position":"center center","background-size":"auto","background-attachment":"scroll","background-type":"","background-media":"","overlay-type":"","overlay-color":"","overlay-opacity":"","overlay-gradient":""},"mobile":{"background-color":"","background-image":"","background-repeat":"repeat","background-position":"center center","background-size":"auto","background-attachment":"scroll","background-type":"","background-media":"","overlay-type":"","overlay-color":"","overlay-opacity":"","overlay-gradient":""}},"ast-content-background-meta":{"desktop":{"background-color":"var(--ast-global-color-5)","background-image":"","background-repeat":"repeat","background-position":"center center","background-size":"auto","background-attachment":"scroll","background-type":"","background-media":"","overlay-type":"","overlay-color":"","overlay-opacity":"","overlay-gradient":""},"tablet":{"background-color":"var(--ast-global-color-5)","background-image":"","background-repeat":"repeat","background-position":"center center","background-size":"auto","background-attachment":"scroll","background-type":"","background-media":"","overlay-type":"","overlay-color":"","overlay-opacity":"","overlay-gradient":""},"mobile":{"background-color":"var(--ast-global-color-5)","background-image":"","background-repeat":"repeat","background-position":"center center","background-size":"auto","background-attachment":"scroll","background-type":"","background-media":"","overlay-type":"","overlay-color":"","overlay-opacity":"","overlay-gradient":""}}},"product_cat":[25,37,24],"product_tag":[34],"class_list":{"0":"post-1018","1":"product","2":"type-product","3":"status-publish","4":"has-post-thumbnail","6":"product_cat-slodkie","7":"product_cat-owocowe","8":"product_cat-przekaski","9":"product_tag-etykieta-eko","10":"desktop-align-center","11":"tablet-align-left","12":"mobile-align-left","14":"first","15":"instock","16":"purchasable","17":"product-type-simple"},"_links":{"self":[{"href":"https:\/\/los-odpowiedzialni-spolecznie.pl\/en\/wp-json\/wp\/v2\/product\/1018","targetHints":{"allow":["GET"]}}],"collection":[{"href":"https:\/\/los-odpowiedzialni-spolecznie.pl\/en\/wp-json\/wp\/v2\/product"}],"about":[{"href":"https:\/\/los-odpowiedzialni-spolecznie.pl\/en\/wp-json\/wp\/v2\/types\/product"}],"wp:featuredmedia":[{"embeddable":true,"href":"https:\/\/los-odpowiedzialni-spolecznie.pl\/en\/wp-json\/wp\/v2\/media\/1071"}],"wp:attachment":[{"href":"https:\/\/los-odpowiedzialni-spolecznie.pl\/en\/wp-json\/wp\/v2\/media?parent=1018"}],"wp:term":[{"taxonomy":"product_cat","embeddable":true,"href":"https:\/\/los-odpowiedzialni-spolecznie.pl\/en\/wp-json\/wp\/v2\/product_cat?post=1018"},{"taxonomy":"product_tag","embeddable":true,"href":"https:\/\/los-odpowiedzialni-spolecznie.pl\/en\/wp-json\/wp\/v2\/product_tag?post=1018"}],"curies":[{"name":"wp","href":"https:\/\/api.w.org\/{rel}","templated":true}]}}