{"id":1016,"date":"2024-12-23T16:07:07","date_gmt":"2024-12-23T15:07:07","guid":{"rendered":"https:\/\/los-odpowiedzialni-spolecznie.pl\/?post_type=product&#038;p=1016"},"modified":"2024-12-23T16:08:21","modified_gmt":"2024-12-23T15:08:21","slug":"amylon-budyn-z-zielona-herbata-matcha-o-smaku-ananasowym-bezglutenowy-40g-bio","status":"publish","type":"product","link":"https:\/\/los-odpowiedzialni-spolecznie.pl\/en\/sklep\/produkty-spozywcze\/przekaski\/amylon-budyn-z-zielona-herbata-matcha-o-smaku-ananasowym-bezglutenowy-40g-bio\/","title":{"rendered":"AMYLON Budy\u0144 z zielon\u0105 herbat\u0105 Matcha o smaku ananasowym bezglutenowy (40g) &#8211; BIO"},"content":{"rendered":"<h3>Opis Produktu<\/h3>\n<p>Budy\u0144 mo\u017cna przygotowa\u0107 tak\u017ce przy u\u017cyciu r\u00f3\u017cnych typ\u00f3w MLEKA (np. owczego, koziego) oraz napoj\u00f3w (np. sojowego, ry\u017cowego).<\/p>\n<p><strong>SK\u0141ADNIKI<\/strong><br \/>\nskrobia kukurydziana*, zielona herbata matcha* 5 %, naturalny aromat ananasowy. (*certyfikowany sk\u0142adnik ekologiczny)<\/p>\n<p><strong>SPOS\u00d3B PRZYGOTOWANIA<\/strong><br \/>\n1. Z \u00bd litra zimnego MLEKA odla\u0107 350 ml.<br \/>\n2. Doda\u0107 2 \u0142y\u017cki cukru (ok. 40 g) i pozostawi\u0107 do zagotowania.<br \/>\n3. Do pozosta\u0142ego MLEKA (150 ml) wsypa\u0107 zawarto\u015b\u0107 torebki i dobrze wymiesza\u0107.<br \/>\n4. Do gotuj\u0105cego si\u0119 MLEKA wla\u0107 rozrobiony z mlekiem budy\u0144, ci\u0105gle mieszaj\u0105c jeszcze przez chwil\u0119 do zg\u0119stnienia.<br \/>\nGotowy budy\u0144 jest przeznaczony do szybkiego spo\u017cycia.<\/p>\n<p><strong>WARTO\u015a\u0106 OD\u017bYWCZA W<\/strong> 100 g produktu sypkiego<br \/>\nWarto\u015b\u0107 energetyczna: 290 kJ\/69 kcal<br \/>\nT\u0142uszcz: 1,4 g<br \/>\nw tym kwasy nasycone: 0,9 g<br \/>\nW\u0119glowodany: 11 g<br \/>\nw tym cukry: 4,0 g<br \/>\nBia\u0142ko: 3,0 g<br \/>\nS\u00f3l: 0,09 g<\/p>\n<h3>Dodatkowe informacje<\/h3>\n<p><strong>ZALECANE WARUNKI PRZECHOWYWANIA<\/strong><br \/>\nPrzechowywa\u0107 w suchym miejscu. Chroni\u0107 przed \u015bwiat\u0142em<\/p>\n<p><strong style=\"font-size: 16px\">Producent: <\/strong><span style=\"font-size: 16px\">Amylon, Czechy.<\/span><\/p>\n<div class=\"container\">\n<div id=\"productCard\">\n<div class=\"productCard--card\">\n<div class=\"productCard--card__body\">\n<div id=\"main-content\" class=\"main row\">\n<div id=\"prodContent\" class=\"content col-12 col-md-8 col-lg-9\">\n<div class=\"row\">\n<div class=\"col-12\">\n<div id=\"productTabs\">\n<div id=\"product-tab-description-long\" class=\"tab-pane description tinymce_html active tab-active\">\n<p>&nbsp;<\/p>\n<p>&nbsp;<\/p>\n<\/div>\n<\/div>\n<\/div>\n<\/div>\n<\/div>\n<\/div>\n<\/div>\n<\/div>\n<\/div>\n<\/div>","protected":false},"excerpt":{"rendered":"<p>Opis Produktu Budy\u0144 mo\u017cna przygotowa\u0107 tak\u017ce przy u\u017cyciu r\u00f3\u017cnych typ\u00f3w MLEKA (np. owczego, koziego) oraz napoj\u00f3w (np. sojowego, ry\u017cowego). SK\u0141ADNIKI skrobia kukurydziana*, zielona herbata matcha* 5 %, naturalny aromat ananasowy. (*certyfikowany sk\u0142adnik ekologiczny) SPOS\u00d3B PRZYGOTOWANIA 1. Z \u00bd litra zimnego MLEKA odla\u0107 350 ml. 2. Doda\u0107 2 \u0142y\u017cki cukru (ok. 40 g) i pozostawi\u0107 do [&hellip;]<\/p>","protected":false},"featured_media":1069,"template":"","meta":{"site-sidebar-layout":"default","site-content-layout":"","ast-site-content-layout":"default","site-content-style":"default","site-sidebar-style":"default","ast-global-header-display":"","ast-banner-title-visibility":"","ast-main-header-display":"","ast-hfb-above-header-display":"","ast-hfb-below-header-display":"","ast-hfb-mobile-header-display":"","site-post-title":"","ast-breadcrumbs-content":"","ast-featured-img":"","footer-sml-layout":"","theme-transparent-header-meta":"default","adv-header-id-meta":"","stick-header-meta":"","header-above-stick-meta":"","header-main-stick-meta":"","header-below-stick-meta":"","astra-migrate-meta-layouts":"set","ast-page-background-enabled":"default","ast-page-background-meta":{"desktop":{"background-color":"var(--ast-global-color-4)","background-image":"","background-repeat":"repeat","background-position":"center center","background-size":"auto","background-attachment":"scroll","background-type":"","background-media":"","overlay-type":"","overlay-color":"","overlay-opacity":"","overlay-gradient":""},"tablet":{"background-color":"","background-image":"","background-repeat":"repeat","background-position":"center center","background-size":"auto","background-attachment":"scroll","background-type":"","background-media":"","overlay-type":"","overlay-color":"","overlay-opacity":"","overlay-gradient":""},"mobile":{"background-color":"","background-image":"","background-repeat":"repeat","background-position":"center center","background-size":"auto","background-attachment":"scroll","background-type":"","background-media":"","overlay-type":"","overlay-color":"","overlay-opacity":"","overlay-gradient":""}},"ast-content-background-meta":{"desktop":{"background-color":"var(--ast-global-color-5)","background-image":"","background-repeat":"repeat","background-position":"center center","background-size":"auto","background-attachment":"scroll","background-type":"","background-media":"","overlay-type":"","overlay-color":"","overlay-opacity":"","overlay-gradient":""},"tablet":{"background-color":"var(--ast-global-color-5)","background-image":"","background-repeat":"repeat","background-position":"center center","background-size":"auto","background-attachment":"scroll","background-type":"","background-media":"","overlay-type":"","overlay-color":"","overlay-opacity":"","overlay-gradient":""},"mobile":{"background-color":"var(--ast-global-color-5)","background-image":"","background-repeat":"repeat","background-position":"center center","background-size":"auto","background-attachment":"scroll","background-type":"","background-media":"","overlay-type":"","overlay-color":"","overlay-opacity":"","overlay-gradient":""}}},"product_cat":[24],"product_tag":[34],"class_list":{"0":"post-1016","1":"product","2":"type-product","3":"status-publish","4":"has-post-thumbnail","6":"product_cat-przekaski","7":"product_tag-etykieta-eko","8":"desktop-align-center","9":"tablet-align-left","10":"mobile-align-left","12":"first","13":"instock","14":"purchasable","15":"product-type-simple"},"_links":{"self":[{"href":"https:\/\/los-odpowiedzialni-spolecznie.pl\/en\/wp-json\/wp\/v2\/product\/1016","targetHints":{"allow":["GET"]}}],"collection":[{"href":"https:\/\/los-odpowiedzialni-spolecznie.pl\/en\/wp-json\/wp\/v2\/product"}],"about":[{"href":"https:\/\/los-odpowiedzialni-spolecznie.pl\/en\/wp-json\/wp\/v2\/types\/product"}],"wp:featuredmedia":[{"embeddable":true,"href":"https:\/\/los-odpowiedzialni-spolecznie.pl\/en\/wp-json\/wp\/v2\/media\/1069"}],"wp:attachment":[{"href":"https:\/\/los-odpowiedzialni-spolecznie.pl\/en\/wp-json\/wp\/v2\/media?parent=1016"}],"wp:term":[{"taxonomy":"product_cat","embeddable":true,"href":"https:\/\/los-odpowiedzialni-spolecznie.pl\/en\/wp-json\/wp\/v2\/product_cat?post=1016"},{"taxonomy":"product_tag","embeddable":true,"href":"https:\/\/los-odpowiedzialni-spolecznie.pl\/en\/wp-json\/wp\/v2\/product_tag?post=1016"}],"curies":[{"name":"wp","href":"https:\/\/api.w.org\/{rel}","templated":true}]}}