{"id":1012,"date":"2024-12-23T16:07:07","date_gmt":"2024-12-23T15:07:07","guid":{"rendered":"https:\/\/los-odpowiedzialni-spolecznie.pl\/?post_type=product&#038;p=1012"},"modified":"2024-12-23T16:08:09","modified_gmt":"2024-12-23T15:08:09","slug":"bieluchny-zel-do-prania-slodka-pomarancza-1000ml-klareko","status":"publish","type":"product","link":"https:\/\/los-odpowiedzialni-spolecznie.pl\/en\/sklep\/srodki-czystosci\/eko-produkty-dla-domu-i-szkoly\/bieluchny-zel-do-prania-slodka-pomarancza-1000ml-klareko\/","title":{"rendered":"Bieluchny \u017bel Do Prania S\u0142odka Pomara\u0144cza 1000ml Klareko"},"content":{"rendered":"<h3>Opis Produktu<\/h3>\n<p class=\"product_title entry-title elementor-heading-title elementor-size-default\"><strong>Bieluchny \u017bel Do Prania S\u0142odka Pomara\u0144cza 1000ml Klareko<\/strong><\/p>\n<div id=\"main-product-wrapper\" class=\"product-container js-product-container\">\n<div class=\"tabs product-tabs\">\n<div id=\"product-infos-tabs-content\" class=\"tab-content\">\n<div id=\"description\" class=\"tab-pane in active\">\n<div class=\"product-description\">\n<div class=\"rte-content\">\n<p>Bieluchny \u017bel Do Prania klar<strong>eko<\/strong>\u00a0jest idealnym rozwi\u0105zaniem do codziennego prania. Opracowuj\u0105c receptur\u0119 \u017belu kierowa\u0142y\u015bmy si\u0119 trosk\u0105 o zdrowie nasze i naszych najbli\u017cszych.<\/p>\n<p><strong>SAMI ZOBACZCIE<br \/>\n<\/strong>Z tkaninami nasza sk\u00f3ra ma kontakt ca\u0142\u0105 dob\u0119, 7 dni w tygodniu. Dlatego najwa\u017cniejszym by\u0142o dla nas, by Bieluchny nie zawiera\u0142 szkodliwych optycznych wybielaczy, utrwalaczy barw, sztucznych aromat\u00f3w i kompozycji zapachowych oraz \u017cadnych innych okropno\u015bci.<\/p>\n<p>Dodatkowo Bieluchny zapobiega mechaceniu materia\u0142\u00f3w oraz sprawia, \u017ce pranie jest bardziej mi\u0119kkie.<\/p>\n<p>Pi\u0119kny zapach P\u0142ynu to efekt u\u017cycia naturalnych olejk\u00f3w eterycznych, kt\u00f3rych cudowne w\u0142a\u015bciwo\u015bci znane s\u0105 od tysi\u0105cleci<\/p>\n<p><strong>JAK U\u017bYWA\u0106<br \/>\n<\/strong>Eko dozowanie \u2013 czyli co za du\u017co, to nie zdrowo. My\u015bl\u0105c o swoim zdrowiu i o ekologicznym dzia\u0142aniu pami\u0119taj, ze w przypadku Kosmetyk\u00f3w Dla Domu klar<strong>eko<\/strong>\u00a0\u201ewi\u0119cej nie znaczy lepiej\u201d.Do skutecznego prania u\u017cyj 30ml \u017belu do Prania klar<strong>eko<\/strong>. Taka ilo\u015b\u0107 wystarczy do wyprania nawet 5kg przeci\u0119tnie zabrudzonej odzie\u017cy.<\/p>\n<p><strong>EKO SK\u0141ADNIKI<\/strong><br \/>\nWoda demineralizowana, nadw\u0119glan sodu, boraks, surfaktant ro\u015blinny, alkohole pochodzenia ro\u015blinnego, karboksymetyloceluloza, metakrzemian sodu, naturalne olejki eteryczne\u2026 i to wszystko. W tym 5-15% amfoteryczne \u015brodki powierzchniowo czynne, tlenowe \u015brodki wybielaj\u0105ce.<\/p>\n<\/div>\n<\/div>\n<\/div>\n<div id=\"product-details-tab\" class=\"tab-pane\">\n<div id=\"product-details\" class=\"clearfix js-product-details\" data-product=\"{&quot;id_shop_default&quot;:&quot;1&quot;,&quot;id_manufacturer&quot;:&quot;162&quot;,&quot;id_supplier&quot;:&quot;0&quot;,&quot;reference&quot;:&quot;5908217931306&quot;,&quot;is_virtual&quot;:&quot;0&quot;,&quot;delivery_in_stock&quot;:&quot;Wysyu0142ka w 24h&quot;,&quot;delivery_out_stock&quot;:&quot;&quot;,&quot;id_category_default&quot;:&quot;104&quot;,&quot;on_sale&quot;:&quot;0&quot;,&quot;online_only&quot;:&quot;0&quot;,&quot;ecotax&quot;:0,&quot;minimal_quantity&quot;:&quot;1&quot;,&quot;low_stock_threshold&quot;:null,&quot;low_stock_alert&quot;:&quot;0&quot;,&quot;price&quot;:&quot;34,00u00a0zu0142&quot;,&quot;unity&quot;:&quot;&quot;,&quot;unit_price_ratio&quot;:&quot;0.000000&quot;,&quot;additional_shipping_cost&quot;:&quot;0.000000&quot;,&quot;customizable&quot;:&quot;0&quot;,&quot;text_fields&quot;:&quot;0&quot;,&quot;uploadable_files&quot;:&quot;0&quot;,&quot;redirect_type&quot;:&quot;404&quot;,&quot;id_type_redirected&quot;:&quot;0&quot;,&quot;available_for_order&quot;:&quot;1&quot;,&quot;available_date&quot;:&quot;0000-00-00&quot;,&quot;show_condition&quot;:&quot;0&quot;,&quot;condition&quot;:&quot;new&quot;,&quot;show_price&quot;:&quot;1&quot;,&quot;indexed&quot;:&quot;1&quot;,&quot;visibility&quot;:&quot;both&quot;,&quot;cache_default_attribute&quot;:&quot;0&quot;,&quot;advanced_stock_management&quot;:&quot;0&quot;,&quot;date_add&quot;:&quot;2023-01-24 16:34:44&quot;,&quot;date_upd&quot;:&quot;2023-11-15 20:47:30&quot;,&quot;pack_stock_type&quot;:&quot;3&quot;,&quot;meta_description&quot;:&quot;Delikatny dla sku00f3ry i bezwzglu0119dny dla zabrudzeu0144 u017bel do prania biau0142ych tkanin. Starcza au017c na 33 prania. Zapobiega mechaceniu materiau0142u00f3w. Naturalny u015brodek czystou015bci.&quot;,&quot;meta_keywords&quot;:&quot;&quot;,&quot;meta_title&quot;:&quot;Bieluchny u017bel Do Prania Su0142odka Pomarau0144cza, Lawenda, 1000ml, Klareko&quot;,&quot;link_rewrite&quot;:&quot;bieluchny-zel-do-prania-slodka-pomarancza-lawenda-1000ml-klareko&quot;,&quot;name&quot;:&quot;Bieluchny u017bel Do Prania Su0142odka Pomarau0144cza, Lawenda, 1000ml, Klareko&quot;,&quot;description&quot;:&quot;&lt;p&gt;Bieluchny u017bel Do Prania klar&lt;strong&gt;eko&lt;\/strong&gt; jest idealnym rozwiu0105zaniem do codziennego prania. Opracowuju0105c recepturu0119 u017belu kierowau0142yu015bmy siu0119 trosku0105 o zdrowie nasze i naszych najbliu017cszych.&lt;\/p&gt;\\n&lt;p&gt;&lt;strong&gt;SAMI ZOBACZCIE&lt;br \/&gt;&lt;\/strong&gt;Z tkaninami nasza sku00f3ra ma kontakt cau0142u0105 dobu0119, 7 dni w tygodniu. Dlatego najwau017cniejszym byu0142o dla nas, by Bieluchny nie zawierau0142 szkodliwych optycznych wybielaczy, utrwalaczy barw, sztucznych aromatu00f3w i kompozycji zapachowych oraz u017cadnych innych okropnou015bci.&lt;\/p&gt;\\n&lt;p&gt;Dodatkowo Bieluchny zapobiega mechaceniu materiau0142u00f3w oraz sprawia, u017ce pranie jest bardziej miu0119kkie.&lt;\/p&gt;\\n&lt;p&gt;Piu0119kny zapach Pu0142ynu to efekt uu017cycia naturalnych olejku00f3w eterycznych, ktu00f3rych cudowne wu0142au015bciwou015bci znane su0105 od tysiu0105cleci&lt;\/p&gt;\\n&lt;p&gt;&lt;strong&gt;JAK Uu017bYWAu0106&lt;br \/&gt;&lt;\/strong&gt;Eko dozowanie u2013 czyli co za duu017co, to nie zdrowo. Myu015blu0105c o swoim zdrowiu i o ekologicznym dziau0142aniu pamiu0119taj, ze w przypadku Kosmetyku00f3w Dla Domu klar&lt;strong&gt;eko&lt;\/strong&gt; u201ewiu0119cej nie znaczy lepieju201d.Do skutecznego prania uu017cyj 30ml u017belu do Prania klar&lt;strong&gt;eko&lt;\/strong&gt;. Taka ilou015bu0107 wystarczy do wyprania nawet 5kg przeciu0119tnie zabrudzonej odzieu017cy.&lt;\/p&gt;\\n&lt;p&gt;&lt;strong&gt;EKO SKu0141ADNIKI&lt;\/strong&gt;&lt;br \/&gt;Woda demineralizowana, nadwu0119glan sodu, boraks, surfaktant rou015blinny, alkohole pochodzenia rou015blinnego, karboksymetyloceluloza, metakrzemian sodu, naturalne olejki eteryczneu2026 i to wszystko. W tym 5-15% amfoteryczne u015brodki powierzchniowo czynne, tlenowe u015brodki wybielaju0105ce.&lt;\/p&gt;&quot;,&quot;description_short&quot;:&quot;&lt;p&gt;1000ml \/ starcza au017c na 33 prania&lt;\/p&gt;\\n&lt;p&gt;Delikatny dla sku00f3ry i bezwzglu0119dny dla zabrudzeu0144 u017bel do prania tkanin biau0142ych.&lt;\/p&gt;&quot;,&quot;available_now&quot;:&quot;&quot;,&quot;available_later&quot;:&quot;&quot;,&quot;id&quot;:11912,&quot;id_product&quot;:11912,&quot;out_of_stock&quot;:2,&quot;new&quot;:0,&quot;id_product_attribute&quot;:&quot;0&quot;,&quot;quantity_wanted&quot;:1,&quot;extraContent&quot;:[],&quot;allow_oosp&quot;:0,&quot;category&quot;:&quot;do-prania&quot;,&quot;category_name&quot;:&quot;Do prania&quot;,&quot;link&quot;:&quot;https:\/\/ekoahimsa.pl\/do-prania\/11912-bieluchny-zel-do-prania-slodka-pomarancza-lawenda-1000ml-klareko.html&quot;,&quot;attribute_price&quot;:0,&quot;price_tax_exc&quot;:27.642275999999998958855940145440399646759033203125,&quot;price_without_reduction&quot;:33.9999990000000025247572921216487884521484375,&quot;reduction&quot;:0,&quot;specific_prices&quot;:false,&quot;quantity&quot;:3,&quot;quantity_all_versions&quot;:3,&quot;id_image&quot;:&quot;pl-default&quot;,&quot;features&quot;:[],&quot;attachments&quot;:[],&quot;virtual&quot;:0,&quot;pack&quot;:0,&quot;packItems&quot;:[],&quot;nopackprice&quot;:0,&quot;customization_required&quot;:false,&quot;rate&quot;:23,&quot;tax_name&quot;:&quot;PTU PL 23%&quot;,&quot;ecotax_rate&quot;:0,&quot;unit_price&quot;:&quot;&quot;,&quot;customizations&quot;:{&quot;fields&quot;:[]},&quot;id_customization&quot;:0,&quot;is_customizable&quot;:false,&quot;show_quantities&quot;:true,&quot;quantity_label&quot;:&quot;Przedmioty&quot;,&quot;quantity_discounts&quot;:[],&quot;customer_group_discount&quot;:0,&quot;images&quot;:[{&quot;bySize&quot;:{&quot;small_default&quot;:{&quot;url&quot;:&quot;https:\/\/ekoahimsa.pl\/28311-small_default\/bieluchny-zel-do-prania-slodka-pomarancza-lawenda-1000ml-klareko.jpg&quot;,&quot;width&quot;:98,&quot;height&quot;:127},&quot;cart_default&quot;:{&quot;url&quot;:&quot;https:\/\/ekoahimsa.pl\/28311-cart_default\/bieluchny-zel-do-prania-slodka-pomarancza-lawenda-1000ml-klareko.jpg&quot;,&quot;width&quot;:125,&quot;height&quot;:162},&quot;home_default&quot;:{&quot;url&quot;:&quot;https:\/\/ekoahimsa.pl\/28311-home_default\/bieluchny-zel-do-prania-slodka-pomarancza-lawenda-1000ml-klareko.jpg&quot;,&quot;width&quot;:236,&quot;height&quot;:305},&quot;large_default&quot;:{&quot;url&quot;:&quot;https:\/\/ekoahimsa.pl\/28311-large_default\/bieluchny-zel-do-prania-slodka-pomarancza-lawenda-1000ml-klareko.jpg&quot;,&quot;width&quot;:381,&quot;height&quot;:492},&quot;medium_default&quot;:{&quot;url&quot;:&quot;https:\/\/ekoahimsa.pl\/28311-medium_default\/bieluchny-zel-do-prania-slodka-pomarancza-lawenda-1000ml-klareko.jpg&quot;,&quot;width&quot;:452,&quot;height&quot;:584},&quot;FB&quot;:{&quot;url&quot;:&quot;https:\/\/ekoahimsa.pl\/28311-FB\/bieluchny-zel-do-prania-slodka-pomarancza-lawenda-1000ml-klareko.jpg&quot;,&quot;width&quot;:960,&quot;height&quot;:960},&quot;thickbox_default&quot;:{&quot;url&quot;:&quot;https:\/\/ekoahimsa.pl\/28311-thickbox_default\/bieluchny-zel-do-prania-slodka-pomarancza-lawenda-1000ml-klareko.jpg&quot;,&quot;width&quot;:1100,&quot;height&quot;:1422}},&quot;small&quot;:{&quot;url&quot;:&quot;https:\/\/ekoahimsa.pl\/28311-small_default\/bieluchny-zel-do-prania-slodka-pomarancza-lawenda-1000ml-klareko.jpg&quot;,&quot;width&quot;:98,&quot;height&quot;:127},&quot;medium&quot;:{&quot;url&quot;:&quot;https:\/\/ekoahimsa.pl\/28311-large_default\/bieluchny-zel-do-prania-slodka-pomarancza-lawenda-1000ml-klareko.jpg&quot;,&quot;width&quot;:381,&quot;height&quot;:492},&quot;large&quot;:{&quot;url&quot;:&quot;https:\/\/ekoahimsa.pl\/28311-thickbox_default\/bieluchny-zel-do-prania-slodka-pomarancza-lawenda-1000ml-klareko.jpg&quot;,&quot;width&quot;:1100,&quot;height&quot;:1422},&quot;legend&quot;:&quot;&quot;,&quot;id_image&quot;:&quot;28311&quot;,&quot;cover&quot;:null,&quot;position&quot;:&quot;1&quot;,&quot;associatedVariants&quot;:[]},{&quot;bySize&quot;:{&quot;small_default&quot;:{&quot;url&quot;:&quot;https:\/\/ekoahimsa.pl\/28312-small_default\/bieluchny-zel-do-prania-slodka-pomarancza-lawenda-1000ml-klareko.jpg&quot;,&quot;width&quot;:98,&quot;height&quot;:127},&quot;cart_default&quot;:{&quot;url&quot;:&quot;https:\/\/ekoahimsa.pl\/28312-cart_default\/bieluchny-zel-do-prania-slodka-pomarancza-lawenda-1000ml-klareko.jpg&quot;,&quot;width&quot;:125,&quot;height&quot;:162},&quot;home_default&quot;:{&quot;url&quot;:&quot;https:\/\/ekoahimsa.pl\/28312-home_default\/bieluchny-zel-do-prania-slodka-pomarancza-lawenda-1000ml-klareko.jpg&quot;,&quot;width&quot;:236,&quot;height&quot;:305},&quot;large_default&quot;:{&quot;url&quot;:&quot;https:\/\/ekoahimsa.pl\/28312-large_default\/bieluchny-zel-do-prania-slodka-pomarancza-lawenda-1000ml-klareko.jpg&quot;,&quot;width&quot;:381,&quot;height&quot;:492},&quot;medium_default&quot;:{&quot;url&quot;:&quot;https:\/\/ekoahimsa.pl\/28312-medium_default\/bieluchny-zel-do-prania-slodka-pomarancza-lawenda-1000ml-klareko.jpg&quot;,&quot;width&quot;:452,&quot;height&quot;:584},&quot;FB&quot;:{&quot;url&quot;:&quot;https:\/\/ekoahimsa.pl\/28312-FB\/bieluchny-zel-do-prania-slodka-pomarancza-lawenda-1000ml-klareko.jpg&quot;,&quot;width&quot;:960,&quot;height&quot;:960},&quot;thickbox_default&quot;:{&quot;url&quot;:&quot;https:\/\/ekoahimsa.pl\/28312-thickbox_default\/bieluchny-zel-do-prania-slodka-pomarancza-lawenda-1000ml-klareko.jpg&quot;,&quot;width&quot;:1100,&quot;height&quot;:1422}},&quot;small&quot;:{&quot;url&quot;:&quot;https:\/\/ekoahimsa.pl\/28312-small_default\/bieluchny-zel-do-prania-slodka-pomarancza-lawenda-1000ml-klareko.jpg&quot;,&quot;width&quot;:98,&quot;height&quot;:127},&quot;medium&quot;:{&quot;url&quot;:&quot;https:\/\/ekoahimsa.pl\/28312-large_default\/bieluchny-zel-do-prania-slodka-pomarancza-lawenda-1000ml-klareko.jpg&quot;,&quot;width&quot;:381,&quot;height&quot;:492},&quot;large&quot;:{&quot;url&quot;:&quot;https:\/\/ekoahimsa.pl\/28312-thickbox_default\/bieluchny-zel-do-prania-slodka-pomarancza-lawenda-1000ml-klareko.jpg&quot;,&quot;width&quot;:1100,&quot;height&quot;:1422},&quot;legend&quot;:&quot;&quot;,&quot;id_image&quot;:&quot;28312&quot;,&quot;cover&quot;:&quot;1&quot;,&quot;position&quot;:&quot;2&quot;,&quot;associatedVariants&quot;:[]}],&quot;cover&quot;:{&quot;bySize&quot;:{&quot;small_default&quot;:{&quot;url&quot;:&quot;https:\/\/ekoahimsa.pl\/28312-small_default\/bieluchny-zel-do-prania-slodka-pomarancza-lawenda-1000ml-klareko.jpg&quot;,&quot;width&quot;:98,&quot;height&quot;:127},&quot;cart_default&quot;:{&quot;url&quot;:&quot;https:\/\/ekoahimsa.pl\/28312-cart_default\/bieluchny-zel-do-prania-slodka-pomarancza-lawenda-1000ml-klareko.jpg&quot;,&quot;width&quot;:125,&quot;height&quot;:162},&quot;home_default&quot;:{&quot;url&quot;:&quot;https:\/\/ekoahimsa.pl\/28312-home_default\/bieluchny-zel-do-prania-slodka-pomarancza-lawenda-1000ml-klareko.jpg&quot;,&quot;width&quot;:236,&quot;height&quot;:305},&quot;large_default&quot;:{&quot;url&quot;:&quot;https:\/\/ekoahimsa.pl\/28312-large_default\/bieluchny-zel-do-prania-slodka-pomarancza-lawenda-1000ml-klareko.jpg&quot;,&quot;width&quot;:381,&quot;height&quot;:492},&quot;medium_default&quot;:{&quot;url&quot;:&quot;https:\/\/ekoahimsa.pl\/28312-medium_default\/bieluchny-zel-do-prania-slodka-pomarancza-lawenda-1000ml-klareko.jpg&quot;,&quot;width&quot;:452,&quot;height&quot;:584},&quot;FB&quot;:{&quot;url&quot;:&quot;https:\/\/ekoahimsa.pl\/28312-FB\/bieluchny-zel-do-prania-slodka-pomarancza-lawenda-1000ml-klareko.jpg&quot;,&quot;width&quot;:960,&quot;height&quot;:960},&quot;thickbox_default&quot;:{&quot;url&quot;:&quot;https:\/\/ekoahimsa.pl\/28312-thickbox_default\/bieluchny-zel-do-prania-slodka-pomarancza-lawenda-1000ml-klareko.jpg&quot;,&quot;width&quot;:1100,&quot;height&quot;:1422}},&quot;small&quot;:{&quot;url&quot;:&quot;https:\/\/ekoahimsa.pl\/28312-small_default\/bieluchny-zel-do-prania-slodka-pomarancza-lawenda-1000ml-klareko.jpg&quot;,&quot;width&quot;:98,&quot;height&quot;:127},&quot;medium&quot;:{&quot;url&quot;:&quot;https:\/\/ekoahimsa.pl\/28312-large_default\/bieluchny-zel-do-prania-slodka-pomarancza-lawenda-1000ml-klareko.jpg&quot;,&quot;width&quot;:381,&quot;height&quot;:492},&quot;large&quot;:{&quot;url&quot;:&quot;https:\/\/ekoahimsa.pl\/28312-thickbox_default\/bieluchny-zel-do-prania-slodka-pomarancza-lawenda-1000ml-klareko.jpg&quot;,&quot;width&quot;:1100,&quot;height&quot;:1422},&quot;legend&quot;:&quot;&quot;,&quot;id_image&quot;:&quot;28312&quot;,&quot;cover&quot;:&quot;1&quot;,&quot;position&quot;:&quot;2&quot;,&quot;associatedVariants&quot;:[]},&quot;has_discount&quot;:false,&quot;discount_type&quot;:null,&quot;discount_percentage&quot;:null,&quot;discount_percentage_absolute&quot;:null,&quot;discount_amount&quot;:null,&quot;discount_amount_to_display&quot;:null,&quot;price_amount&quot;:34,&quot;unit_price_full&quot;:&quot;&quot;,&quot;show_availability&quot;:true,&quot;availability_date&quot;:null,&quot;availability_message&quot;:&quot;Mamy to:)&quot;,&quot;availability&quot;:&quot;available&quot;}\">\n<div class=\"product-quantities\"><\/div>\n<div class=\"product-out-of-stock\"><\/div>\n<\/div>\n<\/div>\n<div id=\"brand-tab\" class=\"tab-pane in\">\n<div class=\"rte-content\">\n<p>&nbsp;<\/p>\n<p>&nbsp;<\/p>\n<p>&nbsp;<\/p>\n<p>&nbsp;<\/p>\n<\/div>\n<\/div>\n<\/div>\n<\/div>\n<\/div>","protected":false},"excerpt":{"rendered":"<p>Opis Produktu Bieluchny \u017bel Do Prania S\u0142odka Pomara\u0144cza 1000ml Klareko Bieluchny \u017bel Do Prania klareko\u00a0jest idealnym rozwi\u0105zaniem do codziennego prania. Opracowuj\u0105c receptur\u0119 \u017belu kierowa\u0142y\u015bmy si\u0119 trosk\u0105 o zdrowie nasze i naszych najbli\u017cszych. SAMI ZOBACZCIE Z tkaninami nasza sk\u00f3ra ma kontakt ca\u0142\u0105 dob\u0119, 7 dni w tygodniu. Dlatego najwa\u017cniejszym by\u0142o dla nas, by Bieluchny nie zawiera\u0142 [&hellip;]<\/p>","protected":false},"featured_media":1057,"template":"","meta":{"site-sidebar-layout":"default","site-content-layout":"","ast-site-content-layout":"default","site-content-style":"default","site-sidebar-style":"default","ast-global-header-display":"","ast-banner-title-visibility":"","ast-main-header-display":"","ast-hfb-above-header-display":"","ast-hfb-below-header-display":"","ast-hfb-mobile-header-display":"","site-post-title":"","ast-breadcrumbs-content":"","ast-featured-img":"","footer-sml-layout":"","theme-transparent-header-meta":"default","adv-header-id-meta":"","stick-header-meta":"","header-above-stick-meta":"","header-main-stick-meta":"","header-below-stick-meta":"","astra-migrate-meta-layouts":"set","ast-page-background-enabled":"default","ast-page-background-meta":{"desktop":{"background-color":"var(--ast-global-color-4)","background-image":"","background-repeat":"repeat","background-position":"center center","background-size":"auto","background-attachment":"scroll","background-type":"","background-media":"","overlay-type":"","overlay-color":"","overlay-opacity":"","overlay-gradient":""},"tablet":{"background-color":"","background-image":"","background-repeat":"repeat","background-position":"center center","background-size":"auto","background-attachment":"scroll","background-type":"","background-media":"","overlay-type":"","overlay-color":"","overlay-opacity":"","overlay-gradient":""},"mobile":{"background-color":"","background-image":"","background-repeat":"repeat","background-position":"center center","background-size":"auto","background-attachment":"scroll","background-type":"","background-media":"","overlay-type":"","overlay-color":"","overlay-opacity":"","overlay-gradient":""}},"ast-content-background-meta":{"desktop":{"background-color":"var(--ast-global-color-5)","background-image":"","background-repeat":"repeat","background-position":"center center","background-size":"auto","background-attachment":"scroll","background-type":"","background-media":"","overlay-type":"","overlay-color":"","overlay-opacity":"","overlay-gradient":""},"tablet":{"background-color":"var(--ast-global-color-5)","background-image":"","background-repeat":"repeat","background-position":"center center","background-size":"auto","background-attachment":"scroll","background-type":"","background-media":"","overlay-type":"","overlay-color":"","overlay-opacity":"","overlay-gradient":""},"mobile":{"background-color":"var(--ast-global-color-5)","background-image":"","background-repeat":"repeat","background-position":"center center","background-size":"auto","background-attachment":"scroll","background-type":"","background-media":"","overlay-type":"","overlay-color":"","overlay-opacity":"","overlay-gradient":""}}},"product_cat":[68,72],"product_tag":[],"class_list":{"0":"post-1012","1":"product","2":"type-product","3":"status-publish","4":"has-post-thumbnail","6":"product_cat-eko-produkty-dla-domu-i-szkoly","7":"product_cat-ekologiczne-srodki-czystosci","8":"desktop-align-center","9":"tablet-align-left","10":"mobile-align-left","12":"first","13":"onbackorder","14":"purchasable","15":"product-type-simple"},"_links":{"self":[{"href":"https:\/\/los-odpowiedzialni-spolecznie.pl\/en\/wp-json\/wp\/v2\/product\/1012","targetHints":{"allow":["GET"]}}],"collection":[{"href":"https:\/\/los-odpowiedzialni-spolecznie.pl\/en\/wp-json\/wp\/v2\/product"}],"about":[{"href":"https:\/\/los-odpowiedzialni-spolecznie.pl\/en\/wp-json\/wp\/v2\/types\/product"}],"wp:featuredmedia":[{"embeddable":true,"href":"https:\/\/los-odpowiedzialni-spolecznie.pl\/en\/wp-json\/wp\/v2\/media\/1057"}],"wp:attachment":[{"href":"https:\/\/los-odpowiedzialni-spolecznie.pl\/en\/wp-json\/wp\/v2\/media?parent=1012"}],"wp:term":[{"taxonomy":"product_cat","embeddable":true,"href":"https:\/\/los-odpowiedzialni-spolecznie.pl\/en\/wp-json\/wp\/v2\/product_cat?post=1012"},{"taxonomy":"product_tag","embeddable":true,"href":"https:\/\/los-odpowiedzialni-spolecznie.pl\/en\/wp-json\/wp\/v2\/product_tag?post=1012"}],"curies":[{"name":"wp","href":"https:\/\/api.w.org\/{rel}","templated":true}]}}