{"id":1001,"date":"2024-12-23T16:06:45","date_gmt":"2024-12-23T15:06:45","guid":{"rendered":"https:\/\/los-odpowiedzialni-spolecznie.pl\/?post_type=product&#038;p=1001"},"modified":"2024-12-23T16:08:01","modified_gmt":"2024-12-23T15:08:01","slug":"babcianki-serowo-cebulowe-bez-dodatku-cukrow-110-g-naturavena","status":"publish","type":"product","link":"https:\/\/los-odpowiedzialni-spolecznie.pl\/en\/sklep\/produkty-spozywcze\/przekaski\/slone\/babcianki-serowo-cebulowe-bez-dodatku-cukrow-110-g-naturavena\/","title":{"rendered":"BABCIANKI SEROWO-CEBULOWE BEZ DODATKU CUKR\u00d3W 110 g &#8211; NATURAVENA"},"content":{"rendered":"<h3>Opis Produktu<\/h3>\n<p><strong>BABCIANKI SEROWO-CEBULOWE BEZ DODATKU CUKR\u00d3W 110 g &#8211; NATURAVENA<\/strong><\/p>\n<p>Babcianki to cieniutkie wafelki z pieca wypiekane na suchej p\u0142ycie. Okr\u0105g\u0142e, chrupi\u0105ce wafelki stanowi\u0105 idealn\u0105 przek\u0105sk\u0119. Bez dodatku cukru. Zawiera naturalnie wyst\u0119puj\u0105ce cukry.<\/p>\n<p><strong>SK\u0141ADNIKI<\/strong><br \/>\nm\u0105ka PSZENNA, olej ro\u015blinny, cebula suszona (3 %), MLEKO w proszku, SER \u017c\u00f3\u0142ty (1 %) (MLEKO, s\u00f3l, stabilizator: chlorek wapnia, kultury bakterii), naturalny barwnik: beta-karoten, JAJA w proszku, s\u00f3l, czosnek, pieprz, papryka, kminek, lecytyna SOJOWA, spulchniacze: w\u0119glan sodu.<\/p>\n<p><strong>WARTO\u015a\u0106 OD\u017bYWCZA W 100 g<\/strong><br \/>\n<strong>Warto\u015b\u0107 energetyczna 1750 kJ\/417 kcal<\/strong><br \/>\nT\u0142uszcz 10,9 g<br \/>\nw tym kwasy t\u0142uszczowe nasycone 1,5 g<br \/>\nW\u0119glowodany 70,3 g<br \/>\nw tym cukry 2,6 g<br \/>\nB\u0142onnik 5,4 g<br \/>\nBia\u0142ko 12,1 g<br \/>\nS\u00f3l 2,0 g<\/p>\n<p><strong>ZALECANE WARUNKI PRZECHOWYWANIA<\/strong><br \/>\nPrzechowywa\u0107 w suchym i ch\u0142odnym miejscu.<\/p>","protected":false},"excerpt":{"rendered":"<p>Opis Produktu BABCIANKI SEROWO-CEBULOWE BEZ DODATKU CUKR\u00d3W 110 g &#8211; NATURAVENA Babcianki to cieniutkie wafelki z pieca wypiekane na suchej p\u0142ycie. Okr\u0105g\u0142e, chrupi\u0105ce wafelki stanowi\u0105 idealn\u0105 przek\u0105sk\u0119. Bez dodatku cukru. Zawiera naturalnie wyst\u0119puj\u0105ce cukry. SK\u0141ADNIKI m\u0105ka PSZENNA, olej ro\u015blinny, cebula suszona (3 %), MLEKO w proszku, SER \u017c\u00f3\u0142ty (1 %) (MLEKO, s\u00f3l, stabilizator: chlorek wapnia, [&hellip;]<\/p>","protected":false},"featured_media":1054,"template":"","meta":{"site-sidebar-layout":"default","site-content-layout":"","ast-site-content-layout":"default","site-content-style":"default","site-sidebar-style":"default","ast-global-header-display":"","ast-banner-title-visibility":"","ast-main-header-display":"","ast-hfb-above-header-display":"","ast-hfb-below-header-display":"","ast-hfb-mobile-header-display":"","site-post-title":"","ast-breadcrumbs-content":"","ast-featured-img":"","footer-sml-layout":"","theme-transparent-header-meta":"default","adv-header-id-meta":"","stick-header-meta":"","header-above-stick-meta":"","header-main-stick-meta":"","header-below-stick-meta":"","astra-migrate-meta-layouts":"set","ast-page-background-enabled":"default","ast-page-background-meta":{"desktop":{"background-color":"var(--ast-global-color-4)","background-image":"","background-repeat":"repeat","background-position":"center center","background-size":"auto","background-attachment":"scroll","background-type":"","background-media":"","overlay-type":"","overlay-color":"","overlay-opacity":"","overlay-gradient":""},"tablet":{"background-color":"","background-image":"","background-repeat":"repeat","background-position":"center center","background-size":"auto","background-attachment":"scroll","background-type":"","background-media":"","overlay-type":"","overlay-color":"","overlay-opacity":"","overlay-gradient":""},"mobile":{"background-color":"","background-image":"","background-repeat":"repeat","background-position":"center center","background-size":"auto","background-attachment":"scroll","background-type":"","background-media":"","overlay-type":"","overlay-color":"","overlay-opacity":"","overlay-gradient":""}},"ast-content-background-meta":{"desktop":{"background-color":"var(--ast-global-color-5)","background-image":"","background-repeat":"repeat","background-position":"center center","background-size":"auto","background-attachment":"scroll","background-type":"","background-media":"","overlay-type":"","overlay-color":"","overlay-opacity":"","overlay-gradient":""},"tablet":{"background-color":"var(--ast-global-color-5)","background-image":"","background-repeat":"repeat","background-position":"center center","background-size":"auto","background-attachment":"scroll","background-type":"","background-media":"","overlay-type":"","overlay-color":"","overlay-opacity":"","overlay-gradient":""},"mobile":{"background-color":"var(--ast-global-color-5)","background-image":"","background-repeat":"repeat","background-position":"center center","background-size":"auto","background-attachment":"scroll","background-type":"","background-media":"","overlay-type":"","overlay-color":"","overlay-opacity":"","overlay-gradient":""}}},"product_cat":[66,24],"product_tag":[],"class_list":{"0":"post-1001","1":"product","2":"type-product","3":"status-publish","4":"has-post-thumbnail","6":"product_cat-slone","7":"product_cat-przekaski","8":"desktop-align-center","9":"tablet-align-left","10":"mobile-align-left","12":"first","13":"onbackorder","14":"purchasable","15":"product-type-simple"},"_links":{"self":[{"href":"https:\/\/los-odpowiedzialni-spolecznie.pl\/en\/wp-json\/wp\/v2\/product\/1001","targetHints":{"allow":["GET"]}}],"collection":[{"href":"https:\/\/los-odpowiedzialni-spolecznie.pl\/en\/wp-json\/wp\/v2\/product"}],"about":[{"href":"https:\/\/los-odpowiedzialni-spolecznie.pl\/en\/wp-json\/wp\/v2\/types\/product"}],"wp:featuredmedia":[{"embeddable":true,"href":"https:\/\/los-odpowiedzialni-spolecznie.pl\/en\/wp-json\/wp\/v2\/media\/1054"}],"wp:attachment":[{"href":"https:\/\/los-odpowiedzialni-spolecznie.pl\/en\/wp-json\/wp\/v2\/media?parent=1001"}],"wp:term":[{"taxonomy":"product_cat","embeddable":true,"href":"https:\/\/los-odpowiedzialni-spolecznie.pl\/en\/wp-json\/wp\/v2\/product_cat?post=1001"},{"taxonomy":"product_tag","embeddable":true,"href":"https:\/\/los-odpowiedzialni-spolecznie.pl\/en\/wp-json\/wp\/v2\/product_tag?post=1001"}],"curies":[{"name":"wp","href":"https:\/\/api.w.org\/{rel}","templated":true}]}}