{"id":1000,"date":"2024-12-23T16:06:45","date_gmt":"2024-12-23T15:06:45","guid":{"rendered":"https:\/\/los-odpowiedzialni-spolecznie.pl\/?post_type=product&#038;p=1000"},"modified":"2024-12-23T16:07:58","modified_gmt":"2024-12-23T15:07:58","slug":"ciasteczka-owsiane-cynamonowe-150-g-bio-ania","status":"publish","type":"product","link":"https:\/\/los-odpowiedzialni-spolecznie.pl\/en\/sklep\/produkty-spozywcze\/przekaski\/slodkie\/ciasteczka-owsiane-cynamonowe-150-g-bio-ania\/","title":{"rendered":"Ciasteczka Owsiane Cynamonowe 150 g &#8211; BIO ANIA"},"content":{"rendered":"<h3>Opis Produktu<\/h3>\n<p><strong>Ciasteczka Owsiane Cynamonowe BIO<\/strong><\/p>\n<p><strong>Sk\u0142adniki:<\/strong><br \/>\nm\u0105ka\u00a0<strong>pszenna<\/strong>*, p\u0142atki\u00a0<strong>owsiane<\/strong>* (30%),\u00a0<strong>mleko<\/strong>\u00a0w proszku, t\u0142uszcz kokosowy*, s\u00f3l, cynamon* (0,3%) (*certyfikowany sk\u0142adnik ekologiczny)<\/p>\n<p><strong>Warto\u015b\u0107 od\u017cywcza w 100 g:<\/strong><br \/>\n<strong>Warto\u015b\u0107 energetyczna 1832 kJ \/\u00a0435 kcal<\/strong><br \/>\nT\u0142uszcz:\u00a011,8 g;<br \/>\nw tym kwasy t\u0142uszczowe\u00a0nasycone:\u00a09,6 g;<br \/>\nW\u0119glowodany:\u00a074,4 g;<br \/>\nw tym cukry:\u00a05 g;<br \/>\nBia\u0142ko: 9,6 g;<br \/>\nS\u00f3l: 1,1 g<\/p>\n<p><strong>Informacja alergenna:<\/strong><br \/>\nProdukt mo\u017ce zawiera\u0107 jaja, sezam, orzechy, soj\u0119.<\/p>\n<p><strong>Zalecane warunki przechowywania:<\/strong><br \/>\nPrzechowywa\u0107 w suchym i ch\u0142odnym miejscu, z dala od \u017ar\u00f3de\u0142 ciep\u0142a i nas\u0142onecznienia.<\/p>\n<p><strong>Certyfikat:<\/strong>\u00a0BIO<\/p>","protected":false},"excerpt":{"rendered":"<p>Opis Produktu Ciasteczka Owsiane Cynamonowe BIO Sk\u0142adniki: m\u0105ka\u00a0pszenna*, p\u0142atki\u00a0owsiane* (30%),\u00a0mleko\u00a0w proszku, t\u0142uszcz kokosowy*, s\u00f3l, cynamon* (0,3%) (*certyfikowany sk\u0142adnik ekologiczny) Warto\u015b\u0107 od\u017cywcza w 100 g: Warto\u015b\u0107 energetyczna 1832 kJ \/\u00a0435 kcal T\u0142uszcz:\u00a011,8 g; w tym kwasy t\u0142uszczowe\u00a0nasycone:\u00a09,6 g; W\u0119glowodany:\u00a074,4 g; w tym cukry:\u00a05 g; Bia\u0142ko: 9,6 g; S\u00f3l: 1,1 g Informacja alergenna: Produkt mo\u017ce zawiera\u0107 jaja, [&hellip;]<\/p>","protected":false},"featured_media":1053,"template":"","meta":{"site-sidebar-layout":"default","site-content-layout":"","ast-site-content-layout":"default","site-content-style":"default","site-sidebar-style":"default","ast-global-header-display":"","ast-banner-title-visibility":"","ast-main-header-display":"","ast-hfb-above-header-display":"","ast-hfb-below-header-display":"","ast-hfb-mobile-header-display":"","site-post-title":"","ast-breadcrumbs-content":"","ast-featured-img":"","footer-sml-layout":"","theme-transparent-header-meta":"default","adv-header-id-meta":"","stick-header-meta":"","header-above-stick-meta":"","header-main-stick-meta":"","header-below-stick-meta":"","astra-migrate-meta-layouts":"set","ast-page-background-enabled":"default","ast-page-background-meta":{"desktop":{"background-color":"var(--ast-global-color-4)","background-image":"","background-repeat":"repeat","background-position":"center center","background-size":"auto","background-attachment":"scroll","background-type":"","background-media":"","overlay-type":"","overlay-color":"","overlay-opacity":"","overlay-gradient":""},"tablet":{"background-color":"","background-image":"","background-repeat":"repeat","background-position":"center center","background-size":"auto","background-attachment":"scroll","background-type":"","background-media":"","overlay-type":"","overlay-color":"","overlay-opacity":"","overlay-gradient":""},"mobile":{"background-color":"","background-image":"","background-repeat":"repeat","background-position":"center center","background-size":"auto","background-attachment":"scroll","background-type":"","background-media":"","overlay-type":"","overlay-color":"","overlay-opacity":"","overlay-gradient":""}},"ast-content-background-meta":{"desktop":{"background-color":"var(--ast-global-color-5)","background-image":"","background-repeat":"repeat","background-position":"center center","background-size":"auto","background-attachment":"scroll","background-type":"","background-media":"","overlay-type":"","overlay-color":"","overlay-opacity":"","overlay-gradient":""},"tablet":{"background-color":"var(--ast-global-color-5)","background-image":"","background-repeat":"repeat","background-position":"center center","background-size":"auto","background-attachment":"scroll","background-type":"","background-media":"","overlay-type":"","overlay-color":"","overlay-opacity":"","overlay-gradient":""},"mobile":{"background-color":"var(--ast-global-color-5)","background-image":"","background-repeat":"repeat","background-position":"center center","background-size":"auto","background-attachment":"scroll","background-type":"","background-media":"","overlay-type":"","overlay-color":"","overlay-opacity":"","overlay-gradient":""}}},"product_cat":[25,24],"product_tag":[70],"class_list":{"0":"post-1000","1":"product","2":"type-product","3":"status-publish","4":"has-post-thumbnail","6":"product_cat-slodkie","7":"product_cat-przekaski","8":"product_tag-eko","9":"desktop-align-center","10":"tablet-align-left","11":"mobile-align-left","13":"first","14":"onbackorder","15":"purchasable","16":"product-type-simple"},"_links":{"self":[{"href":"https:\/\/los-odpowiedzialni-spolecznie.pl\/en\/wp-json\/wp\/v2\/product\/1000","targetHints":{"allow":["GET"]}}],"collection":[{"href":"https:\/\/los-odpowiedzialni-spolecznie.pl\/en\/wp-json\/wp\/v2\/product"}],"about":[{"href":"https:\/\/los-odpowiedzialni-spolecznie.pl\/en\/wp-json\/wp\/v2\/types\/product"}],"wp:featuredmedia":[{"embeddable":true,"href":"https:\/\/los-odpowiedzialni-spolecznie.pl\/en\/wp-json\/wp\/v2\/media\/1053"}],"wp:attachment":[{"href":"https:\/\/los-odpowiedzialni-spolecznie.pl\/en\/wp-json\/wp\/v2\/media?parent=1000"}],"wp:term":[{"taxonomy":"product_cat","embeddable":true,"href":"https:\/\/los-odpowiedzialni-spolecznie.pl\/en\/wp-json\/wp\/v2\/product_cat?post=1000"},{"taxonomy":"product_tag","embeddable":true,"href":"https:\/\/los-odpowiedzialni-spolecznie.pl\/en\/wp-json\/wp\/v2\/product_tag?post=1000"}],"curies":[{"name":"wp","href":"https:\/\/api.w.org\/{rel}","templated":true}]}}