{"id":100,"date":"2024-12-23T15:35:36","date_gmt":"2024-12-23T14:35:36","guid":{"rendered":"https:\/\/los-odpowiedzialni-spolecznie.pl\/?post_type=product&#038;p=100"},"modified":"2025-01-23T09:23:21","modified_gmt":"2025-01-23T08:23:21","slug":"sok-z-aronii-500-ml","status":"publish","type":"product","link":"https:\/\/los-odpowiedzialni-spolecznie.pl\/en\/sklep\/produkty-spozywcze\/soki-2\/smakowe\/sok-z-aronii-500-ml\/","title":{"rendered":"Sok z Aronii-500 ml"},"content":{"rendered":"<p><strong>Aronia, sok 500ml,\u00a0\u00a0<\/strong>suplement diety<\/p>\n<p>Owoce aronii to bogate \u017ar\u00f3d\u0142o substancji wspieraj\u0105cych prawid\u0142owe funkcjonowanie uk\u0142adu kr\u0105\u017cenia i uk\u0142adu odporno\u015bciowego.<\/p>\n<p>Kompozycja soku z owoc\u00f3w aronii i witaminy C. stanowi doskona\u0142y dodatek do codziennej diety dla os\u00f3b dbaj\u0105cych o zdrowie.<\/p>\n<p>&nbsp;<\/p>\n<p><strong>Wyprodukowano dla:<\/strong>\u00a0Prowincja Polska Zakonu Szpitalnego \u015awi\u0119tego Jana Bo\u017cego p.w. Zw. Naj\u015bwi\u0119tszej Maryi Panny \u2013 fate bene fratelli, ul. Bonifraterska 12, 00-213 Warszawa<\/p>\n<p>&nbsp;<\/p>\n<h3>Stosowanie:<\/h3>\n<p><strong>Zalecane spo\u017cycie:<\/strong>\u00a025 ml dwa razy dziennie. Nie nale\u017cy przekracza\u0107 zalecanej do spo\u017cycia dziennej porcji (50ml).<\/p>\n<p>Zawarto\u015b\u0107 dziennej porcji: 50 ml soku z owoc\u00f3w aronii; 120 mg witaminy C (150% RWS*)<br \/>\n* \u2013 % referencyjnych warto\u015bci spo\u017cycia<\/p>\n<p>Suplement diety nie mo\u017ce by\u0107 stosowany jako substytut (zamiennik) zr\u00f3\u017cnicowanej diety. Nie zaleca si\u0119 spo\u017cywania produktu przez dzieci, kobiety w ci\u0105\u017cy i karmi\u0105ce piersi\u0105. Pami\u0119taj, \u017ce zdrowy tryb \u017cycia i zr\u00f3wnowa\u017cony spos\u00f3b od\u017cywiania zapewniaj\u0105 prawid\u0142owe funkcjonowanie organizmu i zachowanie dobrej kondycji.<\/p>\n<p><strong>Warunki przechowywania<\/strong>: przechowywa\u0107 szczelnie zamkni\u0119ty, w temperaturze pokojowej, nie przekraczaj\u0105cej 25\u00b0C, w spos\u00f3b niedost\u0119pny dla ma\u0142ych dzieci. Chroni\u0107 przed wilgoci\u0105 i bezpo\u015brednim dzia\u0142aniem promieni s\u0142onecznych. Po otwarciu przechowywa\u0107 w lodowce do 21 dni.<\/p>\n<p>Ze wzgl\u0119du na zawarto\u015b\u0107 naturalnych sk\u0142adnik\u00f3w poszczeg\u00f3lne partie sok\u00f3w mog\u0105 r\u00f3\u017cni\u0107 si\u0119 kolorem, zapachem, smakiem. Nie ma to \u017cadnego wp\u0142ywu na jako\u015b\u0107 i dzia\u0142anie produktu.<br \/>\nProdukt pasteryzowany. Mo\u017ce wytr\u0105ca\u0107 si\u0119 naturalny osad.<\/p>\n<p>&nbsp;<\/p>\n<h3>Sk\u0142ad<\/h3>\n<p><strong>Zawarto\u015b\u0107 dziennej porcji:<\/strong>\u00a050 ml soku z owoc\u00f3w aronii; 120 mg witaminy C (150% RWS*)<br \/>\n* \u2013 % referencyjnych warto\u015bci spo\u017cycia<\/p>\n<p><strong>Sk\u0142adniki:<\/strong>\u00a0sok z owoc\u00f3w aronii (Aronia melanocarpa) odtworzony z zag\u0119szczonego soku z aronii, kwas L \u2013 askorbinowy \u2013 \u017ar\u00f3d\u0142o witaminy C.<\/p>\n<p><strong>Bez konserwant\u00f3w, barwnik\u00f3w, cukru i substancji s\u0142odz\u0105cych<\/strong><\/p>\n<p><strong>Posta\u0107:<\/strong>\u00a0sok<\/p>\n<p><strong>Pojemno\u015b\u0107: 500 ml<\/strong><\/p>","protected":false},"excerpt":{"rendered":"<p>Aronia, sok 500ml,\u00a0\u00a0suplement diety Owoce aronii to bogate \u017ar\u00f3d\u0142o substancji wspieraj\u0105cych prawid\u0142owe funkcjonowanie uk\u0142adu kr\u0105\u017cenia i uk\u0142adu odporno\u015bciowego. Kompozycja soku z owoc\u00f3w aronii i witaminy C. stanowi doskona\u0142y dodatek do codziennej diety dla os\u00f3b dbaj\u0105cych o zdrowie. &nbsp; Wyprodukowano dla:\u00a0Prowincja Polska Zakonu Szpitalnego \u015awi\u0119tego Jana Bo\u017cego p.w. Zw. Naj\u015bwi\u0119tszej Maryi Panny \u2013 fate bene fratelli, [&hellip;]<\/p>","protected":false},"featured_media":129,"template":"","meta":{"site-sidebar-layout":"default","site-content-layout":"","ast-site-content-layout":"default","site-content-style":"default","site-sidebar-style":"default","ast-global-header-display":"","ast-banner-title-visibility":"","ast-main-header-display":"","ast-hfb-above-header-display":"","ast-hfb-below-header-display":"","ast-hfb-mobile-header-display":"","site-post-title":"","ast-breadcrumbs-content":"","ast-featured-img":"","footer-sml-layout":"","theme-transparent-header-meta":"default","adv-header-id-meta":"","stick-header-meta":"","header-above-stick-meta":"","header-main-stick-meta":"","header-below-stick-meta":"","astra-migrate-meta-layouts":"set","ast-page-background-enabled":"default","ast-page-background-meta":{"desktop":{"background-color":"var(--ast-global-color-4)","background-image":"","background-repeat":"repeat","background-position":"center center","background-size":"auto","background-attachment":"scroll","background-type":"","background-media":"","overlay-type":"","overlay-color":"","overlay-opacity":"","overlay-gradient":""},"tablet":{"background-color":"","background-image":"","background-repeat":"repeat","background-position":"center center","background-size":"auto","background-attachment":"scroll","background-type":"","background-media":"","overlay-type":"","overlay-color":"","overlay-opacity":"","overlay-gradient":""},"mobile":{"background-color":"","background-image":"","background-repeat":"repeat","background-position":"center center","background-size":"auto","background-attachment":"scroll","background-type":"","background-media":"","overlay-type":"","overlay-color":"","overlay-opacity":"","overlay-gradient":""}},"ast-content-background-meta":{"desktop":{"background-color":"var(--ast-global-color-5)","background-image":"","background-repeat":"repeat","background-position":"center center","background-size":"auto","background-attachment":"scroll","background-type":"","background-media":"","overlay-type":"","overlay-color":"","overlay-opacity":"","overlay-gradient":""},"tablet":{"background-color":"var(--ast-global-color-5)","background-image":"","background-repeat":"repeat","background-position":"center center","background-size":"auto","background-attachment":"scroll","background-type":"","background-media":"","overlay-type":"","overlay-color":"","overlay-opacity":"","overlay-gradient":""},"mobile":{"background-color":"var(--ast-global-color-5)","background-image":"","background-repeat":"repeat","background-position":"center center","background-size":"auto","background-attachment":"scroll","background-type":"","background-media":"","overlay-type":"","overlay-color":"","overlay-opacity":"","overlay-gradient":""}}},"product_cat":[69],"product_tag":[],"class_list":{"0":"post-100","1":"product","2":"type-product","3":"status-publish","4":"has-post-thumbnail","6":"product_cat-smakowe","7":"desktop-align-center","8":"tablet-align-left","9":"mobile-align-left","11":"first","12":"instock","13":"purchasable","14":"product-type-simple"},"_links":{"self":[{"href":"https:\/\/los-odpowiedzialni-spolecznie.pl\/en\/wp-json\/wp\/v2\/product\/100","targetHints":{"allow":["GET"]}}],"collection":[{"href":"https:\/\/los-odpowiedzialni-spolecznie.pl\/en\/wp-json\/wp\/v2\/product"}],"about":[{"href":"https:\/\/los-odpowiedzialni-spolecznie.pl\/en\/wp-json\/wp\/v2\/types\/product"}],"wp:featuredmedia":[{"embeddable":true,"href":"https:\/\/los-odpowiedzialni-spolecznie.pl\/en\/wp-json\/wp\/v2\/media\/129"}],"wp:attachment":[{"href":"https:\/\/los-odpowiedzialni-spolecznie.pl\/en\/wp-json\/wp\/v2\/media?parent=100"}],"wp:term":[{"taxonomy":"product_cat","embeddable":true,"href":"https:\/\/los-odpowiedzialni-spolecznie.pl\/en\/wp-json\/wp\/v2\/product_cat?post=100"},{"taxonomy":"product_tag","embeddable":true,"href":"https:\/\/los-odpowiedzialni-spolecznie.pl\/en\/wp-json\/wp\/v2\/product_tag?post=100"}],"curies":[{"name":"wp","href":"https:\/\/api.w.org\/{rel}","templated":true}]}}